{"id":8534,"date":"2025-12-20T00:05:26","date_gmt":"2025-12-19T17:05:26","guid":{"rendered":"https:\/\/premierdental.vn\/?page_id=8534"},"modified":"2025-12-22T17:56:12","modified_gmt":"2025-12-22T10:56:12","slug":"bac-si-tran-pham-thuc-trinh","status":"publish","type":"page","link":"https:\/\/premierdental.vn\/en\/bac-si-tran-pham-thuc-trinh\/","title":{"rendered":"Dr. Jessica Tran"},"content":{"rendered":"<ul> <li>Doctor of Dental Surgery, Prima Indonesia, 2022<\/li> <li>Certificates:<br \/> + Orthodontics, Ho Chi Minh City Odonto-Stomatology Hospital, 2023<br \/> + Oral Surgery, Ho Chi Minh City Odonto-Stomatology Hospital, 2025<\/li> <li>Current Dental Practice \/ Area of Expertise: General Dentist: general dentistry, minor oral surgery and tooth extractions, aesthetic ceramic restorations, implant-supported restorations<\/li> <li>Kinh nghi\u1ec7m l\u00e0m vi\u1ec7c: T\u1eebng l\u00e0m vi\u1ec7c \u1edf c\u00e1c nha khoa l\u1edbn, nha khoa Kim, B\u1ec7nh vi\u1ec7n R\u0103ng H\u00e0m M\u1eb7t S\u00e0i G\u00f2n<\/li> <li>Chuy\u00ean m\u00f4n Nha khoa mong mu\u1ed1n h\u01b0\u1edbng \u0111\u1ebfn trong t\u01b0\u01a1ng lai: Ph\u1ee5c h\u00ecnh th\u1ea9m m\u1ef9, ph\u1ee5c h\u00ecnh tr\u00ean implant<\/li> <li>Professional Philosophy: Every treatment case is a lesson. Today\u2019s treatment should be better than yesterday\u2019s, and tomorrow\u2019s must be better than today\u2019s.<\/li> <li>Hobbies: Pilates, traveling, listening to music<\/li> <\/ul> <p><strong>H\u00ecnh \u1ea3nh Ch\u1ee9ng ch\u1ec9 v\u00e0 B\u1eb1ng c\u1ea5p:<\/strong><\/p> <p><img fetchpriority=\"high\" decoding=\"async\" class=\"alignnone wp-image-8535 size-full\" src=\"https:\/\/premierdental.vn\/wp-content\/uploads\/2025\/12\/chung_chi_bac_si_tran_pham_thuc_trinh.jpg\" alt=\"\" width=\"1324\" height=\"1924\" srcset=\"https:\/\/premierdental.vn\/wp-content\/uploads\/2025\/12\/chung_chi_bac_si_tran_pham_thuc_trinh.jpg 1324w, https:\/\/premierdental.vn\/wp-content\/uploads\/2025\/12\/chung_chi_bac_si_tran_pham_thuc_trinh-206x300.jpg 206w, https:\/\/premierdental.vn\/wp-content\/uploads\/2025\/12\/chung_chi_bac_si_tran_pham_thuc_trinh-705x1024.jpg 705w, https:\/\/premierdental.vn\/wp-content\/uploads\/2025\/12\/chung_chi_bac_si_tran_pham_thuc_trinh-768x1116.jpg 768w, https:\/\/premierdental.vn\/wp-content\/uploads\/2025\/12\/chung_chi_bac_si_tran_pham_thuc_trinh-1057x1536.jpg 1057w, https:\/\/premierdental.vn\/wp-content\/uploads\/2025\/12\/chung_chi_bac_si_tran_pham_thuc_trinh-8x12.jpg 8w\" sizes=\"(max-width: 1324px) 100vw, 1324px\" \/><\/p>","protected":false},"excerpt":{"rendered":"<p>B\u00e1c s\u0129 R\u0103ng H\u00e0m M\u1eb7t, Prima Indonesia, 2022 Ch\u1ee9ng ch\u1ec9: + Ch\u1ec9nh h\u00ecnh r\u0103ng m\u1eb7t, BV RHM TP HCM, 2023 + Ph\u1eabu thu\u1eadt trong mi\u1ec7ng, BV RHM TP HCM, 2025 L\u0129nh v\u1ef1c chuy\u00ean m\u00f4n\/h\u00e0nh ngh\u1ec1 nha khoa hi\u1ec7n t\u1ea1i: B\u00e1c s\u0129 t\u1ed5ng qu\u00e1t: nha khoa t\u1ed5ng qu\u00e1t, ti\u1ec3u ph\u1eabu nh\u1ed5 r\u0103ng, ph\u1ee5c h\u00ecnh s\u1ee9 th\u1ea9m [&hellip;]<\/p>","protected":false},"author":2,"featured_media":8536,"parent":0,"menu_order":0,"comment_status":"closed","ping_status":"closed","template":"template\/doctor.php","meta":{"footnotes":""},"class_list":["post-8534","page","type-page","status-publish","has-post-thumbnail","hentry"],"acf":[],"yoast_head":"<!-- This site is optimized with the Yoast SEO plugin v26.9 - https:\/\/yoast.com\/product\/yoast-seo-wordpress\/ -->\n<title>B\u00e1c s\u0129 Tr\u1ea7n Ph\u1ea1m Th\u1ee5c Trinh - Premier Dental<\/title>\n<meta name=\"robots\" content=\"index, follow, max-snippet:-1, max-image-preview:large, max-video-preview:-1\" \/>\n<link rel=\"canonical\" href=\"https:\/\/premierdental.vn\/en\/bac-si-tran-pham-thuc-trinh\/\" \/>\n<meta property=\"og:locale\" content=\"en_US\" \/>\n<meta property=\"og:type\" content=\"article\" \/>\n<meta property=\"og:title\" content=\"B\u00e1c s\u0129 Tr\u1ea7n Ph\u1ea1m Th\u1ee5c Trinh - Premier Dental\" \/>\n<meta property=\"og:description\" content=\"B\u00e1c s\u0129 R\u0103ng H\u00e0m M\u1eb7t, Prima Indonesia, 2022 Ch\u1ee9ng ch\u1ec9: + Ch\u1ec9nh h\u00ecnh r\u0103ng m\u1eb7t, BV RHM TP HCM, 2023 + Ph\u1eabu thu\u1eadt trong mi\u1ec7ng, BV RHM TP HCM, 2025 L\u0129nh v\u1ef1c chuy\u00ean m\u00f4n\/h\u00e0nh ngh\u1ec1 nha khoa hi\u1ec7n t\u1ea1i: B\u00e1c s\u0129 t\u1ed5ng qu\u00e1t: nha khoa t\u1ed5ng qu\u00e1t, ti\u1ec3u ph\u1eabu nh\u1ed5 r\u0103ng, ph\u1ee5c h\u00ecnh s\u1ee9 th\u1ea9m [&hellip;]\" \/>\n<meta property=\"og:url\" content=\"https:\/\/premierdental.vn\/en\/bac-si-tran-pham-thuc-trinh\/\" \/>\n<meta property=\"og:site_name\" content=\"Premier Dental\" \/>\n<meta property=\"article:modified_time\" content=\"2025-12-22T10:56:12+00:00\" \/>\n<meta property=\"og:image\" content=\"https:\/\/premierdental.vn\/wp-content\/uploads\/2025\/12\/Bac-si-Tran-Pham-Thuc-Trinh--e1766165054540.jpg\" \/>\n\t<meta property=\"og:image:width\" content=\"217\" \/>\n\t<meta property=\"og:image:height\" content=\"352\" \/>\n\t<meta property=\"og:image:type\" content=\"image\/jpeg\" \/>\n<meta name=\"twitter:card\" content=\"summary_large_image\" \/>\n<meta name=\"twitter:label1\" content=\"Est. reading time\" \/>\n\t<meta name=\"twitter:data1\" content=\"1 minute\" \/>\n<script type=\"application\/ld+json\" class=\"yoast-schema-graph\">{\"@context\":\"https:\/\/schema.org\",\"@graph\":[{\"@type\":\"WebPage\",\"@id\":\"https:\/\/premierdental.vn\/bac-si-tran-pham-thuc-trinh\/\",\"url\":\"https:\/\/premierdental.vn\/bac-si-tran-pham-thuc-trinh\/\",\"name\":\"B\u00e1c s\u0129 Tr\u1ea7n Ph\u1ea1m Th\u1ee5c Trinh - Premier Dental\",\"isPartOf\":{\"@id\":\"https:\/\/premierdental.vn\/#website\"},\"primaryImageOfPage\":{\"@id\":\"https:\/\/premierdental.vn\/bac-si-tran-pham-thuc-trinh\/#primaryimage\"},\"image\":{\"@id\":\"https:\/\/premierdental.vn\/bac-si-tran-pham-thuc-trinh\/#primaryimage\"},\"thumbnailUrl\":\"https:\/\/premierdental.vn\/wp-content\/uploads\/2025\/12\/Bac-si-Tran-Pham-Thuc-Trinh--e1766165054540.jpg\",\"datePublished\":\"2025-12-19T17:05:26+00:00\",\"dateModified\":\"2025-12-22T10:56:12+00:00\",\"inLanguage\":\"en-US\",\"potentialAction\":[{\"@type\":\"ReadAction\",\"target\":[\"https:\/\/premierdental.vn\/bac-si-tran-pham-thuc-trinh\/\"]}]},{\"@type\":\"ImageObject\",\"inLanguage\":\"en-US\",\"@id\":\"https:\/\/premierdental.vn\/bac-si-tran-pham-thuc-trinh\/#primaryimage\",\"url\":\"https:\/\/premierdental.vn\/wp-content\/uploads\/2025\/12\/Bac-si-Tran-Pham-Thuc-Trinh--e1766165054540.jpg\",\"contentUrl\":\"https:\/\/premierdental.vn\/wp-content\/uploads\/2025\/12\/Bac-si-Tran-Pham-Thuc-Trinh--e1766165054540.jpg\",\"width\":217,\"height\":352},{\"@type\":\"WebSite\",\"@id\":\"https:\/\/premierdental.vn\/#website\",\"url\":\"https:\/\/premierdental.vn\/\",\"name\":\"Premier Dental\",\"description\":\"Premier Dental\",\"potentialAction\":[{\"@type\":\"SearchAction\",\"target\":{\"@type\":\"EntryPoint\",\"urlTemplate\":\"https:\/\/premierdental.vn\/?s={search_term_string}\"},\"query-input\":{\"@type\":\"PropertyValueSpecification\",\"valueRequired\":true,\"valueName\":\"search_term_string\"}}],\"inLanguage\":\"en-US\"}]}<\/script>\n<!-- \/ Yoast SEO plugin. -->","yoast_head_json":{"title":"B\u00e1c s\u0129 Tr\u1ea7n Ph\u1ea1m Th\u1ee5c Trinh - Premier Dental","robots":{"index":"index","follow":"follow","max-snippet":"max-snippet:-1","max-image-preview":"max-image-preview:large","max-video-preview":"max-video-preview:-1"},"canonical":"https:\/\/premierdental.vn\/en\/bac-si-tran-pham-thuc-trinh\/","og_locale":"en_US","og_type":"article","og_title":"B\u00e1c s\u0129 Tr\u1ea7n Ph\u1ea1m Th\u1ee5c Trinh - Premier Dental","og_description":"B\u00e1c s\u0129 R\u0103ng H\u00e0m M\u1eb7t, Prima Indonesia, 2022 Ch\u1ee9ng ch\u1ec9: + Ch\u1ec9nh h\u00ecnh r\u0103ng m\u1eb7t, BV RHM TP HCM, 2023 + Ph\u1eabu thu\u1eadt trong mi\u1ec7ng, BV RHM TP HCM, 2025 L\u0129nh v\u1ef1c chuy\u00ean m\u00f4n\/h\u00e0nh ngh\u1ec1 nha khoa hi\u1ec7n t\u1ea1i: B\u00e1c s\u0129 t\u1ed5ng qu\u00e1t: nha khoa t\u1ed5ng qu\u00e1t, ti\u1ec3u ph\u1eabu nh\u1ed5 r\u0103ng, ph\u1ee5c h\u00ecnh s\u1ee9 th\u1ea9m [&hellip;]","og_url":"https:\/\/premierdental.vn\/en\/bac-si-tran-pham-thuc-trinh\/","og_site_name":"Premier Dental","article_modified_time":"2025-12-22T10:56:12+00:00","og_image":[{"width":217,"height":352,"url":"https:\/\/premierdental.vn\/wp-content\/uploads\/2025\/12\/Bac-si-Tran-Pham-Thuc-Trinh--e1766165054540.jpg","type":"image\/jpeg"}],"twitter_card":"summary_large_image","twitter_misc":{"Est. reading time":"1 minute"},"schema":{"@context":"https:\/\/schema.org","@graph":[{"@type":"WebPage","@id":"https:\/\/premierdental.vn\/bac-si-tran-pham-thuc-trinh\/","url":"https:\/\/premierdental.vn\/bac-si-tran-pham-thuc-trinh\/","name":"B\u00e1c s\u0129 Tr\u1ea7n Ph\u1ea1m Th\u1ee5c Trinh - Premier Dental","isPartOf":{"@id":"https:\/\/premierdental.vn\/#website"},"primaryImageOfPage":{"@id":"https:\/\/premierdental.vn\/bac-si-tran-pham-thuc-trinh\/#primaryimage"},"image":{"@id":"https:\/\/premierdental.vn\/bac-si-tran-pham-thuc-trinh\/#primaryimage"},"thumbnailUrl":"https:\/\/premierdental.vn\/wp-content\/uploads\/2025\/12\/Bac-si-Tran-Pham-Thuc-Trinh--e1766165054540.jpg","datePublished":"2025-12-19T17:05:26+00:00","dateModified":"2025-12-22T10:56:12+00:00","inLanguage":"en-US","potentialAction":[{"@type":"ReadAction","target":["https:\/\/premierdental.vn\/bac-si-tran-pham-thuc-trinh\/"]}]},{"@type":"ImageObject","inLanguage":"en-US","@id":"https:\/\/premierdental.vn\/bac-si-tran-pham-thuc-trinh\/#primaryimage","url":"https:\/\/premierdental.vn\/wp-content\/uploads\/2025\/12\/Bac-si-Tran-Pham-Thuc-Trinh--e1766165054540.jpg","contentUrl":"https:\/\/premierdental.vn\/wp-content\/uploads\/2025\/12\/Bac-si-Tran-Pham-Thuc-Trinh--e1766165054540.jpg","width":217,"height":352},{"@type":"WebSite","@id":"https:\/\/premierdental.vn\/#website","url":"https:\/\/premierdental.vn\/","name":"Premier Dental","description":"Premier Dental","potentialAction":[{"@type":"SearchAction","target":{"@type":"EntryPoint","urlTemplate":"https:\/\/premierdental.vn\/?s={search_term_string}"},"query-input":{"@type":"PropertyValueSpecification","valueRequired":true,"valueName":"search_term_string"}}],"inLanguage":"en-US"}]}},"_links":{"self":[{"href":"https:\/\/premierdental.vn\/en\/wp-json\/wp\/v2\/pages\/8534","targetHints":{"allow":["GET"]}}],"collection":[{"href":"https:\/\/premierdental.vn\/en\/wp-json\/wp\/v2\/pages"}],"about":[{"href":"https:\/\/premierdental.vn\/en\/wp-json\/wp\/v2\/types\/page"}],"author":[{"embeddable":true,"href":"https:\/\/premierdental.vn\/en\/wp-json\/wp\/v2\/users\/2"}],"replies":[{"embeddable":true,"href":"https:\/\/premierdental.vn\/en\/wp-json\/wp\/v2\/comments?post=8534"}],"version-history":[{"count":2,"href":"https:\/\/premierdental.vn\/en\/wp-json\/wp\/v2\/pages\/8534\/revisions"}],"predecessor-version":[{"id":8541,"href":"https:\/\/premierdental.vn\/en\/wp-json\/wp\/v2\/pages\/8534\/revisions\/8541"}],"wp:featuredmedia":[{"embeddable":true,"href":"https:\/\/premierdental.vn\/en\/wp-json\/wp\/v2\/media\/8536"}],"wp:attachment":[{"href":"https:\/\/premierdental.vn\/en\/wp-json\/wp\/v2\/media?parent=8534"}],"curies":[{"name":"wp","href":"https:\/\/api.w.org\/{rel}","templated":true}]}}