{"id":8472,"date":"2025-08-19T16:44:05","date_gmt":"2025-08-19T09:44:05","guid":{"rendered":"https:\/\/premierdental.vn\/?page_id=8472"},"modified":"2025-08-19T16:53:20","modified_gmt":"2025-08-19T09:53:20","slug":"bac-si-ho-thi-hoa","status":"publish","type":"page","link":"https:\/\/premierdental.vn\/en\/bac-si-ho-thi-hoa\/","title":{"rendered":"Dr. Hannah Ho"},"content":{"rendered":"<ul> <li>Doctor of Medicine (Odonto-Stomatology), University of Medicine &amp; Pharmacy, HCMC, 2017<\/li> <li>Master of Science in Odonto-Stomatology, University of Medicine &amp; Pharmacy, HCMC, 2020<\/li> <li>Resident Physician in Odonto-Stomatology, University of Medicine &amp; Pharmacy, HCMC, 2020<\/li> <li>First Degree of Specialist in Odonto - stomatology, University of Medicine &amp; Pharmacy, HCMC, 2020<\/li> <li>Certificates:<br \/> + Advanced Education in Implant Therapy, Seoul National University, School of Dentistry. 2024<br \/> + Periodontol Plastic Surgery, University of Medicine &amp; Pharmacy, HCMC, 2024<br \/> + ITI World Symposium, International Team for Implantology, 2024<br \/> + Skill of Basic Emergency and Odonto Stomatology Emergency, University of Medicine &amp; Pharmacy, HCMC, 2021<br \/> + TMDU International Dental Program 2018 at the Faculty of Dentistry, Tokyo Medical and Dental University, 2018<\/li> <li>Expert - 7-year-working experience in Periodontology<\/li> <li>Special dental clinical interest for future development: Periodontology and Implantology<\/li> <li>Professional Philosophy: Safe - Devoted - Aesthetic I do not allow any negligence in treating patients<\/li> <li>Hobbies: Reading, research, music<\/li> <\/ul> <p><strong>H\u00ecnh \u1ea3nh Ch\u1ee9ng ch\u1ec9 v\u00e0 B\u1eb1ng c\u1ea5p:<\/strong><\/p> <p><img fetchpriority=\"high\" decoding=\"async\" class=\"alignnone size-full wp-image-8474\" src=\"https:\/\/premierdental.vn\/wp-content\/uploads\/2025\/08\/chung-chi-bac-si-ho-thi-hoa.jpg\" alt=\"\" width=\"1204\" height=\"1755\" srcset=\"https:\/\/premierdental.vn\/wp-content\/uploads\/2025\/08\/chung-chi-bac-si-ho-thi-hoa.jpg 1204w, https:\/\/premierdental.vn\/wp-content\/uploads\/2025\/08\/chung-chi-bac-si-ho-thi-hoa-206x300.jpg 206w, https:\/\/premierdental.vn\/wp-content\/uploads\/2025\/08\/chung-chi-bac-si-ho-thi-hoa-703x1024.jpg 703w, https:\/\/premierdental.vn\/wp-content\/uploads\/2025\/08\/chung-chi-bac-si-ho-thi-hoa-768x1119.jpg 768w, https:\/\/premierdental.vn\/wp-content\/uploads\/2025\/08\/chung-chi-bac-si-ho-thi-hoa-1054x1536.jpg 1054w, https:\/\/premierdental.vn\/wp-content\/uploads\/2025\/08\/chung-chi-bac-si-ho-thi-hoa-8x12.jpg 8w\" sizes=\"(max-width: 1204px) 100vw, 1204px\" \/><\/p>","protected":false},"excerpt":{"rendered":"<p>B\u00e1c s\u0129 R\u0103ng H\u00e0m M\u1eb7t, \u0110\u1ea1i h\u1ecdc Y D\u01b0\u1ee3c Tp.HCM, 2017 Th\u1ea1c s\u0129 R\u0103ng H\u00e0m M\u1eb7t, \u0110\u1ea1i h\u1ecdc Y D\u01b0\u1ee3c Tp.HCM, 2020 B\u00e1c s\u0129 n\u1ed9i tr\u00fa b\u1ec7nh vi\u1ec7n, \u0110\u1ea1i h\u1ecdc Y D\u01b0\u1ee3c TP.HCM, 2020 B\u00e1c s\u0129 Chuy\u00ean khoa I, \u0110\u1ea1i h\u1ecdc Y D\u01b0\u1ee3c TP.HCM, 2020 Ch\u1ee9ng ch\u1ec9: + Gi\u00e1o d\u1ee5c n\u00e2ng cao v\u1ec1 Li\u1ec7u ph\u00e1p [&hellip;]<\/p>","protected":false},"author":1,"featured_media":8479,"parent":0,"menu_order":0,"comment_status":"closed","ping_status":"closed","template":"template\/doctor.php","meta":{"footnotes":""},"class_list":["post-8472","page","type-page","status-publish","has-post-thumbnail","hentry"],"acf":[],"yoast_head":"<!-- This site is optimized with the Yoast SEO plugin v26.9 - https:\/\/yoast.com\/product\/yoast-seo-wordpress\/ -->\n<title>B\u00e1c s\u0129 H\u1ed3 Th\u1ecb H\u00f2a - Premier Dental<\/title>\n<meta name=\"robots\" content=\"index, follow, max-snippet:-1, max-image-preview:large, max-video-preview:-1\" \/>\n<link rel=\"canonical\" href=\"https:\/\/premierdental.vn\/en\/bac-si-ho-thi-hoa\/\" \/>\n<meta property=\"og:locale\" content=\"en_US\" \/>\n<meta property=\"og:type\" content=\"article\" \/>\n<meta property=\"og:title\" content=\"B\u00e1c s\u0129 H\u1ed3 Th\u1ecb H\u00f2a - Premier Dental\" \/>\n<meta property=\"og:description\" content=\"B\u00e1c s\u0129 R\u0103ng H\u00e0m M\u1eb7t, \u0110\u1ea1i h\u1ecdc Y D\u01b0\u1ee3c Tp.HCM, 2017 Th\u1ea1c s\u0129 R\u0103ng H\u00e0m M\u1eb7t, \u0110\u1ea1i h\u1ecdc Y D\u01b0\u1ee3c Tp.HCM, 2020 B\u00e1c s\u0129 n\u1ed9i tr\u00fa b\u1ec7nh vi\u1ec7n, \u0110\u1ea1i h\u1ecdc Y D\u01b0\u1ee3c TP.HCM, 2020 B\u00e1c s\u0129 Chuy\u00ean khoa I, \u0110\u1ea1i h\u1ecdc Y D\u01b0\u1ee3c TP.HCM, 2020 Ch\u1ee9ng ch\u1ec9: + Gi\u00e1o d\u1ee5c n\u00e2ng cao v\u1ec1 Li\u1ec7u ph\u00e1p [&hellip;]\" \/>\n<meta property=\"og:url\" content=\"https:\/\/premierdental.vn\/en\/bac-si-ho-thi-hoa\/\" \/>\n<meta property=\"og:site_name\" content=\"Premier Dental\" \/>\n<meta property=\"article:modified_time\" content=\"2025-08-19T09:53:20+00:00\" \/>\n<meta property=\"og:image\" content=\"https:\/\/premierdental.vn\/wp-content\/uploads\/2025\/08\/bac-si-ho-thi-hoa-2.jpg\" \/>\n\t<meta property=\"og:image:width\" content=\"788\" \/>\n\t<meta property=\"og:image:height\" content=\"788\" \/>\n\t<meta property=\"og:image:type\" content=\"image\/jpeg\" \/>\n<meta name=\"twitter:card\" content=\"summary_large_image\" \/>\n<meta name=\"twitter:label1\" content=\"Est. reading time\" \/>\n\t<meta name=\"twitter:data1\" content=\"2 minutes\" \/>\n<script type=\"application\/ld+json\" class=\"yoast-schema-graph\">{\"@context\":\"https:\/\/schema.org\",\"@graph\":[{\"@type\":\"WebPage\",\"@id\":\"https:\/\/premierdental.vn\/bac-si-ho-thi-hoa\/\",\"url\":\"https:\/\/premierdental.vn\/bac-si-ho-thi-hoa\/\",\"name\":\"B\u00e1c s\u0129 H\u1ed3 Th\u1ecb H\u00f2a - Premier Dental\",\"isPartOf\":{\"@id\":\"https:\/\/premierdental.vn\/#website\"},\"primaryImageOfPage\":{\"@id\":\"https:\/\/premierdental.vn\/bac-si-ho-thi-hoa\/#primaryimage\"},\"image\":{\"@id\":\"https:\/\/premierdental.vn\/bac-si-ho-thi-hoa\/#primaryimage\"},\"thumbnailUrl\":\"https:\/\/premierdental.vn\/wp-content\/uploads\/2025\/08\/bac-si-ho-thi-hoa-2.jpg\",\"datePublished\":\"2025-08-19T09:44:05+00:00\",\"dateModified\":\"2025-08-19T09:53:20+00:00\",\"inLanguage\":\"en-US\",\"potentialAction\":[{\"@type\":\"ReadAction\",\"target\":[\"https:\/\/premierdental.vn\/bac-si-ho-thi-hoa\/\"]}]},{\"@type\":\"ImageObject\",\"inLanguage\":\"en-US\",\"@id\":\"https:\/\/premierdental.vn\/bac-si-ho-thi-hoa\/#primaryimage\",\"url\":\"https:\/\/premierdental.vn\/wp-content\/uploads\/2025\/08\/bac-si-ho-thi-hoa-2.jpg\",\"contentUrl\":\"https:\/\/premierdental.vn\/wp-content\/uploads\/2025\/08\/bac-si-ho-thi-hoa-2.jpg\",\"width\":788,\"height\":788},{\"@type\":\"WebSite\",\"@id\":\"https:\/\/premierdental.vn\/#website\",\"url\":\"https:\/\/premierdental.vn\/\",\"name\":\"Premier Dental\",\"description\":\"Premier Dental\",\"potentialAction\":[{\"@type\":\"SearchAction\",\"target\":{\"@type\":\"EntryPoint\",\"urlTemplate\":\"https:\/\/premierdental.vn\/?s={search_term_string}\"},\"query-input\":{\"@type\":\"PropertyValueSpecification\",\"valueRequired\":true,\"valueName\":\"search_term_string\"}}],\"inLanguage\":\"en-US\"}]}<\/script>\n<!-- \/ Yoast SEO plugin. -->","yoast_head_json":{"title":"B\u00e1c s\u0129 H\u1ed3 Th\u1ecb H\u00f2a - Premier Dental","robots":{"index":"index","follow":"follow","max-snippet":"max-snippet:-1","max-image-preview":"max-image-preview:large","max-video-preview":"max-video-preview:-1"},"canonical":"https:\/\/premierdental.vn\/en\/bac-si-ho-thi-hoa\/","og_locale":"en_US","og_type":"article","og_title":"B\u00e1c s\u0129 H\u1ed3 Th\u1ecb H\u00f2a - Premier Dental","og_description":"B\u00e1c s\u0129 R\u0103ng H\u00e0m M\u1eb7t, \u0110\u1ea1i h\u1ecdc Y D\u01b0\u1ee3c Tp.HCM, 2017 Th\u1ea1c s\u0129 R\u0103ng H\u00e0m M\u1eb7t, \u0110\u1ea1i h\u1ecdc Y D\u01b0\u1ee3c Tp.HCM, 2020 B\u00e1c s\u0129 n\u1ed9i tr\u00fa b\u1ec7nh vi\u1ec7n, \u0110\u1ea1i h\u1ecdc Y D\u01b0\u1ee3c TP.HCM, 2020 B\u00e1c s\u0129 Chuy\u00ean khoa I, \u0110\u1ea1i h\u1ecdc Y D\u01b0\u1ee3c TP.HCM, 2020 Ch\u1ee9ng ch\u1ec9: + Gi\u00e1o d\u1ee5c n\u00e2ng cao v\u1ec1 Li\u1ec7u ph\u00e1p [&hellip;]","og_url":"https:\/\/premierdental.vn\/en\/bac-si-ho-thi-hoa\/","og_site_name":"Premier Dental","article_modified_time":"2025-08-19T09:53:20+00:00","og_image":[{"width":788,"height":788,"url":"https:\/\/premierdental.vn\/wp-content\/uploads\/2025\/08\/bac-si-ho-thi-hoa-2.jpg","type":"image\/jpeg"}],"twitter_card":"summary_large_image","twitter_misc":{"Est. reading time":"2 minutes"},"schema":{"@context":"https:\/\/schema.org","@graph":[{"@type":"WebPage","@id":"https:\/\/premierdental.vn\/bac-si-ho-thi-hoa\/","url":"https:\/\/premierdental.vn\/bac-si-ho-thi-hoa\/","name":"B\u00e1c s\u0129 H\u1ed3 Th\u1ecb H\u00f2a - Premier Dental","isPartOf":{"@id":"https:\/\/premierdental.vn\/#website"},"primaryImageOfPage":{"@id":"https:\/\/premierdental.vn\/bac-si-ho-thi-hoa\/#primaryimage"},"image":{"@id":"https:\/\/premierdental.vn\/bac-si-ho-thi-hoa\/#primaryimage"},"thumbnailUrl":"https:\/\/premierdental.vn\/wp-content\/uploads\/2025\/08\/bac-si-ho-thi-hoa-2.jpg","datePublished":"2025-08-19T09:44:05+00:00","dateModified":"2025-08-19T09:53:20+00:00","inLanguage":"en-US","potentialAction":[{"@type":"ReadAction","target":["https:\/\/premierdental.vn\/bac-si-ho-thi-hoa\/"]}]},{"@type":"ImageObject","inLanguage":"en-US","@id":"https:\/\/premierdental.vn\/bac-si-ho-thi-hoa\/#primaryimage","url":"https:\/\/premierdental.vn\/wp-content\/uploads\/2025\/08\/bac-si-ho-thi-hoa-2.jpg","contentUrl":"https:\/\/premierdental.vn\/wp-content\/uploads\/2025\/08\/bac-si-ho-thi-hoa-2.jpg","width":788,"height":788},{"@type":"WebSite","@id":"https:\/\/premierdental.vn\/#website","url":"https:\/\/premierdental.vn\/","name":"Premier Dental","description":"Premier Dental","potentialAction":[{"@type":"SearchAction","target":{"@type":"EntryPoint","urlTemplate":"https:\/\/premierdental.vn\/?s={search_term_string}"},"query-input":{"@type":"PropertyValueSpecification","valueRequired":true,"valueName":"search_term_string"}}],"inLanguage":"en-US"}]}},"_links":{"self":[{"href":"https:\/\/premierdental.vn\/en\/wp-json\/wp\/v2\/pages\/8472","targetHints":{"allow":["GET"]}}],"collection":[{"href":"https:\/\/premierdental.vn\/en\/wp-json\/wp\/v2\/pages"}],"about":[{"href":"https:\/\/premierdental.vn\/en\/wp-json\/wp\/v2\/types\/page"}],"author":[{"embeddable":true,"href":"https:\/\/premierdental.vn\/en\/wp-json\/wp\/v2\/users\/1"}],"replies":[{"embeddable":true,"href":"https:\/\/premierdental.vn\/en\/wp-json\/wp\/v2\/comments?post=8472"}],"version-history":[{"count":1,"href":"https:\/\/premierdental.vn\/en\/wp-json\/wp\/v2\/pages\/8472\/revisions"}],"predecessor-version":[{"id":8475,"href":"https:\/\/premierdental.vn\/en\/wp-json\/wp\/v2\/pages\/8472\/revisions\/8475"}],"wp:featuredmedia":[{"embeddable":true,"href":"https:\/\/premierdental.vn\/en\/wp-json\/wp\/v2\/media\/8479"}],"wp:attachment":[{"href":"https:\/\/premierdental.vn\/en\/wp-json\/wp\/v2\/media?parent=8472"}],"curies":[{"name":"wp","href":"https:\/\/api.w.org\/{rel}","templated":true}]}}