{"id":8150,"date":"2024-10-13T23:17:05","date_gmt":"2024-10-13T16:17:05","guid":{"rendered":"https:\/\/premierdental.vn\/?page_id=8150"},"modified":"2024-11-20T22:45:38","modified_gmt":"2024-11-20T15:45:38","slug":"bac-si-luu-nguyen-anh-phuong","status":"publish","type":"page","link":"https:\/\/premierdental.vn\/en\/bac-si-luu-nguyen-anh-phuong\/","title":{"rendered":"Dr. Patrick Luu"},"content":{"rendered":"<ul> <li>Doctor of Dental Surgery, Prima Indonesia, 2022<\/li> <li>Current areas of dental expertise\/practice: General dentist: proficient in general dental treatments, tooth extraction surgery, periodontal surgery, and Implant restoration.<\/li> <li>Outstanding achievements\/Work experience: General dentist -- ODONTO MAXILLO FACIAL HOSPITAL of Ho Chi Minh<\/li> <li>Special dental clinical interest for future development: Periodontics - Implant<\/li> <li>Professional Philosophy: Work wholeheartedly to have a good night's sleep.<\/li> <li>Hobbies: Dog lover, workout &amp; swimming<\/li> <\/ul> <p><strong>H\u00ecnh \u1ea3nh Ch\u1ee9ng ch\u1ec9 v\u00e0 B\u1eb1ng c\u1ea5p:<\/strong><\/p> <p><img fetchpriority=\"high\" decoding=\"async\" class=\"alignnone size-full wp-image-8311\" src=\"https:\/\/premierdental.vn\/wp-content\/uploads\/2024\/11\/17.-BS-Luu-Nguyen-Anh-Phuong.jpg\" alt=\"\" width=\"1205\" height=\"1718\" srcset=\"https:\/\/premierdental.vn\/wp-content\/uploads\/2024\/11\/17.-BS-Luu-Nguyen-Anh-Phuong.jpg 1205w, https:\/\/premierdental.vn\/wp-content\/uploads\/2024\/11\/17.-BS-Luu-Nguyen-Anh-Phuong-210x300.jpg 210w, https:\/\/premierdental.vn\/wp-content\/uploads\/2024\/11\/17.-BS-Luu-Nguyen-Anh-Phuong-718x1024.jpg 718w, https:\/\/premierdental.vn\/wp-content\/uploads\/2024\/11\/17.-BS-Luu-Nguyen-Anh-Phuong-768x1095.jpg 768w, https:\/\/premierdental.vn\/wp-content\/uploads\/2024\/11\/17.-BS-Luu-Nguyen-Anh-Phuong-1077x1536.jpg 1077w, https:\/\/premierdental.vn\/wp-content\/uploads\/2024\/11\/17.-BS-Luu-Nguyen-Anh-Phuong-8x12.jpg 8w\" sizes=\"(max-width: 1205px) 100vw, 1205px\" \/><\/p>","protected":false},"excerpt":{"rendered":"<p>B\u00e1c s\u0129 R\u0103ng H\u00e0m M\u1eb7t, Prima Indonesia, 2022 L\u0129nh v\u1ef1c chuy\u00ean m\u00f4n\/h\u00e0nh ngh\u1ec1 nha khoa hi\u1ec7n t\u1ea1i: B\u00e1c s\u0129 t\u1ed5ng qu\u00e1t: th\u00e0nh th\u1ea1o c\u00e1c \u0111i\u1ec1u tr\u1ecb nha khoa t\u1ed5ng qu\u00e1t, ti\u1ec3u ph\u1eabu nh\u1ed5 r\u0103ng, ph\u1eabu thu\u1eadt nha chu, v\u00e0 ph\u1ee5c h\u00ecnh tr\u00ean Implant Th\u00e0nh t\u00edch ho\u1ea1t \u0111\u1ed9ng n\u1ed5i b\u1eadt\/ Kinh nghi\u1ec7m l\u00e0m vi\u1ec7c: B\u00e1c s\u0129 [&hellip;]<\/p>","protected":false},"author":1,"featured_media":8151,"parent":0,"menu_order":0,"comment_status":"closed","ping_status":"closed","template":"template\/doctor.php","meta":{"footnotes":""},"class_list":["post-8150","page","type-page","status-publish","has-post-thumbnail","hentry"],"acf":[],"yoast_head":"<!-- This site is optimized with the Yoast SEO plugin v26.9 - https:\/\/yoast.com\/product\/yoast-seo-wordpress\/ -->\n<title>B\u00e1c s\u0129 L\u01b0u Nguy\u1ec5n Anh Ph\u01b0\u01a1ng - Premier Dental<\/title>\n<meta name=\"robots\" content=\"index, follow, max-snippet:-1, max-image-preview:large, max-video-preview:-1\" \/>\n<link rel=\"canonical\" href=\"https:\/\/premierdental.vn\/en\/bac-si-luu-nguyen-anh-phuong\/\" \/>\n<meta property=\"og:locale\" content=\"en_US\" \/>\n<meta property=\"og:type\" content=\"article\" \/>\n<meta property=\"og:title\" content=\"B\u00e1c s\u0129 L\u01b0u Nguy\u1ec5n Anh Ph\u01b0\u01a1ng - Premier Dental\" \/>\n<meta property=\"og:description\" content=\"B\u00e1c s\u0129 R\u0103ng H\u00e0m M\u1eb7t, Prima Indonesia, 2022 L\u0129nh v\u1ef1c chuy\u00ean m\u00f4n\/h\u00e0nh ngh\u1ec1 nha khoa hi\u1ec7n t\u1ea1i: B\u00e1c s\u0129 t\u1ed5ng qu\u00e1t: th\u00e0nh th\u1ea1o c\u00e1c \u0111i\u1ec1u tr\u1ecb nha khoa t\u1ed5ng qu\u00e1t, ti\u1ec3u ph\u1eabu nh\u1ed5 r\u0103ng, ph\u1eabu thu\u1eadt nha chu, v\u00e0 ph\u1ee5c h\u00ecnh tr\u00ean Implant Th\u00e0nh t\u00edch ho\u1ea1t \u0111\u1ed9ng n\u1ed5i b\u1eadt\/ Kinh nghi\u1ec7m l\u00e0m vi\u1ec7c: B\u00e1c s\u0129 [&hellip;]\" \/>\n<meta property=\"og:url\" content=\"https:\/\/premierdental.vn\/en\/bac-si-luu-nguyen-anh-phuong\/\" \/>\n<meta property=\"og:site_name\" content=\"Premier Dental\" \/>\n<meta property=\"article:modified_time\" content=\"2024-11-20T15:45:38+00:00\" \/>\n<meta property=\"og:image\" content=\"https:\/\/premierdental.vn\/wp-content\/uploads\/2024\/10\/11BS_-ANH_PHUONG.jpg\" \/>\n\t<meta property=\"og:image:width\" content=\"450\" \/>\n\t<meta property=\"og:image:height\" content=\"352\" \/>\n\t<meta property=\"og:image:type\" content=\"image\/jpeg\" \/>\n<meta name=\"twitter:card\" content=\"summary_large_image\" \/>\n<meta name=\"twitter:label1\" content=\"Est. reading time\" \/>\n\t<meta name=\"twitter:data1\" content=\"1 minute\" \/>\n<script type=\"application\/ld+json\" class=\"yoast-schema-graph\">{\"@context\":\"https:\/\/schema.org\",\"@graph\":[{\"@type\":\"WebPage\",\"@id\":\"https:\/\/premierdental.vn\/bac-si-luu-nguyen-anh-phuong\/\",\"url\":\"https:\/\/premierdental.vn\/bac-si-luu-nguyen-anh-phuong\/\",\"name\":\"B\u00e1c s\u0129 L\u01b0u Nguy\u1ec5n Anh Ph\u01b0\u01a1ng - Premier Dental\",\"isPartOf\":{\"@id\":\"https:\/\/premierdental.vn\/#website\"},\"primaryImageOfPage\":{\"@id\":\"https:\/\/premierdental.vn\/bac-si-luu-nguyen-anh-phuong\/#primaryimage\"},\"image\":{\"@id\":\"https:\/\/premierdental.vn\/bac-si-luu-nguyen-anh-phuong\/#primaryimage\"},\"thumbnailUrl\":\"https:\/\/premierdental.vn\/wp-content\/uploads\/2024\/10\/11BS_-ANH_PHUONG.jpg\",\"datePublished\":\"2024-10-13T16:17:05+00:00\",\"dateModified\":\"2024-11-20T15:45:38+00:00\",\"inLanguage\":\"en-US\",\"potentialAction\":[{\"@type\":\"ReadAction\",\"target\":[\"https:\/\/premierdental.vn\/bac-si-luu-nguyen-anh-phuong\/\"]}]},{\"@type\":\"ImageObject\",\"inLanguage\":\"en-US\",\"@id\":\"https:\/\/premierdental.vn\/bac-si-luu-nguyen-anh-phuong\/#primaryimage\",\"url\":\"https:\/\/premierdental.vn\/wp-content\/uploads\/2024\/10\/11BS_-ANH_PHUONG.jpg\",\"contentUrl\":\"https:\/\/premierdental.vn\/wp-content\/uploads\/2024\/10\/11BS_-ANH_PHUONG.jpg\",\"width\":450,\"height\":352},{\"@type\":\"WebSite\",\"@id\":\"https:\/\/premierdental.vn\/#website\",\"url\":\"https:\/\/premierdental.vn\/\",\"name\":\"Premier Dental\",\"description\":\"Premier Dental\",\"potentialAction\":[{\"@type\":\"SearchAction\",\"target\":{\"@type\":\"EntryPoint\",\"urlTemplate\":\"https:\/\/premierdental.vn\/?s={search_term_string}\"},\"query-input\":{\"@type\":\"PropertyValueSpecification\",\"valueRequired\":true,\"valueName\":\"search_term_string\"}}],\"inLanguage\":\"en-US\"}]}<\/script>\n<!-- \/ Yoast SEO plugin. -->","yoast_head_json":{"title":"B\u00e1c s\u0129 L\u01b0u Nguy\u1ec5n Anh Ph\u01b0\u01a1ng - Premier Dental","robots":{"index":"index","follow":"follow","max-snippet":"max-snippet:-1","max-image-preview":"max-image-preview:large","max-video-preview":"max-video-preview:-1"},"canonical":"https:\/\/premierdental.vn\/en\/bac-si-luu-nguyen-anh-phuong\/","og_locale":"en_US","og_type":"article","og_title":"B\u00e1c s\u0129 L\u01b0u Nguy\u1ec5n Anh Ph\u01b0\u01a1ng - Premier Dental","og_description":"B\u00e1c s\u0129 R\u0103ng H\u00e0m M\u1eb7t, Prima Indonesia, 2022 L\u0129nh v\u1ef1c chuy\u00ean m\u00f4n\/h\u00e0nh ngh\u1ec1 nha khoa hi\u1ec7n t\u1ea1i: B\u00e1c s\u0129 t\u1ed5ng qu\u00e1t: th\u00e0nh th\u1ea1o c\u00e1c \u0111i\u1ec1u tr\u1ecb nha khoa t\u1ed5ng qu\u00e1t, ti\u1ec3u ph\u1eabu nh\u1ed5 r\u0103ng, ph\u1eabu thu\u1eadt nha chu, v\u00e0 ph\u1ee5c h\u00ecnh tr\u00ean Implant Th\u00e0nh t\u00edch ho\u1ea1t \u0111\u1ed9ng n\u1ed5i b\u1eadt\/ Kinh nghi\u1ec7m l\u00e0m vi\u1ec7c: B\u00e1c s\u0129 [&hellip;]","og_url":"https:\/\/premierdental.vn\/en\/bac-si-luu-nguyen-anh-phuong\/","og_site_name":"Premier Dental","article_modified_time":"2024-11-20T15:45:38+00:00","og_image":[{"width":450,"height":352,"url":"https:\/\/premierdental.vn\/wp-content\/uploads\/2024\/10\/11BS_-ANH_PHUONG.jpg","type":"image\/jpeg"}],"twitter_card":"summary_large_image","twitter_misc":{"Est. reading time":"1 minute"},"schema":{"@context":"https:\/\/schema.org","@graph":[{"@type":"WebPage","@id":"https:\/\/premierdental.vn\/bac-si-luu-nguyen-anh-phuong\/","url":"https:\/\/premierdental.vn\/bac-si-luu-nguyen-anh-phuong\/","name":"B\u00e1c s\u0129 L\u01b0u Nguy\u1ec5n Anh Ph\u01b0\u01a1ng - Premier Dental","isPartOf":{"@id":"https:\/\/premierdental.vn\/#website"},"primaryImageOfPage":{"@id":"https:\/\/premierdental.vn\/bac-si-luu-nguyen-anh-phuong\/#primaryimage"},"image":{"@id":"https:\/\/premierdental.vn\/bac-si-luu-nguyen-anh-phuong\/#primaryimage"},"thumbnailUrl":"https:\/\/premierdental.vn\/wp-content\/uploads\/2024\/10\/11BS_-ANH_PHUONG.jpg","datePublished":"2024-10-13T16:17:05+00:00","dateModified":"2024-11-20T15:45:38+00:00","inLanguage":"en-US","potentialAction":[{"@type":"ReadAction","target":["https:\/\/premierdental.vn\/bac-si-luu-nguyen-anh-phuong\/"]}]},{"@type":"ImageObject","inLanguage":"en-US","@id":"https:\/\/premierdental.vn\/bac-si-luu-nguyen-anh-phuong\/#primaryimage","url":"https:\/\/premierdental.vn\/wp-content\/uploads\/2024\/10\/11BS_-ANH_PHUONG.jpg","contentUrl":"https:\/\/premierdental.vn\/wp-content\/uploads\/2024\/10\/11BS_-ANH_PHUONG.jpg","width":450,"height":352},{"@type":"WebSite","@id":"https:\/\/premierdental.vn\/#website","url":"https:\/\/premierdental.vn\/","name":"Premier Dental","description":"Premier Dental","potentialAction":[{"@type":"SearchAction","target":{"@type":"EntryPoint","urlTemplate":"https:\/\/premierdental.vn\/?s={search_term_string}"},"query-input":{"@type":"PropertyValueSpecification","valueRequired":true,"valueName":"search_term_string"}}],"inLanguage":"en-US"}]}},"_links":{"self":[{"href":"https:\/\/premierdental.vn\/en\/wp-json\/wp\/v2\/pages\/8150","targetHints":{"allow":["GET"]}}],"collection":[{"href":"https:\/\/premierdental.vn\/en\/wp-json\/wp\/v2\/pages"}],"about":[{"href":"https:\/\/premierdental.vn\/en\/wp-json\/wp\/v2\/types\/page"}],"author":[{"embeddable":true,"href":"https:\/\/premierdental.vn\/en\/wp-json\/wp\/v2\/users\/1"}],"replies":[{"embeddable":true,"href":"https:\/\/premierdental.vn\/en\/wp-json\/wp\/v2\/comments?post=8150"}],"version-history":[{"count":2,"href":"https:\/\/premierdental.vn\/en\/wp-json\/wp\/v2\/pages\/8150\/revisions"}],"predecessor-version":[{"id":8312,"href":"https:\/\/premierdental.vn\/en\/wp-json\/wp\/v2\/pages\/8150\/revisions\/8312"}],"wp:featuredmedia":[{"embeddable":true,"href":"https:\/\/premierdental.vn\/en\/wp-json\/wp\/v2\/media\/8151"}],"wp:attachment":[{"href":"https:\/\/premierdental.vn\/en\/wp-json\/wp\/v2\/media?parent=8150"}],"curies":[{"name":"wp","href":"https:\/\/api.w.org\/{rel}","templated":true}]}}