{"id":8139,"date":"2024-10-13T23:05:22","date_gmt":"2024-10-13T16:05:22","guid":{"rendered":"https:\/\/premierdental.vn\/?page_id=8139"},"modified":"2024-11-20T22:44:34","modified_gmt":"2024-11-20T15:44:34","slug":"bac-si-ho-thi-thanh-thuy","status":"publish","type":"page","link":"https:\/\/premierdental.vn\/en\/bac-si-ho-thi-thanh-thuy\/","title":{"rendered":"Dr. Thuy Ho"},"content":{"rendered":"<ul> <li>Doctor of Medicine (Odonto-Stomatology) - University of Medicine &amp; Pharmacy HCMC - 2016<\/li> <li>Specialist Level I - Hue University of Medicine and Pharmacy - 2022<\/li> <li>Certificates:<br \/> + BioProgressive Orthodontics, Prof. Nelson J.Oppermann (2017)<br \/> + Orthodontic treatment based on biology and control of the occlusal plane in 3 dimensions - Dr. Enrique Garcia Romero (2022)<br \/> + Invisalign Master Class - Dr.Kenji Ojima (2021)- Dr.Yau Yi Kwong (2023 )<br \/> + Invisalign Platinum Provider (2022)<br \/> + The most complete 1-year program on neuromuscular &amp; functional orthodontics - OTEXE (2022)<br \/> + Class III Treatment by GEAW system - Prof.Akiyoshi Shirasu (2023)<br \/> + Advanced course: Temporary Overlay Guided Orthodontics (TOGO) - Prof. Nelson Opperman &amp; Prof. Hector David Ovando Castro (2024)<\/li> <li>- Current areas of dental expertise\/practice: Orthodontist<\/li> <\/ul> <p><strong>H\u00ecnh \u1ea3nh Ch\u1ee9ng ch\u1ec9 v\u00e0 B\u1eb1ng c\u1ea5p:<\/strong><\/p> <p><img fetchpriority=\"high\" decoding=\"async\" class=\"alignnone size-full wp-image-8309\" src=\"https:\/\/premierdental.vn\/wp-content\/uploads\/2024\/11\/16.-BS-Ho-Thi-Thanh-Thuy.jpg\" alt=\"\" width=\"643\" height=\"930\" srcset=\"https:\/\/premierdental.vn\/wp-content\/uploads\/2024\/11\/16.-BS-Ho-Thi-Thanh-Thuy.jpg 643w, https:\/\/premierdental.vn\/wp-content\/uploads\/2024\/11\/16.-BS-Ho-Thi-Thanh-Thuy-207x300.jpg 207w, https:\/\/premierdental.vn\/wp-content\/uploads\/2024\/11\/16.-BS-Ho-Thi-Thanh-Thuy-8x12.jpg 8w\" sizes=\"(max-width: 643px) 100vw, 643px\" \/><\/p>","protected":false},"excerpt":{"rendered":"<p>B\u00e1c s\u0129 R\u0103ng H\u00e0m M\u1eb7t &#8211; \u0110\u1ea1i h\u1ecdc Y D\u01b0\u1ee3c Tp.HCM -2016 BS Chuy\u00ean khoa I &#8211; Tr\u01b0\u1eddng \u0110\u1ea1i h\u1ecdc Y D\u01b0\u1ee3c Hu\u1ebf &#8211; 2022 Ch\u1ee9ng ch\u1ec9: + Kh\u00f3a h\u1ecdc ch\u1ec9nh nha c\u01a1 b\u1ea3n v\u00e0 n\u00e2ng cao Bioprogressive, GS. Nelson J.Oppermann (2017) + \u0110i\u1ec1u tr\u1ecb ch\u1ec9nh nha d\u1ef1a tr\u00ean sinh h\u1ecdc v\u00e0 ki\u1ec3m so\u00e1t m\u1eb7t [&hellip;]<\/p>","protected":false},"author":1,"featured_media":8140,"parent":0,"menu_order":0,"comment_status":"closed","ping_status":"closed","template":"template\/doctor.php","meta":{"footnotes":""},"class_list":["post-8139","page","type-page","status-publish","has-post-thumbnail","hentry"],"acf":[],"yoast_head":"<!-- This site is optimized with the Yoast SEO plugin v26.9 - https:\/\/yoast.com\/product\/yoast-seo-wordpress\/ -->\n<title>B\u00e1c s\u0129 H\u1ed3 Th\u1ecb Thanh Th\u1ee7y - Premier Dental<\/title>\n<meta name=\"robots\" content=\"index, follow, max-snippet:-1, max-image-preview:large, max-video-preview:-1\" \/>\n<link rel=\"canonical\" href=\"https:\/\/premierdental.vn\/en\/bac-si-ho-thi-thanh-thuy\/\" \/>\n<meta property=\"og:locale\" content=\"en_US\" \/>\n<meta property=\"og:type\" content=\"article\" \/>\n<meta property=\"og:title\" content=\"B\u00e1c s\u0129 H\u1ed3 Th\u1ecb Thanh Th\u1ee7y - Premier Dental\" \/>\n<meta property=\"og:description\" content=\"B\u00e1c s\u0129 R\u0103ng H\u00e0m M\u1eb7t &#8211; \u0110\u1ea1i h\u1ecdc Y D\u01b0\u1ee3c Tp.HCM -2016 BS Chuy\u00ean khoa I &#8211; Tr\u01b0\u1eddng \u0110\u1ea1i h\u1ecdc Y D\u01b0\u1ee3c Hu\u1ebf &#8211; 2022 Ch\u1ee9ng ch\u1ec9: + Kh\u00f3a h\u1ecdc ch\u1ec9nh nha c\u01a1 b\u1ea3n v\u00e0 n\u00e2ng cao Bioprogressive, GS. Nelson J.Oppermann (2017) + \u0110i\u1ec1u tr\u1ecb ch\u1ec9nh nha d\u1ef1a tr\u00ean sinh h\u1ecdc v\u00e0 ki\u1ec3m so\u00e1t m\u1eb7t [&hellip;]\" \/>\n<meta property=\"og:url\" content=\"https:\/\/premierdental.vn\/en\/bac-si-ho-thi-thanh-thuy\/\" \/>\n<meta property=\"og:site_name\" content=\"Premier Dental\" \/>\n<meta property=\"article:modified_time\" content=\"2024-11-20T15:44:34+00:00\" \/>\n<meta property=\"og:image\" content=\"https:\/\/premierdental.vn\/wp-content\/uploads\/2024\/10\/16BS_-THUY.jpg\" \/>\n\t<meta property=\"og:image:width\" content=\"450\" \/>\n\t<meta property=\"og:image:height\" content=\"352\" \/>\n\t<meta property=\"og:image:type\" content=\"image\/jpeg\" \/>\n<meta name=\"twitter:card\" content=\"summary_large_image\" \/>\n<meta name=\"twitter:label1\" content=\"Est. reading time\" \/>\n\t<meta name=\"twitter:data1\" content=\"1 minute\" \/>\n<script type=\"application\/ld+json\" class=\"yoast-schema-graph\">{\"@context\":\"https:\/\/schema.org\",\"@graph\":[{\"@type\":\"WebPage\",\"@id\":\"https:\/\/premierdental.vn\/bac-si-ho-thi-thanh-thuy\/\",\"url\":\"https:\/\/premierdental.vn\/bac-si-ho-thi-thanh-thuy\/\",\"name\":\"B\u00e1c s\u0129 H\u1ed3 Th\u1ecb Thanh Th\u1ee7y - Premier Dental\",\"isPartOf\":{\"@id\":\"https:\/\/premierdental.vn\/#website\"},\"primaryImageOfPage\":{\"@id\":\"https:\/\/premierdental.vn\/bac-si-ho-thi-thanh-thuy\/#primaryimage\"},\"image\":{\"@id\":\"https:\/\/premierdental.vn\/bac-si-ho-thi-thanh-thuy\/#primaryimage\"},\"thumbnailUrl\":\"https:\/\/premierdental.vn\/wp-content\/uploads\/2024\/10\/16BS_-THUY.jpg\",\"datePublished\":\"2024-10-13T16:05:22+00:00\",\"dateModified\":\"2024-11-20T15:44:34+00:00\",\"inLanguage\":\"en-US\",\"potentialAction\":[{\"@type\":\"ReadAction\",\"target\":[\"https:\/\/premierdental.vn\/bac-si-ho-thi-thanh-thuy\/\"]}]},{\"@type\":\"ImageObject\",\"inLanguage\":\"en-US\",\"@id\":\"https:\/\/premierdental.vn\/bac-si-ho-thi-thanh-thuy\/#primaryimage\",\"url\":\"https:\/\/premierdental.vn\/wp-content\/uploads\/2024\/10\/16BS_-THUY.jpg\",\"contentUrl\":\"https:\/\/premierdental.vn\/wp-content\/uploads\/2024\/10\/16BS_-THUY.jpg\",\"width\":450,\"height\":352},{\"@type\":\"WebSite\",\"@id\":\"https:\/\/premierdental.vn\/#website\",\"url\":\"https:\/\/premierdental.vn\/\",\"name\":\"Premier Dental\",\"description\":\"Premier Dental\",\"potentialAction\":[{\"@type\":\"SearchAction\",\"target\":{\"@type\":\"EntryPoint\",\"urlTemplate\":\"https:\/\/premierdental.vn\/?s={search_term_string}\"},\"query-input\":{\"@type\":\"PropertyValueSpecification\",\"valueRequired\":true,\"valueName\":\"search_term_string\"}}],\"inLanguage\":\"en-US\"}]}<\/script>\n<!-- \/ Yoast SEO plugin. -->","yoast_head_json":{"title":"B\u00e1c s\u0129 H\u1ed3 Th\u1ecb Thanh Th\u1ee7y - Premier Dental","robots":{"index":"index","follow":"follow","max-snippet":"max-snippet:-1","max-image-preview":"max-image-preview:large","max-video-preview":"max-video-preview:-1"},"canonical":"https:\/\/premierdental.vn\/en\/bac-si-ho-thi-thanh-thuy\/","og_locale":"en_US","og_type":"article","og_title":"B\u00e1c s\u0129 H\u1ed3 Th\u1ecb Thanh Th\u1ee7y - Premier Dental","og_description":"B\u00e1c s\u0129 R\u0103ng H\u00e0m M\u1eb7t &#8211; \u0110\u1ea1i h\u1ecdc Y D\u01b0\u1ee3c Tp.HCM -2016 BS Chuy\u00ean khoa I &#8211; Tr\u01b0\u1eddng \u0110\u1ea1i h\u1ecdc Y D\u01b0\u1ee3c Hu\u1ebf &#8211; 2022 Ch\u1ee9ng ch\u1ec9: + Kh\u00f3a h\u1ecdc ch\u1ec9nh nha c\u01a1 b\u1ea3n v\u00e0 n\u00e2ng cao Bioprogressive, GS. Nelson J.Oppermann (2017) + \u0110i\u1ec1u tr\u1ecb ch\u1ec9nh nha d\u1ef1a tr\u00ean sinh h\u1ecdc v\u00e0 ki\u1ec3m so\u00e1t m\u1eb7t [&hellip;]","og_url":"https:\/\/premierdental.vn\/en\/bac-si-ho-thi-thanh-thuy\/","og_site_name":"Premier Dental","article_modified_time":"2024-11-20T15:44:34+00:00","og_image":[{"width":450,"height":352,"url":"https:\/\/premierdental.vn\/wp-content\/uploads\/2024\/10\/16BS_-THUY.jpg","type":"image\/jpeg"}],"twitter_card":"summary_large_image","twitter_misc":{"Est. reading time":"1 minute"},"schema":{"@context":"https:\/\/schema.org","@graph":[{"@type":"WebPage","@id":"https:\/\/premierdental.vn\/bac-si-ho-thi-thanh-thuy\/","url":"https:\/\/premierdental.vn\/bac-si-ho-thi-thanh-thuy\/","name":"B\u00e1c s\u0129 H\u1ed3 Th\u1ecb Thanh Th\u1ee7y - Premier Dental","isPartOf":{"@id":"https:\/\/premierdental.vn\/#website"},"primaryImageOfPage":{"@id":"https:\/\/premierdental.vn\/bac-si-ho-thi-thanh-thuy\/#primaryimage"},"image":{"@id":"https:\/\/premierdental.vn\/bac-si-ho-thi-thanh-thuy\/#primaryimage"},"thumbnailUrl":"https:\/\/premierdental.vn\/wp-content\/uploads\/2024\/10\/16BS_-THUY.jpg","datePublished":"2024-10-13T16:05:22+00:00","dateModified":"2024-11-20T15:44:34+00:00","inLanguage":"en-US","potentialAction":[{"@type":"ReadAction","target":["https:\/\/premierdental.vn\/bac-si-ho-thi-thanh-thuy\/"]}]},{"@type":"ImageObject","inLanguage":"en-US","@id":"https:\/\/premierdental.vn\/bac-si-ho-thi-thanh-thuy\/#primaryimage","url":"https:\/\/premierdental.vn\/wp-content\/uploads\/2024\/10\/16BS_-THUY.jpg","contentUrl":"https:\/\/premierdental.vn\/wp-content\/uploads\/2024\/10\/16BS_-THUY.jpg","width":450,"height":352},{"@type":"WebSite","@id":"https:\/\/premierdental.vn\/#website","url":"https:\/\/premierdental.vn\/","name":"Premier Dental","description":"Premier Dental","potentialAction":[{"@type":"SearchAction","target":{"@type":"EntryPoint","urlTemplate":"https:\/\/premierdental.vn\/?s={search_term_string}"},"query-input":{"@type":"PropertyValueSpecification","valueRequired":true,"valueName":"search_term_string"}}],"inLanguage":"en-US"}]}},"_links":{"self":[{"href":"https:\/\/premierdental.vn\/en\/wp-json\/wp\/v2\/pages\/8139","targetHints":{"allow":["GET"]}}],"collection":[{"href":"https:\/\/premierdental.vn\/en\/wp-json\/wp\/v2\/pages"}],"about":[{"href":"https:\/\/premierdental.vn\/en\/wp-json\/wp\/v2\/types\/page"}],"author":[{"embeddable":true,"href":"https:\/\/premierdental.vn\/en\/wp-json\/wp\/v2\/users\/1"}],"replies":[{"embeddable":true,"href":"https:\/\/premierdental.vn\/en\/wp-json\/wp\/v2\/comments?post=8139"}],"version-history":[{"count":2,"href":"https:\/\/premierdental.vn\/en\/wp-json\/wp\/v2\/pages\/8139\/revisions"}],"predecessor-version":[{"id":8310,"href":"https:\/\/premierdental.vn\/en\/wp-json\/wp\/v2\/pages\/8139\/revisions\/8310"}],"wp:featuredmedia":[{"embeddable":true,"href":"https:\/\/premierdental.vn\/en\/wp-json\/wp\/v2\/media\/8140"}],"wp:attachment":[{"href":"https:\/\/premierdental.vn\/en\/wp-json\/wp\/v2\/media?parent=8139"}],"curies":[{"name":"wp","href":"https:\/\/api.w.org\/{rel}","templated":true}]}}