{"id":8133,"date":"2024-10-13T23:00:39","date_gmt":"2024-10-13T16:00:39","guid":{"rendered":"https:\/\/premierdental.vn\/?page_id=8133"},"modified":"2024-11-20T22:42:31","modified_gmt":"2024-11-20T15:42:31","slug":"bac-si-tu-thi-huyen-trang","status":"publish","type":"page","link":"https:\/\/premierdental.vn\/en\/bac-si-tu-thi-huyen-trang\/","title":{"rendered":"Dr. Grace Tu"},"content":{"rendered":"<ul> <li>Doctor of Dental Surgery, University of Medicine and Pharmacy at Ho Chi Minh city, 2015<\/li> <li>Doctor of Philosophy - Dental sciences, Tokyo Medical and Dental University, 2020<\/li> <li>Certificates:<br \/> + Occlusion applied in dental treatment, Van Lang University, T11-2022<br \/> + Member of Japanese Association of Psychosomatic Dentistry, since 2016<\/li> <li>Current areas of dental expertise\/practice: Occlusal diseases, Temporomandibular disorder, Orofacial Pain<\/li> <li>Outstanding achievements\/Work experience: 5 years of practice at Dental Hospital, Tokyo Medical and Dental University, Japan<\/li> <li>Special dental clinical interest for future development: Occlusal reconstruction<\/li> <li>Hobbies: Podcast, Sitcom<\/li> <\/ul> <p><strong>H\u00ecnh \u1ea3nh Ch\u1ee9ng ch\u1ec9 v\u00e0 B\u1eb1ng c\u1ea5p:<\/strong><\/p> <p><img fetchpriority=\"high\" decoding=\"async\" class=\"alignnone size-full wp-image-8305\" src=\"https:\/\/premierdental.vn\/wp-content\/uploads\/2024\/11\/14.-BS-Tu-Thi-Huyen-Trang.jpg\" alt=\"\" width=\"1228\" height=\"1755\" srcset=\"https:\/\/premierdental.vn\/wp-content\/uploads\/2024\/11\/14.-BS-Tu-Thi-Huyen-Trang.jpg 1228w, https:\/\/premierdental.vn\/wp-content\/uploads\/2024\/11\/14.-BS-Tu-Thi-Huyen-Trang-210x300.jpg 210w, https:\/\/premierdental.vn\/wp-content\/uploads\/2024\/11\/14.-BS-Tu-Thi-Huyen-Trang-717x1024.jpg 717w, https:\/\/premierdental.vn\/wp-content\/uploads\/2024\/11\/14.-BS-Tu-Thi-Huyen-Trang-768x1098.jpg 768w, https:\/\/premierdental.vn\/wp-content\/uploads\/2024\/11\/14.-BS-Tu-Thi-Huyen-Trang-1075x1536.jpg 1075w, https:\/\/premierdental.vn\/wp-content\/uploads\/2024\/11\/14.-BS-Tu-Thi-Huyen-Trang-8x12.jpg 8w\" sizes=\"(max-width: 1228px) 100vw, 1228px\" \/><\/p>","protected":false},"excerpt":{"rendered":"<p>B\u00e1c s\u0129 R\u0103ng H\u00e0m M\u1eb7t, \u0110H Y D\u01b0\u1ee3c TP H\u1ed3 Ch\u00ed Minh, 2015 Ti\u1ebfn s\u0129 Khoa H\u1ecdc Nha Khoa, \u0110H Y Nha Tokyo, 2020 Ch\u1ee9ng ch\u1ec9: + C\u1eafn kh\u1edbp \u1ee9ng d\u1ee5ng trong \u0111i\u1ec1u tr\u1ecb nha khoa, \u0110H V\u0103n Lang, T11-2022 + Th\u00e0nh vi\u00ean Hi\u1ec7p h\u1ed9i Nha khoa T\u00e2m L\u00fd th\u1ef1c th\u1ec3 Nh\u1eadt B\u1ea3n t\u1eeb 2016 [&hellip;]<\/p>","protected":false},"author":1,"featured_media":8134,"parent":0,"menu_order":0,"comment_status":"closed","ping_status":"closed","template":"template\/doctor.php","meta":{"footnotes":""},"class_list":["post-8133","page","type-page","status-publish","has-post-thumbnail","hentry"],"acf":[],"yoast_head":"<!-- This site is optimized with the Yoast SEO plugin v26.9 - https:\/\/yoast.com\/product\/yoast-seo-wordpress\/ -->\n<title>B\u00e1c s\u0129 T\u1eeb Th\u1ecb Huy\u1ec1n Trang - Premier Dental<\/title>\n<meta name=\"robots\" content=\"index, follow, max-snippet:-1, max-image-preview:large, max-video-preview:-1\" \/>\n<link rel=\"canonical\" href=\"https:\/\/premierdental.vn\/en\/bac-si-tu-thi-huyen-trang\/\" \/>\n<meta property=\"og:locale\" content=\"en_US\" \/>\n<meta property=\"og:type\" content=\"article\" \/>\n<meta property=\"og:title\" content=\"B\u00e1c s\u0129 T\u1eeb Th\u1ecb Huy\u1ec1n Trang - Premier Dental\" \/>\n<meta property=\"og:description\" content=\"B\u00e1c s\u0129 R\u0103ng H\u00e0m M\u1eb7t, \u0110H Y D\u01b0\u1ee3c TP H\u1ed3 Ch\u00ed Minh, 2015 Ti\u1ebfn s\u0129 Khoa H\u1ecdc Nha Khoa, \u0110H Y Nha Tokyo, 2020 Ch\u1ee9ng ch\u1ec9: + C\u1eafn kh\u1edbp \u1ee9ng d\u1ee5ng trong \u0111i\u1ec1u tr\u1ecb nha khoa, \u0110H V\u0103n Lang, T11-2022 + Th\u00e0nh vi\u00ean Hi\u1ec7p h\u1ed9i Nha khoa T\u00e2m L\u00fd th\u1ef1c th\u1ec3 Nh\u1eadt B\u1ea3n t\u1eeb 2016 [&hellip;]\" \/>\n<meta property=\"og:url\" content=\"https:\/\/premierdental.vn\/en\/bac-si-tu-thi-huyen-trang\/\" \/>\n<meta property=\"og:site_name\" content=\"Premier Dental\" \/>\n<meta property=\"article:modified_time\" content=\"2024-11-20T15:42:31+00:00\" \/>\n<meta property=\"og:image\" content=\"https:\/\/premierdental.vn\/wp-content\/uploads\/2024\/10\/14BS_TRANG.jpg\" \/>\n\t<meta property=\"og:image:width\" content=\"450\" \/>\n\t<meta property=\"og:image:height\" content=\"352\" \/>\n\t<meta property=\"og:image:type\" content=\"image\/jpeg\" \/>\n<meta name=\"twitter:card\" content=\"summary_large_image\" \/>\n<meta name=\"twitter:label1\" content=\"Est. reading time\" \/>\n\t<meta name=\"twitter:data1\" content=\"1 minute\" \/>\n<script type=\"application\/ld+json\" class=\"yoast-schema-graph\">{\"@context\":\"https:\/\/schema.org\",\"@graph\":[{\"@type\":\"WebPage\",\"@id\":\"https:\/\/premierdental.vn\/bac-si-tu-thi-huyen-trang\/\",\"url\":\"https:\/\/premierdental.vn\/bac-si-tu-thi-huyen-trang\/\",\"name\":\"B\u00e1c s\u0129 T\u1eeb Th\u1ecb Huy\u1ec1n Trang - Premier Dental\",\"isPartOf\":{\"@id\":\"https:\/\/premierdental.vn\/#website\"},\"primaryImageOfPage\":{\"@id\":\"https:\/\/premierdental.vn\/bac-si-tu-thi-huyen-trang\/#primaryimage\"},\"image\":{\"@id\":\"https:\/\/premierdental.vn\/bac-si-tu-thi-huyen-trang\/#primaryimage\"},\"thumbnailUrl\":\"https:\/\/premierdental.vn\/wp-content\/uploads\/2024\/10\/14BS_TRANG.jpg\",\"datePublished\":\"2024-10-13T16:00:39+00:00\",\"dateModified\":\"2024-11-20T15:42:31+00:00\",\"inLanguage\":\"en-US\",\"potentialAction\":[{\"@type\":\"ReadAction\",\"target\":[\"https:\/\/premierdental.vn\/bac-si-tu-thi-huyen-trang\/\"]}]},{\"@type\":\"ImageObject\",\"inLanguage\":\"en-US\",\"@id\":\"https:\/\/premierdental.vn\/bac-si-tu-thi-huyen-trang\/#primaryimage\",\"url\":\"https:\/\/premierdental.vn\/wp-content\/uploads\/2024\/10\/14BS_TRANG.jpg\",\"contentUrl\":\"https:\/\/premierdental.vn\/wp-content\/uploads\/2024\/10\/14BS_TRANG.jpg\",\"width\":450,\"height\":352},{\"@type\":\"WebSite\",\"@id\":\"https:\/\/premierdental.vn\/#website\",\"url\":\"https:\/\/premierdental.vn\/\",\"name\":\"Premier Dental\",\"description\":\"Premier Dental\",\"potentialAction\":[{\"@type\":\"SearchAction\",\"target\":{\"@type\":\"EntryPoint\",\"urlTemplate\":\"https:\/\/premierdental.vn\/?s={search_term_string}\"},\"query-input\":{\"@type\":\"PropertyValueSpecification\",\"valueRequired\":true,\"valueName\":\"search_term_string\"}}],\"inLanguage\":\"en-US\"}]}<\/script>\n<!-- \/ Yoast SEO plugin. -->","yoast_head_json":{"title":"B\u00e1c s\u0129 T\u1eeb Th\u1ecb Huy\u1ec1n Trang - Premier Dental","robots":{"index":"index","follow":"follow","max-snippet":"max-snippet:-1","max-image-preview":"max-image-preview:large","max-video-preview":"max-video-preview:-1"},"canonical":"https:\/\/premierdental.vn\/en\/bac-si-tu-thi-huyen-trang\/","og_locale":"en_US","og_type":"article","og_title":"B\u00e1c s\u0129 T\u1eeb Th\u1ecb Huy\u1ec1n Trang - Premier Dental","og_description":"B\u00e1c s\u0129 R\u0103ng H\u00e0m M\u1eb7t, \u0110H Y D\u01b0\u1ee3c TP H\u1ed3 Ch\u00ed Minh, 2015 Ti\u1ebfn s\u0129 Khoa H\u1ecdc Nha Khoa, \u0110H Y Nha Tokyo, 2020 Ch\u1ee9ng ch\u1ec9: + C\u1eafn kh\u1edbp \u1ee9ng d\u1ee5ng trong \u0111i\u1ec1u tr\u1ecb nha khoa, \u0110H V\u0103n Lang, T11-2022 + Th\u00e0nh vi\u00ean Hi\u1ec7p h\u1ed9i Nha khoa T\u00e2m L\u00fd th\u1ef1c th\u1ec3 Nh\u1eadt B\u1ea3n t\u1eeb 2016 [&hellip;]","og_url":"https:\/\/premierdental.vn\/en\/bac-si-tu-thi-huyen-trang\/","og_site_name":"Premier Dental","article_modified_time":"2024-11-20T15:42:31+00:00","og_image":[{"width":450,"height":352,"url":"https:\/\/premierdental.vn\/wp-content\/uploads\/2024\/10\/14BS_TRANG.jpg","type":"image\/jpeg"}],"twitter_card":"summary_large_image","twitter_misc":{"Est. reading time":"1 minute"},"schema":{"@context":"https:\/\/schema.org","@graph":[{"@type":"WebPage","@id":"https:\/\/premierdental.vn\/bac-si-tu-thi-huyen-trang\/","url":"https:\/\/premierdental.vn\/bac-si-tu-thi-huyen-trang\/","name":"B\u00e1c s\u0129 T\u1eeb Th\u1ecb Huy\u1ec1n Trang - Premier Dental","isPartOf":{"@id":"https:\/\/premierdental.vn\/#website"},"primaryImageOfPage":{"@id":"https:\/\/premierdental.vn\/bac-si-tu-thi-huyen-trang\/#primaryimage"},"image":{"@id":"https:\/\/premierdental.vn\/bac-si-tu-thi-huyen-trang\/#primaryimage"},"thumbnailUrl":"https:\/\/premierdental.vn\/wp-content\/uploads\/2024\/10\/14BS_TRANG.jpg","datePublished":"2024-10-13T16:00:39+00:00","dateModified":"2024-11-20T15:42:31+00:00","inLanguage":"en-US","potentialAction":[{"@type":"ReadAction","target":["https:\/\/premierdental.vn\/bac-si-tu-thi-huyen-trang\/"]}]},{"@type":"ImageObject","inLanguage":"en-US","@id":"https:\/\/premierdental.vn\/bac-si-tu-thi-huyen-trang\/#primaryimage","url":"https:\/\/premierdental.vn\/wp-content\/uploads\/2024\/10\/14BS_TRANG.jpg","contentUrl":"https:\/\/premierdental.vn\/wp-content\/uploads\/2024\/10\/14BS_TRANG.jpg","width":450,"height":352},{"@type":"WebSite","@id":"https:\/\/premierdental.vn\/#website","url":"https:\/\/premierdental.vn\/","name":"Premier Dental","description":"Premier Dental","potentialAction":[{"@type":"SearchAction","target":{"@type":"EntryPoint","urlTemplate":"https:\/\/premierdental.vn\/?s={search_term_string}"},"query-input":{"@type":"PropertyValueSpecification","valueRequired":true,"valueName":"search_term_string"}}],"inLanguage":"en-US"}]}},"_links":{"self":[{"href":"https:\/\/premierdental.vn\/en\/wp-json\/wp\/v2\/pages\/8133","targetHints":{"allow":["GET"]}}],"collection":[{"href":"https:\/\/premierdental.vn\/en\/wp-json\/wp\/v2\/pages"}],"about":[{"href":"https:\/\/premierdental.vn\/en\/wp-json\/wp\/v2\/types\/page"}],"author":[{"embeddable":true,"href":"https:\/\/premierdental.vn\/en\/wp-json\/wp\/v2\/users\/1"}],"replies":[{"embeddable":true,"href":"https:\/\/premierdental.vn\/en\/wp-json\/wp\/v2\/comments?post=8133"}],"version-history":[{"count":2,"href":"https:\/\/premierdental.vn\/en\/wp-json\/wp\/v2\/pages\/8133\/revisions"}],"predecessor-version":[{"id":8306,"href":"https:\/\/premierdental.vn\/en\/wp-json\/wp\/v2\/pages\/8133\/revisions\/8306"}],"wp:featuredmedia":[{"embeddable":true,"href":"https:\/\/premierdental.vn\/en\/wp-json\/wp\/v2\/media\/8134"}],"wp:attachment":[{"href":"https:\/\/premierdental.vn\/en\/wp-json\/wp\/v2\/media?parent=8133"}],"curies":[{"name":"wp","href":"https:\/\/api.w.org\/{rel}","templated":true}]}}