{"id":8129,"date":"2024-10-13T22:56:12","date_gmt":"2024-10-13T15:56:12","guid":{"rendered":"https:\/\/premierdental.vn\/?page_id=8129"},"modified":"2024-11-20T22:41:23","modified_gmt":"2024-11-20T15:41:23","slug":"bac-si-dang-nhat-quang","status":"publish","type":"page","link":"https:\/\/premierdental.vn\/en\/bac-si-dang-nhat-quang\/","title":{"rendered":"Dr. Daniel Dang"},"content":{"rendered":"<ul> <li>Doctor of Medicine Odonto-Stomatology, University of Medicine and Pharmacy, Ho Chi Minh City, 2016<\/li> <li>Certificates:<br \/> + Basic porcelain veneers, THL Academy, 6\/ 2021<br \/> + Temporomandibular joint disorder, THL Academy, 7\/ 2021<br \/> + Implant restoration from A-Z, THL Academy, 7\/ 2021<br \/> + Occlusion applied in dental treatment, Van Lang University, 11\/ 2022<br \/> + Certificate of continuous training: Dental Implantology, University of Medicine and Pharmacy, Ho Chi Minh City, 4\/2022<br \/> + Certificate of continuous training: Restorative dentistry, prevention and development, University of Medicine and Pharmacy, Ho Chi Minh City, 2023<br \/> + Certificate of continuous training: Pathology and surgery,University of Medicine and Pharmacy, Ho Chi Minh City, 2023<\/li> <li>Current areas of dental expertise\/practice: General dentistry, Pediatric<\/li> <li>Outstanding achievements\/Work experience: 8 years of experience working at large hospitals in Ho Chi Minh City such as Binh Tan Hospital, Thu Duc City Hospital and other large dental clinics: Kim Dental, Lan Anh Dental and Premier Dental.<\/li> <li>Special dental clinical interest for future development: Orthodontist, Cosmetic Prosthodontist.<\/li> <\/ul> <p><strong>H\u00ecnh \u1ea3nh Ch\u1ee9ng ch\u1ec9 v\u00e0 B\u1eb1ng c\u1ea5p:<\/strong><\/p> <p><img fetchpriority=\"high\" decoding=\"async\" class=\"alignnone size-full wp-image-8303\" src=\"https:\/\/premierdental.vn\/wp-content\/uploads\/2024\/11\/13.-BS-Dang-Nhat-Quang.jpg\" alt=\"\" width=\"1205\" height=\"1718\" srcset=\"https:\/\/premierdental.vn\/wp-content\/uploads\/2024\/11\/13.-BS-Dang-Nhat-Quang.jpg 1205w, https:\/\/premierdental.vn\/wp-content\/uploads\/2024\/11\/13.-BS-Dang-Nhat-Quang-210x300.jpg 210w, https:\/\/premierdental.vn\/wp-content\/uploads\/2024\/11\/13.-BS-Dang-Nhat-Quang-718x1024.jpg 718w, https:\/\/premierdental.vn\/wp-content\/uploads\/2024\/11\/13.-BS-Dang-Nhat-Quang-768x1095.jpg 768w, https:\/\/premierdental.vn\/wp-content\/uploads\/2024\/11\/13.-BS-Dang-Nhat-Quang-1077x1536.jpg 1077w, https:\/\/premierdental.vn\/wp-content\/uploads\/2024\/11\/13.-BS-Dang-Nhat-Quang-8x12.jpg 8w\" sizes=\"(max-width: 1205px) 100vw, 1205px\" \/><\/p>","protected":false},"excerpt":{"rendered":"<p>B\u00e1c s\u0129 R\u0103ng H\u00e0m M\u1eb7t, \u0110\u1ea1i H\u1ecdc Y D\u01b0\u1ee3c TP. HCM, 2016, Ch\u1ee9ng ch\u1ec9: + M\u1eb7t d\u00e1n s\u1ee9 c\u01a1 b\u1ea3n, THL Academy, th\u00e1ng 6\/2021 + R\u1ed1i lo\u1ea1n kh\u1edbp th\u00e1i d\u01b0\u01a1ng h\u00e0m, THL Academy, th\u00e1ng 7\/2021 + Ph\u1ee5c h\u00ecnh tr\u00ean implant t\u1eeb A- Z, THL Academy, th\u00e1ng 7\/2021 + C\u1eafn kh\u1edbp \u1ee9ng d\u1ee5ng trong \u0111i\u1ec1u tr\u1ecb [&hellip;]<\/p>","protected":false},"author":1,"featured_media":8130,"parent":0,"menu_order":0,"comment_status":"closed","ping_status":"closed","template":"template\/doctor.php","meta":{"footnotes":""},"class_list":["post-8129","page","type-page","status-publish","has-post-thumbnail","hentry"],"acf":[],"yoast_head":"<!-- This site is optimized with the Yoast SEO plugin v26.9 - https:\/\/yoast.com\/product\/yoast-seo-wordpress\/ -->\n<title>B\u00e1c s\u0129 \u0110\u1eb7ng Nh\u1eadt Quang - Premier Dental<\/title>\n<meta name=\"robots\" content=\"index, follow, max-snippet:-1, max-image-preview:large, max-video-preview:-1\" \/>\n<link rel=\"canonical\" href=\"https:\/\/premierdental.vn\/en\/bac-si-dang-nhat-quang\/\" \/>\n<meta property=\"og:locale\" content=\"en_US\" \/>\n<meta property=\"og:type\" content=\"article\" \/>\n<meta property=\"og:title\" content=\"B\u00e1c s\u0129 \u0110\u1eb7ng Nh\u1eadt Quang - Premier Dental\" \/>\n<meta property=\"og:description\" content=\"B\u00e1c s\u0129 R\u0103ng H\u00e0m M\u1eb7t, \u0110\u1ea1i H\u1ecdc Y D\u01b0\u1ee3c TP. HCM, 2016, Ch\u1ee9ng ch\u1ec9: + M\u1eb7t d\u00e1n s\u1ee9 c\u01a1 b\u1ea3n, THL Academy, th\u00e1ng 6\/2021 + R\u1ed1i lo\u1ea1n kh\u1edbp th\u00e1i d\u01b0\u01a1ng h\u00e0m, THL Academy, th\u00e1ng 7\/2021 + Ph\u1ee5c h\u00ecnh tr\u00ean implant t\u1eeb A- Z, THL Academy, th\u00e1ng 7\/2021 + C\u1eafn kh\u1edbp \u1ee9ng d\u1ee5ng trong \u0111i\u1ec1u tr\u1ecb [&hellip;]\" \/>\n<meta property=\"og:url\" content=\"https:\/\/premierdental.vn\/en\/bac-si-dang-nhat-quang\/\" \/>\n<meta property=\"og:site_name\" content=\"Premier Dental\" \/>\n<meta property=\"article:modified_time\" content=\"2024-11-20T15:41:23+00:00\" \/>\n<meta property=\"og:image\" content=\"https:\/\/premierdental.vn\/wp-content\/uploads\/2024\/10\/13BS_QUANG.jpg\" \/>\n\t<meta property=\"og:image:width\" content=\"450\" \/>\n\t<meta property=\"og:image:height\" content=\"352\" \/>\n\t<meta property=\"og:image:type\" content=\"image\/jpeg\" \/>\n<meta name=\"twitter:card\" content=\"summary_large_image\" \/>\n<meta name=\"twitter:label1\" content=\"Est. reading time\" \/>\n\t<meta name=\"twitter:data1\" content=\"2 minutes\" \/>\n<script type=\"application\/ld+json\" class=\"yoast-schema-graph\">{\"@context\":\"https:\/\/schema.org\",\"@graph\":[{\"@type\":\"WebPage\",\"@id\":\"https:\/\/premierdental.vn\/bac-si-dang-nhat-quang\/\",\"url\":\"https:\/\/premierdental.vn\/bac-si-dang-nhat-quang\/\",\"name\":\"B\u00e1c s\u0129 \u0110\u1eb7ng Nh\u1eadt Quang - Premier Dental\",\"isPartOf\":{\"@id\":\"https:\/\/premierdental.vn\/#website\"},\"primaryImageOfPage\":{\"@id\":\"https:\/\/premierdental.vn\/bac-si-dang-nhat-quang\/#primaryimage\"},\"image\":{\"@id\":\"https:\/\/premierdental.vn\/bac-si-dang-nhat-quang\/#primaryimage\"},\"thumbnailUrl\":\"https:\/\/premierdental.vn\/wp-content\/uploads\/2024\/10\/13BS_QUANG.jpg\",\"datePublished\":\"2024-10-13T15:56:12+00:00\",\"dateModified\":\"2024-11-20T15:41:23+00:00\",\"inLanguage\":\"en-US\",\"potentialAction\":[{\"@type\":\"ReadAction\",\"target\":[\"https:\/\/premierdental.vn\/bac-si-dang-nhat-quang\/\"]}]},{\"@type\":\"ImageObject\",\"inLanguage\":\"en-US\",\"@id\":\"https:\/\/premierdental.vn\/bac-si-dang-nhat-quang\/#primaryimage\",\"url\":\"https:\/\/premierdental.vn\/wp-content\/uploads\/2024\/10\/13BS_QUANG.jpg\",\"contentUrl\":\"https:\/\/premierdental.vn\/wp-content\/uploads\/2024\/10\/13BS_QUANG.jpg\",\"width\":450,\"height\":352},{\"@type\":\"WebSite\",\"@id\":\"https:\/\/premierdental.vn\/#website\",\"url\":\"https:\/\/premierdental.vn\/\",\"name\":\"Premier Dental\",\"description\":\"Premier Dental\",\"potentialAction\":[{\"@type\":\"SearchAction\",\"target\":{\"@type\":\"EntryPoint\",\"urlTemplate\":\"https:\/\/premierdental.vn\/?s={search_term_string}\"},\"query-input\":{\"@type\":\"PropertyValueSpecification\",\"valueRequired\":true,\"valueName\":\"search_term_string\"}}],\"inLanguage\":\"en-US\"}]}<\/script>\n<!-- \/ Yoast SEO plugin. -->","yoast_head_json":{"title":"B\u00e1c s\u0129 \u0110\u1eb7ng Nh\u1eadt Quang - Premier Dental","robots":{"index":"index","follow":"follow","max-snippet":"max-snippet:-1","max-image-preview":"max-image-preview:large","max-video-preview":"max-video-preview:-1"},"canonical":"https:\/\/premierdental.vn\/en\/bac-si-dang-nhat-quang\/","og_locale":"en_US","og_type":"article","og_title":"B\u00e1c s\u0129 \u0110\u1eb7ng Nh\u1eadt Quang - Premier Dental","og_description":"B\u00e1c s\u0129 R\u0103ng H\u00e0m M\u1eb7t, \u0110\u1ea1i H\u1ecdc Y D\u01b0\u1ee3c TP. HCM, 2016, Ch\u1ee9ng ch\u1ec9: + M\u1eb7t d\u00e1n s\u1ee9 c\u01a1 b\u1ea3n, THL Academy, th\u00e1ng 6\/2021 + R\u1ed1i lo\u1ea1n kh\u1edbp th\u00e1i d\u01b0\u01a1ng h\u00e0m, THL Academy, th\u00e1ng 7\/2021 + Ph\u1ee5c h\u00ecnh tr\u00ean implant t\u1eeb A- Z, THL Academy, th\u00e1ng 7\/2021 + C\u1eafn kh\u1edbp \u1ee9ng d\u1ee5ng trong \u0111i\u1ec1u tr\u1ecb [&hellip;]","og_url":"https:\/\/premierdental.vn\/en\/bac-si-dang-nhat-quang\/","og_site_name":"Premier Dental","article_modified_time":"2024-11-20T15:41:23+00:00","og_image":[{"width":450,"height":352,"url":"https:\/\/premierdental.vn\/wp-content\/uploads\/2024\/10\/13BS_QUANG.jpg","type":"image\/jpeg"}],"twitter_card":"summary_large_image","twitter_misc":{"Est. reading time":"2 minutes"},"schema":{"@context":"https:\/\/schema.org","@graph":[{"@type":"WebPage","@id":"https:\/\/premierdental.vn\/bac-si-dang-nhat-quang\/","url":"https:\/\/premierdental.vn\/bac-si-dang-nhat-quang\/","name":"B\u00e1c s\u0129 \u0110\u1eb7ng Nh\u1eadt Quang - Premier Dental","isPartOf":{"@id":"https:\/\/premierdental.vn\/#website"},"primaryImageOfPage":{"@id":"https:\/\/premierdental.vn\/bac-si-dang-nhat-quang\/#primaryimage"},"image":{"@id":"https:\/\/premierdental.vn\/bac-si-dang-nhat-quang\/#primaryimage"},"thumbnailUrl":"https:\/\/premierdental.vn\/wp-content\/uploads\/2024\/10\/13BS_QUANG.jpg","datePublished":"2024-10-13T15:56:12+00:00","dateModified":"2024-11-20T15:41:23+00:00","inLanguage":"en-US","potentialAction":[{"@type":"ReadAction","target":["https:\/\/premierdental.vn\/bac-si-dang-nhat-quang\/"]}]},{"@type":"ImageObject","inLanguage":"en-US","@id":"https:\/\/premierdental.vn\/bac-si-dang-nhat-quang\/#primaryimage","url":"https:\/\/premierdental.vn\/wp-content\/uploads\/2024\/10\/13BS_QUANG.jpg","contentUrl":"https:\/\/premierdental.vn\/wp-content\/uploads\/2024\/10\/13BS_QUANG.jpg","width":450,"height":352},{"@type":"WebSite","@id":"https:\/\/premierdental.vn\/#website","url":"https:\/\/premierdental.vn\/","name":"Premier Dental","description":"Premier Dental","potentialAction":[{"@type":"SearchAction","target":{"@type":"EntryPoint","urlTemplate":"https:\/\/premierdental.vn\/?s={search_term_string}"},"query-input":{"@type":"PropertyValueSpecification","valueRequired":true,"valueName":"search_term_string"}}],"inLanguage":"en-US"}]}},"_links":{"self":[{"href":"https:\/\/premierdental.vn\/en\/wp-json\/wp\/v2\/pages\/8129","targetHints":{"allow":["GET"]}}],"collection":[{"href":"https:\/\/premierdental.vn\/en\/wp-json\/wp\/v2\/pages"}],"about":[{"href":"https:\/\/premierdental.vn\/en\/wp-json\/wp\/v2\/types\/page"}],"author":[{"embeddable":true,"href":"https:\/\/premierdental.vn\/en\/wp-json\/wp\/v2\/users\/1"}],"replies":[{"embeddable":true,"href":"https:\/\/premierdental.vn\/en\/wp-json\/wp\/v2\/comments?post=8129"}],"version-history":[{"count":2,"href":"https:\/\/premierdental.vn\/en\/wp-json\/wp\/v2\/pages\/8129\/revisions"}],"predecessor-version":[{"id":8304,"href":"https:\/\/premierdental.vn\/en\/wp-json\/wp\/v2\/pages\/8129\/revisions\/8304"}],"wp:featuredmedia":[{"embeddable":true,"href":"https:\/\/premierdental.vn\/en\/wp-json\/wp\/v2\/media\/8130"}],"wp:attachment":[{"href":"https:\/\/premierdental.vn\/en\/wp-json\/wp\/v2\/media?parent=8129"}],"curies":[{"name":"wp","href":"https:\/\/api.w.org\/{rel}","templated":true}]}}