{"id":8125,"date":"2024-10-13T22:52:32","date_gmt":"2024-10-13T15:52:32","guid":{"rendered":"https:\/\/premierdental.vn\/?page_id=8125"},"modified":"2026-02-25T15:36:24","modified_gmt":"2026-02-25T08:36:24","slug":"bac-si-nguyen-minh-quan","status":"publish","type":"page","link":"https:\/\/premierdental.vn\/en\/bac-si-nguyen-minh-quan\/","title":{"rendered":"Dr. Wilson Nguyen"},"content":{"rendered":"<ul> <li>Doctor of Dental Surgery, University of Medicine and Pharmacy, Ho Chi Minh City. K2008-2014<\/li> <li>Certificates:<br \/> + Certificate of Implant Surgery - Faculty of Hanoi Odonto-Stomatology, 2019<br \/> + Certificate of Digital Implant Surgery, Dio Implant Center, Seoul, 2019<\/li> <li>L\u0129nh v\u1ef1c chuy\u00ean m\u00f4n\/h\u00e0nh ngh\u1ec1 nha khoa hi\u1ec7n t\u1ea1i: 10 n\u0103m trong ng\u00e0nh Nha chu &#8211; Implant &#8211; Ph\u1ee5c h\u00ecnh<\/li> <li>Professional Philosophy: Patient-centered<\/li> <\/ul> <p><strong>H\u00ecnh \u1ea3nh Ch\u1ee9ng ch\u1ec9 v\u00e0 B\u1eb1ng c\u1ea5p:<\/strong><\/p> <p><img fetchpriority=\"high\" decoding=\"async\" class=\"alignnone size-full wp-image-8301\" src=\"https:\/\/premierdental.vn\/wp-content\/uploads\/2024\/11\/12.-BS-Nguyen-Minh-Quan.jpg\" alt=\"\" width=\"1262\" height=\"1638\" srcset=\"https:\/\/premierdental.vn\/wp-content\/uploads\/2024\/11\/12.-BS-Nguyen-Minh-Quan.jpg 1262w, https:\/\/premierdental.vn\/wp-content\/uploads\/2024\/11\/12.-BS-Nguyen-Minh-Quan-231x300.jpg 231w, https:\/\/premierdental.vn\/wp-content\/uploads\/2024\/11\/12.-BS-Nguyen-Minh-Quan-789x1024.jpg 789w, https:\/\/premierdental.vn\/wp-content\/uploads\/2024\/11\/12.-BS-Nguyen-Minh-Quan-768x997.jpg 768w, https:\/\/premierdental.vn\/wp-content\/uploads\/2024\/11\/12.-BS-Nguyen-Minh-Quan-1183x1536.jpg 1183w, https:\/\/premierdental.vn\/wp-content\/uploads\/2024\/11\/12.-BS-Nguyen-Minh-Quan-9x12.jpg 9w\" sizes=\"(max-width: 1262px) 100vw, 1262px\" \/><\/p>","protected":false},"excerpt":{"rendered":"<p>B\u00e1c s\u0129 R\u0103ng H\u00e0m M\u1eb7t &#8211; \u0110\u1ea1i h\u1ecdc Y D\u01b0\u1ee3c Th\u00e0nh ph\u1ed1 H\u1ed3 Ch\u00ed Minh (2008-2014) Ch\u1ee9ng ch\u1ec9: + Ch\u1ee9ng ch\u1ec9 Ph\u1eabu thu\u1eadt implant \u2013 Vi\u1ec7n \u0110\u00e0o t\u1ea1o RHM H\u00e0 N\u1ed9i, 2019 + Ch\u1ee9ng ch\u1ec9 Ph\u1eabu thu\u1eadt implant k\u1ef9 thu\u1eadt s\u1ed1 \u2013 Dio Implant Center, Seoul, 2019 L\u0129nh v\u1ef1c chuy\u00ean m\u00f4n\/h\u00e0nh ngh\u1ec1 nha khoa hi\u1ec7n [&hellip;]<\/p>","protected":false},"author":1,"featured_media":8126,"parent":0,"menu_order":0,"comment_status":"closed","ping_status":"closed","template":"template\/doctor.php","meta":{"footnotes":""},"class_list":["post-8125","page","type-page","status-publish","has-post-thumbnail","hentry"],"acf":[],"yoast_head":"<!-- This site is optimized with the Yoast SEO plugin v26.9 - https:\/\/yoast.com\/product\/yoast-seo-wordpress\/ -->\n<title>B\u00e1c s\u0129 Nguy\u1ec5n Minh Qu\u00e2n - Premier Dental<\/title>\n<meta name=\"robots\" content=\"index, follow, max-snippet:-1, max-image-preview:large, max-video-preview:-1\" \/>\n<link rel=\"canonical\" href=\"https:\/\/premierdental.vn\/en\/bac-si-nguyen-minh-quan\/\" \/>\n<meta property=\"og:locale\" content=\"en_US\" \/>\n<meta property=\"og:type\" content=\"article\" \/>\n<meta property=\"og:title\" content=\"B\u00e1c s\u0129 Nguy\u1ec5n Minh Qu\u00e2n - Premier Dental\" \/>\n<meta property=\"og:description\" content=\"B\u00e1c s\u0129 R\u0103ng H\u00e0m M\u1eb7t &#8211; \u0110\u1ea1i h\u1ecdc Y D\u01b0\u1ee3c Th\u00e0nh ph\u1ed1 H\u1ed3 Ch\u00ed Minh (2008-2014) Ch\u1ee9ng ch\u1ec9: + Ch\u1ee9ng ch\u1ec9 Ph\u1eabu thu\u1eadt implant \u2013 Vi\u1ec7n \u0110\u00e0o t\u1ea1o RHM H\u00e0 N\u1ed9i, 2019 + Ch\u1ee9ng ch\u1ec9 Ph\u1eabu thu\u1eadt implant k\u1ef9 thu\u1eadt s\u1ed1 \u2013 Dio Implant Center, Seoul, 2019 L\u0129nh v\u1ef1c chuy\u00ean m\u00f4n\/h\u00e0nh ngh\u1ec1 nha khoa hi\u1ec7n [&hellip;]\" \/>\n<meta property=\"og:url\" content=\"https:\/\/premierdental.vn\/en\/bac-si-nguyen-minh-quan\/\" \/>\n<meta property=\"og:site_name\" content=\"Premier Dental\" \/>\n<meta property=\"article:modified_time\" content=\"2026-02-25T08:36:24+00:00\" \/>\n<meta property=\"og:image\" content=\"https:\/\/premierdental.vn\/wp-content\/uploads\/2024\/10\/12BS_-QUAN.jpg\" \/>\n\t<meta property=\"og:image:width\" content=\"450\" \/>\n\t<meta property=\"og:image:height\" content=\"352\" \/>\n\t<meta property=\"og:image:type\" content=\"image\/jpeg\" \/>\n<meta name=\"twitter:card\" content=\"summary_large_image\" \/>\n<meta name=\"twitter:label1\" content=\"Est. reading time\" \/>\n\t<meta name=\"twitter:data1\" content=\"1 minute\" \/>\n<script type=\"application\/ld+json\" class=\"yoast-schema-graph\">{\"@context\":\"https:\/\/schema.org\",\"@graph\":[{\"@type\":\"WebPage\",\"@id\":\"https:\/\/premierdental.vn\/bac-si-nguyen-minh-quan\/\",\"url\":\"https:\/\/premierdental.vn\/bac-si-nguyen-minh-quan\/\",\"name\":\"B\u00e1c s\u0129 Nguy\u1ec5n Minh Qu\u00e2n - Premier Dental\",\"isPartOf\":{\"@id\":\"https:\/\/premierdental.vn\/#website\"},\"primaryImageOfPage\":{\"@id\":\"https:\/\/premierdental.vn\/bac-si-nguyen-minh-quan\/#primaryimage\"},\"image\":{\"@id\":\"https:\/\/premierdental.vn\/bac-si-nguyen-minh-quan\/#primaryimage\"},\"thumbnailUrl\":\"https:\/\/premierdental.vn\/wp-content\/uploads\/2024\/10\/12BS_-QUAN.jpg\",\"datePublished\":\"2024-10-13T15:52:32+00:00\",\"dateModified\":\"2026-02-25T08:36:24+00:00\",\"inLanguage\":\"en-US\",\"potentialAction\":[{\"@type\":\"ReadAction\",\"target\":[\"https:\/\/premierdental.vn\/bac-si-nguyen-minh-quan\/\"]}]},{\"@type\":\"ImageObject\",\"inLanguage\":\"en-US\",\"@id\":\"https:\/\/premierdental.vn\/bac-si-nguyen-minh-quan\/#primaryimage\",\"url\":\"https:\/\/premierdental.vn\/wp-content\/uploads\/2024\/10\/12BS_-QUAN.jpg\",\"contentUrl\":\"https:\/\/premierdental.vn\/wp-content\/uploads\/2024\/10\/12BS_-QUAN.jpg\",\"width\":450,\"height\":352},{\"@type\":\"WebSite\",\"@id\":\"https:\/\/premierdental.vn\/#website\",\"url\":\"https:\/\/premierdental.vn\/\",\"name\":\"Premier Dental\",\"description\":\"Premier Dental\",\"potentialAction\":[{\"@type\":\"SearchAction\",\"target\":{\"@type\":\"EntryPoint\",\"urlTemplate\":\"https:\/\/premierdental.vn\/?s={search_term_string}\"},\"query-input\":{\"@type\":\"PropertyValueSpecification\",\"valueRequired\":true,\"valueName\":\"search_term_string\"}}],\"inLanguage\":\"en-US\"}]}<\/script>\n<!-- \/ Yoast SEO plugin. -->","yoast_head_json":{"title":"B\u00e1c s\u0129 Nguy\u1ec5n Minh Qu\u00e2n - Premier Dental","robots":{"index":"index","follow":"follow","max-snippet":"max-snippet:-1","max-image-preview":"max-image-preview:large","max-video-preview":"max-video-preview:-1"},"canonical":"https:\/\/premierdental.vn\/en\/bac-si-nguyen-minh-quan\/","og_locale":"en_US","og_type":"article","og_title":"B\u00e1c s\u0129 Nguy\u1ec5n Minh Qu\u00e2n - Premier Dental","og_description":"B\u00e1c s\u0129 R\u0103ng H\u00e0m M\u1eb7t &#8211; \u0110\u1ea1i h\u1ecdc Y D\u01b0\u1ee3c Th\u00e0nh ph\u1ed1 H\u1ed3 Ch\u00ed Minh (2008-2014) Ch\u1ee9ng ch\u1ec9: + Ch\u1ee9ng ch\u1ec9 Ph\u1eabu thu\u1eadt implant \u2013 Vi\u1ec7n \u0110\u00e0o t\u1ea1o RHM H\u00e0 N\u1ed9i, 2019 + Ch\u1ee9ng ch\u1ec9 Ph\u1eabu thu\u1eadt implant k\u1ef9 thu\u1eadt s\u1ed1 \u2013 Dio Implant Center, Seoul, 2019 L\u0129nh v\u1ef1c chuy\u00ean m\u00f4n\/h\u00e0nh ngh\u1ec1 nha khoa hi\u1ec7n [&hellip;]","og_url":"https:\/\/premierdental.vn\/en\/bac-si-nguyen-minh-quan\/","og_site_name":"Premier Dental","article_modified_time":"2026-02-25T08:36:24+00:00","og_image":[{"width":450,"height":352,"url":"https:\/\/premierdental.vn\/wp-content\/uploads\/2024\/10\/12BS_-QUAN.jpg","type":"image\/jpeg"}],"twitter_card":"summary_large_image","twitter_misc":{"Est. reading time":"1 minute"},"schema":{"@context":"https:\/\/schema.org","@graph":[{"@type":"WebPage","@id":"https:\/\/premierdental.vn\/bac-si-nguyen-minh-quan\/","url":"https:\/\/premierdental.vn\/bac-si-nguyen-minh-quan\/","name":"B\u00e1c s\u0129 Nguy\u1ec5n Minh Qu\u00e2n - Premier Dental","isPartOf":{"@id":"https:\/\/premierdental.vn\/#website"},"primaryImageOfPage":{"@id":"https:\/\/premierdental.vn\/bac-si-nguyen-minh-quan\/#primaryimage"},"image":{"@id":"https:\/\/premierdental.vn\/bac-si-nguyen-minh-quan\/#primaryimage"},"thumbnailUrl":"https:\/\/premierdental.vn\/wp-content\/uploads\/2024\/10\/12BS_-QUAN.jpg","datePublished":"2024-10-13T15:52:32+00:00","dateModified":"2026-02-25T08:36:24+00:00","inLanguage":"en-US","potentialAction":[{"@type":"ReadAction","target":["https:\/\/premierdental.vn\/bac-si-nguyen-minh-quan\/"]}]},{"@type":"ImageObject","inLanguage":"en-US","@id":"https:\/\/premierdental.vn\/bac-si-nguyen-minh-quan\/#primaryimage","url":"https:\/\/premierdental.vn\/wp-content\/uploads\/2024\/10\/12BS_-QUAN.jpg","contentUrl":"https:\/\/premierdental.vn\/wp-content\/uploads\/2024\/10\/12BS_-QUAN.jpg","width":450,"height":352},{"@type":"WebSite","@id":"https:\/\/premierdental.vn\/#website","url":"https:\/\/premierdental.vn\/","name":"Premier Dental","description":"Premier Dental","potentialAction":[{"@type":"SearchAction","target":{"@type":"EntryPoint","urlTemplate":"https:\/\/premierdental.vn\/?s={search_term_string}"},"query-input":{"@type":"PropertyValueSpecification","valueRequired":true,"valueName":"search_term_string"}}],"inLanguage":"en-US"}]}},"_links":{"self":[{"href":"https:\/\/premierdental.vn\/en\/wp-json\/wp\/v2\/pages\/8125","targetHints":{"allow":["GET"]}}],"collection":[{"href":"https:\/\/premierdental.vn\/en\/wp-json\/wp\/v2\/pages"}],"about":[{"href":"https:\/\/premierdental.vn\/en\/wp-json\/wp\/v2\/types\/page"}],"author":[{"embeddable":true,"href":"https:\/\/premierdental.vn\/en\/wp-json\/wp\/v2\/users\/1"}],"replies":[{"embeddable":true,"href":"https:\/\/premierdental.vn\/en\/wp-json\/wp\/v2\/comments?post=8125"}],"version-history":[{"count":4,"href":"https:\/\/premierdental.vn\/en\/wp-json\/wp\/v2\/pages\/8125\/revisions"}],"predecessor-version":[{"id":10175,"href":"https:\/\/premierdental.vn\/en\/wp-json\/wp\/v2\/pages\/8125\/revisions\/10175"}],"wp:featuredmedia":[{"embeddable":true,"href":"https:\/\/premierdental.vn\/en\/wp-json\/wp\/v2\/media\/8126"}],"wp:attachment":[{"href":"https:\/\/premierdental.vn\/en\/wp-json\/wp\/v2\/media?parent=8125"}],"curies":[{"name":"wp","href":"https:\/\/api.w.org\/{rel}","templated":true}]}}