{"id":8117,"date":"2024-10-13T22:43:54","date_gmt":"2024-10-13T15:43:54","guid":{"rendered":"https:\/\/premierdental.vn\/?page_id=8117"},"modified":"2024-11-20T22:39:17","modified_gmt":"2024-11-20T15:39:17","slug":"bac-si-tran-nguyen-ngoc-que","status":"publish","type":"page","link":"https:\/\/premierdental.vn\/en\/bac-si-tran-nguyen-ngoc-que\/","title":{"rendered":"Dr. Katie Tran"},"content":{"rendered":"<ul> <li>Dental Degree: Doctor of Dental Surgery \u2013 University of Medicine and Pharmacy, Ho Chi Minh City (2011)<\/li> <li>Other diplomas\/degrees (graduate): First degree specialist \u2013 Pediatric, University of  Medicine and Pharmacy, Ho Chi Minh City (2018)<\/li> <li>Certificates:<br \/> + Certificate: Orthodontics \u2013 National Hospital of Odonto-Stomatology, Ho Chi Minh City (2018)<br \/> + Certificate: Periodontal surgery \u2013 University of Medicine and Pharmacy, Ho Chi Minh City (2019\n+ Certificate: Invisalign Provider (2020)<\/li> <li>Current areas of dental expertise\/practice: Pediatric, General dentistry<\/li> <li>Outstanding achievements\/Work experience: \n<br>\n+ Pediatric Doctor \u2013 National Hospital of Odonto-Stomatology, Ho Chi Minh City (2011-2023)\n<br>\n+ Pediatric Doctor at Premier Dental (2023 \u2013 present)<\/li> <li>Special dental clinical interest for future development: Pediatric - Orthodontic<\/li> <\/ul> <p><strong>H\u00ecnh \u1ea3nh Ch\u1ee9ng ch\u1ec9 v\u00e0 B\u1eb1ng c\u1ea5p:<\/strong><\/p> <p><img fetchpriority=\"high\" decoding=\"async\" class=\"alignnone size-full wp-image-8299\" src=\"https:\/\/premierdental.vn\/wp-content\/uploads\/2024\/11\/11.-BS-Tran-Nguyen-Ngoc-Que.jpg\" alt=\"\" width=\"1205\" height=\"1718\" srcset=\"https:\/\/premierdental.vn\/wp-content\/uploads\/2024\/11\/11.-BS-Tran-Nguyen-Ngoc-Que.jpg 1205w, https:\/\/premierdental.vn\/wp-content\/uploads\/2024\/11\/11.-BS-Tran-Nguyen-Ngoc-Que-210x300.jpg 210w, https:\/\/premierdental.vn\/wp-content\/uploads\/2024\/11\/11.-BS-Tran-Nguyen-Ngoc-Que-718x1024.jpg 718w, https:\/\/premierdental.vn\/wp-content\/uploads\/2024\/11\/11.-BS-Tran-Nguyen-Ngoc-Que-768x1095.jpg 768w, https:\/\/premierdental.vn\/wp-content\/uploads\/2024\/11\/11.-BS-Tran-Nguyen-Ngoc-Que-1077x1536.jpg 1077w, https:\/\/premierdental.vn\/wp-content\/uploads\/2024\/11\/11.-BS-Tran-Nguyen-Ngoc-Que-8x12.jpg 8w\" sizes=\"(max-width: 1205px) 100vw, 1205px\" \/><\/p>","protected":false},"excerpt":{"rendered":"<p>B\u1eb1ng c\u1ea5p Nha khoa: \u0110\u1ea1i h\u1ecdc Y d\u01b0\u1ee3c TP.HCM, b\u00e1c s\u0129 ch\u00ednh qui, n\u0103m 2011 C\u00e1c v\u0103n b\u1eb1ng\/ b\u1eb1ng c\u1ea5p kh\u00e1c (sau \u0110\u1ea1i h\u1ecdc): \u0110\u1ea1i h\u1ecdc Y d\u01b0\u1ee3c TP.HCM, b\u00e1c s\u0129 CK1, n\u0103m 2018 Ch\u1ee9ng ch\u1ec9: + Ch\u1ec9nh nha c\u01a1 b\u1ea3n &#8211; BV RHMTW TP.HCM 2018 + Ph\u1eabu thu\u1eadt nha chu c\u01a1 b\u1ea3n &#8211; \u0110H [&hellip;]<\/p>","protected":false},"author":1,"featured_media":8154,"parent":0,"menu_order":0,"comment_status":"closed","ping_status":"closed","template":"template\/doctor.php","meta":{"footnotes":""},"class_list":["post-8117","page","type-page","status-publish","has-post-thumbnail","hentry"],"acf":[],"yoast_head":"<!-- This site is optimized with the Yoast SEO plugin v26.9 - https:\/\/yoast.com\/product\/yoast-seo-wordpress\/ -->\n<title>B\u00e1c s\u0129 Tr\u1ea7n Nguy\u1ec5n Ng\u1ecdc Qu\u1ebf - Premier Dental<\/title>\n<meta name=\"robots\" content=\"index, follow, max-snippet:-1, max-image-preview:large, max-video-preview:-1\" \/>\n<link rel=\"canonical\" href=\"https:\/\/premierdental.vn\/en\/bac-si-tran-nguyen-ngoc-que\/\" \/>\n<meta property=\"og:locale\" content=\"en_US\" \/>\n<meta property=\"og:type\" content=\"article\" \/>\n<meta property=\"og:title\" content=\"B\u00e1c s\u0129 Tr\u1ea7n Nguy\u1ec5n Ng\u1ecdc Qu\u1ebf - Premier Dental\" \/>\n<meta property=\"og:description\" content=\"B\u1eb1ng c\u1ea5p Nha khoa: \u0110\u1ea1i h\u1ecdc Y d\u01b0\u1ee3c TP.HCM, b\u00e1c s\u0129 ch\u00ednh qui, n\u0103m 2011 C\u00e1c v\u0103n b\u1eb1ng\/ b\u1eb1ng c\u1ea5p kh\u00e1c (sau \u0110\u1ea1i h\u1ecdc): \u0110\u1ea1i h\u1ecdc Y d\u01b0\u1ee3c TP.HCM, b\u00e1c s\u0129 CK1, n\u0103m 2018 Ch\u1ee9ng ch\u1ec9: + Ch\u1ec9nh nha c\u01a1 b\u1ea3n &#8211; BV RHMTW TP.HCM 2018 + Ph\u1eabu thu\u1eadt nha chu c\u01a1 b\u1ea3n &#8211; \u0110H [&hellip;]\" \/>\n<meta property=\"og:url\" content=\"https:\/\/premierdental.vn\/en\/bac-si-tran-nguyen-ngoc-que\/\" \/>\n<meta property=\"og:site_name\" content=\"Premier Dental\" \/>\n<meta property=\"article:modified_time\" content=\"2024-11-20T15:39:17+00:00\" \/>\n<meta property=\"og:image\" content=\"https:\/\/premierdental.vn\/wp-content\/uploads\/2024\/10\/4-BS_-QUE.png\" \/>\n\t<meta property=\"og:image:width\" content=\"1080\" \/>\n\t<meta property=\"og:image:height\" content=\"1080\" \/>\n\t<meta property=\"og:image:type\" content=\"image\/png\" \/>\n<meta name=\"twitter:card\" content=\"summary_large_image\" \/>\n<meta name=\"twitter:label1\" content=\"Est. reading time\" \/>\n\t<meta name=\"twitter:data1\" content=\"1 minute\" \/>\n<script type=\"application\/ld+json\" class=\"yoast-schema-graph\">{\"@context\":\"https:\/\/schema.org\",\"@graph\":[{\"@type\":\"WebPage\",\"@id\":\"https:\/\/premierdental.vn\/bac-si-tran-nguyen-ngoc-que\/\",\"url\":\"https:\/\/premierdental.vn\/bac-si-tran-nguyen-ngoc-que\/\",\"name\":\"B\u00e1c s\u0129 Tr\u1ea7n Nguy\u1ec5n Ng\u1ecdc Qu\u1ebf - Premier Dental\",\"isPartOf\":{\"@id\":\"https:\/\/premierdental.vn\/#website\"},\"primaryImageOfPage\":{\"@id\":\"https:\/\/premierdental.vn\/bac-si-tran-nguyen-ngoc-que\/#primaryimage\"},\"image\":{\"@id\":\"https:\/\/premierdental.vn\/bac-si-tran-nguyen-ngoc-que\/#primaryimage\"},\"thumbnailUrl\":\"https:\/\/premierdental.vn\/wp-content\/uploads\/2024\/10\/4-BS_-QUE.png\",\"datePublished\":\"2024-10-13T15:43:54+00:00\",\"dateModified\":\"2024-11-20T15:39:17+00:00\",\"inLanguage\":\"en-US\",\"potentialAction\":[{\"@type\":\"ReadAction\",\"target\":[\"https:\/\/premierdental.vn\/bac-si-tran-nguyen-ngoc-que\/\"]}]},{\"@type\":\"ImageObject\",\"inLanguage\":\"en-US\",\"@id\":\"https:\/\/premierdental.vn\/bac-si-tran-nguyen-ngoc-que\/#primaryimage\",\"url\":\"https:\/\/premierdental.vn\/wp-content\/uploads\/2024\/10\/4-BS_-QUE.png\",\"contentUrl\":\"https:\/\/premierdental.vn\/wp-content\/uploads\/2024\/10\/4-BS_-QUE.png\",\"width\":1080,\"height\":1080},{\"@type\":\"WebSite\",\"@id\":\"https:\/\/premierdental.vn\/#website\",\"url\":\"https:\/\/premierdental.vn\/\",\"name\":\"Premier Dental\",\"description\":\"Premier Dental\",\"potentialAction\":[{\"@type\":\"SearchAction\",\"target\":{\"@type\":\"EntryPoint\",\"urlTemplate\":\"https:\/\/premierdental.vn\/?s={search_term_string}\"},\"query-input\":{\"@type\":\"PropertyValueSpecification\",\"valueRequired\":true,\"valueName\":\"search_term_string\"}}],\"inLanguage\":\"en-US\"}]}<\/script>\n<!-- \/ Yoast SEO plugin. -->","yoast_head_json":{"title":"B\u00e1c s\u0129 Tr\u1ea7n Nguy\u1ec5n Ng\u1ecdc Qu\u1ebf - Premier Dental","robots":{"index":"index","follow":"follow","max-snippet":"max-snippet:-1","max-image-preview":"max-image-preview:large","max-video-preview":"max-video-preview:-1"},"canonical":"https:\/\/premierdental.vn\/en\/bac-si-tran-nguyen-ngoc-que\/","og_locale":"en_US","og_type":"article","og_title":"B\u00e1c s\u0129 Tr\u1ea7n Nguy\u1ec5n Ng\u1ecdc Qu\u1ebf - Premier Dental","og_description":"B\u1eb1ng c\u1ea5p Nha khoa: \u0110\u1ea1i h\u1ecdc Y d\u01b0\u1ee3c TP.HCM, b\u00e1c s\u0129 ch\u00ednh qui, n\u0103m 2011 C\u00e1c v\u0103n b\u1eb1ng\/ b\u1eb1ng c\u1ea5p kh\u00e1c (sau \u0110\u1ea1i h\u1ecdc): \u0110\u1ea1i h\u1ecdc Y d\u01b0\u1ee3c TP.HCM, b\u00e1c s\u0129 CK1, n\u0103m 2018 Ch\u1ee9ng ch\u1ec9: + Ch\u1ec9nh nha c\u01a1 b\u1ea3n &#8211; BV RHMTW TP.HCM 2018 + Ph\u1eabu thu\u1eadt nha chu c\u01a1 b\u1ea3n &#8211; \u0110H [&hellip;]","og_url":"https:\/\/premierdental.vn\/en\/bac-si-tran-nguyen-ngoc-que\/","og_site_name":"Premier Dental","article_modified_time":"2024-11-20T15:39:17+00:00","og_image":[{"width":1080,"height":1080,"url":"https:\/\/premierdental.vn\/wp-content\/uploads\/2024\/10\/4-BS_-QUE.png","type":"image\/png"}],"twitter_card":"summary_large_image","twitter_misc":{"Est. reading time":"1 minute"},"schema":{"@context":"https:\/\/schema.org","@graph":[{"@type":"WebPage","@id":"https:\/\/premierdental.vn\/bac-si-tran-nguyen-ngoc-que\/","url":"https:\/\/premierdental.vn\/bac-si-tran-nguyen-ngoc-que\/","name":"B\u00e1c s\u0129 Tr\u1ea7n Nguy\u1ec5n Ng\u1ecdc Qu\u1ebf - Premier Dental","isPartOf":{"@id":"https:\/\/premierdental.vn\/#website"},"primaryImageOfPage":{"@id":"https:\/\/premierdental.vn\/bac-si-tran-nguyen-ngoc-que\/#primaryimage"},"image":{"@id":"https:\/\/premierdental.vn\/bac-si-tran-nguyen-ngoc-que\/#primaryimage"},"thumbnailUrl":"https:\/\/premierdental.vn\/wp-content\/uploads\/2024\/10\/4-BS_-QUE.png","datePublished":"2024-10-13T15:43:54+00:00","dateModified":"2024-11-20T15:39:17+00:00","inLanguage":"en-US","potentialAction":[{"@type":"ReadAction","target":["https:\/\/premierdental.vn\/bac-si-tran-nguyen-ngoc-que\/"]}]},{"@type":"ImageObject","inLanguage":"en-US","@id":"https:\/\/premierdental.vn\/bac-si-tran-nguyen-ngoc-que\/#primaryimage","url":"https:\/\/premierdental.vn\/wp-content\/uploads\/2024\/10\/4-BS_-QUE.png","contentUrl":"https:\/\/premierdental.vn\/wp-content\/uploads\/2024\/10\/4-BS_-QUE.png","width":1080,"height":1080},{"@type":"WebSite","@id":"https:\/\/premierdental.vn\/#website","url":"https:\/\/premierdental.vn\/","name":"Premier Dental","description":"Premier Dental","potentialAction":[{"@type":"SearchAction","target":{"@type":"EntryPoint","urlTemplate":"https:\/\/premierdental.vn\/?s={search_term_string}"},"query-input":{"@type":"PropertyValueSpecification","valueRequired":true,"valueName":"search_term_string"}}],"inLanguage":"en-US"}]}},"_links":{"self":[{"href":"https:\/\/premierdental.vn\/en\/wp-json\/wp\/v2\/pages\/8117","targetHints":{"allow":["GET"]}}],"collection":[{"href":"https:\/\/premierdental.vn\/en\/wp-json\/wp\/v2\/pages"}],"about":[{"href":"https:\/\/premierdental.vn\/en\/wp-json\/wp\/v2\/types\/page"}],"author":[{"embeddable":true,"href":"https:\/\/premierdental.vn\/en\/wp-json\/wp\/v2\/users\/1"}],"replies":[{"embeddable":true,"href":"https:\/\/premierdental.vn\/en\/wp-json\/wp\/v2\/comments?post=8117"}],"version-history":[{"count":2,"href":"https:\/\/premierdental.vn\/en\/wp-json\/wp\/v2\/pages\/8117\/revisions"}],"predecessor-version":[{"id":8300,"href":"https:\/\/premierdental.vn\/en\/wp-json\/wp\/v2\/pages\/8117\/revisions\/8300"}],"wp:featuredmedia":[{"embeddable":true,"href":"https:\/\/premierdental.vn\/en\/wp-json\/wp\/v2\/media\/8154"}],"wp:attachment":[{"href":"https:\/\/premierdental.vn\/en\/wp-json\/wp\/v2\/media?parent=8117"}],"curies":[{"name":"wp","href":"https:\/\/api.w.org\/{rel}","templated":true}]}}