{"id":5221,"date":"2023-08-16T10:58:04","date_gmt":"2023-08-16T03:58:04","guid":{"rendered":"https:\/\/premierdental.vn\/?page_id=5221"},"modified":"2024-11-20T22:35:13","modified_gmt":"2024-11-20T15:35:13","slug":"bac-si-vo-van-tu-hien","status":"publish","type":"page","link":"https:\/\/premierdental.vn\/en\/bac-si-vo-van-tu-hien\/","title":{"rendered":"Dr. Hien Vo"},"content":{"rendered":"<ul> <li><span style=\"font-weight: 400;\">President of the Ho Chi Minh City Society of Dental Implantology (HSDI).<\/span><\/li> <li><span style=\"font-weight: 400;\">President of International Congress of Oral Implantologist (ICOI) Vietnam.<\/span><\/li> <li><span style=\"font-weight: 400;\">Director of ICOI Vietnam Advanced.<\/span><\/li> <li><span style=\"font-weight: 400;\">Credentialing Commission, appointed by ICOI Asia Pacific Region ICOI Ambassador for Vietnam.<\/span><\/li> <\/ul> <p><strong>H\u00ecnh \u1ea3nh Ch\u1ee9ng ch\u1ec9 v\u00e0 B\u1eb1ng c\u1ea5p:<\/strong><\/p> <p><img fetchpriority=\"high\" decoding=\"async\" class=\"alignnone size-full wp-image-8291\" src=\"https:\/\/premierdental.vn\/wp-content\/uploads\/2024\/11\/8.-BS-Vo-Van-Tu-Hien-scaled.jpg\" alt=\"\" width=\"1794\" height=\"2560\" srcset=\"https:\/\/premierdental.vn\/wp-content\/uploads\/2024\/11\/8.-BS-Vo-Van-Tu-Hien-scaled.jpg 1794w, https:\/\/premierdental.vn\/wp-content\/uploads\/2024\/11\/8.-BS-Vo-Van-Tu-Hien-210x300.jpg 210w, https:\/\/premierdental.vn\/wp-content\/uploads\/2024\/11\/8.-BS-Vo-Van-Tu-Hien-718x1024.jpg 718w, https:\/\/premierdental.vn\/wp-content\/uploads\/2024\/11\/8.-BS-Vo-Van-Tu-Hien-768x1096.jpg 768w, https:\/\/premierdental.vn\/wp-content\/uploads\/2024\/11\/8.-BS-Vo-Van-Tu-Hien-1077x1536.jpg 1077w, https:\/\/premierdental.vn\/wp-content\/uploads\/2024\/11\/8.-BS-Vo-Van-Tu-Hien-1435x2048.jpg 1435w, https:\/\/premierdental.vn\/wp-content\/uploads\/2024\/11\/8.-BS-Vo-Van-Tu-Hien-8x12.jpg 8w\" sizes=\"(max-width: 1794px) 100vw, 1794px\" \/><\/p>","protected":false},"excerpt":{"rendered":"<p>Ch\u1ee7 t\u1ecbch H\u1ed9i C\u1ea5y gh\u00e9p Nha khoa HCM (HSDI). Ch\u1ee7 t\u1ecbch Hi\u1ec7p h\u1ed9i Chuy\u00ean gia Implant Qu\u1ed1c t\u1ebf (ICOI) t\u1ea1i Vi\u1ec7t Nam. Gi\u00e1m \u0111\u1ed1c H\u1ed9i \u0111\u1ed3ng Th\u1ea9m \u0111\u1ecbnh Cao c\u1ea5p (ICOI) Vi\u1ec7t Nam, \u0111\u01b0\u1ee3c b\u1ed5 nhi\u1ec7m b\u1edfi ICOI Khu V\u1ef1c Ch\u00e2u \u00c1 Th\u00e1i B\u00ecnh D\u01b0\u01a1ng. \u0110\u1ea1i s\u1ee9 Hi\u1ec7p h\u1ed9i Chuy\u00ean gia Implant Qu\u1ed1c t\u1ebf (ICOI) [&hellip;]<\/p>","protected":false},"author":2,"featured_media":8162,"parent":0,"menu_order":0,"comment_status":"closed","ping_status":"closed","template":"template\/doctor.php","meta":{"footnotes":""},"class_list":["post-5221","page","type-page","status-publish","has-post-thumbnail","hentry"],"acf":[],"yoast_head":"<!-- This site is optimized with the Yoast SEO plugin v26.9 - https:\/\/yoast.com\/product\/yoast-seo-wordpress\/ -->\n<title>B\u00e1c s\u0129 V\u00f5 V\u0103n T\u1ef1 Hi\u1ebfn - Premier Dental<\/title>\n<meta name=\"robots\" content=\"index, follow, max-snippet:-1, max-image-preview:large, max-video-preview:-1\" \/>\n<link rel=\"canonical\" href=\"https:\/\/premierdental.vn\/en\/bac-si-vo-van-tu-hien\/\" \/>\n<meta property=\"og:locale\" content=\"en_US\" \/>\n<meta property=\"og:type\" content=\"article\" \/>\n<meta property=\"og:title\" content=\"B\u00e1c s\u0129 V\u00f5 V\u0103n T\u1ef1 Hi\u1ebfn - Premier Dental\" \/>\n<meta property=\"og:description\" content=\"Ch\u1ee7 t\u1ecbch H\u1ed9i C\u1ea5y gh\u00e9p Nha khoa HCM (HSDI). Ch\u1ee7 t\u1ecbch Hi\u1ec7p h\u1ed9i Chuy\u00ean gia Implant Qu\u1ed1c t\u1ebf (ICOI) t\u1ea1i Vi\u1ec7t Nam. Gi\u00e1m \u0111\u1ed1c H\u1ed9i \u0111\u1ed3ng Th\u1ea9m \u0111\u1ecbnh Cao c\u1ea5p (ICOI) Vi\u1ec7t Nam, \u0111\u01b0\u1ee3c b\u1ed5 nhi\u1ec7m b\u1edfi ICOI Khu V\u1ef1c Ch\u00e2u \u00c1 Th\u00e1i B\u00ecnh D\u01b0\u01a1ng. \u0110\u1ea1i s\u1ee9 Hi\u1ec7p h\u1ed9i Chuy\u00ean gia Implant Qu\u1ed1c t\u1ebf (ICOI) [&hellip;]\" \/>\n<meta property=\"og:url\" content=\"https:\/\/premierdental.vn\/en\/bac-si-vo-van-tu-hien\/\" \/>\n<meta property=\"og:site_name\" content=\"Premier Dental\" \/>\n<meta property=\"article:modified_time\" content=\"2024-11-20T15:35:13+00:00\" \/>\n<meta property=\"og:image\" content=\"https:\/\/premierdental.vn\/wp-content\/uploads\/2024\/10\/vovantuhien-thump.jpg\" \/>\n\t<meta property=\"og:image:width\" content=\"450\" \/>\n\t<meta property=\"og:image:height\" content=\"352\" \/>\n\t<meta property=\"og:image:type\" content=\"image\/jpeg\" \/>\n<meta name=\"twitter:card\" content=\"summary_large_image\" \/>\n<script type=\"application\/ld+json\" class=\"yoast-schema-graph\">{\"@context\":\"https:\/\/schema.org\",\"@graph\":[{\"@type\":\"WebPage\",\"@id\":\"https:\/\/premierdental.vn\/bac-si-vo-van-tu-hien\/\",\"url\":\"https:\/\/premierdental.vn\/bac-si-vo-van-tu-hien\/\",\"name\":\"B\u00e1c s\u0129 V\u00f5 V\u0103n T\u1ef1 Hi\u1ebfn - Premier Dental\",\"isPartOf\":{\"@id\":\"https:\/\/premierdental.vn\/#website\"},\"primaryImageOfPage\":{\"@id\":\"https:\/\/premierdental.vn\/bac-si-vo-van-tu-hien\/#primaryimage\"},\"image\":{\"@id\":\"https:\/\/premierdental.vn\/bac-si-vo-van-tu-hien\/#primaryimage\"},\"thumbnailUrl\":\"https:\/\/premierdental.vn\/wp-content\/uploads\/2024\/10\/vovantuhien-thump.jpg\",\"datePublished\":\"2023-08-16T03:58:04+00:00\",\"dateModified\":\"2024-11-20T15:35:13+00:00\",\"inLanguage\":\"en-US\",\"potentialAction\":[{\"@type\":\"ReadAction\",\"target\":[\"https:\/\/premierdental.vn\/bac-si-vo-van-tu-hien\/\"]}]},{\"@type\":\"ImageObject\",\"inLanguage\":\"en-US\",\"@id\":\"https:\/\/premierdental.vn\/bac-si-vo-van-tu-hien\/#primaryimage\",\"url\":\"https:\/\/premierdental.vn\/wp-content\/uploads\/2024\/10\/vovantuhien-thump.jpg\",\"contentUrl\":\"https:\/\/premierdental.vn\/wp-content\/uploads\/2024\/10\/vovantuhien-thump.jpg\",\"width\":450,\"height\":352},{\"@type\":\"WebSite\",\"@id\":\"https:\/\/premierdental.vn\/#website\",\"url\":\"https:\/\/premierdental.vn\/\",\"name\":\"Premier Dental\",\"description\":\"Premier Dental\",\"potentialAction\":[{\"@type\":\"SearchAction\",\"target\":{\"@type\":\"EntryPoint\",\"urlTemplate\":\"https:\/\/premierdental.vn\/?s={search_term_string}\"},\"query-input\":{\"@type\":\"PropertyValueSpecification\",\"valueRequired\":true,\"valueName\":\"search_term_string\"}}],\"inLanguage\":\"en-US\"}]}<\/script>\n<!-- \/ Yoast SEO plugin. -->","yoast_head_json":{"title":"B\u00e1c s\u0129 V\u00f5 V\u0103n T\u1ef1 Hi\u1ebfn - Premier Dental","robots":{"index":"index","follow":"follow","max-snippet":"max-snippet:-1","max-image-preview":"max-image-preview:large","max-video-preview":"max-video-preview:-1"},"canonical":"https:\/\/premierdental.vn\/en\/bac-si-vo-van-tu-hien\/","og_locale":"en_US","og_type":"article","og_title":"B\u00e1c s\u0129 V\u00f5 V\u0103n T\u1ef1 Hi\u1ebfn - Premier Dental","og_description":"Ch\u1ee7 t\u1ecbch H\u1ed9i C\u1ea5y gh\u00e9p Nha khoa HCM (HSDI). Ch\u1ee7 t\u1ecbch Hi\u1ec7p h\u1ed9i Chuy\u00ean gia Implant Qu\u1ed1c t\u1ebf (ICOI) t\u1ea1i Vi\u1ec7t Nam. Gi\u00e1m \u0111\u1ed1c H\u1ed9i \u0111\u1ed3ng Th\u1ea9m \u0111\u1ecbnh Cao c\u1ea5p (ICOI) Vi\u1ec7t Nam, \u0111\u01b0\u1ee3c b\u1ed5 nhi\u1ec7m b\u1edfi ICOI Khu V\u1ef1c Ch\u00e2u \u00c1 Th\u00e1i B\u00ecnh D\u01b0\u01a1ng. \u0110\u1ea1i s\u1ee9 Hi\u1ec7p h\u1ed9i Chuy\u00ean gia Implant Qu\u1ed1c t\u1ebf (ICOI) [&hellip;]","og_url":"https:\/\/premierdental.vn\/en\/bac-si-vo-van-tu-hien\/","og_site_name":"Premier Dental","article_modified_time":"2024-11-20T15:35:13+00:00","og_image":[{"width":450,"height":352,"url":"https:\/\/premierdental.vn\/wp-content\/uploads\/2024\/10\/vovantuhien-thump.jpg","type":"image\/jpeg"}],"twitter_card":"summary_large_image","schema":{"@context":"https:\/\/schema.org","@graph":[{"@type":"WebPage","@id":"https:\/\/premierdental.vn\/bac-si-vo-van-tu-hien\/","url":"https:\/\/premierdental.vn\/bac-si-vo-van-tu-hien\/","name":"B\u00e1c s\u0129 V\u00f5 V\u0103n T\u1ef1 Hi\u1ebfn - Premier Dental","isPartOf":{"@id":"https:\/\/premierdental.vn\/#website"},"primaryImageOfPage":{"@id":"https:\/\/premierdental.vn\/bac-si-vo-van-tu-hien\/#primaryimage"},"image":{"@id":"https:\/\/premierdental.vn\/bac-si-vo-van-tu-hien\/#primaryimage"},"thumbnailUrl":"https:\/\/premierdental.vn\/wp-content\/uploads\/2024\/10\/vovantuhien-thump.jpg","datePublished":"2023-08-16T03:58:04+00:00","dateModified":"2024-11-20T15:35:13+00:00","inLanguage":"en-US","potentialAction":[{"@type":"ReadAction","target":["https:\/\/premierdental.vn\/bac-si-vo-van-tu-hien\/"]}]},{"@type":"ImageObject","inLanguage":"en-US","@id":"https:\/\/premierdental.vn\/bac-si-vo-van-tu-hien\/#primaryimage","url":"https:\/\/premierdental.vn\/wp-content\/uploads\/2024\/10\/vovantuhien-thump.jpg","contentUrl":"https:\/\/premierdental.vn\/wp-content\/uploads\/2024\/10\/vovantuhien-thump.jpg","width":450,"height":352},{"@type":"WebSite","@id":"https:\/\/premierdental.vn\/#website","url":"https:\/\/premierdental.vn\/","name":"Premier Dental","description":"Premier Dental","potentialAction":[{"@type":"SearchAction","target":{"@type":"EntryPoint","urlTemplate":"https:\/\/premierdental.vn\/?s={search_term_string}"},"query-input":{"@type":"PropertyValueSpecification","valueRequired":true,"valueName":"search_term_string"}}],"inLanguage":"en-US"}]}},"_links":{"self":[{"href":"https:\/\/premierdental.vn\/en\/wp-json\/wp\/v2\/pages\/5221","targetHints":{"allow":["GET"]}}],"collection":[{"href":"https:\/\/premierdental.vn\/en\/wp-json\/wp\/v2\/pages"}],"about":[{"href":"https:\/\/premierdental.vn\/en\/wp-json\/wp\/v2\/types\/page"}],"author":[{"embeddable":true,"href":"https:\/\/premierdental.vn\/en\/wp-json\/wp\/v2\/users\/2"}],"replies":[{"embeddable":true,"href":"https:\/\/premierdental.vn\/en\/wp-json\/wp\/v2\/comments?post=5221"}],"version-history":[{"count":4,"href":"https:\/\/premierdental.vn\/en\/wp-json\/wp\/v2\/pages\/5221\/revisions"}],"predecessor-version":[{"id":8292,"href":"https:\/\/premierdental.vn\/en\/wp-json\/wp\/v2\/pages\/5221\/revisions\/8292"}],"wp:featuredmedia":[{"embeddable":true,"href":"https:\/\/premierdental.vn\/en\/wp-json\/wp\/v2\/media\/8162"}],"wp:attachment":[{"href":"https:\/\/premierdental.vn\/en\/wp-json\/wp\/v2\/media?parent=5221"}],"curies":[{"name":"wp","href":"https:\/\/api.w.org\/{rel}","templated":true}]}}