{"id":5216,"date":"2023-08-16T10:05:21","date_gmt":"2023-08-16T03:05:21","guid":{"rendered":"https:\/\/premierdental.vn\/?page_id=5216"},"modified":"2024-11-20T22:38:21","modified_gmt":"2024-11-20T15:38:21","slug":"bac-si-luong-thi-quynh-tam","status":"publish","type":"page","link":"https:\/\/premierdental.vn\/en\/bac-si-luong-thi-quynh-tam\/","title":{"rendered":"Dr. Jennie Luong"},"content":{"rendered":"<ul> <li>Bachelor of Science in Dentistry, Hue University of Medicine and Pharmacy, 2014<\/li> <li>Master of Science in Odonto-stomatology - Ho Chi Minh University of Medicine and Pharmacy, 2020.<\/li> <li>Certificates Post-graduate Orthodontic Specialty Training - Ho Chi Minh University of Medicine and Pharmacy - In collaboration with the International Foundation for Dental Education (IFDE) and Health Volunteer Overseas (HVO), 2019.<\/li> <li>Certificate of Invisalign Training Course - Align Technology Company, 2017.<\/li> <li>Current areas of dental expertise\/practice: Orthodontist<\/li> <li>Outstanding achievements\/Work experience: 10 years of experience and member of Ho Chi Minh City Association of Orthodontists (HAO), 2020.<\/li> <li>Special dental clinical interest for future development: Orthodontist<\/li> <li>Professional Philosophy: Aesthetics and functionality<\/li> <li>Hobbies: Discover new things<\/li> <\/ul> <p><strong>H\u00ecnh \u1ea3nh Ch\u1ee9ng ch\u1ec9 v\u00e0 B\u1eb1ng c\u1ea5p:<\/strong><\/p> <p><img fetchpriority=\"high\" decoding=\"async\" class=\"alignnone size-full wp-image-8297\" src=\"https:\/\/premierdental.vn\/wp-content\/uploads\/2024\/11\/10.-BS-Luong-Thi-Quynh-Tam.jpg\" alt=\"\" width=\"670\" height=\"912\" srcset=\"https:\/\/premierdental.vn\/wp-content\/uploads\/2024\/11\/10.-BS-Luong-Thi-Quynh-Tam.jpg 670w, https:\/\/premierdental.vn\/wp-content\/uploads\/2024\/11\/10.-BS-Luong-Thi-Quynh-Tam-220x300.jpg 220w, https:\/\/premierdental.vn\/wp-content\/uploads\/2024\/11\/10.-BS-Luong-Thi-Quynh-Tam-9x12.jpg 9w\" sizes=\"(max-width: 670px) 100vw, 670px\" \/><\/p>","protected":false},"excerpt":{"rendered":"<p>B\u00e1c s\u0129 R\u0103ng H\u00e0m M\u1eb7t, \u0110H Y D\u01b0\u1ee3c Hu\u1ebf, 2014 Th\u1ea1c s\u0129 chuy\u00ean ng\u00e0nh B\u00e1c s\u0129 R\u0103ng H\u00e0m M\u1eb7t, \u0110\u1ea1i H\u1ecdc Y \u0111\u01b0\u1ee3c TP H\u1ed3 Ch\u00ed Minh, 2020 Ch\u1ee9ng ch\u1ec9 Ch\u1ec9nh h\u00ecnh r\u0103ng m\u1eb7t, \u0110H Y D\u01b0\u1ee3c TP HCM, 2017-2019, 10\/2019 Ch\u1ee9ng ch\u1ec9 Invisalign, C\u00f4ng ty Aligner, 2017, 8\/2017 L\u0129nh v\u1ef1c chuy\u00ean m\u00f4n\/h\u00e0nh ngh\u1ec1 nha [&hellip;]<\/p>","protected":false},"author":2,"featured_media":8115,"parent":0,"menu_order":0,"comment_status":"closed","ping_status":"closed","template":"template\/doctor.php","meta":{"footnotes":""},"class_list":["post-5216","page","type-page","status-publish","has-post-thumbnail","hentry"],"acf":[],"yoast_head":"<!-- This site is optimized with the Yoast SEO plugin v26.9 - https:\/\/yoast.com\/product\/yoast-seo-wordpress\/ -->\n<title>B\u00e1c s\u0129 L\u01b0\u01a1ng Th\u1ecb Qu\u1ef3nh T\u00e2m - Premier Dental<\/title>\n<meta name=\"robots\" content=\"index, follow, max-snippet:-1, max-image-preview:large, max-video-preview:-1\" \/>\n<link rel=\"canonical\" href=\"https:\/\/premierdental.vn\/en\/bac-si-luong-thi-quynh-tam\/\" \/>\n<meta property=\"og:locale\" content=\"en_US\" \/>\n<meta property=\"og:type\" content=\"article\" \/>\n<meta property=\"og:title\" content=\"B\u00e1c s\u0129 L\u01b0\u01a1ng Th\u1ecb Qu\u1ef3nh T\u00e2m - Premier Dental\" \/>\n<meta property=\"og:description\" content=\"B\u00e1c s\u0129 R\u0103ng H\u00e0m M\u1eb7t, \u0110H Y D\u01b0\u1ee3c Hu\u1ebf, 2014 Th\u1ea1c s\u0129 chuy\u00ean ng\u00e0nh B\u00e1c s\u0129 R\u0103ng H\u00e0m M\u1eb7t, \u0110\u1ea1i H\u1ecdc Y \u0111\u01b0\u1ee3c TP H\u1ed3 Ch\u00ed Minh, 2020 Ch\u1ee9ng ch\u1ec9 Ch\u1ec9nh h\u00ecnh r\u0103ng m\u1eb7t, \u0110H Y D\u01b0\u1ee3c TP HCM, 2017-2019, 10\/2019 Ch\u1ee9ng ch\u1ec9 Invisalign, C\u00f4ng ty Aligner, 2017, 8\/2017 L\u0129nh v\u1ef1c chuy\u00ean m\u00f4n\/h\u00e0nh ngh\u1ec1 nha [&hellip;]\" \/>\n<meta property=\"og:url\" content=\"https:\/\/premierdental.vn\/en\/bac-si-luong-thi-quynh-tam\/\" \/>\n<meta property=\"og:site_name\" content=\"Premier Dental\" \/>\n<meta property=\"article:modified_time\" content=\"2024-11-20T15:38:21+00:00\" \/>\n<meta property=\"og:image\" content=\"https:\/\/premierdental.vn\/wp-content\/uploads\/2024\/10\/9BS_-TAM.jpg\" \/>\n\t<meta property=\"og:image:width\" content=\"450\" \/>\n\t<meta property=\"og:image:height\" content=\"352\" \/>\n\t<meta property=\"og:image:type\" content=\"image\/jpeg\" \/>\n<meta name=\"twitter:card\" content=\"summary_large_image\" \/>\n<meta name=\"twitter:label1\" content=\"Est. reading time\" \/>\n\t<meta name=\"twitter:data1\" content=\"1 minute\" \/>\n<script type=\"application\/ld+json\" class=\"yoast-schema-graph\">{\"@context\":\"https:\/\/schema.org\",\"@graph\":[{\"@type\":\"WebPage\",\"@id\":\"https:\/\/premierdental.vn\/bac-si-luong-thi-quynh-tam\/\",\"url\":\"https:\/\/premierdental.vn\/bac-si-luong-thi-quynh-tam\/\",\"name\":\"B\u00e1c s\u0129 L\u01b0\u01a1ng Th\u1ecb Qu\u1ef3nh T\u00e2m - Premier Dental\",\"isPartOf\":{\"@id\":\"https:\/\/premierdental.vn\/#website\"},\"primaryImageOfPage\":{\"@id\":\"https:\/\/premierdental.vn\/bac-si-luong-thi-quynh-tam\/#primaryimage\"},\"image\":{\"@id\":\"https:\/\/premierdental.vn\/bac-si-luong-thi-quynh-tam\/#primaryimage\"},\"thumbnailUrl\":\"https:\/\/premierdental.vn\/wp-content\/uploads\/2024\/10\/9BS_-TAM.jpg\",\"datePublished\":\"2023-08-16T03:05:21+00:00\",\"dateModified\":\"2024-11-20T15:38:21+00:00\",\"inLanguage\":\"en-US\",\"potentialAction\":[{\"@type\":\"ReadAction\",\"target\":[\"https:\/\/premierdental.vn\/bac-si-luong-thi-quynh-tam\/\"]}]},{\"@type\":\"ImageObject\",\"inLanguage\":\"en-US\",\"@id\":\"https:\/\/premierdental.vn\/bac-si-luong-thi-quynh-tam\/#primaryimage\",\"url\":\"https:\/\/premierdental.vn\/wp-content\/uploads\/2024\/10\/9BS_-TAM.jpg\",\"contentUrl\":\"https:\/\/premierdental.vn\/wp-content\/uploads\/2024\/10\/9BS_-TAM.jpg\",\"width\":450,\"height\":352},{\"@type\":\"WebSite\",\"@id\":\"https:\/\/premierdental.vn\/#website\",\"url\":\"https:\/\/premierdental.vn\/\",\"name\":\"Premier Dental\",\"description\":\"Premier Dental\",\"potentialAction\":[{\"@type\":\"SearchAction\",\"target\":{\"@type\":\"EntryPoint\",\"urlTemplate\":\"https:\/\/premierdental.vn\/?s={search_term_string}\"},\"query-input\":{\"@type\":\"PropertyValueSpecification\",\"valueRequired\":true,\"valueName\":\"search_term_string\"}}],\"inLanguage\":\"en-US\"}]}<\/script>\n<!-- \/ Yoast SEO plugin. -->","yoast_head_json":{"title":"B\u00e1c s\u0129 L\u01b0\u01a1ng Th\u1ecb Qu\u1ef3nh T\u00e2m - Premier Dental","robots":{"index":"index","follow":"follow","max-snippet":"max-snippet:-1","max-image-preview":"max-image-preview:large","max-video-preview":"max-video-preview:-1"},"canonical":"https:\/\/premierdental.vn\/en\/bac-si-luong-thi-quynh-tam\/","og_locale":"en_US","og_type":"article","og_title":"B\u00e1c s\u0129 L\u01b0\u01a1ng Th\u1ecb Qu\u1ef3nh T\u00e2m - Premier Dental","og_description":"B\u00e1c s\u0129 R\u0103ng H\u00e0m M\u1eb7t, \u0110H Y D\u01b0\u1ee3c Hu\u1ebf, 2014 Th\u1ea1c s\u0129 chuy\u00ean ng\u00e0nh B\u00e1c s\u0129 R\u0103ng H\u00e0m M\u1eb7t, \u0110\u1ea1i H\u1ecdc Y \u0111\u01b0\u1ee3c TP H\u1ed3 Ch\u00ed Minh, 2020 Ch\u1ee9ng ch\u1ec9 Ch\u1ec9nh h\u00ecnh r\u0103ng m\u1eb7t, \u0110H Y D\u01b0\u1ee3c TP HCM, 2017-2019, 10\/2019 Ch\u1ee9ng ch\u1ec9 Invisalign, C\u00f4ng ty Aligner, 2017, 8\/2017 L\u0129nh v\u1ef1c chuy\u00ean m\u00f4n\/h\u00e0nh ngh\u1ec1 nha [&hellip;]","og_url":"https:\/\/premierdental.vn\/en\/bac-si-luong-thi-quynh-tam\/","og_site_name":"Premier Dental","article_modified_time":"2024-11-20T15:38:21+00:00","og_image":[{"width":450,"height":352,"url":"https:\/\/premierdental.vn\/wp-content\/uploads\/2024\/10\/9BS_-TAM.jpg","type":"image\/jpeg"}],"twitter_card":"summary_large_image","twitter_misc":{"Est. reading time":"1 minute"},"schema":{"@context":"https:\/\/schema.org","@graph":[{"@type":"WebPage","@id":"https:\/\/premierdental.vn\/bac-si-luong-thi-quynh-tam\/","url":"https:\/\/premierdental.vn\/bac-si-luong-thi-quynh-tam\/","name":"B\u00e1c s\u0129 L\u01b0\u01a1ng Th\u1ecb Qu\u1ef3nh T\u00e2m - Premier Dental","isPartOf":{"@id":"https:\/\/premierdental.vn\/#website"},"primaryImageOfPage":{"@id":"https:\/\/premierdental.vn\/bac-si-luong-thi-quynh-tam\/#primaryimage"},"image":{"@id":"https:\/\/premierdental.vn\/bac-si-luong-thi-quynh-tam\/#primaryimage"},"thumbnailUrl":"https:\/\/premierdental.vn\/wp-content\/uploads\/2024\/10\/9BS_-TAM.jpg","datePublished":"2023-08-16T03:05:21+00:00","dateModified":"2024-11-20T15:38:21+00:00","inLanguage":"en-US","potentialAction":[{"@type":"ReadAction","target":["https:\/\/premierdental.vn\/bac-si-luong-thi-quynh-tam\/"]}]},{"@type":"ImageObject","inLanguage":"en-US","@id":"https:\/\/premierdental.vn\/bac-si-luong-thi-quynh-tam\/#primaryimage","url":"https:\/\/premierdental.vn\/wp-content\/uploads\/2024\/10\/9BS_-TAM.jpg","contentUrl":"https:\/\/premierdental.vn\/wp-content\/uploads\/2024\/10\/9BS_-TAM.jpg","width":450,"height":352},{"@type":"WebSite","@id":"https:\/\/premierdental.vn\/#website","url":"https:\/\/premierdental.vn\/","name":"Premier Dental","description":"Premier Dental","potentialAction":[{"@type":"SearchAction","target":{"@type":"EntryPoint","urlTemplate":"https:\/\/premierdental.vn\/?s={search_term_string}"},"query-input":{"@type":"PropertyValueSpecification","valueRequired":true,"valueName":"search_term_string"}}],"inLanguage":"en-US"}]}},"_links":{"self":[{"href":"https:\/\/premierdental.vn\/en\/wp-json\/wp\/v2\/pages\/5216","targetHints":{"allow":["GET"]}}],"collection":[{"href":"https:\/\/premierdental.vn\/en\/wp-json\/wp\/v2\/pages"}],"about":[{"href":"https:\/\/premierdental.vn\/en\/wp-json\/wp\/v2\/types\/page"}],"author":[{"embeddable":true,"href":"https:\/\/premierdental.vn\/en\/wp-json\/wp\/v2\/users\/2"}],"replies":[{"embeddable":true,"href":"https:\/\/premierdental.vn\/en\/wp-json\/wp\/v2\/comments?post=5216"}],"version-history":[{"count":6,"href":"https:\/\/premierdental.vn\/en\/wp-json\/wp\/v2\/pages\/5216\/revisions"}],"predecessor-version":[{"id":8298,"href":"https:\/\/premierdental.vn\/en\/wp-json\/wp\/v2\/pages\/5216\/revisions\/8298"}],"wp:featuredmedia":[{"embeddable":true,"href":"https:\/\/premierdental.vn\/en\/wp-json\/wp\/v2\/media\/8115"}],"wp:attachment":[{"href":"https:\/\/premierdental.vn\/en\/wp-json\/wp\/v2\/media?parent=5216"}],"curies":[{"name":"wp","href":"https:\/\/api.w.org\/{rel}","templated":true}]}}