{"id":460,"date":"2020-12-14T04:47:01","date_gmt":"2020-12-14T04:47:01","guid":{"rendered":"https:\/\/premierdental.vn\/?page_id=460"},"modified":"2024-11-20T22:30:58","modified_gmt":"2024-11-20T15:30:58","slug":"dr-thu-anh-thanh-truong","status":"publish","type":"page","link":"https:\/\/premierdental.vn\/en\/dr-thu-anh-thanh-truong\/","title":{"rendered":"Dr. Rose Truong"},"content":{"rendered":"<ul> <li>Dental Degree: Bachelor of Science in Dentistry - Hue University of Medicine and Pharmacy, 2015<\/li> <li>Certificates:<br \/> + Infection control in dental practice, Van Lang University, 6\/9\/23-14\/9\/23<br \/> + Dental Implant K17, University of Medicine and Pharmacy, Ho Chi Minh City, 18\/3\/19- 26\/4\/19<br \/> + Inter-university certificate (University of Medicine and Pharmacy, Ho Chi Minh City) specialized in Dentistry - D.I.U in Oral Surgery and Periodontics, 26\/3\/18-5\/12\/18.<\/li> <li>Current areas of dental expertise\/practice: General dentist<\/li> <li>Outstanding achievements\/Work experience: 9 years<\/li> <li>Special dental clinical interest for future development: Cosmetic dentistry<\/li> <li>Professional Philosophy: Treat Your Patients Like Family<\/li> <li>Hobbies: Traveling<\/li> <\/ul> <p><strong>H\u00ecnh \u1ea3nh Ch\u1ee9ng ch\u1ec9 v\u00e0 B\u1eb1ng c\u1ea5p:<\/strong><\/p> <p><img fetchpriority=\"high\" decoding=\"async\" class=\"alignnone size-full wp-image-8285\" src=\"https:\/\/premierdental.vn\/wp-content\/uploads\/2024\/11\/5.-BS-Truong-Thanh-Anh-Thu-scaled.jpg\" alt=\"\" width=\"1794\" height=\"2560\" srcset=\"https:\/\/premierdental.vn\/wp-content\/uploads\/2024\/11\/5.-BS-Truong-Thanh-Anh-Thu-scaled.jpg 1794w, https:\/\/premierdental.vn\/wp-content\/uploads\/2024\/11\/5.-BS-Truong-Thanh-Anh-Thu-210x300.jpg 210w, https:\/\/premierdental.vn\/wp-content\/uploads\/2024\/11\/5.-BS-Truong-Thanh-Anh-Thu-718x1024.jpg 718w, https:\/\/premierdental.vn\/wp-content\/uploads\/2024\/11\/5.-BS-Truong-Thanh-Anh-Thu-768x1096.jpg 768w, https:\/\/premierdental.vn\/wp-content\/uploads\/2024\/11\/5.-BS-Truong-Thanh-Anh-Thu-1077x1536.jpg 1077w, https:\/\/premierdental.vn\/wp-content\/uploads\/2024\/11\/5.-BS-Truong-Thanh-Anh-Thu-1435x2048.jpg 1435w, https:\/\/premierdental.vn\/wp-content\/uploads\/2024\/11\/5.-BS-Truong-Thanh-Anh-Thu-8x12.jpg 8w\" sizes=\"(max-width: 1794px) 100vw, 1794px\" \/><\/p>","protected":false},"excerpt":{"rendered":"<p>B\u1eb1ng c\u1ea5p Nha khoa: \u0110\u1ea1i h\u1ecdc Y D\u01b0\u1ee3c Hu\u1ebf, B\u00e1c s\u1ef9 RHM n\u0103m 2015 Ch\u1ee9ng ch\u1ec9: + Ki\u1ec3m so\u00e1t l\u00e2y nhi\u1ec5m trong th\u1ef1c h\u00e0nh nha khoa, tr\u01b0\u1eddng \u0111h V\u0103n Lang, 6\/9\/23-14\/9\/23 + C\u1ea5y gh\u00e9p nha khoa kho\u00e1 17, \u0111h y d\u01b0\u1ee3c tp HCM, 18\/3\/19- 26\/4\/19 + L\u1edbp li\u00ean \u0111h chuy\u00ean ng\u00e0nh RHM D.I.U 2018 v\u1ec1 [&hellip;]<\/p>","protected":false},"author":1,"featured_media":84,"parent":0,"menu_order":0,"comment_status":"closed","ping_status":"closed","template":"template\/doctor.php","meta":{"footnotes":""},"class_list":["post-460","page","type-page","status-publish","has-post-thumbnail","hentry"],"acf":[],"yoast_head":"<!-- This site is optimized with the Yoast SEO plugin v26.9 - https:\/\/yoast.com\/product\/yoast-seo-wordpress\/ -->\n<title>B\u00e1c s\u0129 Tr\u01b0\u01a1ng Thanh Anh Th\u01b0 - Premier Dental<\/title>\n<meta name=\"robots\" content=\"index, follow, max-snippet:-1, max-image-preview:large, max-video-preview:-1\" \/>\n<link rel=\"canonical\" href=\"https:\/\/premierdental.vn\/en\/dr-thu-anh-thanh-truong\/\" \/>\n<meta property=\"og:locale\" content=\"en_US\" \/>\n<meta property=\"og:type\" content=\"article\" \/>\n<meta property=\"og:title\" content=\"B\u00e1c s\u0129 Tr\u01b0\u01a1ng Thanh Anh Th\u01b0 - Premier Dental\" \/>\n<meta property=\"og:description\" content=\"B\u1eb1ng c\u1ea5p Nha khoa: \u0110\u1ea1i h\u1ecdc Y D\u01b0\u1ee3c Hu\u1ebf, B\u00e1c s\u1ef9 RHM n\u0103m 2015 Ch\u1ee9ng ch\u1ec9: + Ki\u1ec3m so\u00e1t l\u00e2y nhi\u1ec5m trong th\u1ef1c h\u00e0nh nha khoa, tr\u01b0\u1eddng \u0111h V\u0103n Lang, 6\/9\/23-14\/9\/23 + C\u1ea5y gh\u00e9p nha khoa kho\u00e1 17, \u0111h y d\u01b0\u1ee3c tp HCM, 18\/3\/19- 26\/4\/19 + L\u1edbp li\u00ean \u0111h chuy\u00ean ng\u00e0nh RHM D.I.U 2018 v\u1ec1 [&hellip;]\" \/>\n<meta property=\"og:url\" content=\"https:\/\/premierdental.vn\/en\/dr-thu-anh-thanh-truong\/\" \/>\n<meta property=\"og:site_name\" content=\"Premier Dental\" \/>\n<meta property=\"article:modified_time\" content=\"2024-11-20T15:30:58+00:00\" \/>\n<meta property=\"og:image\" content=\"https:\/\/premierdental.vn\/wp-content\/uploads\/2020\/10\/home-mb6-img-min.jpg\" \/>\n\t<meta property=\"og:image:width\" content=\"450\" \/>\n\t<meta property=\"og:image:height\" content=\"352\" \/>\n\t<meta property=\"og:image:type\" content=\"image\/jpeg\" \/>\n<meta name=\"twitter:card\" content=\"summary_large_image\" \/>\n<meta name=\"twitter:label1\" content=\"Est. reading time\" \/>\n\t<meta name=\"twitter:data1\" content=\"1 minute\" \/>\n<script type=\"application\/ld+json\" class=\"yoast-schema-graph\">{\"@context\":\"https:\/\/schema.org\",\"@graph\":[{\"@type\":\"WebPage\",\"@id\":\"https:\/\/premierdental.vn\/dr-thu-anh-thanh-truong\/\",\"url\":\"https:\/\/premierdental.vn\/dr-thu-anh-thanh-truong\/\",\"name\":\"B\u00e1c s\u0129 Tr\u01b0\u01a1ng Thanh Anh Th\u01b0 - Premier Dental\",\"isPartOf\":{\"@id\":\"https:\/\/premierdental.vn\/#website\"},\"primaryImageOfPage\":{\"@id\":\"https:\/\/premierdental.vn\/dr-thu-anh-thanh-truong\/#primaryimage\"},\"image\":{\"@id\":\"https:\/\/premierdental.vn\/dr-thu-anh-thanh-truong\/#primaryimage\"},\"thumbnailUrl\":\"https:\/\/premierdental.vn\/wp-content\/uploads\/2020\/10\/home-mb6-img-min.jpg\",\"datePublished\":\"2020-12-14T04:47:01+00:00\",\"dateModified\":\"2024-11-20T15:30:58+00:00\",\"inLanguage\":\"en-US\",\"potentialAction\":[{\"@type\":\"ReadAction\",\"target\":[\"https:\/\/premierdental.vn\/dr-thu-anh-thanh-truong\/\"]}]},{\"@type\":\"ImageObject\",\"inLanguage\":\"en-US\",\"@id\":\"https:\/\/premierdental.vn\/dr-thu-anh-thanh-truong\/#primaryimage\",\"url\":\"https:\/\/premierdental.vn\/wp-content\/uploads\/2020\/10\/home-mb6-img-min.jpg\",\"contentUrl\":\"https:\/\/premierdental.vn\/wp-content\/uploads\/2020\/10\/home-mb6-img-min.jpg\",\"width\":450,\"height\":352,\"caption\":\"Dr. Thu Anh Thanh Truong\"},{\"@type\":\"WebSite\",\"@id\":\"https:\/\/premierdental.vn\/#website\",\"url\":\"https:\/\/premierdental.vn\/\",\"name\":\"Premier Dental\",\"description\":\"Premier Dental\",\"potentialAction\":[{\"@type\":\"SearchAction\",\"target\":{\"@type\":\"EntryPoint\",\"urlTemplate\":\"https:\/\/premierdental.vn\/?s={search_term_string}\"},\"query-input\":{\"@type\":\"PropertyValueSpecification\",\"valueRequired\":true,\"valueName\":\"search_term_string\"}}],\"inLanguage\":\"en-US\"}]}<\/script>\n<!-- \/ Yoast SEO plugin. -->","yoast_head_json":{"title":"B\u00e1c s\u0129 Tr\u01b0\u01a1ng Thanh Anh Th\u01b0 - Premier Dental","robots":{"index":"index","follow":"follow","max-snippet":"max-snippet:-1","max-image-preview":"max-image-preview:large","max-video-preview":"max-video-preview:-1"},"canonical":"https:\/\/premierdental.vn\/en\/dr-thu-anh-thanh-truong\/","og_locale":"en_US","og_type":"article","og_title":"B\u00e1c s\u0129 Tr\u01b0\u01a1ng Thanh Anh Th\u01b0 - Premier Dental","og_description":"B\u1eb1ng c\u1ea5p Nha khoa: \u0110\u1ea1i h\u1ecdc Y D\u01b0\u1ee3c Hu\u1ebf, B\u00e1c s\u1ef9 RHM n\u0103m 2015 Ch\u1ee9ng ch\u1ec9: + Ki\u1ec3m so\u00e1t l\u00e2y nhi\u1ec5m trong th\u1ef1c h\u00e0nh nha khoa, tr\u01b0\u1eddng \u0111h V\u0103n Lang, 6\/9\/23-14\/9\/23 + C\u1ea5y gh\u00e9p nha khoa kho\u00e1 17, \u0111h y d\u01b0\u1ee3c tp HCM, 18\/3\/19- 26\/4\/19 + L\u1edbp li\u00ean \u0111h chuy\u00ean ng\u00e0nh RHM D.I.U 2018 v\u1ec1 [&hellip;]","og_url":"https:\/\/premierdental.vn\/en\/dr-thu-anh-thanh-truong\/","og_site_name":"Premier Dental","article_modified_time":"2024-11-20T15:30:58+00:00","og_image":[{"width":450,"height":352,"url":"https:\/\/premierdental.vn\/wp-content\/uploads\/2020\/10\/home-mb6-img-min.jpg","type":"image\/jpeg"}],"twitter_card":"summary_large_image","twitter_misc":{"Est. reading time":"1 minute"},"schema":{"@context":"https:\/\/schema.org","@graph":[{"@type":"WebPage","@id":"https:\/\/premierdental.vn\/dr-thu-anh-thanh-truong\/","url":"https:\/\/premierdental.vn\/dr-thu-anh-thanh-truong\/","name":"B\u00e1c s\u0129 Tr\u01b0\u01a1ng Thanh Anh Th\u01b0 - Premier Dental","isPartOf":{"@id":"https:\/\/premierdental.vn\/#website"},"primaryImageOfPage":{"@id":"https:\/\/premierdental.vn\/dr-thu-anh-thanh-truong\/#primaryimage"},"image":{"@id":"https:\/\/premierdental.vn\/dr-thu-anh-thanh-truong\/#primaryimage"},"thumbnailUrl":"https:\/\/premierdental.vn\/wp-content\/uploads\/2020\/10\/home-mb6-img-min.jpg","datePublished":"2020-12-14T04:47:01+00:00","dateModified":"2024-11-20T15:30:58+00:00","inLanguage":"en-US","potentialAction":[{"@type":"ReadAction","target":["https:\/\/premierdental.vn\/dr-thu-anh-thanh-truong\/"]}]},{"@type":"ImageObject","inLanguage":"en-US","@id":"https:\/\/premierdental.vn\/dr-thu-anh-thanh-truong\/#primaryimage","url":"https:\/\/premierdental.vn\/wp-content\/uploads\/2020\/10\/home-mb6-img-min.jpg","contentUrl":"https:\/\/premierdental.vn\/wp-content\/uploads\/2020\/10\/home-mb6-img-min.jpg","width":450,"height":352,"caption":"Dr. Thu Anh Thanh Truong"},{"@type":"WebSite","@id":"https:\/\/premierdental.vn\/#website","url":"https:\/\/premierdental.vn\/","name":"Premier Dental","description":"Premier Dental","potentialAction":[{"@type":"SearchAction","target":{"@type":"EntryPoint","urlTemplate":"https:\/\/premierdental.vn\/?s={search_term_string}"},"query-input":{"@type":"PropertyValueSpecification","valueRequired":true,"valueName":"search_term_string"}}],"inLanguage":"en-US"}]}},"_links":{"self":[{"href":"https:\/\/premierdental.vn\/en\/wp-json\/wp\/v2\/pages\/460","targetHints":{"allow":["GET"]}}],"collection":[{"href":"https:\/\/premierdental.vn\/en\/wp-json\/wp\/v2\/pages"}],"about":[{"href":"https:\/\/premierdental.vn\/en\/wp-json\/wp\/v2\/types\/page"}],"author":[{"embeddable":true,"href":"https:\/\/premierdental.vn\/en\/wp-json\/wp\/v2\/users\/1"}],"replies":[{"embeddable":true,"href":"https:\/\/premierdental.vn\/en\/wp-json\/wp\/v2\/comments?post=460"}],"version-history":[{"count":4,"href":"https:\/\/premierdental.vn\/en\/wp-json\/wp\/v2\/pages\/460\/revisions"}],"predecessor-version":[{"id":8286,"href":"https:\/\/premierdental.vn\/en\/wp-json\/wp\/v2\/pages\/460\/revisions\/8286"}],"wp:featuredmedia":[{"embeddable":true,"href":"https:\/\/premierdental.vn\/en\/wp-json\/wp\/v2\/media\/84"}],"wp:attachment":[{"href":"https:\/\/premierdental.vn\/en\/wp-json\/wp\/v2\/media?parent=460"}],"curies":[{"name":"wp","href":"https:\/\/api.w.org\/{rel}","templated":true}]}}