{"id":4586,"date":"2023-08-01T13:53:08","date_gmt":"2023-08-01T06:53:08","guid":{"rendered":"https:\/\/premierdental.vn\/?page_id=4586"},"modified":"2024-11-20T22:32:03","modified_gmt":"2024-11-20T15:32:03","slug":"bac-si-nguyen-thi-minh-hien","status":"publish","type":"page","link":"https:\/\/premierdental.vn\/en\/bac-si-nguyen-thi-minh-hien\/","title":{"rendered":"Dr. Helen Nguyen"},"content":{"rendered":"<ul> <li>Dental Degree: Doctor of Dental Surgery - University of Medicine and Pharmacy - Ho Chi Minh City, 2010<\/li> <li>Other diplomas\/degrees (graduate): Master of Science (Prosthodontics)-Khon Kaen University - Thailand, 2015.<\/li> <li>Certificates:<br \/> + Certificate: Dental Implant - National Hospital of Odonto-Stomatology, Ho Chi Minh City, 2016.<br \/> + Certificate: Inter-university certificate (University of Medicine and Pharmacy, Ho Chi Minh City) specialized in Dentistry in Oral Surgery and Periodontics (DIUCOP), 2018<br \/> + Certificate: Orthodontics, Hospital of Odonto-Stomatology, Ho Chi Minh City, 2018.<\/li> <li>Outstanding achievements\/Work experience: Member of the Translation Committee of Ho Chi Minh City Society of Dental Implantology, Ho Chi Minh City (HSDI).<\/li> <li>Special dental clinical interest for future development: Dental adhesive aesthetic rehabilitation.<\/li> <li>Professional Philosophy: Minimum invasion.<\/li> <\/ul> <p><strong>H\u00ecnh \u1ea3nh Ch\u1ee9ng ch\u1ec9 v\u00e0 B\u1eb1ng c\u1ea5p:<\/strong><\/p> <p><img fetchpriority=\"high\" decoding=\"async\" class=\"alignnone size-full wp-image-8287\" src=\"https:\/\/premierdental.vn\/wp-content\/uploads\/2024\/11\/6.-BS-Nguyen-Thi-Minh-Hien.jpg\" alt=\"\" width=\"1402\" height=\"2048\" srcset=\"https:\/\/premierdental.vn\/wp-content\/uploads\/2024\/11\/6.-BS-Nguyen-Thi-Minh-Hien.jpg 1402w, https:\/\/premierdental.vn\/wp-content\/uploads\/2024\/11\/6.-BS-Nguyen-Thi-Minh-Hien-205x300.jpg 205w, https:\/\/premierdental.vn\/wp-content\/uploads\/2024\/11\/6.-BS-Nguyen-Thi-Minh-Hien-701x1024.jpg 701w, https:\/\/premierdental.vn\/wp-content\/uploads\/2024\/11\/6.-BS-Nguyen-Thi-Minh-Hien-768x1122.jpg 768w, https:\/\/premierdental.vn\/wp-content\/uploads\/2024\/11\/6.-BS-Nguyen-Thi-Minh-Hien-1052x1536.jpg 1052w, https:\/\/premierdental.vn\/wp-content\/uploads\/2024\/11\/6.-BS-Nguyen-Thi-Minh-Hien-8x12.jpg 8w\" sizes=\"(max-width: 1402px) 100vw, 1402px\" \/><\/p>","protected":false},"excerpt":{"rendered":"<p>B\u1eb1ng c\u1ea5p Nha khoa: B\u00e1c s\u0129 R\u0103ng H\u00e0m M\u1eb7t \u2013 Khoa RHM- \u0110\u1ea1i H\u1ecdc Y D\u01b0\u1ee3c TP. HCM, 2010. C\u00e1c v\u0103n b\u1eb1ng\/ b\u1eb1ng c\u1ea5p kh\u00e1c (sau \u0110\u1ea1i h\u1ecdc): Th\u1ea1c s\u0129 Ph\u1ee5c H\u00ecnh R\u0103ng &#8211; Khoa RHM &#8211; \u0110\u1ea1i H\u1ecdc Khon Kaen &#8211; Th\u00e1i Lan, 2015. Ch\u1ee9ng ch\u1ec9: + Ch\u1ee9ng ch\u1ec9: C\u1ea5y Gh\u00e9p Nha Khoa \u2013 [&hellip;]<\/p>","protected":false},"author":2,"featured_media":8143,"parent":0,"menu_order":0,"comment_status":"closed","ping_status":"closed","template":"template\/doctor.php","meta":{"footnotes":""},"class_list":["post-4586","page","type-page","status-publish","has-post-thumbnail","hentry"],"acf":[],"yoast_head":"<!-- This site is optimized with the Yoast SEO plugin v26.9 - https:\/\/yoast.com\/product\/yoast-seo-wordpress\/ -->\n<title>B\u00e1c s\u0129 Nguy\u1ec5n Th\u1ecb Minh Hi\u1ec1n - Premier Dental<\/title>\n<meta name=\"robots\" content=\"index, follow, max-snippet:-1, max-image-preview:large, max-video-preview:-1\" \/>\n<link rel=\"canonical\" href=\"https:\/\/premierdental.vn\/en\/bac-si-nguyen-thi-minh-hien\/\" \/>\n<meta property=\"og:locale\" content=\"en_US\" \/>\n<meta property=\"og:type\" content=\"article\" \/>\n<meta property=\"og:title\" content=\"B\u00e1c s\u0129 Nguy\u1ec5n Th\u1ecb Minh Hi\u1ec1n - Premier Dental\" \/>\n<meta property=\"og:description\" content=\"B\u1eb1ng c\u1ea5p Nha khoa: B\u00e1c s\u0129 R\u0103ng H\u00e0m M\u1eb7t \u2013 Khoa RHM- \u0110\u1ea1i H\u1ecdc Y D\u01b0\u1ee3c TP. HCM, 2010. C\u00e1c v\u0103n b\u1eb1ng\/ b\u1eb1ng c\u1ea5p kh\u00e1c (sau \u0110\u1ea1i h\u1ecdc): Th\u1ea1c s\u0129 Ph\u1ee5c H\u00ecnh R\u0103ng &#8211; Khoa RHM &#8211; \u0110\u1ea1i H\u1ecdc Khon Kaen &#8211; Th\u00e1i Lan, 2015. Ch\u1ee9ng ch\u1ec9: + Ch\u1ee9ng ch\u1ec9: C\u1ea5y Gh\u00e9p Nha Khoa \u2013 [&hellip;]\" \/>\n<meta property=\"og:url\" content=\"https:\/\/premierdental.vn\/en\/bac-si-nguyen-thi-minh-hien\/\" \/>\n<meta property=\"og:site_name\" content=\"Premier Dental\" \/>\n<meta property=\"article:modified_time\" content=\"2024-11-20T15:32:03+00:00\" \/>\n<meta property=\"og:image\" content=\"https:\/\/premierdental.vn\/wp-content\/uploads\/2024\/10\/7BS_-HIEN.jpg\" \/>\n\t<meta property=\"og:image:width\" content=\"450\" \/>\n\t<meta property=\"og:image:height\" content=\"352\" \/>\n\t<meta property=\"og:image:type\" content=\"image\/jpeg\" \/>\n<meta name=\"twitter:card\" content=\"summary_large_image\" \/>\n<meta name=\"twitter:label1\" content=\"Est. reading time\" \/>\n\t<meta name=\"twitter:data1\" content=\"1 minute\" \/>\n<script type=\"application\/ld+json\" class=\"yoast-schema-graph\">{\"@context\":\"https:\/\/schema.org\",\"@graph\":[{\"@type\":\"WebPage\",\"@id\":\"https:\/\/premierdental.vn\/bac-si-nguyen-thi-minh-hien\/\",\"url\":\"https:\/\/premierdental.vn\/bac-si-nguyen-thi-minh-hien\/\",\"name\":\"B\u00e1c s\u0129 Nguy\u1ec5n Th\u1ecb Minh Hi\u1ec1n - Premier Dental\",\"isPartOf\":{\"@id\":\"https:\/\/premierdental.vn\/#website\"},\"primaryImageOfPage\":{\"@id\":\"https:\/\/premierdental.vn\/bac-si-nguyen-thi-minh-hien\/#primaryimage\"},\"image\":{\"@id\":\"https:\/\/premierdental.vn\/bac-si-nguyen-thi-minh-hien\/#primaryimage\"},\"thumbnailUrl\":\"https:\/\/premierdental.vn\/wp-content\/uploads\/2024\/10\/7BS_-HIEN.jpg\",\"datePublished\":\"2023-08-01T06:53:08+00:00\",\"dateModified\":\"2024-11-20T15:32:03+00:00\",\"inLanguage\":\"en-US\",\"potentialAction\":[{\"@type\":\"ReadAction\",\"target\":[\"https:\/\/premierdental.vn\/bac-si-nguyen-thi-minh-hien\/\"]}]},{\"@type\":\"ImageObject\",\"inLanguage\":\"en-US\",\"@id\":\"https:\/\/premierdental.vn\/bac-si-nguyen-thi-minh-hien\/#primaryimage\",\"url\":\"https:\/\/premierdental.vn\/wp-content\/uploads\/2024\/10\/7BS_-HIEN.jpg\",\"contentUrl\":\"https:\/\/premierdental.vn\/wp-content\/uploads\/2024\/10\/7BS_-HIEN.jpg\",\"width\":450,\"height\":352},{\"@type\":\"WebSite\",\"@id\":\"https:\/\/premierdental.vn\/#website\",\"url\":\"https:\/\/premierdental.vn\/\",\"name\":\"Premier Dental\",\"description\":\"Premier Dental\",\"potentialAction\":[{\"@type\":\"SearchAction\",\"target\":{\"@type\":\"EntryPoint\",\"urlTemplate\":\"https:\/\/premierdental.vn\/?s={search_term_string}\"},\"query-input\":{\"@type\":\"PropertyValueSpecification\",\"valueRequired\":true,\"valueName\":\"search_term_string\"}}],\"inLanguage\":\"en-US\"}]}<\/script>\n<!-- \/ Yoast SEO plugin. -->","yoast_head_json":{"title":"B\u00e1c s\u0129 Nguy\u1ec5n Th\u1ecb Minh Hi\u1ec1n - Premier Dental","robots":{"index":"index","follow":"follow","max-snippet":"max-snippet:-1","max-image-preview":"max-image-preview:large","max-video-preview":"max-video-preview:-1"},"canonical":"https:\/\/premierdental.vn\/en\/bac-si-nguyen-thi-minh-hien\/","og_locale":"en_US","og_type":"article","og_title":"B\u00e1c s\u0129 Nguy\u1ec5n Th\u1ecb Minh Hi\u1ec1n - Premier Dental","og_description":"B\u1eb1ng c\u1ea5p Nha khoa: B\u00e1c s\u0129 R\u0103ng H\u00e0m M\u1eb7t \u2013 Khoa RHM- \u0110\u1ea1i H\u1ecdc Y D\u01b0\u1ee3c TP. HCM, 2010. C\u00e1c v\u0103n b\u1eb1ng\/ b\u1eb1ng c\u1ea5p kh\u00e1c (sau \u0110\u1ea1i h\u1ecdc): Th\u1ea1c s\u0129 Ph\u1ee5c H\u00ecnh R\u0103ng &#8211; Khoa RHM &#8211; \u0110\u1ea1i H\u1ecdc Khon Kaen &#8211; Th\u00e1i Lan, 2015. Ch\u1ee9ng ch\u1ec9: + Ch\u1ee9ng ch\u1ec9: C\u1ea5y Gh\u00e9p Nha Khoa \u2013 [&hellip;]","og_url":"https:\/\/premierdental.vn\/en\/bac-si-nguyen-thi-minh-hien\/","og_site_name":"Premier Dental","article_modified_time":"2024-11-20T15:32:03+00:00","og_image":[{"width":450,"height":352,"url":"https:\/\/premierdental.vn\/wp-content\/uploads\/2024\/10\/7BS_-HIEN.jpg","type":"image\/jpeg"}],"twitter_card":"summary_large_image","twitter_misc":{"Est. reading time":"1 minute"},"schema":{"@context":"https:\/\/schema.org","@graph":[{"@type":"WebPage","@id":"https:\/\/premierdental.vn\/bac-si-nguyen-thi-minh-hien\/","url":"https:\/\/premierdental.vn\/bac-si-nguyen-thi-minh-hien\/","name":"B\u00e1c s\u0129 Nguy\u1ec5n Th\u1ecb Minh Hi\u1ec1n - Premier Dental","isPartOf":{"@id":"https:\/\/premierdental.vn\/#website"},"primaryImageOfPage":{"@id":"https:\/\/premierdental.vn\/bac-si-nguyen-thi-minh-hien\/#primaryimage"},"image":{"@id":"https:\/\/premierdental.vn\/bac-si-nguyen-thi-minh-hien\/#primaryimage"},"thumbnailUrl":"https:\/\/premierdental.vn\/wp-content\/uploads\/2024\/10\/7BS_-HIEN.jpg","datePublished":"2023-08-01T06:53:08+00:00","dateModified":"2024-11-20T15:32:03+00:00","inLanguage":"en-US","potentialAction":[{"@type":"ReadAction","target":["https:\/\/premierdental.vn\/bac-si-nguyen-thi-minh-hien\/"]}]},{"@type":"ImageObject","inLanguage":"en-US","@id":"https:\/\/premierdental.vn\/bac-si-nguyen-thi-minh-hien\/#primaryimage","url":"https:\/\/premierdental.vn\/wp-content\/uploads\/2024\/10\/7BS_-HIEN.jpg","contentUrl":"https:\/\/premierdental.vn\/wp-content\/uploads\/2024\/10\/7BS_-HIEN.jpg","width":450,"height":352},{"@type":"WebSite","@id":"https:\/\/premierdental.vn\/#website","url":"https:\/\/premierdental.vn\/","name":"Premier Dental","description":"Premier Dental","potentialAction":[{"@type":"SearchAction","target":{"@type":"EntryPoint","urlTemplate":"https:\/\/premierdental.vn\/?s={search_term_string}"},"query-input":{"@type":"PropertyValueSpecification","valueRequired":true,"valueName":"search_term_string"}}],"inLanguage":"en-US"}]}},"_links":{"self":[{"href":"https:\/\/premierdental.vn\/en\/wp-json\/wp\/v2\/pages\/4586","targetHints":{"allow":["GET"]}}],"collection":[{"href":"https:\/\/premierdental.vn\/en\/wp-json\/wp\/v2\/pages"}],"about":[{"href":"https:\/\/premierdental.vn\/en\/wp-json\/wp\/v2\/types\/page"}],"author":[{"embeddable":true,"href":"https:\/\/premierdental.vn\/en\/wp-json\/wp\/v2\/users\/2"}],"replies":[{"embeddable":true,"href":"https:\/\/premierdental.vn\/en\/wp-json\/wp\/v2\/comments?post=4586"}],"version-history":[{"count":6,"href":"https:\/\/premierdental.vn\/en\/wp-json\/wp\/v2\/pages\/4586\/revisions"}],"predecessor-version":[{"id":8288,"href":"https:\/\/premierdental.vn\/en\/wp-json\/wp\/v2\/pages\/4586\/revisions\/8288"}],"wp:featuredmedia":[{"embeddable":true,"href":"https:\/\/premierdental.vn\/en\/wp-json\/wp\/v2\/media\/8143"}],"wp:attachment":[{"href":"https:\/\/premierdental.vn\/en\/wp-json\/wp\/v2\/media?parent=4586"}],"curies":[{"name":"wp","href":"https:\/\/api.w.org\/{rel}","templated":true}]}}