{"id":454,"date":"2020-12-14T04:45:00","date_gmt":"2020-12-14T04:45:00","guid":{"rendered":"https:\/\/premierdental.vn\/?page_id=454"},"modified":"2024-11-20T20:35:09","modified_gmt":"2024-11-20T13:35:09","slug":"dr-thinh-hoang-vinh","status":"publish","type":"page","link":"https:\/\/premierdental.vn\/en\/dr-thinh-hoang-vinh\/","title":{"rendered":"Dr. Richie Hoang"},"content":{"rendered":"<ul> <li>Dental Degree: Ho Chi Minh City Medicine and Pharmacy University - DDS - graduated in 2017<\/li> <li>Certificates: Implant - Basic Certificate - T5\/2022<\/li> <li>Current areas of dental expertise\/practice: General dentist + Prosthodontist<\/li> <li>Outstanding achievements\/Work experience: 7 years<\/li> <li>Special dental clinical interest for future development: Prosthodontist + Implantologist<\/li> <li>Professional Philosophy: Treat the patient as same as my relative<\/li> <li>Hobbies: Enjoy with my family<\/li> <\/ul> <p><strong>H\u00ecnh \u1ea3nh Ch\u1ee9ng ch\u1ec9 v\u00e0 B\u1eb1ng c\u1ea5p:<\/strong><\/p> <p><img fetchpriority=\"high\" decoding=\"async\" class=\"alignnone size-full wp-image-8277\" src=\"https:\/\/premierdental.vn\/wp-content\/uploads\/2024\/11\/2.-BS-Hoang-Vinh-Thinh.jpg\" alt=\"\" width=\"1239\" height=\"1614\" srcset=\"https:\/\/premierdental.vn\/wp-content\/uploads\/2024\/11\/2.-BS-Hoang-Vinh-Thinh.jpg 1239w, https:\/\/premierdental.vn\/wp-content\/uploads\/2024\/11\/2.-BS-Hoang-Vinh-Thinh-230x300.jpg 230w, https:\/\/premierdental.vn\/wp-content\/uploads\/2024\/11\/2.-BS-Hoang-Vinh-Thinh-786x1024.jpg 786w, https:\/\/premierdental.vn\/wp-content\/uploads\/2024\/11\/2.-BS-Hoang-Vinh-Thinh-768x1000.jpg 768w, https:\/\/premierdental.vn\/wp-content\/uploads\/2024\/11\/2.-BS-Hoang-Vinh-Thinh-1179x1536.jpg 1179w, https:\/\/premierdental.vn\/wp-content\/uploads\/2024\/11\/2.-BS-Hoang-Vinh-Thinh-9x12.jpg 9w\" sizes=\"(max-width: 1239px) 100vw, 1239px\" \/><\/p>","protected":false},"excerpt":{"rendered":"<p>B\u1eb1ng c\u1ea5p Nha khoa: \u0110\u1ea1i H\u1ecdc Y d\u01b0\u1ee3c TPHCM &#8211; t\u1ed1t nghi\u1ec7p BS kho\u00e1 2017 Ch\u1ee9ng ch\u1ec9: Implant &#8211; T5\/2022 L\u0129nh v\u1ef1c chuy\u00ean m\u00f4n\/h\u00e0nh ngh\u1ec1 nha khoa hi\u1ec7n t\u1ea1i: B\u00e1c s\u0129 T\u1ed5ng Qu\u00e1t Th\u00e0nh t\u00edch ho\u1ea1t \u0111\u1ed9ng n\u1ed5i b\u1eadt\/ Kinh nghi\u1ec7m l\u00e0m vi\u1ec7c: 7 n\u0103m kinh nghi\u1ec7m Chuy\u00ean m\u00f4n Nha khoa mong mu\u1ed1n h\u01b0\u1edbng \u0111\u1ebfn [&hellip;]<\/p>","protected":false},"author":1,"featured_media":1859,"parent":0,"menu_order":0,"comment_status":"closed","ping_status":"closed","template":"template\/doctor.php","meta":{"footnotes":""},"class_list":["post-454","page","type-page","status-publish","has-post-thumbnail","hentry"],"acf":[],"yoast_head":"<!-- This site is optimized with the Yoast SEO plugin v26.9 - https:\/\/yoast.com\/product\/yoast-seo-wordpress\/ -->\n<title>B\u00e1c s\u0129 Ho\u00e0ng V\u0129nh Th\u1ecbnh - Premier Dental<\/title>\n<meta name=\"robots\" content=\"index, follow, max-snippet:-1, max-image-preview:large, max-video-preview:-1\" \/>\n<link rel=\"canonical\" href=\"https:\/\/premierdental.vn\/en\/dr-thinh-hoang-vinh\/\" \/>\n<meta property=\"og:locale\" content=\"en_US\" \/>\n<meta property=\"og:type\" content=\"article\" \/>\n<meta property=\"og:title\" content=\"B\u00e1c s\u0129 Ho\u00e0ng V\u0129nh Th\u1ecbnh - Premier Dental\" \/>\n<meta property=\"og:description\" content=\"B\u1eb1ng c\u1ea5p Nha khoa: \u0110\u1ea1i H\u1ecdc Y d\u01b0\u1ee3c TPHCM &#8211; t\u1ed1t nghi\u1ec7p BS kho\u00e1 2017 Ch\u1ee9ng ch\u1ec9: Implant &#8211; T5\/2022 L\u0129nh v\u1ef1c chuy\u00ean m\u00f4n\/h\u00e0nh ngh\u1ec1 nha khoa hi\u1ec7n t\u1ea1i: B\u00e1c s\u0129 T\u1ed5ng Qu\u00e1t Th\u00e0nh t\u00edch ho\u1ea1t \u0111\u1ed9ng n\u1ed5i b\u1eadt\/ Kinh nghi\u1ec7m l\u00e0m vi\u1ec7c: 7 n\u0103m kinh nghi\u1ec7m Chuy\u00ean m\u00f4n Nha khoa mong mu\u1ed1n h\u01b0\u1edbng \u0111\u1ebfn [&hellip;]\" \/>\n<meta property=\"og:url\" content=\"https:\/\/premierdental.vn\/en\/dr-thinh-hoang-vinh\/\" \/>\n<meta property=\"og:site_name\" content=\"Premier Dental\" \/>\n<meta property=\"article:modified_time\" content=\"2024-11-20T13:35:09+00:00\" \/>\n<meta property=\"og:image\" content=\"https:\/\/premierdental.vn\/wp-content\/uploads\/2021\/06\/dr-thinh.jpg\" \/>\n\t<meta property=\"og:image:width\" content=\"450\" \/>\n\t<meta property=\"og:image:height\" content=\"352\" \/>\n\t<meta property=\"og:image:type\" content=\"image\/jpeg\" \/>\n<meta name=\"twitter:card\" content=\"summary_large_image\" \/>\n<meta name=\"twitter:label1\" content=\"Est. reading time\" \/>\n\t<meta name=\"twitter:data1\" content=\"1 minute\" \/>\n<script type=\"application\/ld+json\" class=\"yoast-schema-graph\">{\"@context\":\"https:\/\/schema.org\",\"@graph\":[{\"@type\":\"WebPage\",\"@id\":\"https:\/\/premierdental.vn\/dr-thinh-hoang-vinh\/\",\"url\":\"https:\/\/premierdental.vn\/dr-thinh-hoang-vinh\/\",\"name\":\"B\u00e1c s\u0129 Ho\u00e0ng V\u0129nh Th\u1ecbnh - Premier Dental\",\"isPartOf\":{\"@id\":\"https:\/\/premierdental.vn\/#website\"},\"primaryImageOfPage\":{\"@id\":\"https:\/\/premierdental.vn\/dr-thinh-hoang-vinh\/#primaryimage\"},\"image\":{\"@id\":\"https:\/\/premierdental.vn\/dr-thinh-hoang-vinh\/#primaryimage\"},\"thumbnailUrl\":\"https:\/\/premierdental.vn\/wp-content\/uploads\/2021\/06\/dr-thinh.jpg\",\"datePublished\":\"2020-12-14T04:45:00+00:00\",\"dateModified\":\"2024-11-20T13:35:09+00:00\",\"inLanguage\":\"en-US\",\"potentialAction\":[{\"@type\":\"ReadAction\",\"target\":[\"https:\/\/premierdental.vn\/dr-thinh-hoang-vinh\/\"]}]},{\"@type\":\"ImageObject\",\"inLanguage\":\"en-US\",\"@id\":\"https:\/\/premierdental.vn\/dr-thinh-hoang-vinh\/#primaryimage\",\"url\":\"https:\/\/premierdental.vn\/wp-content\/uploads\/2021\/06\/dr-thinh.jpg\",\"contentUrl\":\"https:\/\/premierdental.vn\/wp-content\/uploads\/2021\/06\/dr-thinh.jpg\",\"width\":450,\"height\":352,\"caption\":\"b\u00e1c s\u0129 Premier Dental\"},{\"@type\":\"WebSite\",\"@id\":\"https:\/\/premierdental.vn\/#website\",\"url\":\"https:\/\/premierdental.vn\/\",\"name\":\"Premier Dental\",\"description\":\"Premier Dental\",\"potentialAction\":[{\"@type\":\"SearchAction\",\"target\":{\"@type\":\"EntryPoint\",\"urlTemplate\":\"https:\/\/premierdental.vn\/?s={search_term_string}\"},\"query-input\":{\"@type\":\"PropertyValueSpecification\",\"valueRequired\":true,\"valueName\":\"search_term_string\"}}],\"inLanguage\":\"en-US\"}]}<\/script>\n<!-- \/ Yoast SEO plugin. -->","yoast_head_json":{"title":"B\u00e1c s\u0129 Ho\u00e0ng V\u0129nh Th\u1ecbnh - Premier Dental","robots":{"index":"index","follow":"follow","max-snippet":"max-snippet:-1","max-image-preview":"max-image-preview:large","max-video-preview":"max-video-preview:-1"},"canonical":"https:\/\/premierdental.vn\/en\/dr-thinh-hoang-vinh\/","og_locale":"en_US","og_type":"article","og_title":"B\u00e1c s\u0129 Ho\u00e0ng V\u0129nh Th\u1ecbnh - Premier Dental","og_description":"B\u1eb1ng c\u1ea5p Nha khoa: \u0110\u1ea1i H\u1ecdc Y d\u01b0\u1ee3c TPHCM &#8211; t\u1ed1t nghi\u1ec7p BS kho\u00e1 2017 Ch\u1ee9ng ch\u1ec9: Implant &#8211; T5\/2022 L\u0129nh v\u1ef1c chuy\u00ean m\u00f4n\/h\u00e0nh ngh\u1ec1 nha khoa hi\u1ec7n t\u1ea1i: B\u00e1c s\u0129 T\u1ed5ng Qu\u00e1t Th\u00e0nh t\u00edch ho\u1ea1t \u0111\u1ed9ng n\u1ed5i b\u1eadt\/ Kinh nghi\u1ec7m l\u00e0m vi\u1ec7c: 7 n\u0103m kinh nghi\u1ec7m Chuy\u00ean m\u00f4n Nha khoa mong mu\u1ed1n h\u01b0\u1edbng \u0111\u1ebfn [&hellip;]","og_url":"https:\/\/premierdental.vn\/en\/dr-thinh-hoang-vinh\/","og_site_name":"Premier Dental","article_modified_time":"2024-11-20T13:35:09+00:00","og_image":[{"width":450,"height":352,"url":"https:\/\/premierdental.vn\/wp-content\/uploads\/2021\/06\/dr-thinh.jpg","type":"image\/jpeg"}],"twitter_card":"summary_large_image","twitter_misc":{"Est. reading time":"1 minute"},"schema":{"@context":"https:\/\/schema.org","@graph":[{"@type":"WebPage","@id":"https:\/\/premierdental.vn\/dr-thinh-hoang-vinh\/","url":"https:\/\/premierdental.vn\/dr-thinh-hoang-vinh\/","name":"B\u00e1c s\u0129 Ho\u00e0ng V\u0129nh Th\u1ecbnh - Premier Dental","isPartOf":{"@id":"https:\/\/premierdental.vn\/#website"},"primaryImageOfPage":{"@id":"https:\/\/premierdental.vn\/dr-thinh-hoang-vinh\/#primaryimage"},"image":{"@id":"https:\/\/premierdental.vn\/dr-thinh-hoang-vinh\/#primaryimage"},"thumbnailUrl":"https:\/\/premierdental.vn\/wp-content\/uploads\/2021\/06\/dr-thinh.jpg","datePublished":"2020-12-14T04:45:00+00:00","dateModified":"2024-11-20T13:35:09+00:00","inLanguage":"en-US","potentialAction":[{"@type":"ReadAction","target":["https:\/\/premierdental.vn\/dr-thinh-hoang-vinh\/"]}]},{"@type":"ImageObject","inLanguage":"en-US","@id":"https:\/\/premierdental.vn\/dr-thinh-hoang-vinh\/#primaryimage","url":"https:\/\/premierdental.vn\/wp-content\/uploads\/2021\/06\/dr-thinh.jpg","contentUrl":"https:\/\/premierdental.vn\/wp-content\/uploads\/2021\/06\/dr-thinh.jpg","width":450,"height":352,"caption":"b\u00e1c s\u0129 Premier Dental"},{"@type":"WebSite","@id":"https:\/\/premierdental.vn\/#website","url":"https:\/\/premierdental.vn\/","name":"Premier Dental","description":"Premier Dental","potentialAction":[{"@type":"SearchAction","target":{"@type":"EntryPoint","urlTemplate":"https:\/\/premierdental.vn\/?s={search_term_string}"},"query-input":{"@type":"PropertyValueSpecification","valueRequired":true,"valueName":"search_term_string"}}],"inLanguage":"en-US"}]}},"_links":{"self":[{"href":"https:\/\/premierdental.vn\/en\/wp-json\/wp\/v2\/pages\/454","targetHints":{"allow":["GET"]}}],"collection":[{"href":"https:\/\/premierdental.vn\/en\/wp-json\/wp\/v2\/pages"}],"about":[{"href":"https:\/\/premierdental.vn\/en\/wp-json\/wp\/v2\/types\/page"}],"author":[{"embeddable":true,"href":"https:\/\/premierdental.vn\/en\/wp-json\/wp\/v2\/users\/1"}],"replies":[{"embeddable":true,"href":"https:\/\/premierdental.vn\/en\/wp-json\/wp\/v2\/comments?post=454"}],"version-history":[{"count":8,"href":"https:\/\/premierdental.vn\/en\/wp-json\/wp\/v2\/pages\/454\/revisions"}],"predecessor-version":[{"id":8278,"href":"https:\/\/premierdental.vn\/en\/wp-json\/wp\/v2\/pages\/454\/revisions\/8278"}],"wp:featuredmedia":[{"embeddable":true,"href":"https:\/\/premierdental.vn\/en\/wp-json\/wp\/v2\/media\/1859"}],"wp:attachment":[{"href":"https:\/\/premierdental.vn\/en\/wp-json\/wp\/v2\/media?parent=454"}],"curies":[{"name":"wp","href":"https:\/\/api.w.org\/{rel}","templated":true}]}}