{"id":450,"date":"2020-12-14T04:42:24","date_gmt":"2020-12-14T04:42:24","guid":{"rendered":"https:\/\/premierdental.vn\/?page_id=450"},"modified":"2024-11-20T20:33:18","modified_gmt":"2024-11-20T13:33:18","slug":"ths-bs-albert-le-khoi-viet","status":"publish","type":"page","link":"https:\/\/premierdental.vn\/en\/ths-bs-albert-le-khoi-viet\/","title":{"rendered":"Dr. Albert Viet Le"},"content":{"rendered":"<h1><span style=\"color: #003366;\">Specialist Periodontist and Implantologist<\/span><\/h1> <p class=\"quote\">\" If our eyes are the window to our soul,  our smile is the light in the window of our soul. Our smile captures our inner emotions and has the power to impact people. I want everyone to tap into the power of their smile\".<\/p> <h3><span style=\"color: #003366;\">Education and career<\/span><\/h3> <p>In 2003, Dr. Albert Viet Le completed his dental training at Melbourne University (Australia), graduating with honours and was awarded the WJ Tuckfield Prize for high performance in prosthodontics. After graduation, he worked as a full-time Dental Officer in the Australian Army from 2003-2007 where he served in Australia, Asia and Iraq. Dr. Albert Viet Le transferred to the Army Reserves and entered full-time private practice for 7 years where he enjoyed providing highest quality general dentistry. During this time, Dr. Albert Viet Le completed advanced training in endodontics and restorative dentistry, and a 2-year implantology program at Melbourne University where he learned surgery and prosthodontics.<\/p> <p>With the mission to offer clinical excellence for his patients, he moved to the USA for advanced specialist training in periodontics and implant dentistry at Columbia University (New York), one of the top dental schools in the USA.  During his specialty training, Dr. Albert Viet Le received awards for best academic and clinical performance. After finishing the 3-year full-time program in 2016, he was invited to teach and research at Columbia University. He is a specialist periodontist and Diplomate of the American Board of Periodontology.<\/p> <h3><span style=\"color: #003366;\">Inner desire to make a positive difference in his parent\u2019s homeland<\/span><\/h3> <p>Although he was born and raised in Australia, Dr. Albert Viet Le had a desire to return to Vietnam, his parents\u2019 homeland, to make a positive impact. That thought stuck in his mind for a long time. He shared: \u201cI have helped many people in Australia and the United States. I am also blessed to have learned and trained at prestigious schools. Now, I want to help and serve the Vietnamese people in Vietnam.\u201d  He returned to Vietnam and is contributing to the profession by teaching and training dentists here.<\/p> <p>In addition, Dr. Albert Viet Le plays significantly important roles at Nha Viet Dental as the specialist expert in Periodontal disease and dental implant dentistry.  With his mission to bring international dental treatment standards to Vietnam, Dr. Albert Viet Le is turning <a href=\"https:\/\/premierdental.vn\/en\/\">Premier Dental<\/a> into a world-class dental clinic. Dr. Albert Viet Le applies advanced knowledge that he has learned and practiced abroad for patients at Nha Viet Dental. The goal which he and his staff are striving for is that Nha Viet Dental will be a dental center offering honest, meticulous clinical care and excellent customer service.<\/p> <h3><span style=\"color: #003366;\">A humble doctor despite tremendous achievements<\/span><\/h3> <p>It can be said that with his impressive academic achievement and many years of professional experience with more than 2000 periodontal cases, over 1000 dental implant cases, and 1000 porcelain prosthetic cases, Dr. Albert Viet Le has the right to be proud of the success he has achieved. But in fact, most people who know him would all say he is a sociable, humble doctor, and highly focused on his patient\u2019s well-being. He is always available for his patients and always treat patients with the utmost conscientiousness and gentle care.<\/p> <p>With the advantage of having English as his first language, Dr. Albert Viet Le can easily communicate with customers who don\u2019t speak Vietnamese. Therefore, more and more people are coming to see Dr. Albert Viet Le.  His work schedule is always full due to the trust from numerous domestic and foreign patients.<\/p> <p>Besides a successful career, Dr. Albert Viet Le has a special interest in travel. You will be surprised to know that Dr. Albert Viet Le has traveled to 45 countries. His personal goal is to visit 100 countries. To him, traveling is the most effective way to reduce stress and learn new things. In addition, he also enjoys playing tennis, watching movies, and enjoying classic Broadway plays.<\/p> <p>Dr. Albert Viet Le\u2019s favorite quote: \u201cDon\u2019t try to be a successful person but try to become a person of value\u201d (Albert Einstein) which he applies to his daily life.  Those around him have never seen him look tired or complain about anything, he just keeps on passionately helping as many people as possible and contributing to the dental profession.<\/p> <p>Dr. Albert Viet Le - Australian and USA-board certified specialist in Periodontics and Implant Dentistry<br \/> 20 years of international clinical experience<\/p> <ul> <li>Dental degree with Honours - Melbourne University, Australia (2003)<\/li> <li>Postgraduate training in Implant Dentistry and Prosthodontics - Melbourne University, Australia (2012)<\/li> <li>Postgraduate training in Periodontics and Implant Dentistry - Columbia University, New York, USA (2016)<\/li> <li>USA &amp; Australian Board-Certified Specialist &amp; Diplomate of the American Board of Periodontology. <a href=\"https:\/\/www.icoi.org\/\">https:\/\/www.icoi.org\/<\/a><\/li> <\/ul> <p><strong>H\u00ecnh \u1ea3nh Ch\u1ee9ng ch\u1ec9 v\u00e0 B\u1eb1ng c\u1ea5p:<\/strong><\/p> <p><img fetchpriority=\"high\" decoding=\"async\" class=\"alignnone size-full wp-image-8274\" src=\"https:\/\/premierdental.vn\/wp-content\/uploads\/2024\/11\/1.-BS-Albert-Le-Khoi-Viet.jpg\" alt=\"\" width=\"1205\" height=\"1719\" srcset=\"https:\/\/premierdental.vn\/wp-content\/uploads\/2024\/11\/1.-BS-Albert-Le-Khoi-Viet.jpg 1205w, https:\/\/premierdental.vn\/wp-content\/uploads\/2024\/11\/1.-BS-Albert-Le-Khoi-Viet-210x300.jpg 210w, https:\/\/premierdental.vn\/wp-content\/uploads\/2024\/11\/1.-BS-Albert-Le-Khoi-Viet-718x1024.jpg 718w, https:\/\/premierdental.vn\/wp-content\/uploads\/2024\/11\/1.-BS-Albert-Le-Khoi-Viet-768x1096.jpg 768w, https:\/\/premierdental.vn\/wp-content\/uploads\/2024\/11\/1.-BS-Albert-Le-Khoi-Viet-1077x1536.jpg 1077w, https:\/\/premierdental.vn\/wp-content\/uploads\/2024\/11\/1.-BS-Albert-Le-Khoi-Viet-8x12.jpg 8w\" sizes=\"(max-width: 1205px) 100vw, 1205px\" \/><\/p>","protected":false},"excerpt":{"rendered":"<p>Chuy\u00ean gia nha chu v\u00e0 c\u1ea5y gh\u00e9p r\u0103ng t\u1ea1i Vi\u1ec7t Nam &#8220;N\u1ee5 c\u01b0\u1eddi c\u00f3 s\u1ee9c m\u1ea1nh th\u1eadt s\u1ef1 k\u00ec di\u1ec7u. M\u1ed9t n\u1ee5 c\u01b0\u1eddi \u0111\u1eb9p khi\u1ebfn m\u1ecdi kho\u1ea3nh kh\u1eafc \u0111\u1ec1u tr\u1edf n\u00ean \u0111\u00e1ng gi\u00e1\u00a0 v\u00e0 ch\u1ea1m \u0111\u1ebfn tr\u00e1i tim ng\u01b0\u1eddi \u0111\u1ed1i di\u1ec7n. T\u00f4i mong mu\u1ed1n t\u1ea5t c\u1ea3 m\u1ecdi ng\u01b0\u1eddi c\u00f3 th\u1ec3 tr\u1ea3i nghi\u1ec7m s\u1ee9c m\u1ea1nh k\u00ec [&hellip;]<\/p>","protected":false},"author":1,"featured_media":80,"parent":0,"menu_order":0,"comment_status":"closed","ping_status":"closed","template":"template\/doctor.php","meta":{"footnotes":""},"class_list":["post-450","page","type-page","status-publish","has-post-thumbnail","hentry"],"acf":[],"yoast_head":"<!-- This site is optimized with the Yoast SEO plugin v26.9 - https:\/\/yoast.com\/product\/yoast-seo-wordpress\/ -->\n<title>Dr. Albert L\u00ea Kh\u00f4i Vi\u1ec7t, 20 n\u0103m kinh nghi\u1ec7m c\u1ea5y gh\u00e9p &amp; \u0111i\u1ec1u tr\u1ecb nha chu...<\/title>\n<meta name=\"description\" content=\"L\u00e0 b\u00e1c s\u0129 duy nh\u1ea5t \u1edf Vi\u1ec7t Nam \u0111\u01b0\u1ee3c c\u1ea5p ch\u1ee9ng ch\u1ec9 th\u1ef1c h\u00e0nh nha chu qu\u1ed1c t\u1ebf v\u1edbi g\u1ea7n 20 n\u0103m kinh nghi\u1ec7m l\u00e2m s\u00e0ng qu\u1ed1c t\u1ebf t\u1ea1i \u00dac v\u00e0 M\u0129\" \/>\n<meta name=\"robots\" content=\"index, follow, max-snippet:-1, max-image-preview:large, max-video-preview:-1\" \/>\n<link rel=\"canonical\" href=\"https:\/\/premierdental.vn\/en\/ths-bs-albert-le-khoi-viet\/\" \/>\n<meta property=\"og:locale\" content=\"en_US\" \/>\n<meta property=\"og:type\" content=\"article\" \/>\n<meta property=\"og:title\" content=\"Dr. Albert L\u00ea Kh\u00f4i Vi\u1ec7t, 20 n\u0103m kinh nghi\u1ec7m c\u1ea5y gh\u00e9p &amp; \u0111i\u1ec1u tr\u1ecb nha chu...\" \/>\n<meta property=\"og:description\" content=\"L\u00e0 b\u00e1c s\u0129 duy nh\u1ea5t \u1edf Vi\u1ec7t Nam \u0111\u01b0\u1ee3c c\u1ea5p ch\u1ee9ng ch\u1ec9 th\u1ef1c h\u00e0nh nha chu qu\u1ed1c t\u1ebf v\u1edbi g\u1ea7n 20 n\u0103m kinh nghi\u1ec7m l\u00e2m s\u00e0ng qu\u1ed1c t\u1ebf t\u1ea1i \u00dac v\u00e0 M\u0129\" \/>\n<meta property=\"og:url\" content=\"https:\/\/premierdental.vn\/en\/ths-bs-albert-le-khoi-viet\/\" \/>\n<meta property=\"og:site_name\" content=\"Premier Dental\" \/>\n<meta property=\"article:modified_time\" content=\"2024-11-20T13:33:18+00:00\" \/>\n<meta property=\"og:image\" content=\"https:\/\/premierdental.vn\/wp-content\/uploads\/2020\/10\/home-mb2-img-min.jpg\" \/>\n\t<meta property=\"og:image:width\" content=\"450\" \/>\n\t<meta property=\"og:image:height\" content=\"352\" \/>\n\t<meta property=\"og:image:type\" content=\"image\/jpeg\" \/>\n<meta name=\"twitter:card\" content=\"summary_large_image\" \/>\n<meta name=\"twitter:label1\" content=\"Est. reading time\" \/>\n\t<meta name=\"twitter:data1\" content=\"9 minutes\" \/>\n<script type=\"application\/ld+json\" class=\"yoast-schema-graph\">{\"@context\":\"https:\/\/schema.org\",\"@graph\":[{\"@type\":\"WebPage\",\"@id\":\"https:\/\/premierdental.vn\/ths-bs-albert-le-khoi-viet\/\",\"url\":\"https:\/\/premierdental.vn\/ths-bs-albert-le-khoi-viet\/\",\"name\":\"Dr. Albert L\u00ea Kh\u00f4i Vi\u1ec7t, 20 n\u0103m kinh nghi\u1ec7m c\u1ea5y gh\u00e9p & \u0111i\u1ec1u tr\u1ecb nha chu...\",\"isPartOf\":{\"@id\":\"https:\/\/premierdental.vn\/#website\"},\"primaryImageOfPage\":{\"@id\":\"https:\/\/premierdental.vn\/ths-bs-albert-le-khoi-viet\/#primaryimage\"},\"image\":{\"@id\":\"https:\/\/premierdental.vn\/ths-bs-albert-le-khoi-viet\/#primaryimage\"},\"thumbnailUrl\":\"https:\/\/premierdental.vn\/wp-content\/uploads\/2020\/10\/home-mb2-img-min.jpg\",\"datePublished\":\"2020-12-14T04:42:24+00:00\",\"dateModified\":\"2024-11-20T13:33:18+00:00\",\"description\":\"L\u00e0 b\u00e1c s\u0129 duy nh\u1ea5t \u1edf Vi\u1ec7t Nam \u0111\u01b0\u1ee3c c\u1ea5p ch\u1ee9ng ch\u1ec9 th\u1ef1c h\u00e0nh nha chu qu\u1ed1c t\u1ebf v\u1edbi g\u1ea7n 20 n\u0103m kinh nghi\u1ec7m l\u00e2m s\u00e0ng qu\u1ed1c t\u1ebf t\u1ea1i \u00dac v\u00e0 M\u0129\",\"inLanguage\":\"en-US\",\"potentialAction\":[{\"@type\":\"ReadAction\",\"target\":[\"https:\/\/premierdental.vn\/ths-bs-albert-le-khoi-viet\/\"]}]},{\"@type\":\"ImageObject\",\"inLanguage\":\"en-US\",\"@id\":\"https:\/\/premierdental.vn\/ths-bs-albert-le-khoi-viet\/#primaryimage\",\"url\":\"https:\/\/premierdental.vn\/wp-content\/uploads\/2020\/10\/home-mb2-img-min.jpg\",\"contentUrl\":\"https:\/\/premierdental.vn\/wp-content\/uploads\/2020\/10\/home-mb2-img-min.jpg\",\"width\":450,\"height\":352,\"caption\":\"B\u00e1c s\u0129 Albert Vi\u1ec7t L\u00ea\"},{\"@type\":\"WebSite\",\"@id\":\"https:\/\/premierdental.vn\/#website\",\"url\":\"https:\/\/premierdental.vn\/\",\"name\":\"Premier Dental\",\"description\":\"Premier Dental\",\"potentialAction\":[{\"@type\":\"SearchAction\",\"target\":{\"@type\":\"EntryPoint\",\"urlTemplate\":\"https:\/\/premierdental.vn\/?s={search_term_string}\"},\"query-input\":{\"@type\":\"PropertyValueSpecification\",\"valueRequired\":true,\"valueName\":\"search_term_string\"}}],\"inLanguage\":\"en-US\"}]}<\/script>\n<!-- \/ Yoast SEO plugin. -->","yoast_head_json":{"title":"Dr. Albert L\u00ea Kh\u00f4i Vi\u1ec7t, 20 n\u0103m kinh nghi\u1ec7m c\u1ea5y gh\u00e9p & \u0111i\u1ec1u tr\u1ecb nha chu...","description":"L\u00e0 b\u00e1c s\u0129 duy nh\u1ea5t \u1edf Vi\u1ec7t Nam \u0111\u01b0\u1ee3c c\u1ea5p ch\u1ee9ng ch\u1ec9 th\u1ef1c h\u00e0nh nha chu qu\u1ed1c t\u1ebf v\u1edbi g\u1ea7n 20 n\u0103m kinh nghi\u1ec7m l\u00e2m s\u00e0ng qu\u1ed1c t\u1ebf t\u1ea1i \u00dac v\u00e0 M\u0129","robots":{"index":"index","follow":"follow","max-snippet":"max-snippet:-1","max-image-preview":"max-image-preview:large","max-video-preview":"max-video-preview:-1"},"canonical":"https:\/\/premierdental.vn\/en\/ths-bs-albert-le-khoi-viet\/","og_locale":"en_US","og_type":"article","og_title":"Dr. Albert L\u00ea Kh\u00f4i Vi\u1ec7t, 20 n\u0103m kinh nghi\u1ec7m c\u1ea5y gh\u00e9p & \u0111i\u1ec1u tr\u1ecb nha chu...","og_description":"L\u00e0 b\u00e1c s\u0129 duy nh\u1ea5t \u1edf Vi\u1ec7t Nam \u0111\u01b0\u1ee3c c\u1ea5p ch\u1ee9ng ch\u1ec9 th\u1ef1c h\u00e0nh nha chu qu\u1ed1c t\u1ebf v\u1edbi g\u1ea7n 20 n\u0103m kinh nghi\u1ec7m l\u00e2m s\u00e0ng qu\u1ed1c t\u1ebf t\u1ea1i \u00dac v\u00e0 M\u0129","og_url":"https:\/\/premierdental.vn\/en\/ths-bs-albert-le-khoi-viet\/","og_site_name":"Premier Dental","article_modified_time":"2024-11-20T13:33:18+00:00","og_image":[{"width":450,"height":352,"url":"https:\/\/premierdental.vn\/wp-content\/uploads\/2020\/10\/home-mb2-img-min.jpg","type":"image\/jpeg"}],"twitter_card":"summary_large_image","twitter_misc":{"Est. reading time":"9 minutes"},"schema":{"@context":"https:\/\/schema.org","@graph":[{"@type":"WebPage","@id":"https:\/\/premierdental.vn\/ths-bs-albert-le-khoi-viet\/","url":"https:\/\/premierdental.vn\/ths-bs-albert-le-khoi-viet\/","name":"Dr. Albert L\u00ea Kh\u00f4i Vi\u1ec7t, 20 n\u0103m kinh nghi\u1ec7m c\u1ea5y gh\u00e9p & \u0111i\u1ec1u tr\u1ecb nha chu...","isPartOf":{"@id":"https:\/\/premierdental.vn\/#website"},"primaryImageOfPage":{"@id":"https:\/\/premierdental.vn\/ths-bs-albert-le-khoi-viet\/#primaryimage"},"image":{"@id":"https:\/\/premierdental.vn\/ths-bs-albert-le-khoi-viet\/#primaryimage"},"thumbnailUrl":"https:\/\/premierdental.vn\/wp-content\/uploads\/2020\/10\/home-mb2-img-min.jpg","datePublished":"2020-12-14T04:42:24+00:00","dateModified":"2024-11-20T13:33:18+00:00","description":"L\u00e0 b\u00e1c s\u0129 duy nh\u1ea5t \u1edf Vi\u1ec7t Nam \u0111\u01b0\u1ee3c c\u1ea5p ch\u1ee9ng ch\u1ec9 th\u1ef1c h\u00e0nh nha chu qu\u1ed1c t\u1ebf v\u1edbi g\u1ea7n 20 n\u0103m kinh nghi\u1ec7m l\u00e2m s\u00e0ng qu\u1ed1c t\u1ebf t\u1ea1i \u00dac v\u00e0 M\u0129","inLanguage":"en-US","potentialAction":[{"@type":"ReadAction","target":["https:\/\/premierdental.vn\/ths-bs-albert-le-khoi-viet\/"]}]},{"@type":"ImageObject","inLanguage":"en-US","@id":"https:\/\/premierdental.vn\/ths-bs-albert-le-khoi-viet\/#primaryimage","url":"https:\/\/premierdental.vn\/wp-content\/uploads\/2020\/10\/home-mb2-img-min.jpg","contentUrl":"https:\/\/premierdental.vn\/wp-content\/uploads\/2020\/10\/home-mb2-img-min.jpg","width":450,"height":352,"caption":"B\u00e1c s\u0129 Albert Vi\u1ec7t L\u00ea"},{"@type":"WebSite","@id":"https:\/\/premierdental.vn\/#website","url":"https:\/\/premierdental.vn\/","name":"Premier Dental","description":"Premier Dental","potentialAction":[{"@type":"SearchAction","target":{"@type":"EntryPoint","urlTemplate":"https:\/\/premierdental.vn\/?s={search_term_string}"},"query-input":{"@type":"PropertyValueSpecification","valueRequired":true,"valueName":"search_term_string"}}],"inLanguage":"en-US"}]}},"_links":{"self":[{"href":"https:\/\/premierdental.vn\/en\/wp-json\/wp\/v2\/pages\/450","targetHints":{"allow":["GET"]}}],"collection":[{"href":"https:\/\/premierdental.vn\/en\/wp-json\/wp\/v2\/pages"}],"about":[{"href":"https:\/\/premierdental.vn\/en\/wp-json\/wp\/v2\/types\/page"}],"author":[{"embeddable":true,"href":"https:\/\/premierdental.vn\/en\/wp-json\/wp\/v2\/users\/1"}],"replies":[{"embeddable":true,"href":"https:\/\/premierdental.vn\/en\/wp-json\/wp\/v2\/comments?post=450"}],"version-history":[{"count":19,"href":"https:\/\/premierdental.vn\/en\/wp-json\/wp\/v2\/pages\/450\/revisions"}],"predecessor-version":[{"id":8276,"href":"https:\/\/premierdental.vn\/en\/wp-json\/wp\/v2\/pages\/450\/revisions\/8276"}],"wp:featuredmedia":[{"embeddable":true,"href":"https:\/\/premierdental.vn\/en\/wp-json\/wp\/v2\/media\/80"}],"wp:attachment":[{"href":"https:\/\/premierdental.vn\/en\/wp-json\/wp\/v2\/media?parent=450"}],"curies":[{"name":"wp","href":"https:\/\/api.w.org\/{rel}","templated":true}]}}