{"id":404,"date":"2020-10-27T06:52:15","date_gmt":"2020-10-27T06:52:15","guid":{"rendered":"https:\/\/premierdental.vn\/?page_id=404"},"modified":"2021-08-16T15:20:00","modified_gmt":"2021-08-16T15:20:00","slug":"dich-vu-nha-khoa-toan-dien-tai-premier-dental","status":"publish","type":"page","link":"https:\/\/premierdental.vn\/en\/dich-vu-nha-khoa-toan-dien-tai-premier-dental\/","title":{"rendered":"Services"},"content":{"rendered":"","protected":false},"excerpt":{"rendered":"","protected":false},"author":1,"featured_media":0,"parent":0,"menu_order":0,"comment_status":"closed","ping_status":"closed","template":"template\/service.php","meta":{"footnotes":""},"class_list":["post-404","page","type-page","status-publish","hentry"],"acf":[],"yoast_head":"<!-- This site is optimized with the Yoast SEO plugin v26.9 - https:\/\/yoast.com\/product\/yoast-seo-wordpress\/ -->\n<title>D\u1ecbch v\u1ee5 nha khoa to\u00e0n di\u1ec7n va\u0300 \u0111a\u0301ng tin c\u00e2\u0323y t\u1ea1i Premier Dental<\/title>\n<meta name=\"description\" content=\"Cung c\u00e2\u0301p cho ba\u0323n l\u01a1\u0300i khuy\u00ean va\u0300 d\u1ecbch v\u1ee5 ch\u0103m s\u00f3c r\u0103ng t\u1ed1i \u01b0u nh\u00e2\u0301t t\u01b0\u0300 ca\u0301c b\u00e1c si\u0303 chuy\u00ean m\u00f4n nha khoa nhi\u00ea\u0300u n\u0103m kinh nghi\u00ea\u0323m va\u0300...\" \/>\n<meta name=\"robots\" content=\"index, follow, max-snippet:-1, max-image-preview:large, max-video-preview:-1\" \/>\n<link rel=\"canonical\" href=\"https:\/\/premierdental.vn\/en\/dich-vu-nha-khoa-toan-dien-tai-premier-dental\/\" \/>\n<meta property=\"og:locale\" content=\"en_US\" \/>\n<meta property=\"og:type\" content=\"article\" \/>\n<meta property=\"og:title\" content=\"D\u1ecbch v\u1ee5 nha khoa to\u00e0n di\u1ec7n va\u0300 \u0111a\u0301ng tin c\u00e2\u0323y t\u1ea1i Premier Dental\" \/>\n<meta property=\"og:description\" content=\"Cung c\u00e2\u0301p cho ba\u0323n l\u01a1\u0300i khuy\u00ean va\u0300 d\u1ecbch v\u1ee5 ch\u0103m s\u00f3c r\u0103ng t\u1ed1i \u01b0u nh\u00e2\u0301t t\u01b0\u0300 ca\u0301c b\u00e1c si\u0303 chuy\u00ean m\u00f4n nha khoa nhi\u00ea\u0300u n\u0103m kinh nghi\u00ea\u0323m va\u0300...\" \/>\n<meta property=\"og:url\" content=\"https:\/\/premierdental.vn\/en\/dich-vu-nha-khoa-toan-dien-tai-premier-dental\/\" \/>\n<meta property=\"og:site_name\" content=\"Premier Dental\" \/>\n<meta property=\"article:modified_time\" content=\"2021-08-16T15:20:00+00:00\" \/>\n<meta name=\"twitter:card\" content=\"summary_large_image\" \/>\n<script type=\"application\/ld+json\" class=\"yoast-schema-graph\">{\"@context\":\"https:\/\/schema.org\",\"@graph\":[{\"@type\":\"WebPage\",\"@id\":\"https:\/\/premierdental.vn\/dich-vu-nha-khoa-toan-dien-tai-premier-dental\/\",\"url\":\"https:\/\/premierdental.vn\/dich-vu-nha-khoa-toan-dien-tai-premier-dental\/\",\"name\":\"D\u1ecbch v\u1ee5 nha khoa to\u00e0n di\u1ec7n va\u0300 \u0111a\u0301ng tin c\u00e2\u0323y t\u1ea1i Premier Dental\",\"isPartOf\":{\"@id\":\"https:\/\/premierdental.vn\/#website\"},\"datePublished\":\"2020-10-27T06:52:15+00:00\",\"dateModified\":\"2021-08-16T15:20:00+00:00\",\"description\":\"Cung c\u00e2\u0301p cho ba\u0323n l\u01a1\u0300i khuy\u00ean va\u0300 d\u1ecbch v\u1ee5 ch\u0103m s\u00f3c r\u0103ng t\u1ed1i \u01b0u nh\u00e2\u0301t t\u01b0\u0300 ca\u0301c b\u00e1c si\u0303 chuy\u00ean m\u00f4n nha khoa nhi\u00ea\u0300u n\u0103m kinh nghi\u00ea\u0323m va\u0300...\",\"inLanguage\":\"en-US\",\"potentialAction\":[{\"@type\":\"ReadAction\",\"target\":[\"https:\/\/premierdental.vn\/dich-vu-nha-khoa-toan-dien-tai-premier-dental\/\"]}]},{\"@type\":\"WebSite\",\"@id\":\"https:\/\/premierdental.vn\/#website\",\"url\":\"https:\/\/premierdental.vn\/\",\"name\":\"Premier Dental\",\"description\":\"Premier Dental\",\"potentialAction\":[{\"@type\":\"SearchAction\",\"target\":{\"@type\":\"EntryPoint\",\"urlTemplate\":\"https:\/\/premierdental.vn\/?s={search_term_string}\"},\"query-input\":{\"@type\":\"PropertyValueSpecification\",\"valueRequired\":true,\"valueName\":\"search_term_string\"}}],\"inLanguage\":\"en-US\"}]}<\/script>\n<!-- \/ Yoast SEO plugin. -->","yoast_head_json":{"title":"D\u1ecbch v\u1ee5 nha khoa to\u00e0n di\u1ec7n va\u0300 \u0111a\u0301ng tin c\u00e2\u0323y t\u1ea1i Premier Dental","description":"Cung c\u00e2\u0301p cho ba\u0323n l\u01a1\u0300i khuy\u00ean va\u0300 d\u1ecbch v\u1ee5 ch\u0103m s\u00f3c r\u0103ng t\u1ed1i \u01b0u nh\u00e2\u0301t t\u01b0\u0300 ca\u0301c b\u00e1c si\u0303 chuy\u00ean m\u00f4n nha khoa nhi\u00ea\u0300u n\u0103m kinh nghi\u00ea\u0323m va\u0300...","robots":{"index":"index","follow":"follow","max-snippet":"max-snippet:-1","max-image-preview":"max-image-preview:large","max-video-preview":"max-video-preview:-1"},"canonical":"https:\/\/premierdental.vn\/en\/dich-vu-nha-khoa-toan-dien-tai-premier-dental\/","og_locale":"en_US","og_type":"article","og_title":"D\u1ecbch v\u1ee5 nha khoa to\u00e0n di\u1ec7n va\u0300 \u0111a\u0301ng tin c\u00e2\u0323y t\u1ea1i Premier Dental","og_description":"Cung c\u00e2\u0301p cho ba\u0323n l\u01a1\u0300i khuy\u00ean va\u0300 d\u1ecbch v\u1ee5 ch\u0103m s\u00f3c r\u0103ng t\u1ed1i \u01b0u nh\u00e2\u0301t t\u01b0\u0300 ca\u0301c b\u00e1c si\u0303 chuy\u00ean m\u00f4n nha khoa nhi\u00ea\u0300u n\u0103m kinh nghi\u00ea\u0323m va\u0300...","og_url":"https:\/\/premierdental.vn\/en\/dich-vu-nha-khoa-toan-dien-tai-premier-dental\/","og_site_name":"Premier Dental","article_modified_time":"2021-08-16T15:20:00+00:00","twitter_card":"summary_large_image","schema":{"@context":"https:\/\/schema.org","@graph":[{"@type":"WebPage","@id":"https:\/\/premierdental.vn\/dich-vu-nha-khoa-toan-dien-tai-premier-dental\/","url":"https:\/\/premierdental.vn\/dich-vu-nha-khoa-toan-dien-tai-premier-dental\/","name":"D\u1ecbch v\u1ee5 nha khoa to\u00e0n di\u1ec7n va\u0300 \u0111a\u0301ng tin c\u00e2\u0323y t\u1ea1i Premier Dental","isPartOf":{"@id":"https:\/\/premierdental.vn\/#website"},"datePublished":"2020-10-27T06:52:15+00:00","dateModified":"2021-08-16T15:20:00+00:00","description":"Cung c\u00e2\u0301p cho ba\u0323n l\u01a1\u0300i khuy\u00ean va\u0300 d\u1ecbch v\u1ee5 ch\u0103m s\u00f3c r\u0103ng t\u1ed1i \u01b0u nh\u00e2\u0301t t\u01b0\u0300 ca\u0301c b\u00e1c si\u0303 chuy\u00ean m\u00f4n nha khoa nhi\u00ea\u0300u n\u0103m kinh nghi\u00ea\u0323m va\u0300...","inLanguage":"en-US","potentialAction":[{"@type":"ReadAction","target":["https:\/\/premierdental.vn\/dich-vu-nha-khoa-toan-dien-tai-premier-dental\/"]}]},{"@type":"WebSite","@id":"https:\/\/premierdental.vn\/#website","url":"https:\/\/premierdental.vn\/","name":"Premier Dental","description":"Premier Dental","potentialAction":[{"@type":"SearchAction","target":{"@type":"EntryPoint","urlTemplate":"https:\/\/premierdental.vn\/?s={search_term_string}"},"query-input":{"@type":"PropertyValueSpecification","valueRequired":true,"valueName":"search_term_string"}}],"inLanguage":"en-US"}]}},"_links":{"self":[{"href":"https:\/\/premierdental.vn\/en\/wp-json\/wp\/v2\/pages\/404","targetHints":{"allow":["GET"]}}],"collection":[{"href":"https:\/\/premierdental.vn\/en\/wp-json\/wp\/v2\/pages"}],"about":[{"href":"https:\/\/premierdental.vn\/en\/wp-json\/wp\/v2\/types\/page"}],"author":[{"embeddable":true,"href":"https:\/\/premierdental.vn\/en\/wp-json\/wp\/v2\/users\/1"}],"replies":[{"embeddable":true,"href":"https:\/\/premierdental.vn\/en\/wp-json\/wp\/v2\/comments?post=404"}],"version-history":[{"count":5,"href":"https:\/\/premierdental.vn\/en\/wp-json\/wp\/v2\/pages\/404\/revisions"}],"predecessor-version":[{"id":2045,"href":"https:\/\/premierdental.vn\/en\/wp-json\/wp\/v2\/pages\/404\/revisions\/2045"}],"wp:attachment":[{"href":"https:\/\/premierdental.vn\/en\/wp-json\/wp\/v2\/media?parent=404"}],"curies":[{"name":"wp","href":"https:\/\/api.w.org\/{rel}","templated":true}]}}