{"id":318,"date":"2020-10-26T03:18:52","date_gmt":"2020-10-26T03:18:52","guid":{"rendered":"https:\/\/premierdental.vn\/?page_id=318"},"modified":"2025-05-21T19:00:59","modified_gmt":"2025-05-21T12:00:59","slug":"phau-thuat-cat-chop-rang-chinh-xac-an-toan","status":"publish","type":"page","link":"https:\/\/premierdental.vn\/en\/dich-vu-nha-khoa-toan-dien-tai-premier-dental\/phau-thuat-nho-rang\/phau-thuat-cat-chop-rang-chinh-xac-an-toan\/","title":{"rendered":"Apicoectomy And Cryst Removal"},"content":{"rendered":"<h1 style=\"text-align: center;\"><span style=\"color: #003366;\">PH\u1eaaU THU\u1eacT C\u1eaeT CH\u00d3P R\u0102NG<\/span><\/h1> <p><em><span style=\"color: #003366;\"><strong>Ph\u00e2\u0303u thu\u00e2\u0323t c\u0103\u0301t cho\u0301p r\u0103ng<\/strong> \u0111\u01b0\u1ee3c th\u1ef1c hi\u1ec7n khi nh\u1eefng b\u1ec7nh nh\u00e2n c\u00f3 bi\u1ec3u hi\u1ec7n b\u1ecb vi\u00eam v\u00e0 t\u1ed5n th\u01b0\u01a1ng ch\u00f3p r\u0103ng. \u0110\u00e2y l\u00e0 ph\u01b0\u01a1ng ph\u00e1p ch\u1ec9 \u0111\u1ecbnh \u0111\u1ec3 x\u1eed l\u00fd b\u1ec7nh nh\u00e2n b\u1ecb vi\u00eam v\u00e0 t\u1ed5n th\u01b0\u01a1ng ch\u00f3p r\u0103ng trong m\u1ed9t s\u1ed1 tr\u01b0\u1eddng h\u1ee3p v\u1ec1 sau. Nha khoa Premier Dental th\u1ef1c hi\u1ec7n ph\u1eabu thu\u1eadt theo quy tr\u00ecnh chu\u1ea9n c\u1ee7a B\u1ed9 Y t\u1ebf.<\/span><\/em><\/p> <h3><span style=\"color: #003366;\">Tr\u01b0\u1eddng h\u1ee3p c\u1ea7n ph\u1ea3i ph\u1eabu thu\u1eadt c\u1eaft ch\u00f3p r\u0103ng<\/span><\/h3> <p><strong>Ph\u1eabu thu\u1eadt c\u1eaft ch\u00f3p r\u0103ng<\/strong> l\u00e0 m\u1ed9t trong nh\u1eefng d\u1ecbch v\u1ee5 nha khoa gi\u00fap lo\u1ea1i b\u1ecf ph\u1ea7n ch\u00f3p r\u0103ng b\u1ecb vi\u00eam, \u1ed1ng t\u1ee7y v\u00e0 ch\u00f3p r\u0103ng kh\u00f4ng c\u00f2n kh\u1ecfe m\u1ea1nh. Sau ph\u1eabu thu\u1eadt, r\u0103ng c\u00f3 th\u1ec3 duy tr\u00ec ch\u1ee9c n\u0103ng n\u1ebfu \u0111\u01b0\u1ee3c ch\u0103m s\u00f3c \u0111\u00fang c\u00e1ch.<\/p> <div id=\"attachment_1943\" class=\"wp-caption aligncenter\"> <div id=\"attachment_1236\" style=\"width: 650px\" class=\"wp-caption aligncenter\"><img fetchpriority=\"high\" decoding=\"async\" aria-describedby=\"caption-attachment-1236\" class=\"wp-image-1236 size-full\" src=\"https:\/\/premierdental.vn\/wp-content\/uploads\/2021\/06\/01-1.jpg\" alt=\"\" width=\"640\" height=\"360\" srcset=\"https:\/\/premierdental.vn\/wp-content\/uploads\/2021\/06\/01-1.jpg 640w, https:\/\/premierdental.vn\/wp-content\/uploads\/2021\/06\/01-1-300x169.jpg 300w, https:\/\/premierdental.vn\/wp-content\/uploads\/2021\/06\/01-1-16x9.jpg 16w\" sizes=\"(max-width: 640px) 100vw, 640px\" \/><p id=\"caption-attachment-1236\" class=\"wp-caption-text\">M\u00f4 ph\u1ecfng ph\u1eabu thu\u1eadt c\u1eaft ch\u00f3p r\u0103ng<\/p><\/div> <\/div> <p>B\u1ea1n c\u1ea7n \u0111i ph\u1eabu thu\u1eadt c\u1eaft ch\u00f3p r\u0103ng khi:<\/p> <p>+ R\u0103ng b\u1ecb vi\u00eam nhi\u1ec5m, b\u1ecb t\u1ed5n th\u01b0\u01a1ng do b\u1ec7nh l\u00fd ho\u1eb7c do va \u0111\u1eadp, tai n\u1ea1n.<\/p> <p>+ Nh\u1eefng tr\u01b0\u1eddng h\u1ee3p \u0111i\u1ec1u tr\u1ecb n\u1ed9i nha do vi\u00eam nhi\u1ec5m nh\u01b0ng b\u1ecb th\u1ea5t b\u1ea1i, t\u1ee7y v\u1eabn ti\u1ebfp t\u1ee5c b\u1ecb vi\u00eam nhi\u1ec5m, \u1ed1ng t\u1ee7y b\u1ecb canxi h\u00f3a ho\u1eb7c cong qu\u00e1 m\u1ee9c.<\/p> <p>+ Tr\u01b0\u1eddng h\u1ee3p \u1ed1ng t\u1ee7y mang ch\u1ed1t ho\u1eb7c g\u00e3y d\u1ee5ng c\u1ee5 b\u00ean trong c\u1ea7n \u0111\u01b0\u1ee3c ph\u1eabu thu\u1eadt c\u1eaft ch\u00f3p.<\/p> <p>+ Tr\u01b0\u1eddng h\u1ee3p \u1ed1ng t\u1ee7y b\u1ecb b\u00edt ph\u1ea3i c\u1eaft ch\u00f3p \u0111\u1ec3 x\u1eed l\u00fd.<\/p> <div id=\"attachment_1944\" class=\"wp-caption aligncenter\"> <div id=\"attachment_1237\" style=\"width: 650px\" class=\"wp-caption aligncenter\"><img decoding=\"async\" aria-describedby=\"caption-attachment-1237\" class=\"wp-image-1237 size-full\" src=\"https:\/\/premierdental.vn\/wp-content\/uploads\/2021\/06\/02-1.jpg\" alt=\"\" width=\"640\" height=\"360\" srcset=\"https:\/\/premierdental.vn\/wp-content\/uploads\/2021\/06\/02-1.jpg 640w, https:\/\/premierdental.vn\/wp-content\/uploads\/2021\/06\/02-1-300x169.jpg 300w, https:\/\/premierdental.vn\/wp-content\/uploads\/2021\/06\/02-1-16x9.jpg 16w\" sizes=\"(max-width: 640px) 100vw, 640px\" \/><p id=\"caption-attachment-1237\" class=\"wp-caption-text\">Ph\u1eabu thu\u1eadt c\u1eaft c\u1eaft b\u1ecf ch\u00f3p r\u0103ng b\u1ecb vi\u00eam nhi\u1ec5m<\/p><\/div> <\/div> <h3><span style=\"color: #003366;\">T\u1ea1i sao ph\u1ea3i ph\u00e2\u0303u thu\u00e2\u0323t c\u0103\u0301t cho\u0301p r\u0103ng?<\/span><\/h3> <p>Ch\u1ec9 \u0111\u1ecbnh ph\u1eabu thu\u1eadt c\u1eaft ch\u00f3p r\u0103ng ph\u1ea3i do c\u00e1c b\u00e1c s\u0129 c\u00f3 chuy\u00ean m\u00f4n th\u0103m kh\u00e1m v\u00e0 ch\u1ec9 \u0111\u1ecbnh. Th\u1ef1c hi\u1ec7n ca ph\u1eabu thu\u1eadt c\u1eaft ch\u00f3p s\u1ebd mang \u0111\u1ebfn cho b\u1ea1n nh\u1eefng hi\u1ec7u qu\u1ea3 sau:<\/p> <p>+ H\u1ed7 tr\u1ee3 gi\u1ea3m vi\u00eam nhi\u1ec5m v\u00e0 h\u1ea1n ch\u1ebf nguy c\u01a1 bi\u1ebfn ch\u1ee9ng khi tu\u00e2n th\u1ee7 ch\u1ec9 \u0111\u1ecbnh b\u00e1c s\u0129.<\/p> <p>+ Ng\u0103n ng\u1eeba t\u00ecnh tr\u1ea1ng vi\u00eam t\u1ee7y, ch\u1ebft t\u1ee7y, nhi\u1ec5m tr\u00f9ng n\u01b0\u1edbu.<\/p> <p>+ Gi\u00fap r\u0103ng mi\u1ec7ng c\u00f3 s\u1ee9c kh\u1ecfe t\u1ed1t, b\u1ea3o t\u1ed3n r\u0103ng th\u1eadt thay v\u00ec ph\u1ea3i nh\u1ed5 b\u1ecf, duy tr\u00ec tu\u1ed5i th\u1ecd cho r\u0103ng.<\/p> <p>+ Ch\u1ea5m d\u1ee9t c\u01a1n \u0111au kh\u00f3 ch\u1ecbu do vi\u00eam ch\u00f3p r\u0103ng.<\/p> <p>+ Mang \u0111\u1ebfn c\u1ea3m gi\u00e1c d\u1ec5 ch\u1ecbu, tho\u1ea3i m\u00e1i cho v\u00f2m mi\u1ec7ng. \u0102n u\u1ed1ng ngon mi\u1ec7ng, kh\u00f4ng ph\u1ea3i ch\u1ecbu \u0111\u1ef1ng nh\u1eefng c\u01a1n \u0111au k\u00e9o d\u00e0i nh\u01b0 tr\u01b0\u1edbc.<\/p> <p>+ Ph\u1eabu thu\u1eadt c\u1eaft ch\u00f3p r\u0103ng ng\u0103n ng\u1eeba bi\u1ebfn ch\u1ee9ng nh\u01b0 vi\u00eam x\u01b0\u01a1ng, vi\u00eam h\u1ea1ch, ti\u00eau x\u01b0\u01a1ng&#8230;<\/p> <div id=\"attachment_1871\" class=\"wp-caption aligncenter\"> <div id=\"attachment_855\" style=\"width: 650px\" class=\"wp-caption aligncenter\"><img decoding=\"async\" aria-describedby=\"caption-attachment-855\" class=\"wp-image-855 size-full\" src=\"https:\/\/premierdental.vn\/wp-content\/uploads\/2021\/05\/Resize640-Frame-Premier-Dental-42.jpg\" alt=\"\" width=\"640\" height=\"426\" srcset=\"https:\/\/premierdental.vn\/wp-content\/uploads\/2021\/05\/Resize640-Frame-Premier-Dental-42.jpg 640w, https:\/\/premierdental.vn\/wp-content\/uploads\/2021\/05\/Resize640-Frame-Premier-Dental-42-300x200.jpg 300w, https:\/\/premierdental.vn\/wp-content\/uploads\/2021\/05\/Resize640-Frame-Premier-Dental-42-16x12.jpg 16w\" sizes=\"(max-width: 640px) 100vw, 640px\" \/><p id=\"caption-attachment-855\" class=\"wp-caption-text\">Ph\u1eabu thu\u1eadt c\u1eaft ch\u00f3p r\u0103ng b\u1ea3o v\u1ec7 s\u1ee9c kh\u1ecfe cho r\u0103ng h\u00e0m<\/p><\/div> <\/div> <h3><span style=\"color: #003366;\">Quy tr\u00ecnh ph\u00e2\u0303u thu\u00e2\u0323t c\u0103\u0301t cho\u0301p r\u0103ng \u1edf Nha khoa Premier<\/span><\/h3> <p><strong><span style=\"color: #003366;\">B\u01b0\u1edbc 1:<\/span><\/strong> Th\u0103m kh\u00e1m v\u00e0 t\u01b0 v\u1ea5n<\/p> <p>Kh\u00f4ng ph\u1ea3i tr\u01b0\u1eddng h\u1ee3p n\u00e0o c\u0169ng ph\u1ea3i ph\u1eabu thu\u1eadt c\u1eaft ch\u00f3p r\u0103ng. B\u00e1c s\u0129 s\u1ebd th\u0103m kh\u00e1m t\u1ed5ng qu\u00e1t t\u00ecnh tr\u1ea1ng s\u1ee9c kh\u1ecfe r\u0103ng mi\u1ec7ng c\u1ee7a b\u1ea1n, ki\u1ec3m tra t\u00ecnh tr\u1ea1ng vi\u00eam ch\u00f3p r\u0103ng. T\u1eeb \u0111\u00f3 t\u01b0 v\u1ea5n r\u00f5 ph\u01b0\u01a1ng ph\u00e1p ph\u1eabu thu\u1eadt c\u1eaft ch\u00f3p cho b\u1ec7nh nh\u00e2n.<\/p> <p><strong><span style=\"color: #003366;\">B\u01b0\u1edbc 2:<\/span><\/strong> Ch\u1ee5p phim ki\u1ec3m tra c\u1ea5u tr\u00fac r\u0103ng h\u00e0m<\/p> <p>B\u00e1c s\u0129 s\u1ebd \u0111\u01b0a b\u1ea1n \u0111i ch\u1ee5p phim ki\u1ec3m tra c\u1ea5u tr\u00fac r\u0103ng h\u00e0m b\u1eb1ng m\u00e1y Panorex. D\u1eef li\u1ec7u phim ch\u1ee5p s\u1ebd hi\u1ec3n th\u00ec r\u00f5 t\u00ecnh tr\u1ea1ng r\u0103ng, x\u01b0\u01a1ng h\u00e0m \u0111\u1ec3 b\u00e1c s\u0129 c\u00f3 k\u1ebf ho\u1ea1ch ph\u1eabu thu\u1eadt c\u1eaft chop r\u0103ng chi ti\u1ebft.<\/p> <div id=\"attachment_1861\" class=\"wp-caption aligncenter\"> <div id=\"attachment_819\" style=\"width: 650px\" class=\"wp-caption aligncenter\"><img loading=\"lazy\" decoding=\"async\" aria-describedby=\"caption-attachment-819\" class=\"wp-image-819 size-full\" src=\"https:\/\/premierdental.vn\/wp-content\/uploads\/2021\/05\/Resize640-Frame-Premier-Dental-51.jpg\" alt=\"\" width=\"640\" height=\"426\" srcset=\"https:\/\/premierdental.vn\/wp-content\/uploads\/2021\/05\/Resize640-Frame-Premier-Dental-51.jpg 640w, https:\/\/premierdental.vn\/wp-content\/uploads\/2021\/05\/Resize640-Frame-Premier-Dental-51-300x200.jpg 300w, https:\/\/premierdental.vn\/wp-content\/uploads\/2021\/05\/Resize640-Frame-Premier-Dental-51-16x12.jpg 16w\" sizes=\"(max-width: 640px) 100vw, 640px\" \/><p id=\"caption-attachment-819\" class=\"wp-caption-text\">Ch\u1ee5p Xquang k\u1ef9 thu\u1eadt s\u1ed1 t\u1ea1i ch\u1ed7 t\u1ea1i Nha khoa Premier<\/p><\/div> <\/div> <p style=\"text-align: left;\"><strong><span style=\"color: #003366;\">Step 3<\/span> <\/strong>V\u1ec7 sinh r\u0103ng mi\u1ec7ng<\/p> <p>Nguy\u00ean t\u1eafc tr\u01b0\u1edbc khi ph\u1eabu thu\u1eadt b\u1ea1n c\u1ea7n ph\u1ea3i v\u1ec7 sinh r\u0103ng mi\u1ec7ng ng\u0103n ng\u1eeba c\u00e1c vi khu\u1ea9n g\u00e2y bi\u1ebfn ch\u1ee9ng, nhi\u1ec5m tr\u00f9ng v\u1ebft th\u01b0\u01a1ng.<\/p> <p><strong><span style=\"color: #003366;\">B\u01b0\u1edbc 4:\u00a0<\/span><\/strong>Ti\u1ebfn h\u00e0nh ph\u1eabu thu\u1eadt<\/p> <p>B\u00e1c s\u0129 \u1edf Nha Khoa Premier \u0111\u1ec1u l\u00e0 nh\u1eefng ng\u01b0\u1eddi c\u00f3 chuy\u00ean m\u00f4n gi\u1ecfi, tay ngh\u1ec1 th\u00e0nh th\u1ea1o. B\u1ea1n s\u1ebd \u0111\u01b0\u1ee3c ti\u1ebfn h\u00e0nh ca ph\u1eabu thu\u1eadt do nh\u1eefng b\u00e1c s\u0129 gi\u1ecfi th\u1ef1c hi\u1ec7n, ph\u00f2ng nha \u0111\u01b0\u1ee3c v\u00f4 tr\u00f9ng, s\u00e1t khu\u1ea9n nghi\u00eam ng\u1eb7t.<\/p> <p>Tr\u01b0\u1edbc ti\u00ean b\u00e1c s\u0129 s\u1ebd ti\u1ebfn h\u00e0nh g\u00e2y t\u00ea, sau \u0111\u00f3 b\u1eaft \u0111\u1ea7u m\u1edf ni\u00eam m\u1ea1c l\u1ee3i, l\u1eadt v\u1ea1t v\u00e0 d\u00f9ngTrephine nh\u1ecf \u0111\u1eb7t xi\u00ean 45* so v\u1edbi tr\u1ee5c r\u0103ng \u0111\u1ec3 c\u1eaft 2 \u2013 3 mm ch\u00f3p r\u0103ng. C\u1ea7n ph\u1ea3i l\u1ea5y s\u1ea1ch m\u00f4 ch\u00f3p b\u1ecb vi\u00eam, sau \u0111\u00f3 tr\u00e1m b\u00edt \u1ed1ng t\u1ee7y.<\/p> <div id=\"attachment_1817\" class=\"wp-caption aligncenter\"> <div id=\"attachment_839\" style=\"width: 650px\" class=\"wp-caption aligncenter\"><img loading=\"lazy\" decoding=\"async\" aria-describedby=\"caption-attachment-839\" class=\"wp-image-839 size-full\" src=\"https:\/\/premierdental.vn\/wp-content\/uploads\/2021\/05\/Resize640-Frame-Premier-Dental-09.jpg\" alt=\"\" width=\"640\" height=\"426\" srcset=\"https:\/\/premierdental.vn\/wp-content\/uploads\/2021\/05\/Resize640-Frame-Premier-Dental-09.jpg 640w, https:\/\/premierdental.vn\/wp-content\/uploads\/2021\/05\/Resize640-Frame-Premier-Dental-09-300x200.jpg 300w, https:\/\/premierdental.vn\/wp-content\/uploads\/2021\/05\/Resize640-Frame-Premier-Dental-09-16x12.jpg 16w\" sizes=\"(max-width: 640px) 100vw, 640px\" \/><p id=\"caption-attachment-839\" class=\"wp-caption-text\">Kh\u00e1ch h\u00e0ng \u0111\u01b0\u1ee3c ti\u1ebfn h\u00e0nh v\u1ec7 sinh r\u0103ng mi\u1ec7ng tr\u01b0\u1edbc khi ph\u1eabu thu\u1eadt c\u1eaft ch\u00f3p r\u0103ng \u1edf Nha khoa Premier<\/p><\/div> <\/div> <h3><span style=\"color: #003366;\">T\u1ea1i sao n\u00ean ch\u1ecdn ph\u1eabu thu\u1eadt c\u1eaft ch\u00f3p r\u0103ng \u1edf Nha khoa Premier<\/span><\/h3> <p>Nha khoa Premier Dental \u0111\u01b0\u1ee3c kh\u00e1ch h\u00e0ng tin t\u01b0\u1edfng t\u00ecm \u0111\u1ebfn th\u0103m kh\u00e1m v\u00e0 ch\u1eefa tr\u1ecb nha khoa ng\u00e0y c\u00e0ng nhi\u1ec1u. Ca ph\u1eabu thu\u1eadt c\u1eaft ch\u00f3p r\u0103ng \u1edf Nha khoa Premier Dental \u0111\u1ea3m b\u1ea3o c\u00e1c \u0111i\u1ec1u ki\u1ec7n an to\u00e0n sau:<\/p> <p>+ \u0110\u00edch th\u00e2n \u0111\u1ed9i ng\u0169 b\u00e1c s\u0129 \u0111\u01b0\u1ee3c \u0111\u00e0o t\u1ea1o chuy\u00ean m\u00f4n v\u00e0 tu\u00e2n th\u1ee7 quy tr\u00ecnh ph\u1eabu thu\u1eadt, \u0111\u1ea3m b\u1ea3o an to\u00e0n cho b\u1ec7nh nh\u00e2n.<\/p> <p>+ Nha khoa Premier Dental \u1ee9ng d\u1ee5ng c\u00f4ng ngh\u1ec7 ph\u1eabu thu\u1eadt ti\u00ean ti\u1ebfn. D\u00f9ng thi\u1ebft b\u1ecb ch\u1ee5p xquang ti\u00ean ti\u1ebfn \u0111\u1ec3 ch\u1ee5p phim Panorex t\u1ea1i ch\u1ed7 cho kh\u00e1ch h\u00e0ng v\u00e0 lu\u00f4n c\u00f3 k\u1ebft qu\u1ea3 ch\u00ednh x\u00e1c.<\/p> <p>+ Ph\u00f2ng ph\u1eabu thu\u1eadt, d\u1ee5ng c\u1ee5 nha khoa \u0111\u01b0\u1ee3c s\u00e1t khu\u1ea9n &#8211; v\u00f4 tr\u00f9ng nghi\u00eam ng\u1eb7t, \u0111\u1ea1t y\u00eau c\u1ea7u c\u1ee7a B\u1ed9 Y t\u1ebf. Gi\u1ea3m thi\u1ec3u r\u1ee7i ro nh\u1edd quy tr\u00ecnh v\u00f4 tr\u00f9ng v\u00e0 theo d\u00f5i sau ph\u1eabu thu\u1eadt.<\/p> <div id=\"attachment_1835\" class=\"wp-caption aligncenter\"> <div id=\"attachment_838\" style=\"width: 650px\" class=\"wp-caption aligncenter\"><img loading=\"lazy\" decoding=\"async\" aria-describedby=\"caption-attachment-838\" class=\"wp-image-838 size-full\" src=\"https:\/\/premierdental.vn\/wp-content\/uploads\/2021\/05\/Resize640-Frame-Premier-Dental-03.jpg\" alt=\"\" width=\"640\" height=\"426\" srcset=\"https:\/\/premierdental.vn\/wp-content\/uploads\/2021\/05\/Resize640-Frame-Premier-Dental-03.jpg 640w, https:\/\/premierdental.vn\/wp-content\/uploads\/2021\/05\/Resize640-Frame-Premier-Dental-03-300x200.jpg 300w, https:\/\/premierdental.vn\/wp-content\/uploads\/2021\/05\/Resize640-Frame-Premier-Dental-03-16x12.jpg 16w\" sizes=\"(max-width: 640px) 100vw, 640px\" \/><p id=\"caption-attachment-838\" class=\"wp-caption-text\">Kh\u00e1ch h\u00e0ng t\u00ecm \u0111\u1ebfn th\u0103m kh\u00e1m v\u00e0 \u0111i\u1ec1u tr\u1ecb t\u1ea1i nha khoa Nha Khoa Premier<\/p><\/div> <\/div> <h4><span style=\"color: #003366;\">M\u1ecdi th\u1eafc m\u1eafc v\u1ec1 vi\u1ec7c ph\u1eabu thu\u1eadt c\u1eaft ch\u00f3p r\u0103ng b\u1ea1n n\u00ean \u0111\u1ebfn g\u1eb7p tr\u1ef1c ti\u1ebfp b\u00e1c s\u0129 \u0111\u1ec3 \u0111\u01b0\u1ee3c t\u01b0 v\u1ea5n. Nha Khoa Premier h\u00e2n h\u1ea1nh ch\u00e0o \u0111\u00f3n qu\u00fd kh\u00e1ch h\u00e0ng \u0111\u1ebfn \u0111i\u1ec1u tr\u1ecb nha khoa v\u00e0o t\u1ea5t c\u1ea3 c\u00e1c ng\u00e0y trong tu\u1ea7n.\u00a0<\/span><\/h4>","protected":false},"excerpt":{"rendered":"<p>PH\u1eaaU THU\u1eacT C\u1eaeT CH\u00d3P R\u0102NG Ph\u00e2\u0303u thu\u00e2\u0323t c\u0103\u0301t cho\u0301p r\u0103ng \u0111\u01b0\u1ee3c th\u1ef1c hi\u1ec7n khi nh\u1eefng b\u1ec7nh nh\u00e2n c\u00f3 bi\u1ec3u hi\u1ec7n b\u1ecb vi\u00eam v\u00e0 t\u1ed5n th\u01b0\u01a1ng ch\u00f3p r\u0103ng. \u0110\u00e2y l\u00e0 ph\u01b0\u01a1ng ph\u00e1p ch\u1ec9 \u0111\u1ecbnh \u0111\u1ec3 x\u1eed l\u00fd b\u1ec7nh nh\u00e2n b\u1ecb vi\u00eam v\u00e0 t\u1ed5n th\u01b0\u01a1ng ch\u00f3p r\u0103ng trong m\u1ed9t s\u1ed1 tr\u01b0\u1eddng h\u1ee3p v\u1ec1 sau. Nha khoa Premier [&hellip;]<\/p>","protected":false},"author":1,"featured_media":839,"parent":180,"menu_order":0,"comment_status":"closed","ping_status":"closed","template":"","meta":{"footnotes":""},"class_list":["post-318","page","type-page","status-publish","has-post-thumbnail","hentry"],"acf":[],"yoast_head":"<!-- This site is optimized with the Yoast SEO plugin v26.9 - https:\/\/yoast.com\/product\/yoast-seo-wordpress\/ -->\n<title>Ph\u00e2\u0303u thu\u00e2\u0323t c\u0103\u0301t cho\u0301p r\u0103ng chi\u0301nh xa\u0301c va\u0300 an toa\u0300n ta\u0323i Premier Dental<\/title>\n<meta name=\"description\" content=\"Vi\u00eam quanh ch\u00f3p r\u0103ng l\u00e0 t\u00ecnh tr\u1ea1ng ph\u00e1 h\u1ee7y m\u00f4 quanh ch\u00f3p r\u0103ng, n\u1ebfu kh\u00f4ng \u0111\u01b0\u1ee3c ph\u00e2\u0303u thu\u00e2\u0323t c\u0103\u0301t cho\u0301p r\u0103ng s\u1ebd g\u00e2y ph\u00e1 h\u1ee7y x\u01b0\u01a1ng h\u00e0m.\" \/>\n<meta name=\"robots\" content=\"index, follow, max-snippet:-1, max-image-preview:large, max-video-preview:-1\" \/>\n<link rel=\"canonical\" href=\"https:\/\/premierdental.vn\/en\/dich-vu-nha-khoa-toan-dien-tai-premier-dental\/phau-thuat-nho-rang\/phau-thuat-cat-chop-rang-chinh-xac-an-toan\/\" \/>\n<meta property=\"og:locale\" content=\"en_US\" \/>\n<meta property=\"og:type\" content=\"article\" \/>\n<meta property=\"og:title\" content=\"Ph\u00e2\u0303u thu\u00e2\u0323t c\u0103\u0301t cho\u0301p r\u0103ng chi\u0301nh xa\u0301c va\u0300 an toa\u0300n ta\u0323i Premier Dental\" \/>\n<meta property=\"og:description\" content=\"Vi\u00eam quanh ch\u00f3p r\u0103ng l\u00e0 t\u00ecnh tr\u1ea1ng ph\u00e1 h\u1ee7y m\u00f4 quanh ch\u00f3p r\u0103ng, n\u1ebfu kh\u00f4ng \u0111\u01b0\u1ee3c ph\u00e2\u0303u thu\u00e2\u0323t c\u0103\u0301t cho\u0301p r\u0103ng s\u1ebd g\u00e2y ph\u00e1 h\u1ee7y x\u01b0\u01a1ng h\u00e0m.\" \/>\n<meta property=\"og:url\" content=\"https:\/\/premierdental.vn\/en\/dich-vu-nha-khoa-toan-dien-tai-premier-dental\/phau-thuat-nho-rang\/phau-thuat-cat-chop-rang-chinh-xac-an-toan\/\" \/>\n<meta property=\"og:site_name\" content=\"Premier Dental\" \/>\n<meta property=\"article:modified_time\" content=\"2025-05-21T12:00:59+00:00\" \/>\n<meta property=\"og:image\" content=\"https:\/\/premierdental.vn\/wp-content\/uploads\/2021\/05\/Resize640-Frame-Premier-Dental-09.jpg\" \/>\n\t<meta property=\"og:image:width\" content=\"640\" \/>\n\t<meta property=\"og:image:height\" content=\"426\" \/>\n\t<meta property=\"og:image:type\" content=\"image\/jpeg\" \/>\n<meta name=\"twitter:card\" content=\"summary_large_image\" \/>\n<meta name=\"twitter:label1\" content=\"Est. reading time\" \/>\n\t<meta name=\"twitter:data1\" content=\"7 minutes\" \/>\n<script type=\"application\/ld+json\" class=\"yoast-schema-graph\">{\"@context\":\"https:\/\/schema.org\",\"@graph\":[{\"@type\":\"WebPage\",\"@id\":\"https:\/\/premierdental.vn\/dich-vu-nha-khoa-toan-dien-tai-premier-dental\/phau-thuat-nho-rang\/phau-thuat-cat-chop-rang-chinh-xac-an-toan\/\",\"url\":\"https:\/\/premierdental.vn\/dich-vu-nha-khoa-toan-dien-tai-premier-dental\/phau-thuat-nho-rang\/phau-thuat-cat-chop-rang-chinh-xac-an-toan\/\",\"name\":\"Ph\u00e2\u0303u thu\u00e2\u0323t c\u0103\u0301t cho\u0301p r\u0103ng chi\u0301nh xa\u0301c va\u0300 an toa\u0300n ta\u0323i Premier Dental\",\"isPartOf\":{\"@id\":\"https:\/\/premierdental.vn\/#website\"},\"primaryImageOfPage\":{\"@id\":\"https:\/\/premierdental.vn\/dich-vu-nha-khoa-toan-dien-tai-premier-dental\/phau-thuat-nho-rang\/phau-thuat-cat-chop-rang-chinh-xac-an-toan\/#primaryimage\"},\"image\":{\"@id\":\"https:\/\/premierdental.vn\/dich-vu-nha-khoa-toan-dien-tai-premier-dental\/phau-thuat-nho-rang\/phau-thuat-cat-chop-rang-chinh-xac-an-toan\/#primaryimage\"},\"thumbnailUrl\":\"https:\/\/premierdental.vn\/wp-content\/uploads\/2021\/05\/Resize640-Frame-Premier-Dental-09.jpg\",\"datePublished\":\"2020-10-26T03:18:52+00:00\",\"dateModified\":\"2025-05-21T12:00:59+00:00\",\"description\":\"Vi\u00eam quanh ch\u00f3p r\u0103ng l\u00e0 t\u00ecnh tr\u1ea1ng ph\u00e1 h\u1ee7y m\u00f4 quanh ch\u00f3p r\u0103ng, n\u1ebfu kh\u00f4ng \u0111\u01b0\u1ee3c ph\u00e2\u0303u thu\u00e2\u0323t c\u0103\u0301t cho\u0301p r\u0103ng s\u1ebd g\u00e2y ph\u00e1 h\u1ee7y x\u01b0\u01a1ng h\u00e0m.\",\"breadcrumb\":{\"@id\":\"https:\/\/premierdental.vn\/dich-vu-nha-khoa-toan-dien-tai-premier-dental\/phau-thuat-nho-rang\/phau-thuat-cat-chop-rang-chinh-xac-an-toan\/#breadcrumb\"},\"inLanguage\":\"en-US\",\"potentialAction\":[{\"@type\":\"ReadAction\",\"target\":[\"https:\/\/premierdental.vn\/dich-vu-nha-khoa-toan-dien-tai-premier-dental\/phau-thuat-nho-rang\/phau-thuat-cat-chop-rang-chinh-xac-an-toan\/\"]}]},{\"@type\":\"ImageObject\",\"inLanguage\":\"en-US\",\"@id\":\"https:\/\/premierdental.vn\/dich-vu-nha-khoa-toan-dien-tai-premier-dental\/phau-thuat-nho-rang\/phau-thuat-cat-chop-rang-chinh-xac-an-toan\/#primaryimage\",\"url\":\"https:\/\/premierdental.vn\/wp-content\/uploads\/2021\/05\/Resize640-Frame-Premier-Dental-09.jpg\",\"contentUrl\":\"https:\/\/premierdental.vn\/wp-content\/uploads\/2021\/05\/Resize640-Frame-Premier-Dental-09.jpg\",\"width\":640,\"height\":426},{\"@type\":\"BreadcrumbList\",\"@id\":\"https:\/\/premierdental.vn\/dich-vu-nha-khoa-toan-dien-tai-premier-dental\/phau-thuat-nho-rang\/phau-thuat-cat-chop-rang-chinh-xac-an-toan\/#breadcrumb\",\"itemListElement\":[{\"@type\":\"ListItem\",\"position\":1,\"name\":\"D\u1ecbch V\u1ee5\",\"item\":\"https:\/\/premierdental.vn\/dich-vu-nha-khoa-toan-dien-tai-premier-dental\/\"},{\"@type\":\"ListItem\",\"position\":2,\"name\":\"PH\u1eaaU THU\u1eacT\",\"item\":\"https:\/\/premierdental.vn\/dich-vu-nha-khoa-toan-dien-tai-premier-dental\/phau-thuat-nho-rang\/\"},{\"@type\":\"ListItem\",\"position\":3,\"name\":\"Ph\u1eabu Thu\u1eadt C\u1eaft Ch\u00f3p R\u0103ng\"}]},{\"@type\":\"WebSite\",\"@id\":\"https:\/\/premierdental.vn\/#website\",\"url\":\"https:\/\/premierdental.vn\/\",\"name\":\"Premier Dental\",\"description\":\"Premier Dental\",\"potentialAction\":[{\"@type\":\"SearchAction\",\"target\":{\"@type\":\"EntryPoint\",\"urlTemplate\":\"https:\/\/premierdental.vn\/?s={search_term_string}\"},\"query-input\":{\"@type\":\"PropertyValueSpecification\",\"valueRequired\":true,\"valueName\":\"search_term_string\"}}],\"inLanguage\":\"en-US\"}]}<\/script>\n<!-- \/ Yoast SEO plugin. -->","yoast_head_json":{"title":"Ph\u00e2\u0303u thu\u00e2\u0323t c\u0103\u0301t cho\u0301p r\u0103ng chi\u0301nh xa\u0301c va\u0300 an toa\u0300n ta\u0323i Premier Dental","description":"Vi\u00eam quanh ch\u00f3p r\u0103ng l\u00e0 t\u00ecnh tr\u1ea1ng ph\u00e1 h\u1ee7y m\u00f4 quanh ch\u00f3p r\u0103ng, n\u1ebfu kh\u00f4ng \u0111\u01b0\u1ee3c ph\u00e2\u0303u thu\u00e2\u0323t c\u0103\u0301t cho\u0301p r\u0103ng s\u1ebd g\u00e2y ph\u00e1 h\u1ee7y x\u01b0\u01a1ng h\u00e0m.","robots":{"index":"index","follow":"follow","max-snippet":"max-snippet:-1","max-image-preview":"max-image-preview:large","max-video-preview":"max-video-preview:-1"},"canonical":"https:\/\/premierdental.vn\/en\/dich-vu-nha-khoa-toan-dien-tai-premier-dental\/phau-thuat-nho-rang\/phau-thuat-cat-chop-rang-chinh-xac-an-toan\/","og_locale":"en_US","og_type":"article","og_title":"Ph\u00e2\u0303u thu\u00e2\u0323t c\u0103\u0301t cho\u0301p r\u0103ng chi\u0301nh xa\u0301c va\u0300 an toa\u0300n ta\u0323i Premier Dental","og_description":"Vi\u00eam quanh ch\u00f3p r\u0103ng l\u00e0 t\u00ecnh tr\u1ea1ng ph\u00e1 h\u1ee7y m\u00f4 quanh ch\u00f3p r\u0103ng, n\u1ebfu kh\u00f4ng \u0111\u01b0\u1ee3c ph\u00e2\u0303u thu\u00e2\u0323t c\u0103\u0301t cho\u0301p r\u0103ng s\u1ebd g\u00e2y ph\u00e1 h\u1ee7y x\u01b0\u01a1ng h\u00e0m.","og_url":"https:\/\/premierdental.vn\/en\/dich-vu-nha-khoa-toan-dien-tai-premier-dental\/phau-thuat-nho-rang\/phau-thuat-cat-chop-rang-chinh-xac-an-toan\/","og_site_name":"Premier Dental","article_modified_time":"2025-05-21T12:00:59+00:00","og_image":[{"width":640,"height":426,"url":"https:\/\/premierdental.vn\/wp-content\/uploads\/2021\/05\/Resize640-Frame-Premier-Dental-09.jpg","type":"image\/jpeg"}],"twitter_card":"summary_large_image","twitter_misc":{"Est. reading time":"7 minutes"},"schema":{"@context":"https:\/\/schema.org","@graph":[{"@type":"WebPage","@id":"https:\/\/premierdental.vn\/dich-vu-nha-khoa-toan-dien-tai-premier-dental\/phau-thuat-nho-rang\/phau-thuat-cat-chop-rang-chinh-xac-an-toan\/","url":"https:\/\/premierdental.vn\/dich-vu-nha-khoa-toan-dien-tai-premier-dental\/phau-thuat-nho-rang\/phau-thuat-cat-chop-rang-chinh-xac-an-toan\/","name":"Ph\u00e2\u0303u thu\u00e2\u0323t c\u0103\u0301t cho\u0301p r\u0103ng chi\u0301nh xa\u0301c va\u0300 an toa\u0300n ta\u0323i Premier Dental","isPartOf":{"@id":"https:\/\/premierdental.vn\/#website"},"primaryImageOfPage":{"@id":"https:\/\/premierdental.vn\/dich-vu-nha-khoa-toan-dien-tai-premier-dental\/phau-thuat-nho-rang\/phau-thuat-cat-chop-rang-chinh-xac-an-toan\/#primaryimage"},"image":{"@id":"https:\/\/premierdental.vn\/dich-vu-nha-khoa-toan-dien-tai-premier-dental\/phau-thuat-nho-rang\/phau-thuat-cat-chop-rang-chinh-xac-an-toan\/#primaryimage"},"thumbnailUrl":"https:\/\/premierdental.vn\/wp-content\/uploads\/2021\/05\/Resize640-Frame-Premier-Dental-09.jpg","datePublished":"2020-10-26T03:18:52+00:00","dateModified":"2025-05-21T12:00:59+00:00","description":"Vi\u00eam quanh ch\u00f3p r\u0103ng l\u00e0 t\u00ecnh tr\u1ea1ng ph\u00e1 h\u1ee7y m\u00f4 quanh ch\u00f3p r\u0103ng, n\u1ebfu kh\u00f4ng \u0111\u01b0\u1ee3c ph\u00e2\u0303u thu\u00e2\u0323t c\u0103\u0301t cho\u0301p r\u0103ng s\u1ebd g\u00e2y ph\u00e1 h\u1ee7y x\u01b0\u01a1ng h\u00e0m.","breadcrumb":{"@id":"https:\/\/premierdental.vn\/dich-vu-nha-khoa-toan-dien-tai-premier-dental\/phau-thuat-nho-rang\/phau-thuat-cat-chop-rang-chinh-xac-an-toan\/#breadcrumb"},"inLanguage":"en-US","potentialAction":[{"@type":"ReadAction","target":["https:\/\/premierdental.vn\/dich-vu-nha-khoa-toan-dien-tai-premier-dental\/phau-thuat-nho-rang\/phau-thuat-cat-chop-rang-chinh-xac-an-toan\/"]}]},{"@type":"ImageObject","inLanguage":"en-US","@id":"https:\/\/premierdental.vn\/dich-vu-nha-khoa-toan-dien-tai-premier-dental\/phau-thuat-nho-rang\/phau-thuat-cat-chop-rang-chinh-xac-an-toan\/#primaryimage","url":"https:\/\/premierdental.vn\/wp-content\/uploads\/2021\/05\/Resize640-Frame-Premier-Dental-09.jpg","contentUrl":"https:\/\/premierdental.vn\/wp-content\/uploads\/2021\/05\/Resize640-Frame-Premier-Dental-09.jpg","width":640,"height":426},{"@type":"BreadcrumbList","@id":"https:\/\/premierdental.vn\/dich-vu-nha-khoa-toan-dien-tai-premier-dental\/phau-thuat-nho-rang\/phau-thuat-cat-chop-rang-chinh-xac-an-toan\/#breadcrumb","itemListElement":[{"@type":"ListItem","position":1,"name":"D\u1ecbch V\u1ee5","item":"https:\/\/premierdental.vn\/dich-vu-nha-khoa-toan-dien-tai-premier-dental\/"},{"@type":"ListItem","position":2,"name":"PH\u1eaaU THU\u1eacT","item":"https:\/\/premierdental.vn\/dich-vu-nha-khoa-toan-dien-tai-premier-dental\/phau-thuat-nho-rang\/"},{"@type":"ListItem","position":3,"name":"Ph\u1eabu Thu\u1eadt C\u1eaft Ch\u00f3p R\u0103ng"}]},{"@type":"WebSite","@id":"https:\/\/premierdental.vn\/#website","url":"https:\/\/premierdental.vn\/","name":"Premier Dental","description":"Premier Dental","potentialAction":[{"@type":"SearchAction","target":{"@type":"EntryPoint","urlTemplate":"https:\/\/premierdental.vn\/?s={search_term_string}"},"query-input":{"@type":"PropertyValueSpecification","valueRequired":true,"valueName":"search_term_string"}}],"inLanguage":"en-US"}]}},"_links":{"self":[{"href":"https:\/\/premierdental.vn\/en\/wp-json\/wp\/v2\/pages\/318","targetHints":{"allow":["GET"]}}],"collection":[{"href":"https:\/\/premierdental.vn\/en\/wp-json\/wp\/v2\/pages"}],"about":[{"href":"https:\/\/premierdental.vn\/en\/wp-json\/wp\/v2\/types\/page"}],"author":[{"embeddable":true,"href":"https:\/\/premierdental.vn\/en\/wp-json\/wp\/v2\/users\/1"}],"replies":[{"embeddable":true,"href":"https:\/\/premierdental.vn\/en\/wp-json\/wp\/v2\/comments?post=318"}],"version-history":[{"count":14,"href":"https:\/\/premierdental.vn\/en\/wp-json\/wp\/v2\/pages\/318\/revisions"}],"predecessor-version":[{"id":8424,"href":"https:\/\/premierdental.vn\/en\/wp-json\/wp\/v2\/pages\/318\/revisions\/8424"}],"up":[{"embeddable":true,"href":"https:\/\/premierdental.vn\/en\/wp-json\/wp\/v2\/pages\/180"}],"wp:featuredmedia":[{"embeddable":true,"href":"https:\/\/premierdental.vn\/en\/wp-json\/wp\/v2\/media\/839"}],"wp:attachment":[{"href":"https:\/\/premierdental.vn\/en\/wp-json\/wp\/v2\/media?parent=318"}],"curies":[{"name":"wp","href":"https:\/\/api.w.org\/{rel}","templated":true}]}}