{"id":316,"date":"2020-10-26T03:14:19","date_gmt":"2020-10-26T03:14:19","guid":{"rendered":"https:\/\/premierdental.vn\/?page_id=316"},"modified":"2025-05-21T22:43:38","modified_gmt":"2025-05-21T15:43:38","slug":"nho-rang-khon-an-toan-it-dau","status":"publish","type":"page","link":"https:\/\/premierdental.vn\/en\/dich-vu-nha-khoa-toan-dien-tai-premier-dental\/phau-thuat-nho-rang\/nho-rang-khon-an-toan-it-dau\/","title":{"rendered":"Wisdom Tooth Removal"},"content":{"rendered":"<h1 style=\"text-align: center;\"><span style=\"color: #003366;\">NH\u1ed4 R\u0102NG KH\u00d4N<\/span><\/h1> <p><span style=\"color: #003366;\"><em>R\u0103ng kh\u00f4n n\u1ebfu kh\u00f4ng m\u1ecdc l\u1ec7ch th\u00ec n\u00f3 ch\u01b0a ch\u1eafc \u0111\u00e3 l\u00e0 m\u1ed9t chi\u1ebfc r\u0103ng g\u00e2y phi\u1ec1n to\u00e1i. Nh\u01b0ng m\u1ed9t khi r\u0103ng kh\u00f4n l\u1ea1i kh\u00f4ng \u201ckh\u00f4n\u201d nh\u01b0 t\u00ean g\u1ecdi c\u1ee7a n\u00f3 th\u00ec b\u1ea1n n\u00ean \u0111\u1ecdc ngay nh\u1eefng th\u00f4ng tin d\u01b0\u1edbi \u0111\u00e2y \u0111\u1ec3 c\u00f3 h\u01b0\u1edbng nh\u00f4\u0309 r\u0103ng kh\u00f4n m\u00f4\u0323t ca\u0301ch &#8220;kh\u00f4n&#8221; ngoan nhe\u0301.<\/em><\/span><\/p> <p><img fetchpriority=\"high\" decoding=\"async\" class=\"aligncenter size-full wp-image-990\" src=\"https:\/\/premierdental.vn\/wp-content\/uploads\/2021\/05\/rang-khon-01.jpg\" alt=\"\" width=\"640\" height=\"486\" srcset=\"https:\/\/premierdental.vn\/wp-content\/uploads\/2021\/05\/rang-khon-01.jpg 640w, https:\/\/premierdental.vn\/wp-content\/uploads\/2021\/05\/rang-khon-01-300x228.jpg 300w, https:\/\/premierdental.vn\/wp-content\/uploads\/2021\/05\/rang-khon-01-16x12.jpg 16w\" sizes=\"(max-width: 640px) 100vw, 640px\" \/><\/p> <h3><span style=\"color: #003366;\">R\u0103ng kh\u00f4n l\u00e0 g\u00ec?<\/span><\/h3> <p>R\u0103ng kh\u00f4n c\u00f3 t\u00ean g\u1ecdi kh\u00e1c l\u00e0 r\u0103ng s\u1ed1 8 hay r\u0103ng c\u1ed1i l\u1edbn th\u1ee9 3. \u0110\u00e2y l\u00e0 chi\u1ebfc r\u0103ng m\u1ecdc cu\u1ed1i c\u00f9ng trong cung h\u00e0m. Th\u00f4ng th\u01b0\u1eddng r\u0103ng s\u1ebd m\u1ecdc trong giai \u0111o\u1ea1n t\u1eeb 15 \u0111\u1ebfn 25 tu\u1ed5i. M\u1ed9t s\u1ed1 \u00edt ng\u01b0\u1eddi c\u00f3 th\u1ec3 m\u1ecdc sau 30 tu\u1ed5i.<\/p> <h3><span style=\"color: #003366;\">R\u0103ng kh\u00f4n hay m\u1ecdc l\u1ec7ch, v\u00ec sao?<\/span><\/h3> <p>Th\u1ef1c t\u1ebf cho th\u1ea5y, \u0111a s\u1ed1 r\u0103ng kh\u00f4n \u0111\u1ec1u m\u1ecdc l\u1ec7ch. V\u00ec x\u01b0\u01a1ng h\u00e0m ch\u1ec9 \u0111\u1ee7 ch\u1ed7 cho 28 r\u0103ng (m\u1ed7i h\u00e0m c\u00f3 14 r\u0103ng) m\u00e0 th\u00f4i. Do kh\u00f4ng c\u00f2n \u0111\u1ee7 di\u1ec7n t\u00edch \u0111\u1ec3 m\u1ecdc l\u00ean theo h\u01b0\u1edbng b\u00ecnh th\u01b0\u1eddng, n\u00f3 ph\u1ea3i t\u1ef1 t\u00ecm cho m\u00ecnh m\u1ed9t con \u0111\u01b0\u1eddng kh\u00e1c \u0111\u1ec3 m\u1ecdc.<\/p> <p>Ngo\u00e0i ra, r\u0103ng s\u1ed1 8 th\u01b0\u1eddng m\u1ecdc trong \u0111\u1ed9 tu\u1ed5i x\u01b0\u01a1ng h\u00e0m \u0111\u00e3 ng\u1eebng t\u0103ng tr\u01b0\u1edfng v\u00e0 ph\u00e1t tri\u1ec3n. X\u01b0\u01a1ng tr\u1edf n\u00ean c\u1ee9ng \u0111\u1eb7c h\u01a1n. S\u1ef1 t\u0103ng tr\u01b0\u1edfng v\u00e0 ph\u00e1t tri\u1ec3n c\u1ee7a h\u00e0m d\u01b0\u1edbi trong giai \u0111o\u1ea1n m\u1ecdc r\u0103ng theo h\u01b0\u1edbng xu\u1ed1ng d\u01b0\u1edbi v\u00e0 ra tr\u01b0\u1edbc. C\u1ed9ng v\u1edbi ch\u1ebf \u0111\u1ed9 \u0103n m\u1ec1m c\u1ee7a ng\u01b0\u1eddi hi\u1ec7n \u0111\u1ea1i l\u00e0m gi\u1ea3m s\u1ef1 ph\u00e1t tri\u1ec3n c\u1ee7a x\u01b0\u01a1ng h\u00e0m. \u0110\u00e2y l\u00e0 nh\u1eefng y\u1ebfu t\u1ed1 g\u00f3p ph\u1ea7n l\u00e0m m\u1ea5t c\u00e2n x\u1ee9ng gi\u1eefa r\u0103ng v\u00e0 k\u00edch th\u01b0\u1edbc x\u01b0\u01a1ng h\u00e0m. \u0110i\u1ec1u n\u00e0y d\u1eabn \u0111\u1ebfn t\u00ecnh tr\u1ea1ng m\u1ecdc ng\u1ea7m, m\u1ecdc k\u1eb9t c\u1ee7a r\u0103ng.<\/p> <div id=\"attachment_986\" style=\"width: 650px\" class=\"wp-caption aligncenter\"><img decoding=\"async\" aria-describedby=\"caption-attachment-986\" class=\"wp-image-986 size-full\" src=\"https:\/\/premierdental.vn\/wp-content\/uploads\/2021\/05\/rang-khon-06.jpg\" alt=\"R\u0103ng kh\u00f4n m\u1ecdc ngang g\u00e2y \u1ea3nh h\u01b0\u1edfng \u0111\u1ebfn r\u0103ng k\u1ebf c\u1eadn\" width=\"640\" height=\"436\" srcset=\"https:\/\/premierdental.vn\/wp-content\/uploads\/2021\/05\/rang-khon-06.jpg 640w, https:\/\/premierdental.vn\/wp-content\/uploads\/2021\/05\/rang-khon-06-300x204.jpg 300w, https:\/\/premierdental.vn\/wp-content\/uploads\/2021\/05\/rang-khon-06-16x12.jpg 16w\" sizes=\"(max-width: 640px) 100vw, 640px\" \/><p id=\"caption-attachment-986\" class=\"wp-caption-text\">R\u0103ng kh\u00f4n m\u1ecdc ngang g\u00e2y \u1ea3nh h\u01b0\u1edfng \u0111\u1ebfn r\u0103ng k\u1ebf c\u1eadn<\/p><\/div> <h3><span style=\"color: #003366;\">Bi\u1ebfn ch\u1ee9ng nguy hi\u1ec3m khi r\u0103ng kh\u00f4n m\u1ecdc l\u1ec7ch<\/span><\/h3> <p>Vi\u1ec7c chi\u1ebfc r\u0103ng kh\u00f4n m\u1ecdc l\u1ec7ch s\u1ebd g\u00e2y ra r\u1ea5t nhi\u1ec1u bi\u1ebfn ch\u1ee9ng nguy hi\u1ec3m.<\/p> <h4><span style=\"color: #003366;\">G\u00e2y vi\u00eam l\u1ee3i<\/span><\/h4> <p>Khi r\u0103ng m\u1ecdc ng\u1ea7m, n\u00f3 s\u1ebd h\u00fac v\u00e0o r\u0103ng s\u1ed1 7 v\u00e0 g\u00e2y n\u00ean c\u00e1c tai bi\u1ebfn nh\u01b0\u00a0<a href=\"https:\/\/nhakhoanhaviet.com.vn\/5-cach-phong-ngua-viem-nha-chu-cuc-don-gian-ma-hieu-qua\/\">vi\u00eam l\u1ee3i tr\u00f9m<\/a>. Trong qu\u00e1 tr\u00ecnh \u0103n u\u1ed1ng, v\u1ee5n th\u1ee9c \u0103n s\u1ebd gi\u1eaft v\u00e0o t\u00fai l\u1ee3i. T\u1eeb \u0111\u00f3 g\u00e2y b\u1ec7nh vi\u00eam t\u00fai l\u1ee3i c\u00f3 m\u1ee7. Nh\u1eefng ng\u01b0\u1eddi b\u1ecb \u0111au nh\u1ee9c x\u01b0\u01a1ng h\u00e0m khi r\u0103ng kh\u00f4n m\u1ecdc s\u1ebd c\u00f3 c\u1ea3m gi\u00e1c v\u01b0\u1edbng, kh\u00f3 nhai, nhi\u1ec1u tr\u01b0\u1eddng h\u1ee3p b\u1ecb s\u1ed1t, s\u01b0ng vi\u00eam.<\/p> <h4><span style=\"color: #003366;\">G\u00e2y nhi\u1ec5m tr\u00f9ng<\/span><\/h4> <p>Trong tr\u01b0\u1eddng h\u1ee3p r\u0103ng m\u1ecdc l\u1ec7ch v\u00e0 \u0111\u00e2m sang c\u00e1c r\u0103ng b\u00ean c\u1ea1nh, n\u00f3 s\u1ebd l\u00e0m r\u0103ng \u0111\u00f3 b\u1ecb ti\u00eau hu\u1ef7, lung lay. Th\u1eadm ch\u00ed l\u00e0 r\u1ee5ng r\u0103ng. Tri\u1ec7u ch\u1ee9ng \u0111\u1ec3 nh\u1eadn bi\u1ebft r\u0103ng m\u1ecdc l\u1ec7ch l\u00e0 nh\u1eefng c\u01a1n \u0111au \u00e2m \u1ec9 \u1edf khu v\u1ef1c x\u01b0\u01a1ng h\u00e0m trong c\u00f9ng. N\u1ebfu kh\u00f4ng \u0111\u01b0\u1ee3c gi\u1ea3i quy\u1ebft k\u1ecbp th\u1eddi, v\u00f9ng x\u01b0\u01a1ng h\u00e0m v\u00e0 n\u01b0\u1edbu \u1edf khu v\u1ef1c n\u00e0y s\u1ebd b\u1ecb vi\u00eam, nhi\u1ec5m tr\u00f9ng. Sau \u0111\u00f3 l\u00e2y lan sang c\u00e1c khu v\u1ef1c xung quanh nh\u01b0 mang tai, m\u00e1, m\u1eaft, c\u1ed5&#8230; g\u00e2y nguy hi\u1ec3m \u0111\u1ebfn s\u1ee9c kh\u1ecfe to\u00e0n th\u00e2n.<\/p> <div id=\"attachment_976\" style=\"width: 650px\" class=\"wp-caption aligncenter\"><img decoding=\"async\" aria-describedby=\"caption-attachment-976\" class=\"wp-image-976 size-full\" src=\"https:\/\/premierdental.vn\/wp-content\/uploads\/2021\/05\/rang-khon-10.jpg\" alt=\"R\u0103ng kh\u00f4n m\u1ecdc l\u1ec7ch c\u00f3 th\u1ec3 g\u00e2y nhi\u1ec5m tr\u1ee5ng cho v\u00f9ng r\u0103ng k\u1ebf c\u1eadn\" width=\"640\" height=\"480\" srcset=\"https:\/\/premierdental.vn\/wp-content\/uploads\/2021\/05\/rang-khon-10.jpg 640w, https:\/\/premierdental.vn\/wp-content\/uploads\/2021\/05\/rang-khon-10-300x225.jpg 300w, https:\/\/premierdental.vn\/wp-content\/uploads\/2021\/05\/rang-khon-10-16x12.jpg 16w\" sizes=\"(max-width: 640px) 100vw, 640px\" \/><p id=\"caption-attachment-976\" class=\"wp-caption-text\">R\u0103ng kh\u00f4n m\u1ecdc l\u1ec7ch c\u00f3 th\u1ec3 g\u00e2y nhi\u1ec5m tr\u1ee5ng cho v\u00f9ng r\u0103ng k\u1ebf c\u1eadn<\/p><\/div> <h4><span style=\"color: #003366;\">G\u00e2y s\u00e2u r\u0103ng<\/span><\/h4> <p>B\u00ean c\u1ea1nh \u0111\u00f3, vi\u1ec7c v\u1ec7 sinh s\u1ea1ch s\u1ebd chi\u1ebfc r\u0103ng r\u1ea5t kh\u00f3 kh\u0103n v\u00ec r\u0103ng kh\u00f4n th\u01b0\u1eddng m\u1ecdc trong c\u00f9ng c\u1ee7a h\u00e0m r\u0103ng. Th\u1ee9c \u0103n v\u00e0 vi khu\u1ea9n r\u1ea5t d\u1ec5 b\u1ecb t\u00edch t\u1ee5. Nh\u1ea5t l\u00e0 \u1edf nh\u1eefng r\u0103ng ch\u1ec9 m\u1ecdc l\u00ean \u0111\u01b0\u1ee3c m\u1ed9t ph\u1ea7n ho\u1eb7c m\u1ecdc l\u1ec7ch v\u00e0 \u0111\u00e2m v\u00e0o r\u0103ng b\u00ean c\u1ea1nh. S\u1ef1 t\u00edch t\u1ee5 n\u00e0y n\u1ebfu ti\u1ebfp di\u1ec5n l\u00e2u d\u00e0i s\u1ebd g\u00e2y ra b\u1ec7nh s\u00e2u r\u0103ng. H\u01a1n n\u1eefa, th\u1ee9c \u0103n t\u00edch t\u1ee5 v\u00e0 vi khu\u1ea9n ph\u00e1t tri\u1ec3n \u1edf r\u0103ng kh\u00f4n s\u1ebd g\u00e2y ra vi\u00eam nhi\u1ec5m v\u00f9ng n\u01b0\u1edbu xung quanh. V\u00e0 \u0111\u00e2y ch\u00ednh l\u00e0 nguy\u00ean nh\u00e2n d\u1eabn \u0111\u1ebfn c\u00e1c tri\u1ec7u ch\u1ee9ng nh\u01b0 s\u01b0ng, \u0111au, h\u00f4i mi\u1ec7ng v\u00e0 \u0111\u00f4i khi c\u1ee9ng kh\u00edt h\u00e0m (b\u1ec7nh nh\u00e2n kh\u00f4ng th\u1ec3 m\u1edf mi\u1ec7ng to \u0111\u01b0\u1ee3c). C\u00e1c t\u00ecnh tr\u1ea1ng n\u00e0y s\u1ebd t\u00e1i ph\u00e1t nhi\u1ec1u l\u1ea7n cho \u0111\u1ebfn khi r\u0103ng \u0111\u01b0\u1ee3c ch\u1eefa tr\u1ecb ho\u1eb7c nh\u1ed5 b\u1ecf.<\/p> <h3><span style=\"color: #003366;\">Khi n\u00e0o c\u00f3 th\u1ec3 gi\u1eef l\u1ea1i r\u0103ng kh\u00f4n?<\/span><\/h3> <p>Nh\u01b0 \u0111\u00e3 n\u00f3i, kh\u00f4ng ph\u1ea3i t\u1ea5t c\u1ea3 r\u0103ng kh\u00f4n \u0111\u1ec1u c\u1ea7n ph\u1ea3i nh\u1ed5 b\u1ecf. N\u1ebfu chi\u1ebfc r\u0103ng c\u1ee7a b\u1ea1n \u0111\u00e1p \u1ee9ng \u0111\u01b0\u1ee3c nh\u1eefng \u0111i\u1ec1u ki\u1ec7n sau \u0111\u00e2y th\u00ec b\u1ea1n ho\u00e0n to\u00e0n c\u00f3 th\u1ec3 gi\u1eef l\u1ea1i:<\/p> <ul> <li>R\u0103ng kh\u1ecfe m\u1ea1nh, m\u1ecdc th\u1eb3ng, ph\u00e1t tri\u1ec3n ho\u00e0n ch\u1ec9nh.<\/li> <li>R\u0103ng kh\u00f4ng b\u1ecb k\u1eb9t b\u1edfi m\u00f4 x\u01b0\u01a1ng v\u00e0 n\u01b0\u1edbu, n\u1eb1m ngay ng\u1eafn v\u00e0 \u0103n kh\u1edbp v\u1edbi r\u0103ng \u0111\u1ed1i di\u1ec7n.<\/li> <li>R\u0103ng kh\u00f4ng g\u00e2y bi\u1ebfn ch\u1ee9ng.<\/li> <\/ul> <p>C\u0169ng l\u01b0u \u00fd m\u1ed9t s\u1ed1 tr\u01b0\u1eddng h\u1ee3p b\u1ec7nh nh\u00e2n kh\u00f4ng th\u1ec3 th\u1ef1c hi\u1ec7n \u0111\u01b0\u1ee3c ph\u1eabu thu\u1eadt nh\u1ed5 b\u1ecf. Ch\u1eb3ng h\u1ea1n nh\u01b0 b\u1ec7nh nh\u00e2n b\u1ecb tim m\u1ea1ch, ti\u1ec3u \u0111\u01b0\u1eddng, r\u1ed1i lo\u1ea1n \u0111\u00f4ng c\u1ea7m m\u00e1u\u2026<\/p> <h3><span style=\"color: #003366;\">Khi n\u00e0o n\u00ean nh\u1ed5?<\/span><\/h3> <p>M\u1ed9t s\u1ed1 tr\u01b0\u1eddng h\u1ee3p \u0111\u01b0\u1ee3c b\u00e1c s\u0129 ch\u1ec9 \u0111\u1ecbnh <strong>nh\u1ed5 r\u0103ng kh\u00f4n<\/strong> \u0111\u1ec3 ng\u0103n ng\u1eeba bi\u1ebfn ch\u1ee9ng:<\/p> <p>&#8211; Khi r\u0103ng m\u1ecdc l\u1ec7ch, m\u1ecdc ngang \u0111\u00e2m v\u00e0o r\u0103ng s\u1ed1 7.<\/p> <p>&#8211; R\u0103ng m\u1ecdc ng\u1ea7m, h\u1ee7y ho\u1ea1i x\u01b0\u01a1ng v\u00e0 r\u0103ng xung quanh.<\/p> <p>&#8211; Khi vi\u1ec7c m\u1ecdc r\u0103ng kh\u00f4n g\u00e2y ra c\u00e1c bi\u1ebfn ch\u1ee9ng \u0111au, nhi\u1ec5m tr\u00f9ng l\u1eb7p \u0111i l\u1eb7p l\u1ea1i, u nang, \u1ea3nh h\u01b0\u1edfng \u0111\u1ebfn r\u0103ng l\u00e2n c\u1eadn.<\/p> <p><img loading=\"lazy\" decoding=\"async\" class=\"aligncenter size-full wp-image-983\" src=\"https:\/\/premierdental.vn\/wp-content\/uploads\/2021\/05\/rang-khon-03.jpg\" alt=\"\" width=\"640\" height=\"538\" srcset=\"https:\/\/premierdental.vn\/wp-content\/uploads\/2021\/05\/rang-khon-03.jpg 640w, https:\/\/premierdental.vn\/wp-content\/uploads\/2021\/05\/rang-khon-03-300x252.jpg 300w, https:\/\/premierdental.vn\/wp-content\/uploads\/2021\/05\/rang-khon-03-14x12.jpg 14w\" sizes=\"(max-width: 640px) 100vw, 640px\" \/><\/p> <p>&#8211; Khi r\u0103ng ch\u01b0a g\u00e2y ra bi\u1ebfn ch\u1ee9ng. Nh\u01b0ng gi\u1eefa r\u0103ng kh\u00f4n v\u00e0 r\u0103ng b\u00ean c\u1ea1nh c\u00f3 khe gi\u1eaft th\u1ee9c \u0103n, t\u01b0\u01a1ng lai s\u1ebd \u1ea3nh h\u01b0\u1edfng \u0111\u1ebfn r\u0103ng b\u00ean c\u1ea1nh th\u00ec c\u0169ng n\u00ean nh\u1ed5 \u0111\u1ec3 ng\u0103n ng\u1eeba bi\u1ebfn ch\u1ee9ng.<\/p> <p>&#8211; R\u0103ng m\u1ecdc th\u1eb3ng, \u0111\u1ee7 ch\u1ed7, kh\u00f4ng b\u1ecb c\u1ea3n tr\u1edf b\u1edfi x\u01b0\u01a1ng v\u00e0 n\u01b0\u1edbu nh\u01b0ng kh\u00f4ng c\u00f3 r\u0103ng \u0111\u1ed1i di\u1ec7n \u0103n kh\u1edbp, l\u00e0m r\u0103ng kh\u00f4n tr\u1ed3i d\u00e0i xu\u1ed1ng h\u00e0m \u0111\u1ed1i di\u1ec7n. \u0110i\u1ec1u n\u00e0y t\u1ea1o b\u1eadc thang gi\u1eefa r\u0103ng kh\u00f4n v\u00e0 r\u0103ng b\u00ean c\u1ea1nh, g\u00e2y nh\u1ed3i nh\u00e9t th\u1ee9c \u0103n, l\u1edf lo\u00e9t n\u01b0\u1edbu h\u00e0m \u0111\u1ed1i di\u1ec7n.<\/p> <p>&#8211; R\u0103ng m\u1ecdc th\u1eb3ng, \u0111\u1ee7 ch\u1ed7, kh\u00f4ng b\u1ecb c\u1ea3n tr\u1edf b\u1edfi x\u01b0\u01a1ng v\u00e0 n\u01b0\u1edbu, nh\u01b0ng h\u00ecnh d\u1ea1ng r\u0103ng kh\u00f4n b\u1ea5t th\u01b0\u1eddng, nh\u1ecf, d\u1ecb d\u1ea1ng, g\u00e2y nh\u1ed3i nh\u00e9t th\u1ee9c \u0103n v\u1edbi r\u0103ng b\u00ean c\u1ea1nh. L\u00e2u ng\u00e0y g\u00e2y s\u00e2u r\u0103ng v\u00e0 vi\u00eam nha chu r\u0103ng b\u00ean c\u1ea1nh.<\/p> <p>&#8211; B\u1ea3n th\u00e2n r\u0103ng c\u00f3 b\u1ec7nh nha chu ho\u1eb7c s\u00e2u r\u0103ng lan r\u1ed9ng, vi\u00eam t\u1ee7y<\/p> <p>&#8211; Nh\u1ed5 r\u0103ng kh\u00f4n c\u00f3 th\u1ec3 \u0111\u01b0\u1ee3c c\u00e2n nh\u1eafc khi c\u1ea7n t\u1ea1o kho\u1ea3ng tr\u1ed1ng cho c\u00e1c ph\u01b0\u01a1ng ph\u00e1p ch\u1ec9nh nha ho\u1eb7c ph\u1ee5c h\u00ecnh. Ngo\u00e0i ra, r\u0103ng kh\u00f4n l\u00e0 nguy\u00ean nh\u00e2n c\u1ee7a m\u1ed9t s\u1ed1 b\u1ec7nh to\u00e0n th\u00e2n kh\u00e1c c\u0169ng n\u00ean \u0111\u01b0\u1ee3c nh\u1ed5 b\u1ecf.<\/p> <h4><span style=\"color: #003366;\">Nha Khoa Premier hy v\u1ecdng v\u1edbi th\u00f4ng tin tr\u00ean \u0111\u00e2y \u0111\u00e3 gi\u1ea3i \u0111\u00e1p \u0111\u01b0\u1ee3c ph\u1ea7n n\u00e0o c\u00e2u h\u1ecfi &#8220;C\u00f3 n\u00ean nh\u1ed5 b\u1ecf r\u0103ng kh\u00f4n kh\u00f4ng&#8221; c\u1ee7a b\u1ea1n. Tr\u01b0\u1edbc khi ti\u1ebfn h\u00e0nh nh\u1ed5 r\u0103ng, n\u00ean tham kh\u1ea3o \u00fd ki\u1ebfn b\u00e1c s\u0129 chuy\u00ean m\u00f4n \u0111\u1ec3 \u0111\u01b0\u1ee3c t\u01b0 v\u1ea5n v\u00e0 th\u1ef1c hi\u1ec7n nh\u00e9.<\/span><\/h4>","protected":false},"excerpt":{"rendered":"<p>NH\u1ed4 R\u0102NG KH\u00d4N R\u0103ng kh\u00f4n n\u1ebfu kh\u00f4ng m\u1ecdc l\u1ec7ch th\u00ec n\u00f3 ch\u01b0a ch\u1eafc \u0111\u00e3 l\u00e0 m\u1ed9t chi\u1ebfc r\u0103ng g\u00e2y phi\u1ec1n to\u00e1i. Nh\u01b0ng m\u1ed9t khi r\u0103ng kh\u00f4n l\u1ea1i kh\u00f4ng \u201ckh\u00f4n\u201d nh\u01b0 t\u00ean g\u1ecdi c\u1ee7a n\u00f3 th\u00ec b\u1ea1n n\u00ean \u0111\u1ecdc ngay nh\u1eefng th\u00f4ng tin d\u01b0\u1edbi \u0111\u00e2y \u0111\u1ec3 c\u00f3 h\u01b0\u1edbng nh\u00f4\u0309 r\u0103ng kh\u00f4n m\u00f4\u0323t ca\u0301ch &#8220;kh\u00f4n&#8221; ngoan nhe\u0301. [&hellip;]<\/p>","protected":false},"author":1,"featured_media":251,"parent":180,"menu_order":0,"comment_status":"closed","ping_status":"closed","template":"","meta":{"footnotes":""},"class_list":["post-316","page","type-page","status-publish","has-post-thumbnail","hentry"],"acf":[],"yoast_head":"<!-- This site is optimized with the Yoast SEO plugin v26.9 - https:\/\/yoast.com\/product\/yoast-seo-wordpress\/ -->\n<title>Nh\u00f4\u0309 r\u0103ng kh\u00f4n m\u00f4\u0323t ca\u0301ch &quot;kh\u00f4n&quot; ngoan - Ba\u0323n co\u0301 bi\u00ea\u0301t?<\/title>\n<meta name=\"description\" content=\"Nh\u00f4\u0309 r\u0103ng kh\u00f4n m\u00f4\u0323t ca\u0301ch &quot;kh\u00f4n&quot; ngoan la\u0300 khi ba\u0323n quy\u00ea\u0301t \u0111i\u0323nh \u0111\u01b0\u01a1\u0323c nh\u00f4\u0309 bo\u0309 chu\u0301ng vi\u0300 nh\u01b0\u0303ng h\u00e2\u0323u qua\u0309 ti\u00ea\u0300m \u00e2\u0309n va\u0300 ...\" \/>\n<meta name=\"robots\" content=\"index, follow, max-snippet:-1, max-image-preview:large, max-video-preview:-1\" \/>\n<link rel=\"canonical\" href=\"https:\/\/premierdental.vn\/en\/dich-vu-nha-khoa-toan-dien-tai-premier-dental\/phau-thuat-nho-rang\/nho-rang-khon-an-toan-it-dau\/\" \/>\n<meta property=\"og:locale\" content=\"en_US\" \/>\n<meta property=\"og:type\" content=\"article\" \/>\n<meta property=\"og:title\" content=\"Nh\u00f4\u0309 r\u0103ng kh\u00f4n m\u00f4\u0323t ca\u0301ch &quot;kh\u00f4n&quot; ngoan - Ba\u0323n co\u0301 bi\u00ea\u0301t?\" \/>\n<meta property=\"og:description\" content=\"Nh\u00f4\u0309 r\u0103ng kh\u00f4n m\u00f4\u0323t ca\u0301ch &quot;kh\u00f4n&quot; ngoan la\u0300 khi ba\u0323n quy\u00ea\u0301t \u0111i\u0323nh \u0111\u01b0\u01a1\u0323c nh\u00f4\u0309 bo\u0309 chu\u0301ng vi\u0300 nh\u01b0\u0303ng h\u00e2\u0323u qua\u0309 ti\u00ea\u0300m \u00e2\u0309n va\u0300 ...\" \/>\n<meta property=\"og:url\" content=\"https:\/\/premierdental.vn\/en\/dich-vu-nha-khoa-toan-dien-tai-premier-dental\/phau-thuat-nho-rang\/nho-rang-khon-an-toan-it-dau\/\" \/>\n<meta property=\"og:site_name\" content=\"Premier Dental\" \/>\n<meta property=\"article:modified_time\" content=\"2025-05-21T15:43:38+00:00\" \/>\n<meta property=\"og:image\" content=\"https:\/\/premierdental.vn\/wp-content\/uploads\/2020\/10\/bien-chung-implant.jpeg\" \/>\n\t<meta property=\"og:image:width\" content=\"1000\" \/>\n\t<meta property=\"og:image:height\" content=\"500\" \/>\n\t<meta property=\"og:image:type\" content=\"image\/jpeg\" \/>\n<meta name=\"twitter:card\" content=\"summary_large_image\" \/>\n<meta name=\"twitter:label1\" content=\"Est. reading time\" \/>\n\t<meta name=\"twitter:data1\" content=\"8 minutes\" \/>\n<script type=\"application\/ld+json\" class=\"yoast-schema-graph\">{\"@context\":\"https:\/\/schema.org\",\"@graph\":[{\"@type\":\"WebPage\",\"@id\":\"https:\/\/premierdental.vn\/dich-vu-nha-khoa-toan-dien-tai-premier-dental\/phau-thuat-nho-rang\/nho-rang-khon-an-toan-it-dau\/\",\"url\":\"https:\/\/premierdental.vn\/dich-vu-nha-khoa-toan-dien-tai-premier-dental\/phau-thuat-nho-rang\/nho-rang-khon-an-toan-it-dau\/\",\"name\":\"Nh\u00f4\u0309 r\u0103ng kh\u00f4n m\u00f4\u0323t ca\u0301ch \\\"kh\u00f4n\\\" ngoan - Ba\u0323n co\u0301 bi\u00ea\u0301t?\",\"isPartOf\":{\"@id\":\"https:\/\/premierdental.vn\/#website\"},\"primaryImageOfPage\":{\"@id\":\"https:\/\/premierdental.vn\/dich-vu-nha-khoa-toan-dien-tai-premier-dental\/phau-thuat-nho-rang\/nho-rang-khon-an-toan-it-dau\/#primaryimage\"},\"image\":{\"@id\":\"https:\/\/premierdental.vn\/dich-vu-nha-khoa-toan-dien-tai-premier-dental\/phau-thuat-nho-rang\/nho-rang-khon-an-toan-it-dau\/#primaryimage\"},\"thumbnailUrl\":\"https:\/\/premierdental.vn\/wp-content\/uploads\/2020\/10\/bien-chung-implant.jpeg\",\"datePublished\":\"2020-10-26T03:14:19+00:00\",\"dateModified\":\"2025-05-21T15:43:38+00:00\",\"description\":\"Nh\u00f4\u0309 r\u0103ng kh\u00f4n m\u00f4\u0323t ca\u0301ch \\\"kh\u00f4n\\\" ngoan la\u0300 khi ba\u0323n quy\u00ea\u0301t \u0111i\u0323nh \u0111\u01b0\u01a1\u0323c nh\u00f4\u0309 bo\u0309 chu\u0301ng vi\u0300 nh\u01b0\u0303ng h\u00e2\u0323u qua\u0309 ti\u00ea\u0300m \u00e2\u0309n va\u0300 ...\",\"breadcrumb\":{\"@id\":\"https:\/\/premierdental.vn\/dich-vu-nha-khoa-toan-dien-tai-premier-dental\/phau-thuat-nho-rang\/nho-rang-khon-an-toan-it-dau\/#breadcrumb\"},\"inLanguage\":\"en-US\",\"potentialAction\":[{\"@type\":\"ReadAction\",\"target\":[\"https:\/\/premierdental.vn\/dich-vu-nha-khoa-toan-dien-tai-premier-dental\/phau-thuat-nho-rang\/nho-rang-khon-an-toan-it-dau\/\"]}]},{\"@type\":\"ImageObject\",\"inLanguage\":\"en-US\",\"@id\":\"https:\/\/premierdental.vn\/dich-vu-nha-khoa-toan-dien-tai-premier-dental\/phau-thuat-nho-rang\/nho-rang-khon-an-toan-it-dau\/#primaryimage\",\"url\":\"https:\/\/premierdental.vn\/wp-content\/uploads\/2020\/10\/bien-chung-implant.jpeg\",\"contentUrl\":\"https:\/\/premierdental.vn\/wp-content\/uploads\/2020\/10\/bien-chung-implant.jpeg\",\"width\":1000,\"height\":500},{\"@type\":\"BreadcrumbList\",\"@id\":\"https:\/\/premierdental.vn\/dich-vu-nha-khoa-toan-dien-tai-premier-dental\/phau-thuat-nho-rang\/nho-rang-khon-an-toan-it-dau\/#breadcrumb\",\"itemListElement\":[{\"@type\":\"ListItem\",\"position\":1,\"name\":\"D\u1ecbch V\u1ee5\",\"item\":\"https:\/\/premierdental.vn\/dich-vu-nha-khoa-toan-dien-tai-premier-dental\/\"},{\"@type\":\"ListItem\",\"position\":2,\"name\":\"PH\u1eaaU THU\u1eacT\",\"item\":\"https:\/\/premierdental.vn\/dich-vu-nha-khoa-toan-dien-tai-premier-dental\/phau-thuat-nho-rang\/\"},{\"@type\":\"ListItem\",\"position\":3,\"name\":\"Nh\u1ed5 R\u0103ng Kh\u00f4n\"}]},{\"@type\":\"WebSite\",\"@id\":\"https:\/\/premierdental.vn\/#website\",\"url\":\"https:\/\/premierdental.vn\/\",\"name\":\"Premier Dental\",\"description\":\"Premier Dental\",\"potentialAction\":[{\"@type\":\"SearchAction\",\"target\":{\"@type\":\"EntryPoint\",\"urlTemplate\":\"https:\/\/premierdental.vn\/?s={search_term_string}\"},\"query-input\":{\"@type\":\"PropertyValueSpecification\",\"valueRequired\":true,\"valueName\":\"search_term_string\"}}],\"inLanguage\":\"en-US\"}]}<\/script>\n<!-- \/ Yoast SEO plugin. -->","yoast_head_json":{"title":"Nh\u00f4\u0309 r\u0103ng kh\u00f4n m\u00f4\u0323t ca\u0301ch \"kh\u00f4n\" ngoan - Ba\u0323n co\u0301 bi\u00ea\u0301t?","description":"Nh\u00f4\u0309 r\u0103ng kh\u00f4n m\u00f4\u0323t ca\u0301ch \"kh\u00f4n\" ngoan la\u0300 khi ba\u0323n quy\u00ea\u0301t \u0111i\u0323nh \u0111\u01b0\u01a1\u0323c nh\u00f4\u0309 bo\u0309 chu\u0301ng vi\u0300 nh\u01b0\u0303ng h\u00e2\u0323u qua\u0309 ti\u00ea\u0300m \u00e2\u0309n va\u0300 ...","robots":{"index":"index","follow":"follow","max-snippet":"max-snippet:-1","max-image-preview":"max-image-preview:large","max-video-preview":"max-video-preview:-1"},"canonical":"https:\/\/premierdental.vn\/en\/dich-vu-nha-khoa-toan-dien-tai-premier-dental\/phau-thuat-nho-rang\/nho-rang-khon-an-toan-it-dau\/","og_locale":"en_US","og_type":"article","og_title":"Nh\u00f4\u0309 r\u0103ng kh\u00f4n m\u00f4\u0323t ca\u0301ch \"kh\u00f4n\" ngoan - Ba\u0323n co\u0301 bi\u00ea\u0301t?","og_description":"Nh\u00f4\u0309 r\u0103ng kh\u00f4n m\u00f4\u0323t ca\u0301ch \"kh\u00f4n\" ngoan la\u0300 khi ba\u0323n quy\u00ea\u0301t \u0111i\u0323nh \u0111\u01b0\u01a1\u0323c nh\u00f4\u0309 bo\u0309 chu\u0301ng vi\u0300 nh\u01b0\u0303ng h\u00e2\u0323u qua\u0309 ti\u00ea\u0300m \u00e2\u0309n va\u0300 ...","og_url":"https:\/\/premierdental.vn\/en\/dich-vu-nha-khoa-toan-dien-tai-premier-dental\/phau-thuat-nho-rang\/nho-rang-khon-an-toan-it-dau\/","og_site_name":"Premier Dental","article_modified_time":"2025-05-21T15:43:38+00:00","og_image":[{"width":1000,"height":500,"url":"https:\/\/premierdental.vn\/wp-content\/uploads\/2020\/10\/bien-chung-implant.jpeg","type":"image\/jpeg"}],"twitter_card":"summary_large_image","twitter_misc":{"Est. reading time":"8 minutes"},"schema":{"@context":"https:\/\/schema.org","@graph":[{"@type":"WebPage","@id":"https:\/\/premierdental.vn\/dich-vu-nha-khoa-toan-dien-tai-premier-dental\/phau-thuat-nho-rang\/nho-rang-khon-an-toan-it-dau\/","url":"https:\/\/premierdental.vn\/dich-vu-nha-khoa-toan-dien-tai-premier-dental\/phau-thuat-nho-rang\/nho-rang-khon-an-toan-it-dau\/","name":"Nh\u00f4\u0309 r\u0103ng kh\u00f4n m\u00f4\u0323t ca\u0301ch \"kh\u00f4n\" ngoan - Ba\u0323n co\u0301 bi\u00ea\u0301t?","isPartOf":{"@id":"https:\/\/premierdental.vn\/#website"},"primaryImageOfPage":{"@id":"https:\/\/premierdental.vn\/dich-vu-nha-khoa-toan-dien-tai-premier-dental\/phau-thuat-nho-rang\/nho-rang-khon-an-toan-it-dau\/#primaryimage"},"image":{"@id":"https:\/\/premierdental.vn\/dich-vu-nha-khoa-toan-dien-tai-premier-dental\/phau-thuat-nho-rang\/nho-rang-khon-an-toan-it-dau\/#primaryimage"},"thumbnailUrl":"https:\/\/premierdental.vn\/wp-content\/uploads\/2020\/10\/bien-chung-implant.jpeg","datePublished":"2020-10-26T03:14:19+00:00","dateModified":"2025-05-21T15:43:38+00:00","description":"Nh\u00f4\u0309 r\u0103ng kh\u00f4n m\u00f4\u0323t ca\u0301ch \"kh\u00f4n\" ngoan la\u0300 khi ba\u0323n quy\u00ea\u0301t \u0111i\u0323nh \u0111\u01b0\u01a1\u0323c nh\u00f4\u0309 bo\u0309 chu\u0301ng vi\u0300 nh\u01b0\u0303ng h\u00e2\u0323u qua\u0309 ti\u00ea\u0300m \u00e2\u0309n va\u0300 ...","breadcrumb":{"@id":"https:\/\/premierdental.vn\/dich-vu-nha-khoa-toan-dien-tai-premier-dental\/phau-thuat-nho-rang\/nho-rang-khon-an-toan-it-dau\/#breadcrumb"},"inLanguage":"en-US","potentialAction":[{"@type":"ReadAction","target":["https:\/\/premierdental.vn\/dich-vu-nha-khoa-toan-dien-tai-premier-dental\/phau-thuat-nho-rang\/nho-rang-khon-an-toan-it-dau\/"]}]},{"@type":"ImageObject","inLanguage":"en-US","@id":"https:\/\/premierdental.vn\/dich-vu-nha-khoa-toan-dien-tai-premier-dental\/phau-thuat-nho-rang\/nho-rang-khon-an-toan-it-dau\/#primaryimage","url":"https:\/\/premierdental.vn\/wp-content\/uploads\/2020\/10\/bien-chung-implant.jpeg","contentUrl":"https:\/\/premierdental.vn\/wp-content\/uploads\/2020\/10\/bien-chung-implant.jpeg","width":1000,"height":500},{"@type":"BreadcrumbList","@id":"https:\/\/premierdental.vn\/dich-vu-nha-khoa-toan-dien-tai-premier-dental\/phau-thuat-nho-rang\/nho-rang-khon-an-toan-it-dau\/#breadcrumb","itemListElement":[{"@type":"ListItem","position":1,"name":"D\u1ecbch V\u1ee5","item":"https:\/\/premierdental.vn\/dich-vu-nha-khoa-toan-dien-tai-premier-dental\/"},{"@type":"ListItem","position":2,"name":"PH\u1eaaU THU\u1eacT","item":"https:\/\/premierdental.vn\/dich-vu-nha-khoa-toan-dien-tai-premier-dental\/phau-thuat-nho-rang\/"},{"@type":"ListItem","position":3,"name":"Nh\u1ed5 R\u0103ng Kh\u00f4n"}]},{"@type":"WebSite","@id":"https:\/\/premierdental.vn\/#website","url":"https:\/\/premierdental.vn\/","name":"Premier Dental","description":"Premier Dental","potentialAction":[{"@type":"SearchAction","target":{"@type":"EntryPoint","urlTemplate":"https:\/\/premierdental.vn\/?s={search_term_string}"},"query-input":{"@type":"PropertyValueSpecification","valueRequired":true,"valueName":"search_term_string"}}],"inLanguage":"en-US"}]}},"_links":{"self":[{"href":"https:\/\/premierdental.vn\/en\/wp-json\/wp\/v2\/pages\/316","targetHints":{"allow":["GET"]}}],"collection":[{"href":"https:\/\/premierdental.vn\/en\/wp-json\/wp\/v2\/pages"}],"about":[{"href":"https:\/\/premierdental.vn\/en\/wp-json\/wp\/v2\/types\/page"}],"author":[{"embeddable":true,"href":"https:\/\/premierdental.vn\/en\/wp-json\/wp\/v2\/users\/1"}],"replies":[{"embeddable":true,"href":"https:\/\/premierdental.vn\/en\/wp-json\/wp\/v2\/comments?post=316"}],"version-history":[{"count":16,"href":"https:\/\/premierdental.vn\/en\/wp-json\/wp\/v2\/pages\/316\/revisions"}],"predecessor-version":[{"id":8443,"href":"https:\/\/premierdental.vn\/en\/wp-json\/wp\/v2\/pages\/316\/revisions\/8443"}],"up":[{"embeddable":true,"href":"https:\/\/premierdental.vn\/en\/wp-json\/wp\/v2\/pages\/180"}],"wp:featuredmedia":[{"embeddable":true,"href":"https:\/\/premierdental.vn\/en\/wp-json\/wp\/v2\/media\/251"}],"wp:attachment":[{"href":"https:\/\/premierdental.vn\/en\/wp-json\/wp\/v2\/media?parent=316"}],"curies":[{"name":"wp","href":"https:\/\/api.w.org\/{rel}","templated":true}]}}