{"id":306,"date":"2020-10-26T03:00:12","date_gmt":"2020-10-26T03:00:12","guid":{"rendered":"https:\/\/premierdental.vn\/?page_id=306"},"modified":"2025-05-21T17:18:21","modified_gmt":"2025-05-21T10:18:21","slug":"chua-tuy-rang-co-dau-khong","status":"publish","type":"page","link":"https:\/\/premierdental.vn\/en\/dich-vu-nha-khoa-toan-dien-tai-premier-dental\/kham-rang-tong-quat-cung-bac-si-hang-dau\/chua-tuy-rang-co-dau-khong\/","title":{"rendered":"Root Canal Treatment"},"content":{"rendered":"<h1><span style=\"color: #003366;\">Ch\u1eefa tu\u1ef7 r\u0103ng l\u00e0 g\u00ec? T\u1ea1i sao ph\u1ea3i ch\u1eefa tu\u1ef7 r\u0103ng?<\/span><\/h1> <p>\u0110i\u1ec1u tr\u1ecb t\u1ee7y r\u0103ng c\u00f3 th\u1ec3 h\u1ed7 tr\u1ee3 l\u00e0m gi\u1ea3m c\u00e1c tri\u1ec7u ch\u1ee9ng \u0111au nh\u1ee9c k\u00e9o d\u00e0i do t\u1ed5n th\u01b0\u01a1ng t\u1ee7y. Vi\u1ec7c \u0111i\u1ec1u tr\u1ecb t\u1ee7y c\u00f3 th\u1ec3 g\u00f3p ph\u1ea7n c\u1ea3i thi\u1ec7n t\u00ecnh tr\u1ea1ng r\u0103ng mi\u1ec7ng n\u1ebfu \u0111\u01b0\u1ee3c th\u1ef1c hi\u1ec7n \u0111\u00fang c\u00e1ch.<\/p> <div class=\"entry-content\"> <p>Khi t\u1ee7y r\u0103ng b\u1ecb t\u1ed5n th\u01b0\u01a1ng th\u00ec ch\u1eefa t\u1ee7y r\u0103ng l\u00e0 m\u1ed9t gi\u1ea3i ph\u00e1p c\u1ea7n thi\u1ebft, nh\u01b0ng n\u00ean \u0111i\u1ec1u tr\u1ecb \u1edf \u0111\u00e2u, quy tr\u00ecnh ch\u1eefa t\u1ee7y nh\u01b0 th\u1ebf n\u00e0o l\u00e0 an to\u00e0n, chi ph\u00ed bao nhi\u00eau, c\u00f3 \u0111au kh\u00f4ng? l\u00e0 nh\u1eefng th\u1eafc m\u1eafc chung c\u1ee7a nhi\u1ec1u b\u1ec7nh nh\u00e2n. B\u00e0i vi\u1ebft d\u01b0\u1edbi \u0111\u00e2y t\u1eeb Nha Khoa Premier s\u1ebd gi\u00fap b\u1ea1n c\u00f3 th\u00eam th\u00f4ng tin v\u1ec1 ph\u01b0\u01a1ng ph\u00e1p n\u00e0y.<\/p> <h3><span id=\"Khi_nao_nen_chua_tuy_rang\"><span id=\"Khi_nao_nen_chua_tuy_rang\"><span style=\"color: #003366;\">Khi n\u00e0o n\u00ean ch\u1eefa t\u1ee7y r\u0103ng?<\/span><\/span><\/span><\/h3> <p>T\u1ee7y r\u0103ng l\u00e0 ph\u1ea7n cu\u1ed1i c\u00f9ng c\u1ee7a r\u0103ng sau l\u1edbp men v\u00e0 ng\u00e0 r\u0103ng. T\u1ee7y r\u0103ng r\u1ea5t nh\u1ea1y c\u1ea3m v\u00e0 \u0111\u00f3ng vai tr\u00f2 nu\u00f4i d\u01b0\u1ee1ng r\u0103ng, khi t\u1ee7y r\u0103ng b\u1ecb t\u1ed5n th\u01b0\u01a1ng kh\u00f4ng th\u1ec3 t\u1ef1 l\u00e0nh l\u1ea1i b\u00ecnh th\u01b0\u1eddng v\u00ec th\u1ebf khi c\u00f3 nh\u1eefng bi\u1ec3u hi\u1ec7n d\u01b0\u1edbi \u0111\u00e2y th\u00ec n\u00ean ti\u1ebfn h\u00e0nh ch\u1eefa t\u1ee7y r\u0103ng:<\/p> <ul> <li>Khi vi khu\u1ea9n ph\u00e1 v\u1ee1 men r\u0103ng, g\u00e2y th\u01b0\u01a1ng t\u1ed5n \u0111\u1ebfn t\u1ee7y r\u0103ng l\u00e0m xu\u1ea5t hi\u1ec7n nh\u1eefng c\u01a1n \u0111au nh\u1ee9c li\u00ean t\u1ee5c<\/li> <li>B\u1ecb \u0111au ho\u1eb7c nh\u00f3i khi nhai.<\/li> <li>R\u0103ng b\u1ecb s\u00e2u \u0111\u1ebfn t\u1eadn t\u1ee7y r\u0103ng l\u00e2u ng\u00e0y kh\u00f4ng \u0111\u01b0\u1ee3c ch\u1eefa tr\u1ecb d\u1eabn \u0111\u1ebfn ch\u1ebft t\u1ee7y.<\/li> <li>Khi ch\u00e2n r\u0103ng b\u1ecb s\u01b0ng t\u1ea5y, ch\u1ea3y m\u00e1u, ch\u1ea3y d\u1ecbch m\u1ee7 l\u00e0 d\u1ea5u hi\u1ec7u b\u00e1o \u0111\u1ed9ng t\u1ee7y r\u0103ng b\u1ecb t\u1ed5n h\u1ea1i c\u1ea7n ph\u1ea3i ch\u1eefa tr\u1ecb k\u1ecbp th\u1eddi.<\/li> <li>Nh\u1ea1y c\u1ea3m v\u1edbi th\u1ee9c \u0103n n\u00f3ng v\u00e0 l\u1ea1nh<\/li> <li>S\u00e2u r\u0103ng n\u1eb7ng ho\u1eb7c ch\u1ea5n th\u01b0\u01a1ng g\u00e2y \u00e1p-xe (nhi\u1ec5m tr\u00f9ng) trong x\u01b0\u01a1ng<\/li> <li>C\u00f3 th\u1ec3 do s\u00e2u r\u0103ng l\u00e0m nhi\u1ec5m tr\u00f9ng t\u1ee7y, c\u00f3 tri\u1ec7u ch\u1ee9ng nh\u01b0: \u0110au nh\u1ee9c d\u1eef d\u1ed9i, s\u01b0ng, r\u0103ng lung lay<\/li> <li>C\u00f3 th\u1ec3 do ch\u1ea5n th\u01b0\u01a1ng, do tai n\u1ea1n, g\u1eaby r\u0103ng l\u1ed9 t\u1ee7y ho\u1eb7c do ch\u1ea5n th\u01b0\u01a1ng kh\u1edbp c\u1eafn<\/li> <li>C\u00f3 th\u1ec3 do vi\u00eam quanh cu\u1ed1ng (ch\u00f3p)<\/li> <li>T\u1ee7y ho\u1ea1i t\u1eed<\/li> <li id=\"attachment_1921\" class=\"wp-caption aligncenter\"> <div id=\"attachment_948\" class=\"wp-caption aligncenter\" style=\"width: 650px;\"> <p><img fetchpriority=\"high\" decoding=\"async\" class=\"wp-image-948 size-full\" src=\"https:\/\/premierdental.vn\/wp-content\/uploads\/2021\/05\/dau-rang.jpg\" sizes=\"(max-width: 640px) 100vw, 640px\" srcset=\"https:\/\/premierdental.vn\/wp-content\/uploads\/2021\/05\/dau-rang.jpg 640w, https:\/\/premierdental.vn\/wp-content\/uploads\/2021\/05\/dau-rang-300x180.jpg 300w, https:\/\/premierdental.vn\/wp-content\/uploads\/2021\/05\/dau-rang-16x10.jpg 16w\" alt=\"Ch\u1eefa t\u1ee7y r\u0103ng kh\u00f4ng \u0111au\" width=\"640\" height=\"385\" aria-describedby=\"caption-attachment-948\" \/><\/p> <p id=\"caption-attachment-948\" class=\"wp-caption-text\">T\u1ee7y r\u0103ng b\u1ecb th\u01b0\u01a1ng t\u1ed5n do vi khu\u1ea9n s\u00e2u r\u0103ng g\u00e2y ra nh\u1eefng c\u01a1n \u0111au nh\u1ee9c dai d\u1eb3ng.<\/p> <\/div> <\/li> <\/ul> <p>Khi t\u1ee7y r\u0103ng b\u1ecb t\u1ed5n th\u01b0\u01a1ng khi\u1ebfn r\u0103ng kh\u00f4ng c\u00f2n \u0111\u01b0\u1ee3c v\u1eefng ch\u1eafc, ch\u1ee9c n\u0103ng \u0103n nhai gi\u1ea3m k\u00e9m v\u00e0 nguy h\u1ea1i h\u01a1n c\u00f3 th\u1ec3 d\u1eabn \u0111\u1ebfn m\u1ea5t r\u0103ng v\u0129nh vi\u1ec5n. Do \u0111\u00f3, khi c\u00f3 nh\u1eefng bi\u1ec3u hi\u1ec7n tr\u00ean ng\u01b0\u1eddi b\u1ec7nh c\u1ea7n nhanh ch\u00f3ng \u0111\u1ebfn g\u1eb7p b\u00e1c s\u0129 nha khoa \u0111\u1ec3 \u0111\u01b0\u1ee3c th\u0103m kh\u00e1m, ch\u1eefa t\u1ee7y r\u0103ng k\u1ecbp th\u1eddi.<\/p> <h3><span id=\"Chua_tuy_rang_la_gi\"><span id=\"Chua_tuy_rang_la_gi\"><span style=\"color: #003366;\">Ch\u1eefa tu\u1ef7 r\u0103ng l\u00e0 g\u00ec<\/span><\/span><\/span><\/h3> <p>\u0110i\u1ec1u tr\u1ecb t\u1ee7y l\u00e0 l\u1ea5y b\u1ecf ph\u1ea7n t\u1ee7y r\u0103ng, l\u00e0 m\u1ed9t m\u00f4 nh\u1ecf d\u1ea1ng s\u1ee3i \u1edf ch\u00ednh gi\u1eefa r\u0103ng. Sau khi l\u1ea5y h\u1ebft m\u00f4 t\u1ee7y b\u1ecb b\u1ec7nh , b\u1ecb h\u1ee7y ho\u1ea1i hay ch\u1ebft, kho\u1ea3ng tr\u1ed1ng trong r\u0103ng c\u00f2n l\u1ea1i s\u1ebd \u0111\u01b0\u1ee3c l\u00e0m s\u1ea1ch ho\u00e0n to\u00e0n, sau \u0111\u00f3 t\u1ea1o d\u00e1ng r\u1ed3i tr\u00e1m b\u00edt l\u1ea1i. Th\u1ee7 thu\u1eadt n\u00e0y nh\u1eb1m b\u00edt k\u00edn \u1ed1ng tu\u1ef7<\/p> <h3><span id=\"Nguyen_nhan_gay_viem_tuy_rang\"><span id=\"Nguyen_nhan_gay_viem_tuy_rang\"><span style=\"color: #003366;\"><strong>Nguy\u00ean nh\u00e2n g\u00e2y vi\u00eam tu\u1ef7 r\u0103ng<\/strong><\/span><\/span><\/span><\/h3> <p>Nguy\u00ean nh\u00e2n h\u00e0ng \u0111\u1ea7u l\u00e0m t\u1ed5n th\u01b0\u01a1ng t\u1ee7y r\u0103ng l\u00e0 do s\u00e2u r\u0103ng v\u00e0 vi khu\u1ea9n trong mi\u1ec7ng. Ti\u1ebfn tr\u00ecnh c\u1ee7a b\u1ec7nh s\u00e2u r\u0103ng di\u1ec5n ra trong m\u1ed9t th\u1eddi gian d\u00e0i, ph\u00e1 h\u1ee7y men r\u0103ng l\u1eabn ng\u00e0 r\u0103ng . N\u1ebfu nh\u01b0 qu\u00e1 tr\u00ecnh s\u00e2u r\u0103ng n\u00e0y kh\u00f4ng \u0111\u01b0\u1ee3c ng\u0103n ch\u1eb7n k\u1ecbp th\u1eddi nh\u01b0 b\u1eb1ng bi\u1ec7n ph\u00e1p tr\u00e1m r\u0103ng, hay thay \u0111\u1ed5i th\u00f3i quen v\u1ec7 sinh r\u0103ng\u2026 th\u00ec m\u00f4 r\u0103ng s\u1ebd b\u1ecb ph\u00e1 h\u1ee7y nhi\u1ec1u, \u1ea3nh h\u01b0\u1edfng l\u1edbn \u0111\u1ebfn s\u1ee9c kh\u1ecfe r\u0103ng mi\u1ec7ng c\u1ee7a b\u1ea1n.<\/p> <div id=\"attachment_810\" class=\"wp-caption aligncenter\" style=\"width: 650px;\"> <p><img decoding=\"async\" class=\"wp-image-810 size-full\" src=\"https:\/\/premierdental.vn\/wp-content\/uploads\/2021\/05\/Resize640-Frame-Premier-Dental-31.jpg\" sizes=\"(max-width: 640px) 100vw, 640px\" srcset=\"https:\/\/premierdental.vn\/wp-content\/uploads\/2021\/05\/Resize640-Frame-Premier-Dental-31.jpg 640w, https:\/\/premierdental.vn\/wp-content\/uploads\/2021\/05\/Resize640-Frame-Premier-Dental-31-300x200.jpg 300w, https:\/\/premierdental.vn\/wp-content\/uploads\/2021\/05\/Resize640-Frame-Premier-Dental-31-16x12.jpg 16w\" alt=\"Ch\u1eefa t\u1ee7y r\u0103ng \u1edf \u0111\u00e2u t\u1ed1t\" width=\"640\" height=\"426\" aria-describedby=\"caption-attachment-810\" \/><\/p> <p id=\"caption-attachment-810\" class=\"wp-caption-text\">Kh\u00e1ch h\u00e0ng ch\u1eefa t\u1ee7y r\u0103ng t\u1ea1i Nha Khoa Premier<\/p> <\/div> <p>M\u1ed9t khi l\u1ed7 s\u00e2u r\u0103ng s\u1ebd c\u00e0ng ti\u1ebfn s\u00e2u v\u00e0o trong \u0111\u1ebfn t\u1ee7y, c\u00e1c vi khu\u1ea9n s\u1ebd th\u00e2m nh\u1eadp, ph\u00e1 h\u1ee7y t\u1ee7y r\u0103ng . Khi \u0111\u00f3 t\u1ee7y r\u0103ng s\u1ebd b\u1ecb nhi\u1ec5m tr\u00f9ng, s\u1ebd d\u1eabn \u0111\u1ebfn t\u00ecnh tr\u1ea1ng vi\u00eam t\u1ee7y, t\u00f9y theo m\u1ee9c \u0111\u1ed9 vi\u00eam m\u00e0 b\u1ec7nh nh\u00e2n s\u1ebd c\u00f3 c\u00f3 c\u1ea3m gi\u00e1c s\u01b0ng v\u00e0 \u0111au kh\u00e1c nhau, \u1ea3nh h\u01b0\u1edfng nhi\u1ec1u \u0111\u1ebfn s\u1ee9c kh\u1ecfe r\u0103ng mi\u1ec7ng, vi\u1ec7c \u0103n u\u1ed1ng v\u00e0 cu\u1ed9c s\u1ed1ng th\u01b0\u1eddng nh\u1eadt.<\/p> <h3><span id=\"Cac_cau_hoi_thuong_gap_ve_dieu_tri_tuy_rang\"><span id=\"Cac_cau_hoi_thuong_gap_ve_dieu_tri_tuy_rang\"><span style=\"color: #003366;\"><strong>C\u00e1c c\u00e2u h\u1ecfi th\u01b0\u1eddng g\u1eb7p v\u1ec1 \u0111i\u1ec1u tr\u1ecb tu\u1ef7 r\u0103ng<\/strong><\/span><\/span><\/span><\/h3> <p><strong><span style=\"color: #003366;\">\u0110i\u1ec1u tr\u1ecb t\u1ee7y r\u0103ng c\u00f3 \u0111au kh\u00f4ng?<\/span><\/strong><\/p> <p>\u0110i\u1ec1u tr\u1ecb t\u1ee7y r\u0103ng v\u1edbi c\u00e1c thi\u1ebft b\u1ecb nha khoa hi\u1ec7n \u0111\u1ea1i, c\u00f4ng ngh\u1ec7 m\u00e1y khoan rung si\u00eau nh\u1ecf, c\u00f3 th\u1ec3 h\u1ed7 tr\u1ee3 gi\u1ea3m c\u1ea3m gi\u00e1c kh\u00f3 ch\u1ecbu trong qu\u00e1 tr\u00ecnh \u0111i\u1ec1u tr\u1ecb t\u1ee7y r\u0103ng t\u1ea1i Nha Khoa Premier.<\/p> <p><strong><span style=\"color: #003366;\">\u0110i\u1ec1u tr\u1ecb t\u1ee7y r\u0103ng m\u1ea5t bao l\u00e2u?<\/span><\/strong><\/p> <p>\u0110i\u1ec1u tr\u1ecb t\u1ee7y r\u0103ng m\u1ea5t \u00edt nh\u1ea5t t\u1eeb 5-7 ng\u00e0y ( s\u1ed1 l\u1ea7n t\u00e1i kh\u00e1m s\u1ebd t\u00f9y t\u00ecnh tr\u1ea1ng r\u0103ng c\u1ee7a kh\u00e1ch h\u00e0ng). Bs s\u1ebd th\u0103m kh\u00e1m ch\u1ee5p phim v\u00e0 t\u01b0 v\u1ea5n ch\u00ednh x\u00e1c tr\u01b0\u1edbc khi \u0111i\u1ec1u tr\u1ecb.<\/p> <p><span style=\"color: #003366;\"><strong>\u0110i\u1ec1u tr\u1ecb t\u1ee7y r\u0103ng \u1edf \u0111\u00e2u t\u1ed1t?<\/strong><\/span><\/p> <p>B\u1ea1n n\u00ean ch\u1ecdn l\u1ef1a trung t\u00e2m nha khoa c\u00f3 trang thi\u1ebft b\u1ecb y t\u1ebf, nha khoa hi\u1ec7n \u0111\u1ea1i v\u00e0 c\u00f3 nhi\u1ec1u b\u00e1c s\u0129 tay ngh\u1ec1 cao, nhi\u1ec1u n\u0103m kinh nghi\u1ec7m th\u00ec qu\u00e1 tr\u00ecnh l\u1ea5y t\u1ee7y r\u0103ng kh\u00f4ng \u0111au \u0111\u1edbn, v\u00f4 tr\u00f9ng, hi\u1ec7u qu\u1ea3.<\/p> <p><span style=\"color: #003366;\"><strong>Qu\u00e1 tr\u00ecnh \u0111i\u1ec1u tr\u1ecb t\u1ee7y r\u0103ng nh\u01b0 th\u1ebf n\u00e0o?<\/strong><\/span><\/p> <p>B\u00e1c s\u0129 s\u1ebd th\u0103m kh\u00e1m, ch\u1ee5p r\u0103ng <a href=\"https:\/\/en.wikipedia.org\/wiki\/Projectional_radiography\">x-quang<\/a>, t\u01b0 v\u1ea5n v\u00e0 ti\u1ebfn h\u00e0nh \u0111i\u1ec1u tr\u1ecb t\u1ee7y r\u0103ng cho b\u1ea1n.<\/p> <p><span style=\"color: #003366;\"><strong>Ph\u01b0\u01a1ng ph\u00e1p \u0111i\u1ec1u tr\u1ecb t\u1ee7y r\u0103ng n\u00e0o t\u1ed1t?<\/strong><\/span><\/p> <p>\u0110i\u1ec1u tr\u1ecb t\u1ee7y r\u0103ng b\u1eb1ng m\u00e1y khoan si\u00eau nh\u1ecf hi\u1ec7n \u0111\u1ea1i t\u1ea1i t\u1ea1i Nha Khoa Premier s\u1ebd gi\u00fap kh\u00e1ch h\u00e0ng \u00edt \u0111au nh\u1ea5t c\u00f3 th\u1ec3<\/p> <p><span style=\"color: #003366;\"><strong>\u0110i\u1ec1u tr\u1ecb t\u1ee7y r\u0103ng m\u1ea5t bao nhi\u00eau ti\u1ec1n?<\/strong><\/span><\/p> <p>\u0110i\u1ec1u tr\u1ecb t\u1ee7y r\u0103ng dao \u0111\u1ed9ng t\u1eeb 2.500.000 \u0111\u1ebfn 6.500.000 t\u00f9y t\u00ecnh tr\u1ea1ng r\u0103ng.<\/p> <p><span style=\"color: #003366;\"><strong>Tr\u1ebb em c\u00f3 n\u00ean \u0111i\u1ec1u tr\u1ecb t\u1ee7y r\u0103ng hay kh\u00f4ng?<\/strong><\/span><\/p> <p>Tr\u1ebb em ho\u00e0n to\u00e0n c\u00f3 th\u1ec3 \u0111i\u1ec1u tr\u1ecb t\u1ee7y r\u0103ng \u0111\u1ec3 \u0103n nhai t\u1ed1t h\u01a1n, s\u1ee9c kh\u1ecfe r\u0103ng mi\u1ec7ng c\u1ea3i thi\u1ec7n h\u01a1n.<\/p> <p><span style=\"color: #003366;\"><strong>Ng\u01b0\u1eddi mang thai c\u00f3 n\u00ean \u0111i\u1ec1u tr\u1ecb t\u1ee7y r\u0103ng hay kh\u00f4ng?<\/strong><\/span><\/p> <p>Sau khi \u0111i\u1ec1u tr\u1ecb t\u1ee7y r\u0103ng, c\u00f3 th\u1ec3 ph\u1ea3i d\u00f9ng thu\u1ed1c kh\u00e1ng sinh, n\u00ean c\u00f3 th\u1ec3 g\u00e2y ra hi\u1ec7n t\u01b0\u1ee3ng m\u1ea5t s\u1eefa trong th\u1eddi gian ng\u1eafn. Tuy nhi\u00ean, n\u1ebfu ng\u01b0\u1eddi mang thai kh\u00f4ng ch\u1eefa tr\u1ecb t\u1ee7y k\u1ecbp th\u1eddi, t\u1ee7y h\u1ecfng s\u1ebd \u1ea3nh h\u01b0\u1edfng \u0111\u1ebfn m\u00e1u, \u0111i\u1ec1u n\u00e0y s\u1ebd \u1ea3nh h\u01b0\u1edfng nghi\u00eam tr\u1ecdng \u0111\u1ebfn thai nhi. Do \u0111\u00f3, ng\u01b0\u1eddi mang thai v\u1eabn n\u00ean \u0111i \u0111i\u1ec1u tr\u1ecb t\u1ee7y r\u0103ng nh\u01b0ng c\u1ea7n \u0111\u01b0\u1ee3c b\u00e1c s\u0129 t\u01b0 v\u1ea5n k\u0129 c\u00e0ng.<\/p> <p><span style=\"color: #003366;\">\u0110i\u1ec1u tr\u1ecb t\u1ee7y r\u0103ng l\u00e0 m\u1ed9t trong nh\u1eefng ch\u1ec9 \u0111\u1ecbnh c\u1ea7n thi\u1ebft khi m\u00e0 r\u0103ng c\u1ee7a b\u1ea1n c\u00f3 c\u1ea3m gi\u00e1c \u0111au bu\u1ed1t.\u00a0 N\u00f3 s\u1ebd g\u00e2y \u1ea3nh h\u01b0\u1edfng tr\u1ef1c ti\u1ebfp \u0111\u1ebfn s\u1ee9c kh\u1ecfe c\u1ee7a b\u1ea1n. \u0110i\u1ec1u tr\u1ecb t\u1ee7y tuy l\u00e0 th\u1ee7 thu\u1eadt kh\u00f4ng kh\u00f3 nh\u01b0ng n\u00f3 c\u1ea7n s\u1ef1 t\u1ec9 m\u1ec9 v\u00e0 c\u1ea9n th\u1eadn, b\u1ea1n n\u00ean l\u1ef1a ch\u1ecdn \u0111\u00fang \u0111\u1ecba ch\u1ec9 uy t\u00edn \u0111\u1ec3 th\u1ef1c hi\u1ec7n. N\u1ebfu nh\u01b0 b\u1ea1n ch\u01b0a t\u00ecm \u0111\u01b0\u1ee3c m\u1ed9t \u0111\u1ecba ch\u1ec9 nha khoa \u0111\u00fang \u00fd th\u00ec <a href=\"https:\/\/premierdental.vn\/en\/\">Nha Khoa Premier<\/a> l\u00e0 n\u01a1i b\u1ea1n n\u00ean tham kh\u1ea3o \u0111\u1ec3 th\u1ef1c hi\u1ec7n nh\u1eefng d\u1ecbch v\u1ee5 nha khoa an to\u00e0n, ch\u1ea5t l\u01b0\u1ee3ng.<\/span><\/p> <\/div>","protected":false},"excerpt":{"rendered":"<p>Ch\u1eefa tu\u1ef7 r\u0103ng l\u00e0 g\u00ec? T\u1ea1i sao ph\u1ea3i ch\u1eefa tu\u1ef7 r\u0103ng? \u0110i\u1ec1u tr\u1ecb t\u1ee7y r\u0103ng c\u00f3 th\u1ec3 h\u1ed7 tr\u1ee3 l\u00e0m gi\u1ea3m c\u00e1c tri\u1ec7u ch\u1ee9ng \u0111au nh\u1ee9c k\u00e9o d\u00e0i do t\u1ed5n th\u01b0\u01a1ng t\u1ee7y. Vi\u1ec7c \u0111i\u1ec1u tr\u1ecb t\u1ee7y c\u00f3 th\u1ec3 g\u00f3p ph\u1ea7n c\u1ea3i thi\u1ec7n t\u00ecnh tr\u1ea1ng r\u0103ng mi\u1ec7ng n\u1ebfu \u0111\u01b0\u1ee3c th\u1ef1c hi\u1ec7n \u0111\u00fang c\u00e1ch. Khi t\u1ee7y r\u0103ng [&hellip;]<\/p>","protected":false},"author":1,"featured_media":48,"parent":175,"menu_order":0,"comment_status":"closed","ping_status":"closed","template":"","meta":{"footnotes":""},"class_list":["post-306","page","type-page","status-publish","has-post-thumbnail","hentry"],"acf":[],"yoast_head":"<!-- This site is optimized with the Yoast SEO plugin v26.9 - https:\/\/yoast.com\/product\/yoast-seo-wordpress\/ -->\n<title>Ch\u1eefa t\u1ee7y r\u0103ng \u1edf \u0111\u00e2u kh\u00f4ng \u0111au, an to\u00e0n v\u00e0 hi\u1ec7u qu\u1ea3? - Premier Dental<\/title>\n<meta name=\"description\" content=\"Ch\u1eefa t\u1ee7y r\u0103ng l\u00e0 m\u1ed9t gi\u1ea3i ph\u00e1p nha khoa c\u1ea7n thi\u1ebft, nh\u01b0ng \u0111i\u1ec1u tr\u1ecb \u1edf \u0111\u00e2u, quy tr\u00ecnh th\u1ebf n\u00e0o l\u00e0 an to\u00e0n, chi ph\u00ed bao nhi\u00eau, c\u00f3 \u0111au kh\u00f4ng...\" \/>\n<meta name=\"robots\" content=\"index, follow, max-snippet:-1, max-image-preview:large, max-video-preview:-1\" \/>\n<link rel=\"canonical\" href=\"https:\/\/premierdental.vn\/en\/dich-vu-nha-khoa-toan-dien-tai-premier-dental\/kham-rang-tong-quat-cung-bac-si-hang-dau\/chua-tuy-rang-co-dau-khong\/\" \/>\n<meta property=\"og:locale\" content=\"en_US\" \/>\n<meta property=\"og:type\" content=\"article\" \/>\n<meta property=\"og:title\" content=\"Ch\u1eefa t\u1ee7y r\u0103ng \u1edf \u0111\u00e2u kh\u00f4ng \u0111au, an to\u00e0n v\u00e0 hi\u1ec7u qu\u1ea3? - Premier Dental\" \/>\n<meta property=\"og:description\" content=\"Ch\u1eefa t\u1ee7y r\u0103ng l\u00e0 m\u1ed9t gi\u1ea3i ph\u00e1p nha khoa c\u1ea7n thi\u1ebft, nh\u01b0ng \u0111i\u1ec1u tr\u1ecb \u1edf \u0111\u00e2u, quy tr\u00ecnh th\u1ebf n\u00e0o l\u00e0 an to\u00e0n, chi ph\u00ed bao nhi\u00eau, c\u00f3 \u0111au kh\u00f4ng...\" \/>\n<meta property=\"og:url\" content=\"https:\/\/premierdental.vn\/en\/dich-vu-nha-khoa-toan-dien-tai-premier-dental\/kham-rang-tong-quat-cung-bac-si-hang-dau\/chua-tuy-rang-co-dau-khong\/\" \/>\n<meta property=\"og:site_name\" content=\"Premier Dental\" \/>\n<meta property=\"article:modified_time\" content=\"2025-05-21T10:18:21+00:00\" \/>\n<meta property=\"og:image\" content=\"https:\/\/premierdental.vn\/wp-content\/uploads\/2020\/10\/home-m3-min.jpg\" \/>\n\t<meta property=\"og:image:width\" content=\"347\" \/>\n\t<meta property=\"og:image:height\" content=\"232\" \/>\n\t<meta property=\"og:image:type\" content=\"image\/jpeg\" \/>\n<meta name=\"twitter:card\" content=\"summary_large_image\" \/>\n<meta name=\"twitter:label1\" content=\"Est. reading time\" \/>\n\t<meta name=\"twitter:data1\" content=\"9 minutes\" \/>\n<script type=\"application\/ld+json\" class=\"yoast-schema-graph\">{\"@context\":\"https:\/\/schema.org\",\"@graph\":[{\"@type\":\"WebPage\",\"@id\":\"https:\/\/premierdental.vn\/dich-vu-nha-khoa-toan-dien-tai-premier-dental\/kham-rang-tong-quat-cung-bac-si-hang-dau\/chua-tuy-rang-co-dau-khong\/\",\"url\":\"https:\/\/premierdental.vn\/dich-vu-nha-khoa-toan-dien-tai-premier-dental\/kham-rang-tong-quat-cung-bac-si-hang-dau\/chua-tuy-rang-co-dau-khong\/\",\"name\":\"Ch\u1eefa t\u1ee7y r\u0103ng \u1edf \u0111\u00e2u kh\u00f4ng \u0111au, an to\u00e0n v\u00e0 hi\u1ec7u qu\u1ea3? - Premier Dental\",\"isPartOf\":{\"@id\":\"https:\/\/premierdental.vn\/#website\"},\"primaryImageOfPage\":{\"@id\":\"https:\/\/premierdental.vn\/dich-vu-nha-khoa-toan-dien-tai-premier-dental\/kham-rang-tong-quat-cung-bac-si-hang-dau\/chua-tuy-rang-co-dau-khong\/#primaryimage\"},\"image\":{\"@id\":\"https:\/\/premierdental.vn\/dich-vu-nha-khoa-toan-dien-tai-premier-dental\/kham-rang-tong-quat-cung-bac-si-hang-dau\/chua-tuy-rang-co-dau-khong\/#primaryimage\"},\"thumbnailUrl\":\"https:\/\/premierdental.vn\/wp-content\/uploads\/2020\/10\/home-m3-min.jpg\",\"datePublished\":\"2020-10-26T03:00:12+00:00\",\"dateModified\":\"2025-05-21T10:18:21+00:00\",\"description\":\"Ch\u1eefa t\u1ee7y r\u0103ng l\u00e0 m\u1ed9t gi\u1ea3i ph\u00e1p nha khoa c\u1ea7n thi\u1ebft, nh\u01b0ng \u0111i\u1ec1u tr\u1ecb \u1edf \u0111\u00e2u, quy tr\u00ecnh th\u1ebf n\u00e0o l\u00e0 an to\u00e0n, chi ph\u00ed bao nhi\u00eau, c\u00f3 \u0111au kh\u00f4ng...\",\"breadcrumb\":{\"@id\":\"https:\/\/premierdental.vn\/dich-vu-nha-khoa-toan-dien-tai-premier-dental\/kham-rang-tong-quat-cung-bac-si-hang-dau\/chua-tuy-rang-co-dau-khong\/#breadcrumb\"},\"inLanguage\":\"en-US\",\"potentialAction\":[{\"@type\":\"ReadAction\",\"target\":[\"https:\/\/premierdental.vn\/dich-vu-nha-khoa-toan-dien-tai-premier-dental\/kham-rang-tong-quat-cung-bac-si-hang-dau\/chua-tuy-rang-co-dau-khong\/\"]}]},{\"@type\":\"ImageObject\",\"inLanguage\":\"en-US\",\"@id\":\"https:\/\/premierdental.vn\/dich-vu-nha-khoa-toan-dien-tai-premier-dental\/kham-rang-tong-quat-cung-bac-si-hang-dau\/chua-tuy-rang-co-dau-khong\/#primaryimage\",\"url\":\"https:\/\/premierdental.vn\/wp-content\/uploads\/2020\/10\/home-m3-min.jpg\",\"contentUrl\":\"https:\/\/premierdental.vn\/wp-content\/uploads\/2020\/10\/home-m3-min.jpg\",\"width\":347,\"height\":232,\"caption\":\"quality\"},{\"@type\":\"BreadcrumbList\",\"@id\":\"https:\/\/premierdental.vn\/dich-vu-nha-khoa-toan-dien-tai-premier-dental\/kham-rang-tong-quat-cung-bac-si-hang-dau\/chua-tuy-rang-co-dau-khong\/#breadcrumb\",\"itemListElement\":[{\"@type\":\"ListItem\",\"position\":1,\"name\":\"D\u1ecbch V\u1ee5\",\"item\":\"https:\/\/premierdental.vn\/dich-vu-nha-khoa-toan-dien-tai-premier-dental\/\"},{\"@type\":\"ListItem\",\"position\":2,\"name\":\"NHA KHOA T\u1ed4NG QU\u00c1T\",\"item\":\"https:\/\/premierdental.vn\/dich-vu-nha-khoa-toan-dien-tai-premier-dental\/kham-rang-tong-quat-cung-bac-si-hang-dau\/\"},{\"@type\":\"ListItem\",\"position\":3,\"name\":\"Ch\u1eefa Tu\u1ef7 R\u0103ng\"}]},{\"@type\":\"WebSite\",\"@id\":\"https:\/\/premierdental.vn\/#website\",\"url\":\"https:\/\/premierdental.vn\/\",\"name\":\"Premier Dental\",\"description\":\"Premier Dental\",\"potentialAction\":[{\"@type\":\"SearchAction\",\"target\":{\"@type\":\"EntryPoint\",\"urlTemplate\":\"https:\/\/premierdental.vn\/?s={search_term_string}\"},\"query-input\":{\"@type\":\"PropertyValueSpecification\",\"valueRequired\":true,\"valueName\":\"search_term_string\"}}],\"inLanguage\":\"en-US\"}]}<\/script>\n<!-- \/ Yoast SEO plugin. -->","yoast_head_json":{"title":"Ch\u1eefa t\u1ee7y r\u0103ng \u1edf \u0111\u00e2u kh\u00f4ng \u0111au, an to\u00e0n v\u00e0 hi\u1ec7u qu\u1ea3? - Premier Dental","description":"Ch\u1eefa t\u1ee7y r\u0103ng l\u00e0 m\u1ed9t gi\u1ea3i ph\u00e1p nha khoa c\u1ea7n thi\u1ebft, nh\u01b0ng \u0111i\u1ec1u tr\u1ecb \u1edf \u0111\u00e2u, quy tr\u00ecnh th\u1ebf n\u00e0o l\u00e0 an to\u00e0n, chi ph\u00ed bao nhi\u00eau, c\u00f3 \u0111au kh\u00f4ng...","robots":{"index":"index","follow":"follow","max-snippet":"max-snippet:-1","max-image-preview":"max-image-preview:large","max-video-preview":"max-video-preview:-1"},"canonical":"https:\/\/premierdental.vn\/en\/dich-vu-nha-khoa-toan-dien-tai-premier-dental\/kham-rang-tong-quat-cung-bac-si-hang-dau\/chua-tuy-rang-co-dau-khong\/","og_locale":"en_US","og_type":"article","og_title":"Ch\u1eefa t\u1ee7y r\u0103ng \u1edf \u0111\u00e2u kh\u00f4ng \u0111au, an to\u00e0n v\u00e0 hi\u1ec7u qu\u1ea3? - Premier Dental","og_description":"Ch\u1eefa t\u1ee7y r\u0103ng l\u00e0 m\u1ed9t gi\u1ea3i ph\u00e1p nha khoa c\u1ea7n thi\u1ebft, nh\u01b0ng \u0111i\u1ec1u tr\u1ecb \u1edf \u0111\u00e2u, quy tr\u00ecnh th\u1ebf n\u00e0o l\u00e0 an to\u00e0n, chi ph\u00ed bao nhi\u00eau, c\u00f3 \u0111au kh\u00f4ng...","og_url":"https:\/\/premierdental.vn\/en\/dich-vu-nha-khoa-toan-dien-tai-premier-dental\/kham-rang-tong-quat-cung-bac-si-hang-dau\/chua-tuy-rang-co-dau-khong\/","og_site_name":"Premier Dental","article_modified_time":"2025-05-21T10:18:21+00:00","og_image":[{"width":347,"height":232,"url":"https:\/\/premierdental.vn\/wp-content\/uploads\/2020\/10\/home-m3-min.jpg","type":"image\/jpeg"}],"twitter_card":"summary_large_image","twitter_misc":{"Est. reading time":"9 minutes"},"schema":{"@context":"https:\/\/schema.org","@graph":[{"@type":"WebPage","@id":"https:\/\/premierdental.vn\/dich-vu-nha-khoa-toan-dien-tai-premier-dental\/kham-rang-tong-quat-cung-bac-si-hang-dau\/chua-tuy-rang-co-dau-khong\/","url":"https:\/\/premierdental.vn\/dich-vu-nha-khoa-toan-dien-tai-premier-dental\/kham-rang-tong-quat-cung-bac-si-hang-dau\/chua-tuy-rang-co-dau-khong\/","name":"Ch\u1eefa t\u1ee7y r\u0103ng \u1edf \u0111\u00e2u kh\u00f4ng \u0111au, an to\u00e0n v\u00e0 hi\u1ec7u qu\u1ea3? - Premier Dental","isPartOf":{"@id":"https:\/\/premierdental.vn\/#website"},"primaryImageOfPage":{"@id":"https:\/\/premierdental.vn\/dich-vu-nha-khoa-toan-dien-tai-premier-dental\/kham-rang-tong-quat-cung-bac-si-hang-dau\/chua-tuy-rang-co-dau-khong\/#primaryimage"},"image":{"@id":"https:\/\/premierdental.vn\/dich-vu-nha-khoa-toan-dien-tai-premier-dental\/kham-rang-tong-quat-cung-bac-si-hang-dau\/chua-tuy-rang-co-dau-khong\/#primaryimage"},"thumbnailUrl":"https:\/\/premierdental.vn\/wp-content\/uploads\/2020\/10\/home-m3-min.jpg","datePublished":"2020-10-26T03:00:12+00:00","dateModified":"2025-05-21T10:18:21+00:00","description":"Ch\u1eefa t\u1ee7y r\u0103ng l\u00e0 m\u1ed9t gi\u1ea3i ph\u00e1p nha khoa c\u1ea7n thi\u1ebft, nh\u01b0ng \u0111i\u1ec1u tr\u1ecb \u1edf \u0111\u00e2u, quy tr\u00ecnh th\u1ebf n\u00e0o l\u00e0 an to\u00e0n, chi ph\u00ed bao nhi\u00eau, c\u00f3 \u0111au kh\u00f4ng...","breadcrumb":{"@id":"https:\/\/premierdental.vn\/dich-vu-nha-khoa-toan-dien-tai-premier-dental\/kham-rang-tong-quat-cung-bac-si-hang-dau\/chua-tuy-rang-co-dau-khong\/#breadcrumb"},"inLanguage":"en-US","potentialAction":[{"@type":"ReadAction","target":["https:\/\/premierdental.vn\/dich-vu-nha-khoa-toan-dien-tai-premier-dental\/kham-rang-tong-quat-cung-bac-si-hang-dau\/chua-tuy-rang-co-dau-khong\/"]}]},{"@type":"ImageObject","inLanguage":"en-US","@id":"https:\/\/premierdental.vn\/dich-vu-nha-khoa-toan-dien-tai-premier-dental\/kham-rang-tong-quat-cung-bac-si-hang-dau\/chua-tuy-rang-co-dau-khong\/#primaryimage","url":"https:\/\/premierdental.vn\/wp-content\/uploads\/2020\/10\/home-m3-min.jpg","contentUrl":"https:\/\/premierdental.vn\/wp-content\/uploads\/2020\/10\/home-m3-min.jpg","width":347,"height":232,"caption":"quality"},{"@type":"BreadcrumbList","@id":"https:\/\/premierdental.vn\/dich-vu-nha-khoa-toan-dien-tai-premier-dental\/kham-rang-tong-quat-cung-bac-si-hang-dau\/chua-tuy-rang-co-dau-khong\/#breadcrumb","itemListElement":[{"@type":"ListItem","position":1,"name":"D\u1ecbch V\u1ee5","item":"https:\/\/premierdental.vn\/dich-vu-nha-khoa-toan-dien-tai-premier-dental\/"},{"@type":"ListItem","position":2,"name":"NHA KHOA T\u1ed4NG QU\u00c1T","item":"https:\/\/premierdental.vn\/dich-vu-nha-khoa-toan-dien-tai-premier-dental\/kham-rang-tong-quat-cung-bac-si-hang-dau\/"},{"@type":"ListItem","position":3,"name":"Ch\u1eefa Tu\u1ef7 R\u0103ng"}]},{"@type":"WebSite","@id":"https:\/\/premierdental.vn\/#website","url":"https:\/\/premierdental.vn\/","name":"Premier Dental","description":"Premier Dental","potentialAction":[{"@type":"SearchAction","target":{"@type":"EntryPoint","urlTemplate":"https:\/\/premierdental.vn\/?s={search_term_string}"},"query-input":{"@type":"PropertyValueSpecification","valueRequired":true,"valueName":"search_term_string"}}],"inLanguage":"en-US"}]}},"_links":{"self":[{"href":"https:\/\/premierdental.vn\/en\/wp-json\/wp\/v2\/pages\/306","targetHints":{"allow":["GET"]}}],"collection":[{"href":"https:\/\/premierdental.vn\/en\/wp-json\/wp\/v2\/pages"}],"about":[{"href":"https:\/\/premierdental.vn\/en\/wp-json\/wp\/v2\/types\/page"}],"author":[{"embeddable":true,"href":"https:\/\/premierdental.vn\/en\/wp-json\/wp\/v2\/users\/1"}],"replies":[{"embeddable":true,"href":"https:\/\/premierdental.vn\/en\/wp-json\/wp\/v2\/comments?post=306"}],"version-history":[{"count":14,"href":"https:\/\/premierdental.vn\/en\/wp-json\/wp\/v2\/pages\/306\/revisions"}],"predecessor-version":[{"id":8413,"href":"https:\/\/premierdental.vn\/en\/wp-json\/wp\/v2\/pages\/306\/revisions\/8413"}],"up":[{"embeddable":true,"href":"https:\/\/premierdental.vn\/en\/wp-json\/wp\/v2\/pages\/175"}],"wp:featuredmedia":[{"embeddable":true,"href":"https:\/\/premierdental.vn\/en\/wp-json\/wp\/v2\/media\/48"}],"wp:attachment":[{"href":"https:\/\/premierdental.vn\/en\/wp-json\/wp\/v2\/media?parent=306"}],"curies":[{"name":"wp","href":"https:\/\/api.w.org\/{rel}","templated":true}]}}