{"id":290,"date":"2020-10-26T02:54:10","date_gmt":"2020-10-26T02:54:10","guid":{"rendered":"https:\/\/premierdental.vn\/?page_id=290"},"modified":"2025-05-20T17:55:16","modified_gmt":"2025-05-20T10:55:16","slug":"phau-thuat-nuou-rang","status":"publish","type":"page","link":"https:\/\/premierdental.vn\/en\/dich-vu-nha-khoa-toan-dien-tai-premier-dental\/tri-viem-nha-chu-hieu-qua\/phau-thuat-nuou-rang\/","title":{"rendered":"Gum Grafting"},"content":{"rendered":"<h1><span style=\"color: #003366;\">GH\u00c9P N\u01af\u1edaU V\u00c0 PH\u1eaaU THU\u1eacT TH\u1ea8M M\u1ef8 N\u01af\u1edaU T\u1ea0I PREMIER DENTAL<\/span><\/h1> <p>T\u1ee5t n\u01b0\u1edbu hay c\u00f2n g\u1ecdi teo c\u01a1 n\u01b0\u1edbu, l\u00e0 hi\u1ec7n t\u01b0\u1ee3ng ch\u00e2n r\u0103ng b\u1ecb l\u1ed9 ra do n\u01b0\u1edbu co l\u1ea1i, n\u01b0\u1edbu b\u1ecb k\u00e9o tr\u1edf l\u1ea1i t\u1eeb b\u1ec1 m\u1eb7t r\u0103ng l\u00e0m l\u1ed9 b\u1ec1 m\u1eb7t ch\u00e2n r\u0103ng. T\u1ee5t n\u01b0\u1edbu g\u00e2y ra phi\u1ec1n to\u00e1i v\u1ec1 t\u00ednh th\u1ea9m m\u1ef9 h\u00e0m r\u0103ng, \u00ea bu\u1ed1t, th\u1ee9c \u0103n d\u1ec5 b\u00e1m l\u1ea1i ch\u00e2n r\u0103ng n\u1ebfu \u0111\u1ec3 l\u00e2u s\u1ebd c\u00e0ng nghi\u00eam tr\u1ecdng. Do \u0111\u00f3 ph\u1eabu thu\u1eadt n\u01b0\u1edbu r\u0103ng l\u00e0 gi\u1ea3i ph\u00e1p \u0111\u1ec3 kh\u1eafc ph\u1ee5c t\u00ecnh tr\u1ea1ng n\u00e0y<\/p> <h3><span style=\"color: #003366;\">\u00a0Gh\u00e9p n\u01b0\u1edbu l\u00e0 g\u00ec<\/span><\/h3> <div id=\"attachment_3189\" class=\"wp-caption alignnone\"> <div id=\"attachment_884\" style=\"width: 650px\" class=\"wp-caption aligncenter\"><img fetchpriority=\"high\" decoding=\"async\" aria-describedby=\"caption-attachment-884\" class=\"wp-image-884 size-full\" src=\"https:\/\/premierdental.vn\/wp-content\/uploads\/2021\/05\/Resize640-Frame-Tut-nuou-02.jpg\" alt=\"t\u1ee5t n\u01b0\u1edbu l\u00e0 g\u00ec? nguy\u00ean nh\u00e2n v\u00e0 h\u1eadu qu\u1ea3\" width=\"640\" height=\"462\" srcset=\"https:\/\/premierdental.vn\/wp-content\/uploads\/2021\/05\/Resize640-Frame-Tut-nuou-02.jpg 640w, https:\/\/premierdental.vn\/wp-content\/uploads\/2021\/05\/Resize640-Frame-Tut-nuou-02-300x217.jpg 300w, https:\/\/premierdental.vn\/wp-content\/uploads\/2021\/05\/Resize640-Frame-Tut-nuou-02-16x12.jpg 16w\" sizes=\"(max-width: 640px) 100vw, 640px\" \/><p id=\"caption-attachment-884\" class=\"wp-caption-text\">H\u00ecnh minh h\u1ecda r\u0103ng b\u1ecb t\u1ee5t n\u01b0\u1edbu. Ch\u00e2n r\u0103ng b\u1ecb l\u1ed9 ra.<\/p><\/div> <p class=\"wp-caption-text\">Gh\u00e9p n\u01b0\u1edbu l\u00e0 ph\u01b0\u01a1ng ph\u00e1p \u0111\u01b0\u1ee3c th\u1ef1c hi\u1ec7n \u0111\u1ec3 kh\u1eafc ph\u1ee5c h\u1eadu qu\u1ea3 c\u1ee7a t\u1ee5t n\u01b0\u1edbu (Gum recession) &#8211; nguy\u00ean nh\u00e2n d\u1eabn \u0111\u1ebfn s\u1ef1 ph\u00e1 h\u1ee7y m\u00f4 n\u01b0\u1edbu v\u00e0 x\u01b0\u01a1ng. Trong qu\u00e1 tr\u00ecnh ph\u1eabu thu\u1eadt, b\u00e1c s\u0129 s\u1ebd l\u1ea5y m\u00f4 n\u01b0\u1edbu \u1edf v\u00f9ng kh\u1ea9u c\u00e1i ho\u1eb7c v\u00f9ng kh\u00e1c trong v\u00f2m mi\u1ec7ng \u0111\u1ec3 che ph\u1ee7 ch\u00e2n r\u0103ng. Ph\u1eabu thu\u1eadt c\u00f3 th\u1ec3 ti\u1ebfn h\u00e0nh \u1edf m\u1ed9t ho\u1eb7c nhi\u1ec1u r\u0103ng nh\u1eb1m \u0111em l\u1ea1i s\u1ef1 h\u00e0i h\u00f2a c\u1ee7a \u0111\u01b0\u1eddng vi\u1ec1n n\u01b0\u1edbu.<\/p> <\/div> <h3><span style=\"color: #003366;\">Nguy\u00ean nh\u00e2n gh\u00e9p n\u01b0\u1edbu<\/span><\/h3> <p>T\u1ee5t n\u01b0\u1edbu c\u0169ng ch\u00ednh l\u00e0 nguy\u00ean nh\u00e2n ch\u00ednh khi\u1ebfn ng\u01b0\u1eddi b\u1ec7nh ph\u1ea3i ti\u1ebfn h\u00e0nh ph\u1eabu thu\u1eadt gh\u00e9p n\u01b0\u1edbu. \u0110i\u1ec1u n\u00e0y x\u1ea3y ra khi m\u00f4 n\u01b0\u1edbu b\u1ecb long ra kh\u1ecfi r\u0103ng khi\u1ebfn r\u0103ng d\u00e0i ra v\u00e0 l\u00e0m l\u1ed9 ra ch\u00e2n r\u0103ng. Ng\u01b0\u1eddi b\u1ec7nh s\u1ebd th\u01b0\u1eddng xuy\u00ean c\u00f3 c\u1ea3m gi\u00e1c \u00ea bu\u1ed1t \u1edf do \u0111\u1ed9 nh\u1ea1y c\u1ea3m \u1edf r\u0103ng t\u0103ng cao khi ch\u00e2n r\u0103ng b\u1ecb l\u1ed9 ra. C\u1ea3m gi\u00e1c \u00ea bu\u1ed1t s\u1ebd gia t\u0103ng n\u1ebfu ng\u01b0\u1eddi b\u1ec7nh \u0103n ho\u1eb7c u\u1ed1ng nh\u1eefng th\u1ef1c ph\u1ea9m n\u00f3ng ho\u1eb7c l\u1ea1nh. N\u1ebfu kh\u00f4ng \u0111\u01b0\u1ee3c \u0111i\u1ec1u tr\u1ecb k\u1ecbp th\u1eddi, t\u1ee5t n\u01b0\u1edbu c\u00f3 th\u1ec3 d\u1eabn \u0111\u1ebfn m\u1ea5t r\u0103ng.<\/p> <p>M\u1ed9t nguy\u00ean nh\u00e2n kh\u00e1c n\u1eefa l\u00e0<strong>\u00a0<a href=\"https:\/\/nhakhoanhaviet.com.vn\/viem-nha-chu-va-nhung-dieu-ban-can-biet\/\">vi\u00eam nha chu.<\/a><\/strong>\u00a0Trong tr\u01b0\u1eddng h\u1ee3p b\u1ec7nh nh\u00e2n \u0111\u01b0\u1ee3c ch\u1ec9 \u0111\u1ecbnh ph\u1eabu thu\u1eadt lo\u1ea1i b\u1ecf t\u00fai nha chu nh\u01b0ng thi\u1ebfu n\u01b0\u1edbu, c\u00e1c B\u00e1c s\u0129 c\u0169ng s\u1ebd \u00e1p d\u1ee5ng ph\u01b0\u01a1ng ph\u00e1p gh\u00e9p n\u01b0\u1edbu \u0111\u1ec3 h\u1ed7 tr\u1ee3 cho vi\u1ec7c \u0111i\u1ec1u tr\u1ecb.<\/p> <p>Ph\u1eabu thu\u1eadt gh\u00e9p n\u01b0\u1edbu kh\u00f4ng ch\u1ec9 gi\u00fap ng\u01b0\u1eddi b\u1ec7nh b\u1ea3o v\u1ec7 \u0111\u01b0\u1ee3c r\u0103ng kh\u1ecfi h\u01b0 h\u1ea1i, l\u00e0m gi\u1ea3m \u00ea bu\u1ed1t, m\u00e0 n\u00f3 c\u00f2n che ph\u1ee7 ch\u00e2n n\u01b0\u1edbu, h\u1ed7 tr\u1ee3 c\u1ea3i thi\u1ec7n th\u1ea9m m\u1ef9 khu\u00f4n mi\u1ec7ng.<\/p> <h3><span style=\"color: #003366;\">Ph\u1eabu thu\u1eadt th\u1ea9m m\u1ef9 n\u01b0\u1edbu<\/span><\/h3> <p>N\u1ebfu nh\u01b0 ph\u01b0\u01a1ng ph\u00e1p gh\u00e9p n\u01b0\u1edbu \u00e1p d\u1ee5ng cho c\u00e1c b\u1ec7nh nh\u00e2n c\u00f3 n\u01b0\u1edbu ng\u1eafn ho\u1eb7c b\u1ecb t\u1ee5t n\u01b0\u1edbu, ph\u1eabu thu\u1eadt th\u1ea9m m\u1ef9 n\u01b0\u1edbu l\u00e0 ph\u01b0\u01a1ng ph\u00e1p d\u00e0nh cho ng\u01b0\u1eddi c\u00f3 \u201cn\u1ee5 c\u01b0\u1eddi h\u1edf l\u1ee3i&#8221; &#8211; n\u01b0\u1edbu nhi\u1ec1u v\u00e0 d\u00e0y.<\/p> <p><img decoding=\"async\" class=\"aligncenter wp-image-885 size-full\" src=\"https:\/\/premierdental.vn\/wp-content\/uploads\/2021\/05\/Resize640-Logo-Cuoi-ho-loi.jpg\" alt=\"ph\u1eabu thu\u1eadt n\u01b0\u1edbu r\u0103ng trong \u0111i\u1ec1u tr\u1ecb c\u01b0\u1eddi h\u1edf l\u1ee3i\" width=\"640\" height=\"468\" srcset=\"https:\/\/premierdental.vn\/wp-content\/uploads\/2021\/05\/Resize640-Logo-Cuoi-ho-loi.jpg 640w, https:\/\/premierdental.vn\/wp-content\/uploads\/2021\/05\/Resize640-Logo-Cuoi-ho-loi-300x219.jpg 300w, https:\/\/premierdental.vn\/wp-content\/uploads\/2021\/05\/Resize640-Logo-Cuoi-ho-loi-16x12.jpg 16w\" sizes=\"(max-width: 640px) 100vw, 640px\" \/><\/p> <p>Tuy \u0111\u00e2y kh\u00f4ng ph\u1ea3i l\u00e0 b\u1ec7nh l\u00fd, nh\u01b0ng c\u00f3 r\u1ea5t nhi\u1ec1u nguy\u00ean nh\u00e2n g\u00e2y ra \u201cn\u1ee5 c\u01b0\u1eddi h\u1edf l\u1ee3i&#8221; nh\u01b0 n\u01b0\u1edbu ph\u00e1t tri\u1ec3n m\u1ea1nh, do b\u1ea9m sinh, do t\u00e1c \u0111\u1ed9ng c\u1ee7a thu\u1ed1c, x\u01b0\u01a1ng \u1ed5 r\u0103ng qu\u00e1 d\u00e0y,.. \u1ea3nh h\u01b0\u1edfng r\u1ea5t nhi\u1ec1u \u0111\u1ebfn th\u1ea9m m\u1ef9.<\/p> <p>Th\u1ef1c hi\u1ec7n gi\u00fap c\u00e2n \u0111\u1ed1i t\u1ef7 l\u1ec7 n\u01b0\u1edbu v\u00e0 r\u0103ng, c\u1ea3i thi\u1ec7n y\u1ebfu t\u1ed1 th\u1ea9m m\u1ef9 khu\u00f4n mi\u1ec7ng.<\/p> <h3><span style=\"color: #003366;\">Khi n\u00e0o c\u1ea7n ti\u1ebfn h\u00e0nh gh\u00e9p n\u01b0\u1edbu v\u00e0 ph\u1eabu thu\u1eadt th\u1ea9m m\u1ef9 n\u01b0\u1edbu?<\/span><\/h3> <p>\u0110\u1ed1i v\u1edbi c\u00e1c tr\u01b0\u1eddng h\u1ee3p t\u1ee5t n\u01b0\u1edbu r\u0103ng nh\u1eb9. Ng\u01b0\u1eddi b\u1ec7nh c\u00f3 th\u1ec3 \u0111\u01b0\u1ee3c ch\u1eefa tr\u1ecb b\u1eb1ng c\u00e1ch c\u1ea1o v\u00f4i r\u0103ng th\u01b0\u1eddng xuy\u00ean, v\u00e0 s\u1eed d\u1ee5ng c\u00e1c lo\u1ea1i gel chuy\u00ean bi\u1ec7t \u0111\u1ec3 c\u00e1c \u0111\u1ea9y r\u0103ng l\u00ean. Tuy nhi\u00ean, trong tr\u01b0\u1eddng h\u1ee3p t\u1ee5t n\u01b0\u1edbu r\u0103ng g\u00e2y nguy h\u1ea1i \u0111\u1ebfn c\u1ea3 h\u00e0m th\u00ec b\u00e1c s\u0129 s\u1ebd ch\u1ec9 \u0111\u1ecbnh l\u00e0m ph\u1eabu thu\u1eadt.<br \/> C\u00e1c B\u00e1c s\u0129 c\u00f3 th\u1ec3 ch\u1ec9 \u0111\u1ecbnh ph\u1eabu thu\u1eadt gh\u00e9p n\u01b0\u1edbu ho\u1eb7c ph\u1eabu thu\u1eadt th\u1ea9m m\u1ef9 n\u01b0\u1edbu trong c\u00e1c tr\u01b0\u1eddng h\u1ee3p sau:<\/p> <ul> <li>T\u1ee5t n\u01b0\u1edbu g\u00e2y t\u1ed5n th\u01b0\u01a1ng m\u1ea1nh.<\/li> <li>C\u00f3 nguy c\u01a1 t\u1ea1o ra khe n\u1ee9t x\u01b0\u01a1ng \u1ed5 r\u0103ng.<\/li> <li>Ph\u1eabu thu\u1eadt s\u1ebd t\u1ea1o ra m\u1ed9t \u0111\u01b0\u1eddng m\u00f4 m\u1ec1m, m\u1edf \u0111\u01b0\u1eddng cho ph\u1eabu thu\u1eadt c\u1ea5y gh\u00e9p r\u0103ng.<\/li> <li>K\u00e9m th\u1ea9m m\u1ef9, b\u1ec7nh nh\u00e2n kh\u00f4ng mu\u1ed1n s\u1edf h\u1eefu \u201cn\u1ee5 c\u01b0\u1eddi t\u1ee5t l\u1ee3i&#8221; v\u1edbi r\u0103ng d\u00e0i qu\u00e1 m\u1ee9c ho\u1eb7c \u201cn\u1ee5 c\u01b0\u1eddi h\u1edf l\u1ee3i&#8221; v\u1edbi n\u01b0\u1edbu qu\u00e1 nhi\u1ec1u.<\/li> <\/ul> <h3><span style=\"color: #003366;\">Quy tr\u00ecnh th\u1ef1c hi\u1ec7n t\u1ea1i Nha Khoa Premier\u00a0<\/span><\/h3> <p><span style=\"color: #003366;\">B\u01b0\u1edbc 1: <\/span>Th\u0103m kh\u00e1m v\u00e0 t\u01b0 v\u1ea5n: B\u00e1c s\u0129 kh\u00e1m r\u0103ng mi\u1ec7ng t\u1ed5ng qu\u00e1t v\u00e0 ch\u1ee5p phim X quang. Sau \u0111\u00f3 t\u01b0 v\u1ea5n v\u1edbi B\u1ec7nh nh\u00e2n v\u1ec1 t\u00ecnh tr\u1ea1ng r\u0103ng mi\u1ec7ng.<\/p> <p><span style=\"color: #003366;\">B\u01b0\u1edbc 2:<\/span> L\u00ean k\u1ebf ho\u1ea1ch \u0111i\u1ec1u tr\u1ecb: T\u00f9y theo t\u00ecnh tr\u1ea1ng r\u0103ng c\u1ee7a b\u1ec7nh nh\u00e2n m\u00e0 B\u00e1c s\u0129 c\u00f3 nh\u1eefng ch\u1ec9 \u0111\u1ecbnh ph\u00f9 h\u1ee3p. N\u1ebfu nh\u01b0 r\u0103ng c\u00f3 bi\u1ec3u hi\u1ec7n t\u1ee5t n\u01b0\u1edbu n\u1eb7ng, B\u00e1c s\u0129 s\u1ebd ch\u1ec9 \u0111\u1ecbnh ph\u1eabu thu\u1eadt gh\u00e9p n\u01b0\u1edbu cho b\u1ec7nh nh\u00e2n.<\/p> <p><span style=\"color: #003366;\">Step 3<\/span> G\u00e2y t\u00ea v\u00e0 ti\u1ebfn h\u00e0nh ph\u1eabu thu\u1eadt: Tr\u01b0\u1edbc khi ph\u1eabu thu\u1eadt, B\u00e1c s\u0129 th\u1ef1c hi\u1ec7n g\u00e2y t\u00ea \u0111\u1ec3 \u0111\u1ea3m b\u1ea3o nh\u1eb9 nh\u00e0ng trong su\u1ed1t qu\u00e1 tr\u00ecnh th\u1ef1c hi\u1ec7n.<\/p> <p><span style=\"color: #003366;\">B\u01b0\u1edbc 4:<\/span> K\u1ebft th\u00fac qu\u00e1 tr\u00ecnh ph\u1eabu thu\u1eadt: Khi \u0111\u00e3 \u0111i\u1ec1u tr\u1ecb xong, B\u00e1c s\u0129 s\u1ebd h\u01b0\u1edbng d\u1eabn c\u00e1ch ch\u0103m s\u00f3c r\u0103ng mi\u1ec7ng sau ph\u1eabu thu\u1eadt c\u0169ng nh\u01b0 nh\u1eefng l\u01b0u \u00fd khi v\u1ec1 nh\u00e0.<\/p> <p><span style=\"color: #003366;\">L\u01b0u \u00fd<\/span><\/p> <ol> <li>\u00a0B\u1ec7nh nh\u00e2n c\u1ea7n l\u00e0m g\u00ec tr\u01b0\u1edbc khi ph\u1eabu thu\u1eadt ?<br \/> &#8211; Thay \u0111\u1ed5i th\u00f3i quen ch\u1ea3i r\u0103ng. C\u1ea7n ch\u1ea3i r\u0103ng nh\u1eb9 nh\u00e0ng v\u00e0 \u0111\u00fang c\u00e1ch. Vi\u1ec7c ch\u1ea3i r\u0103ng m\u1ea1nh c\u00f3 th\u1ec3 g\u00e2y t\u1ed5n th\u01b0\u01a1ng v\u00e0 sang ch\u1ea5n cho r\u0103ng. \u0110i\u1ec1u n\u00e0y c\u00e0ng g\u00e2y nguy h\u1ea1i n\u1ebfu ng\u01b0\u1eddi b\u1ec7nh \u0111\u00e3 th\u1ef1c hi\u1ec7n ph\u1eabu thu\u1eadt.<br \/> &#8211; Lo\u1ea1i b\u1ecf m\u1ea3ng b\u00e1m b\u1eb1ng vi\u1ec7c s\u1eed d\u1ee5ng ch\u1ec9 nha khoa th\u01b0\u1eddng xuy\u00ean v\u00e0 th\u1ef1c hi\u1ec7n th\u0103m kh\u00e1m v\u00e0 cao v\u00f4i r\u0103ng \u0111\u1ecbnh k\u1ef3<\/li> <li>\u00a0M\u1ea5t bao l\u00e2u \u0111\u1ec3 gh\u00e9p n\u01b0\u1edbu \u0111\u01b0\u1ee3c l\u00e0nh l\u1eb7n sau ph\u1eabu thu\u1eadt?<br \/> B\u1ec7nh nh\u00e2n s\u1ebd \u0111\u01b0\u1ee3c c\u1eaft ch\u1ec9 sau 1 tu\u1ea7n k\u1ec3 t\u1eeb khi ph\u1eabu thu\u1eadt. Ngo\u00e0i ra, tu\u1ef3 theo c\u01a1 \u0111\u1ecba c\u1ee7a m\u1ed7i ng\u01b0\u1eddi, th\u1eddi gian l\u00e0nh s\u1ebd giao \u0111\u1ed9ng t\u1eeb 3 th\u00e1ng \u0111\u1ebfn 1 n\u0103m. Trong qu\u00e1 tr\u00ecnh n\u00e0y, vi\u1ec7c th\u0103m kh\u00e1m \u0111\u1ecbnh k\u1ef3 l\u00e0 r\u1ea5t quan tr\u1ecdng. Ng\u01b0\u1eddi b\u1ec7nh c\u1ea7n tu\u00e2n th\u1ee7 \u0111\u00fang c\u00e1c ch\u1ec9 \u0111\u1ecbnh h\u1eadu ph\u1eabu thu\u1eadt c\u1ee7a B\u00e1c s\u0129 v\u00e0 th\u0103m kh\u00e1m \u0111\u1ec1u \u0111\u1eb7n.<\/li> <li>Sau khi ph\u1eabu thu\u1eadt, b\u1ec7nh nh\u00e2n c\u1ea7n li\u00ean h\u1ec7 v\u1edbi B\u00e1c s\u0129 ngay khi c\u00f3 nh\u1eefng tri\u1ec7u ch\u1ee9ng sau:<br \/> &#8211; Ch\u1ea3y m\u00e1u kh\u00f4ng ng\u1eebng.<br \/> &#8211; V\u1ebft m\u1ed5 b\u1ecb \u0111au, s\u01b0ng v\u00e0 b\u1ea7m t\u00edm b\u1ea5t th\u01b0\u1eddng.<\/li> <\/ol> <h3><span style=\"color: #003366;\">T\u1ea1i sao ch\u1ecdn Nha Khoa Premier Dental<\/span><\/h3> <p><img decoding=\"async\" class=\"alignnone wp-image-7844 size-full\" src=\"https:\/\/premierdental.vn\/wp-content\/uploads\/2023\/10\/z4782764098918_df84c9da735166475542c144de0a7a2e.jpg\" alt=\"\" width=\"2047\" height=\"1366\" srcset=\"https:\/\/premierdental.vn\/wp-content\/uploads\/2023\/10\/z4782764098918_df84c9da735166475542c144de0a7a2e.jpg 2047w, https:\/\/premierdental.vn\/wp-content\/uploads\/2023\/10\/z4782764098918_df84c9da735166475542c144de0a7a2e-300x200.jpg 300w, https:\/\/premierdental.vn\/wp-content\/uploads\/2023\/10\/z4782764098918_df84c9da735166475542c144de0a7a2e-1024x683.jpg 1024w, https:\/\/premierdental.vn\/wp-content\/uploads\/2023\/10\/z4782764098918_df84c9da735166475542c144de0a7a2e-768x513.jpg 768w, https:\/\/premierdental.vn\/wp-content\/uploads\/2023\/10\/z4782764098918_df84c9da735166475542c144de0a7a2e-1536x1025.jpg 1536w, https:\/\/premierdental.vn\/wp-content\/uploads\/2023\/10\/z4782764098918_df84c9da735166475542c144de0a7a2e-18x12.jpg 18w\" sizes=\"(max-width: 2047px) 100vw, 2047px\" \/><\/p> <p>V\u1edbi \u0111\u1ed9i ng\u0169 chuy\u00ean m\u00f4n v\u00e0 thi\u1ebft b\u1ecb hi\u1ec7n \u0111\u1ea1i, Premier Dental l\u00e0 n\u01a1i \u0111\u01b0\u1ee3c nhi\u1ec1u kh\u00e1ch h\u00e0ng l\u1ef1a ch\u1ecdn \u0111i\u1ec1u tr\u1ecb. \u0110\u1eb7c bi\u1ec7t, Ths. Bs Albert L\u00ea Kh\u00f4i Vi\u1ec7t s\u1ebd l\u00e0 ng\u01b0\u1eddi tr\u1ef1c ti\u1ebfp th\u1ef1c hi\u1ec7n c\u00e1c ca ph\u1eabu thu\u1eadt gh\u00e9p n\u01b0\u1edbu v\u00e0 ph\u1eabu thu\u1eadt th\u1ea9m m\u1ef9 n\u01b0\u1edbu cho b\u1ea1n. L\u00e0 b\u00e1c s\u0129 \u1edf Vi\u1ec7t Nam \u0111\u01b0\u1ee3c c\u1ea5p ch\u1ee9ng ch\u1ec9 th\u1ef1c h\u00e0nh nha chu qu\u1ed1c t\u1ebf do Hoa K\u00ec c\u1ea5p, V\u1edbi h\u01a1n 20 n\u0103m kinh nghi\u1ec7m t\u1ea1i \u00dac v\u00e0 M\u0129,\u00a0 Ths. Bs. Albert L\u00ea Kh\u00f4i Vi\u1ec7t s\u1ebd \u0111\u1ed3ng h\u00e0nh c\u00f9ng b\u1ea1n trong h\u00e0nh tr\u00ecnh c\u1ea3i thi\u1ec7n s\u1ee9c kh\u1ecfe v\u00e0 v\u1ebb ngo\u00e0i n\u1ee5 c\u01b0\u1eddi.<\/p> <p><a href=\"https:\/\/premierdental.vn\/en\/ths-bs-albert-le-khoi-viet\/\">B\u1ea1n c\u00f3 th\u1ec3 tham kh\u1ea3o th\u00eam profile c\u1ee7a Ths. Bs Albert L\u00ea Kh\u00f4i Vi\u1ec7t t\u1ea1i \u0111\u00e2y.<\/a><\/p>","protected":false},"excerpt":{"rendered":"<p>GH\u00c9P N\u01af\u1edaU V\u00c0 PH\u1eaaU THU\u1eacT TH\u1ea8M M\u1ef8 N\u01af\u1edaU T\u1ea0I PREMIER DENTAL T\u1ee5t n\u01b0\u1edbu hay c\u00f2n g\u1ecdi teo c\u01a1 n\u01b0\u1edbu, l\u00e0 hi\u1ec7n t\u01b0\u1ee3ng ch\u00e2n r\u0103ng b\u1ecb l\u1ed9 ra do n\u01b0\u1edbu co l\u1ea1i, n\u01b0\u1edbu b\u1ecb k\u00e9o tr\u1edf l\u1ea1i t\u1eeb b\u1ec1 m\u1eb7t r\u0103ng l\u00e0m l\u1ed9 b\u1ec1 m\u1eb7t ch\u00e2n r\u0103ng. T\u1ee5t n\u01b0\u1edbu g\u00e2y ra phi\u1ec1n to\u00e1i v\u1ec1 t\u00ednh th\u1ea9m [&hellip;]<\/p>","protected":false},"author":1,"featured_media":902,"parent":182,"menu_order":0,"comment_status":"closed","ping_status":"closed","template":"","meta":{"footnotes":""},"class_list":["post-290","page","type-page","status-publish","has-post-thumbnail","hentry"],"acf":[],"yoast_head":"<!-- This site is optimized with the Yoast SEO plugin v26.9 - https:\/\/yoast.com\/product\/yoast-seo-wordpress\/ -->\n<title>Ph\u1eabu thu\u1eadt n\u01b0\u1edbu r\u0103ng l\u00e0 g\u00ec? V\u00ec sao n\u00ean ch\u1ecdn Nha hoa Premier?<\/title>\n<meta name=\"description\" content=\"Ph\u1eabu thu\u1eadt n\u01b0\u1edbu r\u0103ng l\u00e0 \u01b0\u01a1ng ph\u00e1p \u0111\u01b0\u1ee3c th\u1ef1c hi\u1ec7n \u0111\u1ec3 kh\u1eafc ph\u1ee5c h\u1eadu qu\u1ea3 c\u1ee7a t\u1ee5t n\u01b0\u1edbu v\u00e0 c\u1ea3i thi\u1ec7n t\u00ecnh tr\u1ea1ng c\u01b0\u1eddi h\u1edf l\u1ee3i hay c\u01b0\u1eddi t\u1ee5t l\u1ee3i....\" \/>\n<meta name=\"robots\" content=\"index, follow, max-snippet:-1, max-image-preview:large, max-video-preview:-1\" \/>\n<link rel=\"canonical\" href=\"https:\/\/premierdental.vn\/en\/dich-vu-nha-khoa-toan-dien-tai-premier-dental\/tri-viem-nha-chu-hieu-qua\/phau-thuat-nuou-rang\/\" \/>\n<meta property=\"og:locale\" content=\"en_US\" \/>\n<meta property=\"og:type\" content=\"article\" \/>\n<meta property=\"og:title\" content=\"Ph\u1eabu thu\u1eadt n\u01b0\u1edbu r\u0103ng l\u00e0 g\u00ec? V\u00ec sao n\u00ean ch\u1ecdn Nha hoa Premier?\" \/>\n<meta property=\"og:description\" content=\"Ph\u1eabu thu\u1eadt n\u01b0\u1edbu r\u0103ng l\u00e0 \u01b0\u01a1ng ph\u00e1p \u0111\u01b0\u1ee3c th\u1ef1c hi\u1ec7n \u0111\u1ec3 kh\u1eafc ph\u1ee5c h\u1eadu qu\u1ea3 c\u1ee7a t\u1ee5t n\u01b0\u1edbu v\u00e0 c\u1ea3i thi\u1ec7n t\u00ecnh tr\u1ea1ng c\u01b0\u1eddi h\u1edf l\u1ee3i hay c\u01b0\u1eddi t\u1ee5t l\u1ee3i....\" \/>\n<meta property=\"og:url\" content=\"https:\/\/premierdental.vn\/en\/dich-vu-nha-khoa-toan-dien-tai-premier-dental\/tri-viem-nha-chu-hieu-qua\/phau-thuat-nuou-rang\/\" \/>\n<meta property=\"og:site_name\" content=\"Premier Dental\" \/>\n<meta property=\"article:modified_time\" content=\"2025-05-20T10:55:16+00:00\" \/>\n<meta property=\"og:image\" content=\"https:\/\/premierdental.vn\/wp-content\/uploads\/2021\/05\/ghep-nuou.jpg\" \/>\n\t<meta property=\"og:image:width\" content=\"640\" \/>\n\t<meta property=\"og:image:height\" content=\"321\" \/>\n\t<meta property=\"og:image:type\" content=\"image\/jpeg\" \/>\n<meta name=\"twitter:card\" content=\"summary_large_image\" \/>\n<meta name=\"twitter:label1\" content=\"Est. reading time\" \/>\n\t<meta name=\"twitter:data1\" content=\"9 minutes\" \/>\n<script type=\"application\/ld+json\" class=\"yoast-schema-graph\">{\"@context\":\"https:\/\/schema.org\",\"@graph\":[{\"@type\":\"WebPage\",\"@id\":\"https:\/\/premierdental.vn\/dich-vu-nha-khoa-toan-dien-tai-premier-dental\/tri-viem-nha-chu-hieu-qua\/phau-thuat-nuou-rang\/\",\"url\":\"https:\/\/premierdental.vn\/dich-vu-nha-khoa-toan-dien-tai-premier-dental\/tri-viem-nha-chu-hieu-qua\/phau-thuat-nuou-rang\/\",\"name\":\"Ph\u1eabu thu\u1eadt n\u01b0\u1edbu r\u0103ng l\u00e0 g\u00ec? V\u00ec sao n\u00ean ch\u1ecdn Nha hoa Premier?\",\"isPartOf\":{\"@id\":\"https:\/\/premierdental.vn\/#website\"},\"primaryImageOfPage\":{\"@id\":\"https:\/\/premierdental.vn\/dich-vu-nha-khoa-toan-dien-tai-premier-dental\/tri-viem-nha-chu-hieu-qua\/phau-thuat-nuou-rang\/#primaryimage\"},\"image\":{\"@id\":\"https:\/\/premierdental.vn\/dich-vu-nha-khoa-toan-dien-tai-premier-dental\/tri-viem-nha-chu-hieu-qua\/phau-thuat-nuou-rang\/#primaryimage\"},\"thumbnailUrl\":\"https:\/\/premierdental.vn\/wp-content\/uploads\/2021\/05\/ghep-nuou.jpg\",\"datePublished\":\"2020-10-26T02:54:10+00:00\",\"dateModified\":\"2025-05-20T10:55:16+00:00\",\"description\":\"Ph\u1eabu thu\u1eadt n\u01b0\u1edbu r\u0103ng l\u00e0 \u01b0\u01a1ng ph\u00e1p \u0111\u01b0\u1ee3c th\u1ef1c hi\u1ec7n \u0111\u1ec3 kh\u1eafc ph\u1ee5c h\u1eadu qu\u1ea3 c\u1ee7a t\u1ee5t n\u01b0\u1edbu v\u00e0 c\u1ea3i thi\u1ec7n t\u00ecnh tr\u1ea1ng c\u01b0\u1eddi h\u1edf l\u1ee3i hay c\u01b0\u1eddi t\u1ee5t l\u1ee3i....\",\"breadcrumb\":{\"@id\":\"https:\/\/premierdental.vn\/dich-vu-nha-khoa-toan-dien-tai-premier-dental\/tri-viem-nha-chu-hieu-qua\/phau-thuat-nuou-rang\/#breadcrumb\"},\"inLanguage\":\"en-US\",\"potentialAction\":[{\"@type\":\"ReadAction\",\"target\":[\"https:\/\/premierdental.vn\/dich-vu-nha-khoa-toan-dien-tai-premier-dental\/tri-viem-nha-chu-hieu-qua\/phau-thuat-nuou-rang\/\"]}]},{\"@type\":\"ImageObject\",\"inLanguage\":\"en-US\",\"@id\":\"https:\/\/premierdental.vn\/dich-vu-nha-khoa-toan-dien-tai-premier-dental\/tri-viem-nha-chu-hieu-qua\/phau-thuat-nuou-rang\/#primaryimage\",\"url\":\"https:\/\/premierdental.vn\/wp-content\/uploads\/2021\/05\/ghep-nuou.jpg\",\"contentUrl\":\"https:\/\/premierdental.vn\/wp-content\/uploads\/2021\/05\/ghep-nuou.jpg\",\"width\":640,\"height\":321,\"caption\":\"Cam k\u1ebft \u0111i\u1ec1u tr\u1ecb nha chu tri\u1ec7t \u0111\u1ec3 t\u1ea1i Nha Vi\u1ec7t\"},{\"@type\":\"BreadcrumbList\",\"@id\":\"https:\/\/premierdental.vn\/dich-vu-nha-khoa-toan-dien-tai-premier-dental\/tri-viem-nha-chu-hieu-qua\/phau-thuat-nuou-rang\/#breadcrumb\",\"itemListElement\":[{\"@type\":\"ListItem\",\"position\":1,\"name\":\"D\u1ecbch V\u1ee5\",\"item\":\"https:\/\/premierdental.vn\/dich-vu-nha-khoa-toan-dien-tai-premier-dental\/\"},{\"@type\":\"ListItem\",\"position\":2,\"name\":\"NHA CHU\",\"item\":\"https:\/\/premierdental.vn\/dich-vu-nha-khoa-toan-dien-tai-premier-dental\/tri-viem-nha-chu-hieu-qua\/\"},{\"@type\":\"ListItem\",\"position\":3,\"name\":\"Gh\u00e9p N\u01b0\u1edbu &#038; Ph\u1eabu Thu\u1eadt Th\u1ea9m M\u1ef9 N\u01b0\u1edbu\"}]},{\"@type\":\"WebSite\",\"@id\":\"https:\/\/premierdental.vn\/#website\",\"url\":\"https:\/\/premierdental.vn\/\",\"name\":\"Premier Dental\",\"description\":\"Premier Dental\",\"potentialAction\":[{\"@type\":\"SearchAction\",\"target\":{\"@type\":\"EntryPoint\",\"urlTemplate\":\"https:\/\/premierdental.vn\/?s={search_term_string}\"},\"query-input\":{\"@type\":\"PropertyValueSpecification\",\"valueRequired\":true,\"valueName\":\"search_term_string\"}}],\"inLanguage\":\"en-US\"}]}<\/script>\n<!-- \/ Yoast SEO plugin. -->","yoast_head_json":{"title":"Ph\u1eabu thu\u1eadt n\u01b0\u1edbu r\u0103ng l\u00e0 g\u00ec? V\u00ec sao n\u00ean ch\u1ecdn Nha hoa Premier?","description":"Ph\u1eabu thu\u1eadt n\u01b0\u1edbu r\u0103ng l\u00e0 \u01b0\u01a1ng ph\u00e1p \u0111\u01b0\u1ee3c th\u1ef1c hi\u1ec7n \u0111\u1ec3 kh\u1eafc ph\u1ee5c h\u1eadu qu\u1ea3 c\u1ee7a t\u1ee5t n\u01b0\u1edbu v\u00e0 c\u1ea3i thi\u1ec7n t\u00ecnh tr\u1ea1ng c\u01b0\u1eddi h\u1edf l\u1ee3i hay c\u01b0\u1eddi t\u1ee5t l\u1ee3i....","robots":{"index":"index","follow":"follow","max-snippet":"max-snippet:-1","max-image-preview":"max-image-preview:large","max-video-preview":"max-video-preview:-1"},"canonical":"https:\/\/premierdental.vn\/en\/dich-vu-nha-khoa-toan-dien-tai-premier-dental\/tri-viem-nha-chu-hieu-qua\/phau-thuat-nuou-rang\/","og_locale":"en_US","og_type":"article","og_title":"Ph\u1eabu thu\u1eadt n\u01b0\u1edbu r\u0103ng l\u00e0 g\u00ec? V\u00ec sao n\u00ean ch\u1ecdn Nha hoa Premier?","og_description":"Ph\u1eabu thu\u1eadt n\u01b0\u1edbu r\u0103ng l\u00e0 \u01b0\u01a1ng ph\u00e1p \u0111\u01b0\u1ee3c th\u1ef1c hi\u1ec7n \u0111\u1ec3 kh\u1eafc ph\u1ee5c h\u1eadu qu\u1ea3 c\u1ee7a t\u1ee5t n\u01b0\u1edbu v\u00e0 c\u1ea3i thi\u1ec7n t\u00ecnh tr\u1ea1ng c\u01b0\u1eddi h\u1edf l\u1ee3i hay c\u01b0\u1eddi t\u1ee5t l\u1ee3i....","og_url":"https:\/\/premierdental.vn\/en\/dich-vu-nha-khoa-toan-dien-tai-premier-dental\/tri-viem-nha-chu-hieu-qua\/phau-thuat-nuou-rang\/","og_site_name":"Premier Dental","article_modified_time":"2025-05-20T10:55:16+00:00","og_image":[{"width":640,"height":321,"url":"https:\/\/premierdental.vn\/wp-content\/uploads\/2021\/05\/ghep-nuou.jpg","type":"image\/jpeg"}],"twitter_card":"summary_large_image","twitter_misc":{"Est. reading time":"9 minutes"},"schema":{"@context":"https:\/\/schema.org","@graph":[{"@type":"WebPage","@id":"https:\/\/premierdental.vn\/dich-vu-nha-khoa-toan-dien-tai-premier-dental\/tri-viem-nha-chu-hieu-qua\/phau-thuat-nuou-rang\/","url":"https:\/\/premierdental.vn\/dich-vu-nha-khoa-toan-dien-tai-premier-dental\/tri-viem-nha-chu-hieu-qua\/phau-thuat-nuou-rang\/","name":"Ph\u1eabu thu\u1eadt n\u01b0\u1edbu r\u0103ng l\u00e0 g\u00ec? V\u00ec sao n\u00ean ch\u1ecdn Nha hoa Premier?","isPartOf":{"@id":"https:\/\/premierdental.vn\/#website"},"primaryImageOfPage":{"@id":"https:\/\/premierdental.vn\/dich-vu-nha-khoa-toan-dien-tai-premier-dental\/tri-viem-nha-chu-hieu-qua\/phau-thuat-nuou-rang\/#primaryimage"},"image":{"@id":"https:\/\/premierdental.vn\/dich-vu-nha-khoa-toan-dien-tai-premier-dental\/tri-viem-nha-chu-hieu-qua\/phau-thuat-nuou-rang\/#primaryimage"},"thumbnailUrl":"https:\/\/premierdental.vn\/wp-content\/uploads\/2021\/05\/ghep-nuou.jpg","datePublished":"2020-10-26T02:54:10+00:00","dateModified":"2025-05-20T10:55:16+00:00","description":"Ph\u1eabu thu\u1eadt n\u01b0\u1edbu r\u0103ng l\u00e0 \u01b0\u01a1ng ph\u00e1p \u0111\u01b0\u1ee3c th\u1ef1c hi\u1ec7n \u0111\u1ec3 kh\u1eafc ph\u1ee5c h\u1eadu qu\u1ea3 c\u1ee7a t\u1ee5t n\u01b0\u1edbu v\u00e0 c\u1ea3i thi\u1ec7n t\u00ecnh tr\u1ea1ng c\u01b0\u1eddi h\u1edf l\u1ee3i hay c\u01b0\u1eddi t\u1ee5t l\u1ee3i....","breadcrumb":{"@id":"https:\/\/premierdental.vn\/dich-vu-nha-khoa-toan-dien-tai-premier-dental\/tri-viem-nha-chu-hieu-qua\/phau-thuat-nuou-rang\/#breadcrumb"},"inLanguage":"en-US","potentialAction":[{"@type":"ReadAction","target":["https:\/\/premierdental.vn\/dich-vu-nha-khoa-toan-dien-tai-premier-dental\/tri-viem-nha-chu-hieu-qua\/phau-thuat-nuou-rang\/"]}]},{"@type":"ImageObject","inLanguage":"en-US","@id":"https:\/\/premierdental.vn\/dich-vu-nha-khoa-toan-dien-tai-premier-dental\/tri-viem-nha-chu-hieu-qua\/phau-thuat-nuou-rang\/#primaryimage","url":"https:\/\/premierdental.vn\/wp-content\/uploads\/2021\/05\/ghep-nuou.jpg","contentUrl":"https:\/\/premierdental.vn\/wp-content\/uploads\/2021\/05\/ghep-nuou.jpg","width":640,"height":321,"caption":"Cam k\u1ebft \u0111i\u1ec1u tr\u1ecb nha chu tri\u1ec7t \u0111\u1ec3 t\u1ea1i Nha Vi\u1ec7t"},{"@type":"BreadcrumbList","@id":"https:\/\/premierdental.vn\/dich-vu-nha-khoa-toan-dien-tai-premier-dental\/tri-viem-nha-chu-hieu-qua\/phau-thuat-nuou-rang\/#breadcrumb","itemListElement":[{"@type":"ListItem","position":1,"name":"D\u1ecbch V\u1ee5","item":"https:\/\/premierdental.vn\/dich-vu-nha-khoa-toan-dien-tai-premier-dental\/"},{"@type":"ListItem","position":2,"name":"NHA CHU","item":"https:\/\/premierdental.vn\/dich-vu-nha-khoa-toan-dien-tai-premier-dental\/tri-viem-nha-chu-hieu-qua\/"},{"@type":"ListItem","position":3,"name":"Gh\u00e9p N\u01b0\u1edbu &#038; Ph\u1eabu Thu\u1eadt Th\u1ea9m M\u1ef9 N\u01b0\u1edbu"}]},{"@type":"WebSite","@id":"https:\/\/premierdental.vn\/#website","url":"https:\/\/premierdental.vn\/","name":"Premier Dental","description":"Premier Dental","potentialAction":[{"@type":"SearchAction","target":{"@type":"EntryPoint","urlTemplate":"https:\/\/premierdental.vn\/?s={search_term_string}"},"query-input":{"@type":"PropertyValueSpecification","valueRequired":true,"valueName":"search_term_string"}}],"inLanguage":"en-US"}]}},"_links":{"self":[{"href":"https:\/\/premierdental.vn\/en\/wp-json\/wp\/v2\/pages\/290","targetHints":{"allow":["GET"]}}],"collection":[{"href":"https:\/\/premierdental.vn\/en\/wp-json\/wp\/v2\/pages"}],"about":[{"href":"https:\/\/premierdental.vn\/en\/wp-json\/wp\/v2\/types\/page"}],"author":[{"embeddable":true,"href":"https:\/\/premierdental.vn\/en\/wp-json\/wp\/v2\/users\/1"}],"replies":[{"embeddable":true,"href":"https:\/\/premierdental.vn\/en\/wp-json\/wp\/v2\/comments?post=290"}],"version-history":[{"count":16,"href":"https:\/\/premierdental.vn\/en\/wp-json\/wp\/v2\/pages\/290\/revisions"}],"predecessor-version":[{"id":8387,"href":"https:\/\/premierdental.vn\/en\/wp-json\/wp\/v2\/pages\/290\/revisions\/8387"}],"up":[{"embeddable":true,"href":"https:\/\/premierdental.vn\/en\/wp-json\/wp\/v2\/pages\/182"}],"wp:featuredmedia":[{"embeddable":true,"href":"https:\/\/premierdental.vn\/en\/wp-json\/wp\/v2\/media\/902"}],"wp:attachment":[{"href":"https:\/\/premierdental.vn\/en\/wp-json\/wp\/v2\/media?parent=290"}],"curies":[{"name":"wp","href":"https:\/\/api.w.org\/{rel}","templated":true}]}}