{"id":286,"date":"2020-10-26T02:52:45","date_gmt":"2020-10-26T02:52:45","guid":{"rendered":"https:\/\/premierdental.vn\/?page_id=286"},"modified":"2025-05-20T17:00:55","modified_gmt":"2025-05-20T10:00:55","slug":"viem-nuou-rang-la-gi-va-cach-dieu-tri","status":"publish","type":"page","link":"https:\/\/premierdental.vn\/en\/dich-vu-nha-khoa-toan-dien-tai-premier-dental\/tri-viem-nha-chu-hieu-qua\/viem-nuou-rang-la-gi-va-cach-dieu-tri\/","title":{"rendered":"Gingivitis Treatment"},"content":{"rendered":"<h1><span style=\"color: #003366;\">C\u00c1CH \u0110I\u1ec0U TR\u1eca VI\u00caM N\u01af\u1edaU R\u0102NG<\/span><\/h1> <p><span style=\"color: #003366;\"><strong>Gingivitis is a mild form of gum disease that can usually be treated with professional cleaning, improved oral hygiene, and occasionally medication.<\/strong><\/span><\/p> <h3><span style=\"color: #003366;\"><strong>Vi\u00eam n\u01b0\u1edbu r\u0103ng\u00a0<\/strong><strong>\u2013<\/strong><strong>Nguy<\/strong><strong>\u00ea<\/strong><strong>n nh<\/strong><strong>\u00e2<\/strong><strong>n do\u00a0<\/strong><strong>\u0111\u00e2<\/strong><strong>u?<\/strong><\/span><\/h3> <ul> <li>Do v\u00f4i r\u0103ng, m\u1ea3ng b\u00e1m: Trong qu\u00e1 tr\u00ecnh \u0103n u\u1ed1ng h\u00e0ng ng\u00e0y n\u1ebfu nh\u01b0 r\u0103ng kh\u00f4ng \u0111\u01b0\u1ee3c l\u00e0m s\u1ea1ch th\u00ec c\u00e1c th\u1ee9c \u0103n, m\u1ea3ng b\u00e1m c\u00f2n s\u00f3t l\u1ea1i \u0111\u1ec3 l\u00e2u s\u1ebd v\u00f4i h\u00f3a th\u00e0nh cao r\u0103ng ch\u1ee9a r\u1ea5t nhi\u1ec1u vi khu\u1ea9n v\u00e0 t\u1ea5n c\u00f4ng n\u01b0\u1edbu, r\u0103ng trong m\u1ed9t th\u1eddi gian d\u00e0i. T\u1eeb \u0111\u00f3, h\u1ec7 mi\u1ec5n d\u1ecbch s\u1ebd b\u1ecb l\u00e0m suy y\u1ebfu v\u00e0 d\u1eabn \u0111\u1ebfn vi\u00eam n\u01b0\u1edbu.<\/li> <li>Do th\u00f3i quen h\u00fat thu\u1ed1c l\u00e1: \u0110a s\u1ed1 ai h\u00fat thu\u1ed1c l\u00e1 c\u00f9ng g\u1eb7p t\u00ecnh tr\u1ea1ng vi\u00eam n\u01b0\u1edbu.<\/li> <li>Ph\u1ee5 n\u1eef mang thai: Trong th\u1eddi k\u1ef3 mang thai n\u1ed9i ti\u1ebft t\u1ed1 thay \u0111\u1ed5i c\u0169ng khi\u1ebfn cho b\u1ea1n g\u1eb7p ph\u1ea3i t\u00ecnh tr\u1ea1ng n\u00e0y.<\/li> <li>V\u1ec7 sinh r\u0103ng mi\u1ec7ng kh\u00f4ng \u0111\u00fang c\u00e1ch ho\u1eb7c c\u00e1c th\u00f3i quen nh\u01b0 \u00edt u\u1ed1ng n\u01b0\u1edbc, \u0103n nhi\u1ec1u \u0111\u1ed3 ng\u1ecdt c\u0169ng l\u00e0 nguy\u00ean nh\u00e2n khi\u1ebfn b\u1ea1n b\u1ecb vi\u00eam n\u01b0\u1edbu r\u0103ng.<\/li> <\/ul> <div id=\"attachment_1775\" class=\"wp-caption aligncenter\"> <div id=\"attachment_874\" style=\"width: 650px\" class=\"wp-caption aligncenter\"><img fetchpriority=\"high\" decoding=\"async\" aria-describedby=\"caption-attachment-874\" class=\"wp-image-874 size-full\" src=\"https:\/\/premierdental.vn\/wp-content\/uploads\/2021\/05\/Resize640-Frame-Nha-chu-04.jpg\" alt=\"Nguy\u00ean nh\u00e2n g\u00e2y vi\u00eam n\u01b0\u1edbu\" width=\"640\" height=\"412\" srcset=\"https:\/\/premierdental.vn\/wp-content\/uploads\/2021\/05\/Resize640-Frame-Nha-chu-04.jpg 640w, https:\/\/premierdental.vn\/wp-content\/uploads\/2021\/05\/Resize640-Frame-Nha-chu-04-300x193.jpg 300w, https:\/\/premierdental.vn\/wp-content\/uploads\/2021\/05\/Resize640-Frame-Nha-chu-04-16x10.jpg 16w\" sizes=\"(max-width: 640px) 100vw, 640px\" \/><p id=\"caption-attachment-874\" class=\"wp-caption-text\">Vi\u00eam n\u01b0\u1edbu r\u0103ng \u2013 Nguy\u00ean nh\u00e2n do \u0111\u00e2u?<\/p><\/div> <\/div> <h3><span style=\"color: #003366;\"><strong>Khi n\u00e0o c\u1ea7n \u0111i\u1ec1u tr\u1ecb vi\u00eam n\u01b0\u1edbu?<\/strong><\/span><\/h3> <p>N\u01b0\u1edbu r\u0103ng \u0111\u00f3ng vai tr\u00f2 b\u1ea3o v\u1ec7 r\u0103ng kh\u1ecfi c\u00e1c vi khu\u1ea9n c\u00f3 h\u1ea1i v\u00e0 gi\u1eef cho ch\u00e2n r\u0103ng \u0111\u01b0\u1ee3c b\u00e1m ch\u1eafc ch\u1eafn. V\u00ec v\u1eady, n\u1ebfu nh\u01b0 b\u1ea1n \u0111\u1ec3 vi\u00eam n\u01b0\u1edbu th\u00ec s\u1ebd c\u00f3 \u1ea3nh h\u01b0\u1edfng tr\u1ef1c ti\u1ebfp \u0111\u1ebfn s\u1ee9c kh\u1ecfe r\u0103ng mi\u1ec7ng. \u0110\u00f3 l\u00e0 l\u00fd do khi xu\u1ea5t hi\u1ec7n c\u00e1c hi\u1ec7n t\u01b0\u1ee3ng c\u1ea3nh b\u00e1o b\u1ecb vi\u00eam nhi\u1ec5m th\u00ec n\u00ean \u0111i\u1ec1u tr\u1ecb vi\u00eam n\u01b0\u1edbu ngay l\u1eadp t\u1ee9c.<\/p> <ul> <li>C\u00f3 d\u1ea5u hi\u1ec7u s\u01b0ng \u0111\u1ecf m\u00e0 r\u00f5 r\u00e0ng l\u00e0 m\u00e0u h\u1ed3ng c\u1ee7a n\u01b0\u1edbu s\u1ebd chuy\u1ec3n sang m\u00e0u \u0111\u1eadm h\u01a1n.<\/li> <li>D\u1ec5 b\u1ecb ch\u1ea3y m\u00e1u ch\u00e2n r\u0103ng khi \u0111\u00e1nh r\u0103ng ho\u1eb7c c\u00f3 b\u1ea5t k\u1ef3 \u0111\u1ed9ng ch\u1ea1m n\u00e0o v\u00e0o c\u00f9ng n\u01b0\u1edbu.<\/li> <li>N\u01b0\u1edbu b\u1ecb b\u00f3c t\u00e1ch v\u00e0 l\u00e0m l\u1ed9 ch\u00e2n r\u0103ng, t\u1eeb \u0111\u00f3 r\u0103ng b\u1ecb lung lay v\u00e0 \u0111\u1ec3 l\u00e2u s\u1ebd b\u1ecb m\u1ea5t r\u0103ng.<\/li> <\/ul> <p>Vi\u1ec7c \u0111i\u1ec1u tr\u1ecb vi\u00eam n\u01b0\u1edbu l\u00e0 r\u1ea5t c\u1ea7n thi\u1ebft b\u1edfi n\u00f3 kh\u00f4ng ch\u1ec9 l\u00e0m m\u1ea5t r\u0103ng m\u00e0 \u0111\u00f3 c\u00f2n c\u00f3 th\u1ec3 l\u00e0 nh\u1eefng b\u1ec7nh l\u00fd nghi\u00eam tr\u1ecdng h\u01a1n nh\u01b0 nh\u1ed3i m\u00e1u c\u01a1 tim, ti\u1ec3u \u0111\u01b0\u1eddng&#8230; \u0110\u1eb7c bi\u1ec7t, n\u1ebfu b\u1ea1n l\u00e0 ph\u1ee5 n\u1eef mang thai th\u00ec nguy c\u01a1 bi\u1ebfn ch\u1ee9ng thai k\u1ef3.<\/p> <div id=\"attachment_1776\" class=\"wp-caption aligncenter\"> <div id=\"attachment_876\" style=\"width: 650px\" class=\"wp-caption aligncenter\"><img decoding=\"async\" aria-describedby=\"caption-attachment-876\" class=\"wp-image-876 size-full\" src=\"https:\/\/premierdental.vn\/wp-content\/uploads\/2021\/05\/Resize640-Frame-Nha-chu-01.jpg\" alt=\"Khi n\u00e0o c\u1ea7n \u0111i\u1ec1u tr\u1ecb vi\u00eam n\u01b0\u1edbu\" width=\"640\" height=\"426\" srcset=\"https:\/\/premierdental.vn\/wp-content\/uploads\/2021\/05\/Resize640-Frame-Nha-chu-01.jpg 640w, https:\/\/premierdental.vn\/wp-content\/uploads\/2021\/05\/Resize640-Frame-Nha-chu-01-300x200.jpg 300w, https:\/\/premierdental.vn\/wp-content\/uploads\/2021\/05\/Resize640-Frame-Nha-chu-01-16x12.jpg 16w\" sizes=\"(max-width: 640px) 100vw, 640px\" \/><p id=\"caption-attachment-876\" class=\"wp-caption-text\">Khi n\u00e0o c\u1ea7n \u0111i\u1ec1u tr\u1ecb vi\u00eam n\u01b0\u1edbu ngay v\u00e0 lu\u00f4n?<\/p><\/div> <\/div> <h3><span style=\"color: #003366;\"><strong>V\u00ec sao n\u00ean \u0111i\u1ec1u tr\u1ecb vi\u00eam n\u01b0\u1edbu b\u1eb1ng bi\u1ec7n ph\u00e1p nha khoa hi\u1ec7n \u0111\u1ea1i?<\/strong><\/span><\/h3> <p>Hi\u1ec7n nay, vi\u1ec7c \u0111i\u1ec1u tr\u1ecb vi\u00eam n\u01b0\u1edbu c\u00f3 nhi\u1ec1u ng\u01b0\u1eddi l\u1ef1a ch\u1ecdn c\u00e1c gi\u1ea3i ph\u00e1p t\u1ea1i nh\u00e0 nh\u01b0 s\u1eed d\u1ee5ng m\u1eadt ong ch\u00e0 x\u00e1t l\u00ean v\u00f9ng n\u01b0\u1edbu ho\u1eb7c s\u1eed d\u1ee5ng baking soda \u0111\u1ec3 \u0111\u00e1nh r\u0103ng. \u0110\u00e2y \u0111\u1ec1u l\u00e0 hai nguy\u00ean li\u1ec7u c\u00f3 t\u00e1c d\u1ee5ng kh\u00e1ng khu\u1ea9n v\u00e0 gi\u1ea3m c\u00e1c tri\u1ec7u ch\u1ee9ng vi\u00eam nhi\u1ec5m kh\u00e1 t\u1ed1t.<\/p> <p>N\u1ebfu b\u1ea1n ph\u00e1t hi\u1ec7n m\u00ecnh b\u1ecb vi\u00eam n\u01b0\u1edbu nh\u01b0ng ch\u01b0a c\u00f3 \u0111i\u1ec1u ki\u1ec7n \u0111\u1ec3 \u0111i th\u0103m kh\u00e1m th\u00ec c\u00f3 th\u1ec3 \u00e1p d\u1ee5ng t\u1ea1m th\u1eddi nh\u1eefng gi\u1ea3i ph\u00e1p \u0111i\u1ec1u tr\u1ecb vi\u00eam n\u01b0\u1edbu t\u1ea1i nh\u00e0. Nh\u01b0ng nh\u1eefng bi\u1ebfn ch\u1ee9ng n\u1ebfu kh\u00f4ng \u0111i\u1ec1u tr\u1ecb k\u1ecbp th\u1eddi l\u00e0 kh\u00f4ng th\u1ec3 ch\u1ee7 quan. V\u00ec v\u1eady, t\u1ed1i \u01b0u v\u1eabn n\u00ean \u00e1p d\u1ee5ng c\u00e1c ph\u01b0\u01a1ng ph\u00e1p \u0111i\u1ec1u tr\u1ecb t\u1ea1i nha khoa uy t\u00edn.<\/p> <p>M\u1ed9t trong nh\u1eefng gi\u1ea3i ph\u00e1p nha khoa hi\u1ec7n \u0111\u1ea1i \u0111\u1ec3 \u0111i\u1ec1u tr\u1ecb vi\u00eam n\u01b0\u1edbu \u0111\u00f3 ch\u00ednh l\u00e0 s\u1eed d\u1ee5ng c\u00f4ng ngh\u1ec7 l\u1ea5y cao r\u0103ng si\u00eau \u00e2m. B\u1edfi v\u00ec nguy\u00ean nh\u00e2n ch\u00ednh l\u00e0m nhi\u1ec1u ng\u01b0\u1eddi b\u1ecb vi\u00eam n\u01b0\u1edbu ch\u00ednh l\u00e0 do s\u1ef1 h\u00ecnh th\u00e0nh v\u00f4i r\u0103ng m\u00e0 kh\u00f4ng \u0111\u01b0\u1ee3c \u0111i\u1ec1u tr\u1ecb k\u1ecbp th\u1eddi.<\/p> <h3><span style=\"color: #003366;\"><strong>Quy tr\u00ecnh \u0111i\u1ec1u tr\u1ecb t\u1ea1i Nha Khoa Premier<\/strong><\/span><\/h3> <p>T\u1ea1i Nha Khoa Premier, \u0111i\u1ec1u tr\u1ecb vi\u00eam n\u01b0\u1edbu b\u1eb1ng ph\u01b0\u01a1ng ph\u00e1p l\u1ea5y v\u00f4i r\u0103ng b\u1eb1ng c\u00f4ng ngh\u1ec7 m\u00e1y si\u00eau \u00e2m \u0111\u01b0\u1ee3c th\u1ef1c hi\u1ec7n theo quy tr\u00ecnh nh\u01b0 sau:<\/p> <p><span style=\"color: #003366;\"><strong>B\u01b0\u1edbc 1:Th\u0103m kh\u00e1m v\u00e0 t\u01b0 v\u1ea5n<\/strong><\/span><\/p> <p>B\u1ec7nh nh\u00e2n \u0111\u01b0\u1ee3c ki\u1ec3m tra t\u00ecnh tr\u1ea1ng vi\u00eam n\u01b0\u1edbu c\u1ea9n th\u1eadn tr\u00ean mi\u1ec7ng v\u00e0 ch\u1ee5p X-quang n\u1ebfu c\u1ea7n thi\u1ebft \u0111\u1ec3 \u0111\u1ea3m b\u1ea3o b\u00e1c s\u0129 hi\u1ec3u \u0111\u00fang t\u00ecnh tr\u1ea1ng vi\u00eam n\u01b0\u1edbu c\u1ee7a b\u1ec7nh nh\u00e2n. B\u00e1c s\u0129 c\u0169ng t\u01b0 v\u1ea5n b\u1ec7nh nh\u00e2n hi\u1ec3u r\u00f5 ph\u01b0\u01a1ng ph\u00e1p \u0111i\u1ec1u tr\u1ecb.<\/p> <div id=\"attachment_1901\" class=\"wp-caption aligncenter\"> <div id=\"attachment_747\" style=\"width: 650px\" class=\"wp-caption aligncenter\"><img decoding=\"async\" aria-describedby=\"caption-attachment-747\" class=\"wp-image-747 size-full\" src=\"https:\/\/premierdental.vn\/wp-content\/uploads\/2021\/05\/Resize640_Logo_NHA-VIET-2020-352.jpg\" alt=\"Quy tr\u00ecnh \u0111i\u1ec1u tr\u1ecb vi\u00eam n\u01b0\u1edbu t\u1ea1i Premier Dental\" width=\"640\" height=\"426\" srcset=\"https:\/\/premierdental.vn\/wp-content\/uploads\/2021\/05\/Resize640_Logo_NHA-VIET-2020-352.jpg 640w, https:\/\/premierdental.vn\/wp-content\/uploads\/2021\/05\/Resize640_Logo_NHA-VIET-2020-352-300x200.jpg 300w, https:\/\/premierdental.vn\/wp-content\/uploads\/2021\/05\/Resize640_Logo_NHA-VIET-2020-352-16x12.jpg 16w\" sizes=\"(max-width: 640px) 100vw, 640px\" \/><p id=\"caption-attachment-747\" class=\"wp-caption-text\">B\u00e1c s\u0129 th\u0103m kh\u00e1m k\u1ef9 l\u01b0\u1ee1ng t\u1eebng m\u1eb7t r\u0103ng trong \u0111i\u1ec1u tr\u1ecb vi\u00eam n\u01b0\u1edbu<\/p><\/div> <p class=\"wp-caption-text\"><strong><span style=\"color: #003366;\">B\u01b0\u1edbc 2: L\u1ea5y cao r\u0103ng si\u00eau \u00e2m<\/span><\/strong><\/p> <\/div> <p>S\u1eed d\u1ee5ng c\u00f4ng ngh\u1ec7 si\u00eau \u00e2m hi\u1ec7n \u0111\u1ea1i, b\u00e1c s\u0129 s\u1ebd \u0111i\u1ec1u khi\u1ec3n l\u1ea5y cao r\u0103ng nhanh ch\u00f3ng v\u00e0 ch\u00ednh x\u00e1c.<\/p> <p><strong><span style=\"color: #003366;\">B\u01b0\u1edbc 3: \u0110\u00e1nh b\u00f3ng r\u0103ng<\/span><\/strong><\/p> <p>Sau khi l\u1ea5y v\u00f4i r\u0103ng \u0111\u1ec3 \u0111i\u1ec1u tr\u1ecb vi\u00eam n\u01b0\u1edbu, B\u00e1c s\u0129 s\u1ebd ti\u1ebfn h\u00e0nh \u0111\u00e1nh b\u00f3ng r\u0103ng gi\u00fap b\u1ea1n c\u00f3\u00a0 \u0111\u01b0\u1ee3c h\u00e0m r\u0103ng b\u00f3ng, tr\u1eafng v\u00e0 gi\u1ea3m t\u00ecnh tr\u1ea1ng m\u1ea3ng b\u00e1m v\u00f4i r\u0103ng sau n\u00e0y.<\/p> <p><span style=\"color: #003366;\"><strong>B\u01b0\u1edbc 4: Ho\u00e0n t\u1ea5t quy tr\u00ecnh<\/strong><\/span><\/p> <p>B\u00e1c s\u0129 c\u0169ng h\u01b0\u1edbng d\u1eabn m\u1ed9t s\u1ed1 l\u01b0u \u00fd cho b\u1ec7nh nh\u00e2n v\u1ec1 c\u00e1ch ch\u0103m s\u00f3c r\u0103ng mi\u1ec7ng \u0111\u00fang c\u00e1ch.<\/p> <h3><span style=\"color: #003366;\"><strong>M\u1ed9t s\u1ed1 l\u01b0u \u00fd sau khi \u0111i\u1ec1u tr\u1ecb<\/strong><\/span><\/h3> <p><strong><span style=\"color: #003366;\"><a href=\"https:\/\/premierdental.vn\/en\/5-cach-phong-ngua-viem-nha-chu-cuc-don-gian-ma-hieu-qua\/\">L\u01b0u \u00fd v\u1ec1 c\u00e1ch ch\u0103m s\u00f3c r\u0103ng mi\u1ec7ng<\/a>:<\/span><\/strong>\u00a0V\u1ec7 sinh r\u0103ng mi\u1ec7ng \u0111\u00fang c\u00e1ch sau khi \u0111i\u1ec1u tr\u1ecb vi\u00eam n\u01b0\u1edbu \u0111\u1ec3 lo\u1ea1i b\u1ecf m\u1ea3ng b\u00e1m hi\u1ec7u qu\u1ea3 \u0111\u1ec3 tr\u00e1nh nh\u1eefng nguy c\u01a1 b\u1ec7nh s\u00e2u r\u0103ng, vi\u00eam n\u01b0\u1edbu&#8230; nghi\u00eam tr\u1ecdng h\u01a1n s\u1ebd d\u1eabn \u0111\u1ebfn vi\u00eam Nha chu (*) v\u00e0 h\u00e0ng lo\u1ea1t b\u1ec7nh l\u00fd nguy hi\u1ec3m kh\u00e1c cho c\u01a1 th\u1ec3 v\u00ec vi khu\u1ea9n \u1edf \u0111\u00f3 c\u00f3 th\u1ec3 x\u00e2m nh\u1eadp tr\u1ef1c ti\u1ebfp v\u00e0o m\u00e1u.<\/p> <p><em><a href=\"https:\/\/vi.wikipedia.org\/wiki\/Vi%C3%AAm_quanh_r%C4%83ng\">(*) Vi\u00eam nha chu<\/a> s\u1ebd g\u00e2y ti\u00eau x\u01b0\u01a1ng v\u00e0 c\u1ea5u tr\u00fac n\u00e2ng \u0111\u1ee1 xung quanh r\u0103ng, l\u00e0m cho r\u0103ng b\u1ecb lung lay v\u00e0 d\u1eabn \u0111\u1ebfn r\u1ee5ng r\u0103ng. Vi\u00eam nha chu \u0111\u00f2i h\u1ecfi vi\u1ec7c m\u1ea5t nhi\u1ec1u th\u1eddi gian v\u00e0 chi ph\u00ed \u0111i\u1ec1u tr\u1ecb.<\/em><\/p> <p><strong><span style=\"color: #003366;\">L\u01b0u \u00fd v\u1ec1 c\u00e1ch \u0103n u\u1ed1ng:<\/span><\/strong> N\u00ean b\u1ed5 sung \u0111\u1ea7y \u0111\u1ee7 v\u00e0 c\u00e2n b\u1eb1ng c\u00e1c th\u1ee9c \u0103n t\u1ed1t cho s\u1ee9c kh\u1ecfe. \u0110\u1eb7c bi\u1ec7t l\u00e0 n\u00ean b\u1ed5 sung vitamin C trong c\u00e1c lo\u1ea1i tr\u00e1i c\u00e2y nh\u01b0 cam, t\u00e1o, nho, kiwi\u2026 \u0111\u1ec3 t\u0103ng c\u01b0\u1eddng h\u1ec7 mi\u1ec5n d\u1ecbch nh\u00e9.<\/p> <p><span style=\"color: #003366;\"><strong>L\u01b0u \u00fd v\u1ec1 c\u00e1ch th\u0103m kh\u00e1m \u0111\u1ecbnh k\u1ef3 nha khoa:\u00a0<\/strong><\/span>N\u00ean duy tr\u00ec th\u00f3i quen ki\u1ec3m tra v\u00e0 l\u1ea5y v\u00f4i r\u0103ng \u0111\u1ecbnh k\u1ef3 6 th\u00e1ng m\u1ed9t l\u1ea7n gi\u00fap r\u0103ng mi\u1ec7ng \u0111\u01b0\u1ee3c ch\u0103m s\u00f3c t\u1ed1t.<\/p> <p><span style=\"color: #003366;\"><strong>\u0110i\u1ec1u tr\u1ecb vi\u00eam n\u01b0\u1edbu kh\u00f4ng qu\u00e1 ph\u1ee9c t\u1ea1p, \u0111i\u1ec1u quan tr\u1ecdng \u0111\u00f3 l\u00e0 b\u1ea1n c\u1ea7n \u0111i\u1ec1u tr\u1ecb hi\u1ec7u qu\u1ea3 v\u00e0 k\u1ecbp th\u1eddi \u0111\u1ec3 tr\u00e1nh nguy c\u01a1 vi\u00eam nha chu d\u1eabn \u0111\u1ebfn hi\u1ec7n t\u01b0\u1ee3ng r\u1ee5ng r\u0103ng \u0111\u00e1ng ti\u1ebfc.<\/strong><\/span><\/p>","protected":false},"excerpt":{"rendered":"<p>C\u00c1CH \u0110I\u1ec0U TR\u1eca VI\u00caM N\u01af\u1edaU R\u0102NG Vi\u00eam n\u01b0\u1edbu r\u0103ng l\u00e0 m\u1ed9t trong nh\u1eefng b\u1ec7nh l\u00fd kh\u00e1 ph\u1ed5 bi\u1ebfn \u1edf nhi\u1ec1u ng\u01b0\u1eddi, tri\u1ec7u ch\u1ee9ng d\u1ec5 nh\u1eadn th\u1ea5y c\u1ee7a b\u1ec7nh \u0111\u00f3 l\u00e0 n\u01b0\u1edbu s\u01b0ng \u0111\u1ecf, \u0111au nh\u1ee9c. \u0110i\u1ec1u tr\u1ecb vi\u00eam n\u01b0\u1edbu n\u1ebfu kh\u00f4ng ti\u1ebfn h\u00e0nh k\u1ecbp th\u1eddi v\u00e0 hi\u1ec7u qu\u1ea3 th\u00ec nguy c\u01a1 r\u0103ng b\u1ecb lung lay, [&hellip;]<\/p>","protected":false},"author":1,"featured_media":876,"parent":182,"menu_order":0,"comment_status":"closed","ping_status":"closed","template":"","meta":{"footnotes":""},"class_list":["post-286","page","type-page","status-publish","has-post-thumbnail","hentry"],"acf":[],"yoast_head":"<!-- This site is optimized with the Yoast SEO plugin v26.9 - https:\/\/yoast.com\/product\/yoast-seo-wordpress\/ -->\n<title>C\u00e1ch \u0111i\u1ec1u tr\u1ecb vi\u00eam n\u01b0\u1edbu r\u0103ng an to\u00e0n v\u00e0 hi\u1ec7u qu\u1ea3, Premier Dental Q1...<\/title>\n<meta name=\"description\" content=\"Vi\u00eam n\u01b0\u1edbu r\u0103ng l\u00e0 m\u1ed9t trong nh\u1eefng b\u1ec7nh l\u00fd kh\u00e1 ph\u1ed5 bi\u1ebfn \u1edf nhi\u1ec1u ng\u01b0\u1eddi. Bs Albert Vi\u1ec7t L\u00ea l\u00e0 chuy\u00ean gia h\u00e0ng \u0111\u1ea7u v\u1ec1 \u0111i\u1ec1u tr\u1ecb vi\u00eam n\u01b0\u1edbu v\u1edbi...\" \/>\n<meta name=\"robots\" content=\"index, follow, max-snippet:-1, max-image-preview:large, max-video-preview:-1\" \/>\n<link rel=\"canonical\" href=\"https:\/\/premierdental.vn\/en\/dich-vu-nha-khoa-toan-dien-tai-premier-dental\/tri-viem-nha-chu-hieu-qua\/viem-nuou-rang-la-gi-va-cach-dieu-tri\/\" \/>\n<meta property=\"og:locale\" content=\"en_US\" \/>\n<meta property=\"og:type\" content=\"article\" \/>\n<meta property=\"og:title\" content=\"C\u00e1ch \u0111i\u1ec1u tr\u1ecb vi\u00eam n\u01b0\u1edbu r\u0103ng an to\u00e0n v\u00e0 hi\u1ec7u qu\u1ea3, Premier Dental Q1...\" \/>\n<meta property=\"og:description\" content=\"Vi\u00eam n\u01b0\u1edbu r\u0103ng l\u00e0 m\u1ed9t trong nh\u1eefng b\u1ec7nh l\u00fd kh\u00e1 ph\u1ed5 bi\u1ebfn \u1edf nhi\u1ec1u ng\u01b0\u1eddi. Bs Albert Vi\u1ec7t L\u00ea l\u00e0 chuy\u00ean gia h\u00e0ng \u0111\u1ea7u v\u1ec1 \u0111i\u1ec1u tr\u1ecb vi\u00eam n\u01b0\u1edbu v\u1edbi...\" \/>\n<meta property=\"og:url\" content=\"https:\/\/premierdental.vn\/en\/dich-vu-nha-khoa-toan-dien-tai-premier-dental\/tri-viem-nha-chu-hieu-qua\/viem-nuou-rang-la-gi-va-cach-dieu-tri\/\" \/>\n<meta property=\"og:site_name\" content=\"Premier Dental\" \/>\n<meta property=\"article:modified_time\" content=\"2025-05-20T10:00:55+00:00\" \/>\n<meta property=\"og:image\" content=\"https:\/\/premierdental.vn\/wp-content\/uploads\/2021\/05\/Resize640-Frame-Nha-chu-01.jpg\" \/>\n\t<meta property=\"og:image:width\" content=\"640\" \/>\n\t<meta property=\"og:image:height\" content=\"426\" \/>\n\t<meta property=\"og:image:type\" content=\"image\/jpeg\" \/>\n<meta name=\"twitter:card\" content=\"summary_large_image\" \/>\n<meta name=\"twitter:label1\" content=\"Est. reading time\" \/>\n\t<meta name=\"twitter:data1\" content=\"8 minutes\" \/>\n<script type=\"application\/ld+json\" class=\"yoast-schema-graph\">{\"@context\":\"https:\/\/schema.org\",\"@graph\":[{\"@type\":\"WebPage\",\"@id\":\"https:\/\/premierdental.vn\/dich-vu-nha-khoa-toan-dien-tai-premier-dental\/tri-viem-nha-chu-hieu-qua\/viem-nuou-rang-la-gi-va-cach-dieu-tri\/\",\"url\":\"https:\/\/premierdental.vn\/dich-vu-nha-khoa-toan-dien-tai-premier-dental\/tri-viem-nha-chu-hieu-qua\/viem-nuou-rang-la-gi-va-cach-dieu-tri\/\",\"name\":\"C\u00e1ch \u0111i\u1ec1u tr\u1ecb vi\u00eam n\u01b0\u1edbu r\u0103ng an to\u00e0n v\u00e0 hi\u1ec7u qu\u1ea3, Premier Dental Q1...\",\"isPartOf\":{\"@id\":\"https:\/\/premierdental.vn\/#website\"},\"primaryImageOfPage\":{\"@id\":\"https:\/\/premierdental.vn\/dich-vu-nha-khoa-toan-dien-tai-premier-dental\/tri-viem-nha-chu-hieu-qua\/viem-nuou-rang-la-gi-va-cach-dieu-tri\/#primaryimage\"},\"image\":{\"@id\":\"https:\/\/premierdental.vn\/dich-vu-nha-khoa-toan-dien-tai-premier-dental\/tri-viem-nha-chu-hieu-qua\/viem-nuou-rang-la-gi-va-cach-dieu-tri\/#primaryimage\"},\"thumbnailUrl\":\"https:\/\/premierdental.vn\/wp-content\/uploads\/2021\/05\/Resize640-Frame-Nha-chu-01.jpg\",\"datePublished\":\"2020-10-26T02:52:45+00:00\",\"dateModified\":\"2025-05-20T10:00:55+00:00\",\"description\":\"Vi\u00eam n\u01b0\u1edbu r\u0103ng l\u00e0 m\u1ed9t trong nh\u1eefng b\u1ec7nh l\u00fd kh\u00e1 ph\u1ed5 bi\u1ebfn \u1edf nhi\u1ec1u ng\u01b0\u1eddi. Bs Albert Vi\u1ec7t L\u00ea l\u00e0 chuy\u00ean gia h\u00e0ng \u0111\u1ea7u v\u1ec1 \u0111i\u1ec1u tr\u1ecb vi\u00eam n\u01b0\u1edbu v\u1edbi...\",\"breadcrumb\":{\"@id\":\"https:\/\/premierdental.vn\/dich-vu-nha-khoa-toan-dien-tai-premier-dental\/tri-viem-nha-chu-hieu-qua\/viem-nuou-rang-la-gi-va-cach-dieu-tri\/#breadcrumb\"},\"inLanguage\":\"en-US\",\"potentialAction\":[{\"@type\":\"ReadAction\",\"target\":[\"https:\/\/premierdental.vn\/dich-vu-nha-khoa-toan-dien-tai-premier-dental\/tri-viem-nha-chu-hieu-qua\/viem-nuou-rang-la-gi-va-cach-dieu-tri\/\"]}]},{\"@type\":\"ImageObject\",\"inLanguage\":\"en-US\",\"@id\":\"https:\/\/premierdental.vn\/dich-vu-nha-khoa-toan-dien-tai-premier-dental\/tri-viem-nha-chu-hieu-qua\/viem-nuou-rang-la-gi-va-cach-dieu-tri\/#primaryimage\",\"url\":\"https:\/\/premierdental.vn\/wp-content\/uploads\/2021\/05\/Resize640-Frame-Nha-chu-01.jpg\",\"contentUrl\":\"https:\/\/premierdental.vn\/wp-content\/uploads\/2021\/05\/Resize640-Frame-Nha-chu-01.jpg\",\"width\":640,\"height\":426,\"caption\":\"Khi n\u00e0o c\u1ea7n \u0111i\u1ec1u tr\u1ecb vi\u00eam n\u01b0\u1edbu ngay v\u00e0 lu\u00f4n? Khi n\u00e0o c\u1ea7n \u0111i\u1ec1u tr\u1ecb vi\u00eam n\u01b0\u1edbu?\"},{\"@type\":\"BreadcrumbList\",\"@id\":\"https:\/\/premierdental.vn\/dich-vu-nha-khoa-toan-dien-tai-premier-dental\/tri-viem-nha-chu-hieu-qua\/viem-nuou-rang-la-gi-va-cach-dieu-tri\/#breadcrumb\",\"itemListElement\":[{\"@type\":\"ListItem\",\"position\":1,\"name\":\"D\u1ecbch V\u1ee5\",\"item\":\"https:\/\/premierdental.vn\/dich-vu-nha-khoa-toan-dien-tai-premier-dental\/\"},{\"@type\":\"ListItem\",\"position\":2,\"name\":\"NHA CHU\",\"item\":\"https:\/\/premierdental.vn\/dich-vu-nha-khoa-toan-dien-tai-premier-dental\/tri-viem-nha-chu-hieu-qua\/\"},{\"@type\":\"ListItem\",\"position\":3,\"name\":\"\u0110i\u1ec1u Tr\u1ecb Vi\u00eam N\u01b0\u1edbu\"}]},{\"@type\":\"WebSite\",\"@id\":\"https:\/\/premierdental.vn\/#website\",\"url\":\"https:\/\/premierdental.vn\/\",\"name\":\"Premier Dental\",\"description\":\"Premier Dental\",\"potentialAction\":[{\"@type\":\"SearchAction\",\"target\":{\"@type\":\"EntryPoint\",\"urlTemplate\":\"https:\/\/premierdental.vn\/?s={search_term_string}\"},\"query-input\":{\"@type\":\"PropertyValueSpecification\",\"valueRequired\":true,\"valueName\":\"search_term_string\"}}],\"inLanguage\":\"en-US\"}]}<\/script>\n<!-- \/ Yoast SEO plugin. -->","yoast_head_json":{"title":"C\u00e1ch \u0111i\u1ec1u tr\u1ecb vi\u00eam n\u01b0\u1edbu r\u0103ng an to\u00e0n v\u00e0 hi\u1ec7u qu\u1ea3, Premier Dental Q1...","description":"Vi\u00eam n\u01b0\u1edbu r\u0103ng l\u00e0 m\u1ed9t trong nh\u1eefng b\u1ec7nh l\u00fd kh\u00e1 ph\u1ed5 bi\u1ebfn \u1edf nhi\u1ec1u ng\u01b0\u1eddi. Bs Albert Vi\u1ec7t L\u00ea l\u00e0 chuy\u00ean gia h\u00e0ng \u0111\u1ea7u v\u1ec1 \u0111i\u1ec1u tr\u1ecb vi\u00eam n\u01b0\u1edbu v\u1edbi...","robots":{"index":"index","follow":"follow","max-snippet":"max-snippet:-1","max-image-preview":"max-image-preview:large","max-video-preview":"max-video-preview:-1"},"canonical":"https:\/\/premierdental.vn\/en\/dich-vu-nha-khoa-toan-dien-tai-premier-dental\/tri-viem-nha-chu-hieu-qua\/viem-nuou-rang-la-gi-va-cach-dieu-tri\/","og_locale":"en_US","og_type":"article","og_title":"C\u00e1ch \u0111i\u1ec1u tr\u1ecb vi\u00eam n\u01b0\u1edbu r\u0103ng an to\u00e0n v\u00e0 hi\u1ec7u qu\u1ea3, Premier Dental Q1...","og_description":"Vi\u00eam n\u01b0\u1edbu r\u0103ng l\u00e0 m\u1ed9t trong nh\u1eefng b\u1ec7nh l\u00fd kh\u00e1 ph\u1ed5 bi\u1ebfn \u1edf nhi\u1ec1u ng\u01b0\u1eddi. Bs Albert Vi\u1ec7t L\u00ea l\u00e0 chuy\u00ean gia h\u00e0ng \u0111\u1ea7u v\u1ec1 \u0111i\u1ec1u tr\u1ecb vi\u00eam n\u01b0\u1edbu v\u1edbi...","og_url":"https:\/\/premierdental.vn\/en\/dich-vu-nha-khoa-toan-dien-tai-premier-dental\/tri-viem-nha-chu-hieu-qua\/viem-nuou-rang-la-gi-va-cach-dieu-tri\/","og_site_name":"Premier Dental","article_modified_time":"2025-05-20T10:00:55+00:00","og_image":[{"width":640,"height":426,"url":"https:\/\/premierdental.vn\/wp-content\/uploads\/2021\/05\/Resize640-Frame-Nha-chu-01.jpg","type":"image\/jpeg"}],"twitter_card":"summary_large_image","twitter_misc":{"Est. reading time":"8 minutes"},"schema":{"@context":"https:\/\/schema.org","@graph":[{"@type":"WebPage","@id":"https:\/\/premierdental.vn\/dich-vu-nha-khoa-toan-dien-tai-premier-dental\/tri-viem-nha-chu-hieu-qua\/viem-nuou-rang-la-gi-va-cach-dieu-tri\/","url":"https:\/\/premierdental.vn\/dich-vu-nha-khoa-toan-dien-tai-premier-dental\/tri-viem-nha-chu-hieu-qua\/viem-nuou-rang-la-gi-va-cach-dieu-tri\/","name":"C\u00e1ch \u0111i\u1ec1u tr\u1ecb vi\u00eam n\u01b0\u1edbu r\u0103ng an to\u00e0n v\u00e0 hi\u1ec7u qu\u1ea3, Premier Dental Q1...","isPartOf":{"@id":"https:\/\/premierdental.vn\/#website"},"primaryImageOfPage":{"@id":"https:\/\/premierdental.vn\/dich-vu-nha-khoa-toan-dien-tai-premier-dental\/tri-viem-nha-chu-hieu-qua\/viem-nuou-rang-la-gi-va-cach-dieu-tri\/#primaryimage"},"image":{"@id":"https:\/\/premierdental.vn\/dich-vu-nha-khoa-toan-dien-tai-premier-dental\/tri-viem-nha-chu-hieu-qua\/viem-nuou-rang-la-gi-va-cach-dieu-tri\/#primaryimage"},"thumbnailUrl":"https:\/\/premierdental.vn\/wp-content\/uploads\/2021\/05\/Resize640-Frame-Nha-chu-01.jpg","datePublished":"2020-10-26T02:52:45+00:00","dateModified":"2025-05-20T10:00:55+00:00","description":"Vi\u00eam n\u01b0\u1edbu r\u0103ng l\u00e0 m\u1ed9t trong nh\u1eefng b\u1ec7nh l\u00fd kh\u00e1 ph\u1ed5 bi\u1ebfn \u1edf nhi\u1ec1u ng\u01b0\u1eddi. Bs Albert Vi\u1ec7t L\u00ea l\u00e0 chuy\u00ean gia h\u00e0ng \u0111\u1ea7u v\u1ec1 \u0111i\u1ec1u tr\u1ecb vi\u00eam n\u01b0\u1edbu v\u1edbi...","breadcrumb":{"@id":"https:\/\/premierdental.vn\/dich-vu-nha-khoa-toan-dien-tai-premier-dental\/tri-viem-nha-chu-hieu-qua\/viem-nuou-rang-la-gi-va-cach-dieu-tri\/#breadcrumb"},"inLanguage":"en-US","potentialAction":[{"@type":"ReadAction","target":["https:\/\/premierdental.vn\/dich-vu-nha-khoa-toan-dien-tai-premier-dental\/tri-viem-nha-chu-hieu-qua\/viem-nuou-rang-la-gi-va-cach-dieu-tri\/"]}]},{"@type":"ImageObject","inLanguage":"en-US","@id":"https:\/\/premierdental.vn\/dich-vu-nha-khoa-toan-dien-tai-premier-dental\/tri-viem-nha-chu-hieu-qua\/viem-nuou-rang-la-gi-va-cach-dieu-tri\/#primaryimage","url":"https:\/\/premierdental.vn\/wp-content\/uploads\/2021\/05\/Resize640-Frame-Nha-chu-01.jpg","contentUrl":"https:\/\/premierdental.vn\/wp-content\/uploads\/2021\/05\/Resize640-Frame-Nha-chu-01.jpg","width":640,"height":426,"caption":"Khi n\u00e0o c\u1ea7n \u0111i\u1ec1u tr\u1ecb vi\u00eam n\u01b0\u1edbu ngay v\u00e0 lu\u00f4n? Khi n\u00e0o c\u1ea7n \u0111i\u1ec1u tr\u1ecb vi\u00eam n\u01b0\u1edbu?"},{"@type":"BreadcrumbList","@id":"https:\/\/premierdental.vn\/dich-vu-nha-khoa-toan-dien-tai-premier-dental\/tri-viem-nha-chu-hieu-qua\/viem-nuou-rang-la-gi-va-cach-dieu-tri\/#breadcrumb","itemListElement":[{"@type":"ListItem","position":1,"name":"D\u1ecbch V\u1ee5","item":"https:\/\/premierdental.vn\/dich-vu-nha-khoa-toan-dien-tai-premier-dental\/"},{"@type":"ListItem","position":2,"name":"NHA CHU","item":"https:\/\/premierdental.vn\/dich-vu-nha-khoa-toan-dien-tai-premier-dental\/tri-viem-nha-chu-hieu-qua\/"},{"@type":"ListItem","position":3,"name":"\u0110i\u1ec1u Tr\u1ecb Vi\u00eam N\u01b0\u1edbu"}]},{"@type":"WebSite","@id":"https:\/\/premierdental.vn\/#website","url":"https:\/\/premierdental.vn\/","name":"Premier Dental","description":"Premier Dental","potentialAction":[{"@type":"SearchAction","target":{"@type":"EntryPoint","urlTemplate":"https:\/\/premierdental.vn\/?s={search_term_string}"},"query-input":{"@type":"PropertyValueSpecification","valueRequired":true,"valueName":"search_term_string"}}],"inLanguage":"en-US"}]}},"_links":{"self":[{"href":"https:\/\/premierdental.vn\/en\/wp-json\/wp\/v2\/pages\/286","targetHints":{"allow":["GET"]}}],"collection":[{"href":"https:\/\/premierdental.vn\/en\/wp-json\/wp\/v2\/pages"}],"about":[{"href":"https:\/\/premierdental.vn\/en\/wp-json\/wp\/v2\/types\/page"}],"author":[{"embeddable":true,"href":"https:\/\/premierdental.vn\/en\/wp-json\/wp\/v2\/users\/1"}],"replies":[{"embeddable":true,"href":"https:\/\/premierdental.vn\/en\/wp-json\/wp\/v2\/comments?post=286"}],"version-history":[{"count":19,"href":"https:\/\/premierdental.vn\/en\/wp-json\/wp\/v2\/pages\/286\/revisions"}],"predecessor-version":[{"id":8383,"href":"https:\/\/premierdental.vn\/en\/wp-json\/wp\/v2\/pages\/286\/revisions\/8383"}],"up":[{"embeddable":true,"href":"https:\/\/premierdental.vn\/en\/wp-json\/wp\/v2\/pages\/182"}],"wp:featuredmedia":[{"embeddable":true,"href":"https:\/\/premierdental.vn\/en\/wp-json\/wp\/v2\/media\/876"}],"wp:attachment":[{"href":"https:\/\/premierdental.vn\/en\/wp-json\/wp\/v2\/media?parent=286"}],"curies":[{"name":"wp","href":"https:\/\/api.w.org\/{rel}","templated":true}]}}