{"id":2029,"date":"2021-08-12T09:24:32","date_gmt":"2021-08-12T09:24:32","guid":{"rendered":"https:\/\/premierdental.vn\/?page_id=2029"},"modified":"2023-06-05T08:30:55","modified_gmt":"2023-06-05T08:30:55","slug":"flour-ngua-sau-rang-an-toan-hieu-qua","status":"publish","type":"page","link":"https:\/\/premierdental.vn\/en\/dich-vu-nha-khoa-toan-dien-tai-premier-dental\/nha-khoa-tre-em-co-so-uy-tin\/flour-ngua-sau-rang-an-toan-hieu-qua\/","title":{"rendered":"Fluoride Therapy For Decay Prevention"},"content":{"rendered":"","protected":false},"excerpt":{"rendered":"","protected":false},"author":1,"featured_media":1537,"parent":2022,"menu_order":0,"comment_status":"closed","ping_status":"closed","template":"","meta":{"footnotes":""},"class_list":["post-2029","page","type-page","status-publish","has-post-thumbnail","hentry"],"acf":[],"yoast_head":"<!-- This site is optimized with the Yoast SEO plugin v26.9 - https:\/\/yoast.com\/product\/yoast-seo-wordpress\/ -->\n<title>Flour ng\u01b0\u0300a s\u00e2u r\u0103ng - a\u0301o gia\u0301p tr\u0103\u0301ng ba\u0309o v\u00ea\u0323 nh\u01b0\u0303ng chi\u00ea\u0301c r\u0103ng th\u00e2n y\u00eau<\/title>\n<meta name=\"description\" content=\"Chu\u0309 \u0111\u00f4\u0323ng ba\u0309o v\u00ea\u0323 nh\u01b0\u0303ng r\u0103ng cu\u0309a tre\u0309 m\u00f4\u0323t ca\u0301ch an toa\u0300n va\u0300 hi\u00ea\u0323u qua\u0309 nh\u00e2\u0301t v\u01a1\u0301i flour ng\u01b0\u0300a s\u00e2u r\u0103ng ta\u0323i Premier Dental.\" \/>\n<meta name=\"robots\" content=\"index, follow, max-snippet:-1, max-image-preview:large, max-video-preview:-1\" \/>\n<link rel=\"canonical\" href=\"https:\/\/premierdental.vn\/en\/dich-vu-nha-khoa-toan-dien-tai-premier-dental\/nha-khoa-tre-em-co-so-uy-tin\/flour-ngua-sau-rang-an-toan-hieu-qua\/\" \/>\n<meta property=\"og:locale\" content=\"en_US\" \/>\n<meta property=\"og:type\" content=\"article\" \/>\n<meta property=\"og:title\" content=\"Flour ng\u01b0\u0300a s\u00e2u r\u0103ng - a\u0301o gia\u0301p tr\u0103\u0301ng ba\u0309o v\u00ea\u0323 nh\u01b0\u0303ng chi\u00ea\u0301c r\u0103ng th\u00e2n y\u00eau\" \/>\n<meta property=\"og:description\" content=\"Chu\u0309 \u0111\u00f4\u0323ng ba\u0309o v\u00ea\u0323 nh\u01b0\u0303ng r\u0103ng cu\u0309a tre\u0309 m\u00f4\u0323t ca\u0301ch an toa\u0300n va\u0300 hi\u00ea\u0323u qua\u0309 nh\u00e2\u0301t v\u01a1\u0301i flour ng\u01b0\u0300a s\u00e2u r\u0103ng ta\u0323i Premier Dental.\" \/>\n<meta property=\"og:url\" content=\"https:\/\/premierdental.vn\/en\/dich-vu-nha-khoa-toan-dien-tai-premier-dental\/nha-khoa-tre-em-co-so-uy-tin\/flour-ngua-sau-rang-an-toan-hieu-qua\/\" \/>\n<meta property=\"og:site_name\" content=\"Premier Dental\" \/>\n<meta property=\"article:modified_time\" content=\"2023-06-05T08:30:55+00:00\" \/>\n<meta property=\"og:image\" content=\"https:\/\/premierdental.vn\/wp-content\/uploads\/2021\/06\/tre-luoi-danh-rang.jpg\" \/>\n\t<meta property=\"og:image:width\" content=\"640\" \/>\n\t<meta property=\"og:image:height\" content=\"511\" \/>\n\t<meta property=\"og:image:type\" content=\"image\/jpeg\" \/>\n<meta name=\"twitter:card\" content=\"summary_large_image\" \/>\n<script type=\"application\/ld+json\" class=\"yoast-schema-graph\">{\"@context\":\"https:\/\/schema.org\",\"@graph\":[{\"@type\":\"WebPage\",\"@id\":\"https:\/\/premierdental.vn\/dich-vu-nha-khoa-toan-dien-tai-premier-dental\/nha-khoa-tre-em-co-so-uy-tin\/flour-ngua-sau-rang-an-toan-hieu-qua\/\",\"url\":\"https:\/\/premierdental.vn\/dich-vu-nha-khoa-toan-dien-tai-premier-dental\/nha-khoa-tre-em-co-so-uy-tin\/flour-ngua-sau-rang-an-toan-hieu-qua\/\",\"name\":\"Flour ng\u01b0\u0300a s\u00e2u r\u0103ng - a\u0301o gia\u0301p tr\u0103\u0301ng ba\u0309o v\u00ea\u0323 nh\u01b0\u0303ng chi\u00ea\u0301c r\u0103ng th\u00e2n y\u00eau\",\"isPartOf\":{\"@id\":\"https:\/\/premierdental.vn\/#website\"},\"primaryImageOfPage\":{\"@id\":\"https:\/\/premierdental.vn\/dich-vu-nha-khoa-toan-dien-tai-premier-dental\/nha-khoa-tre-em-co-so-uy-tin\/flour-ngua-sau-rang-an-toan-hieu-qua\/#primaryimage\"},\"image\":{\"@id\":\"https:\/\/premierdental.vn\/dich-vu-nha-khoa-toan-dien-tai-premier-dental\/nha-khoa-tre-em-co-so-uy-tin\/flour-ngua-sau-rang-an-toan-hieu-qua\/#primaryimage\"},\"thumbnailUrl\":\"https:\/\/premierdental.vn\/wp-content\/uploads\/2021\/06\/tre-luoi-danh-rang.jpg\",\"datePublished\":\"2021-08-12T09:24:32+00:00\",\"dateModified\":\"2023-06-05T08:30:55+00:00\",\"description\":\"Chu\u0309 \u0111\u00f4\u0323ng ba\u0309o v\u00ea\u0323 nh\u01b0\u0303ng r\u0103ng cu\u0309a tre\u0309 m\u00f4\u0323t ca\u0301ch an toa\u0300n va\u0300 hi\u00ea\u0323u qua\u0309 nh\u00e2\u0301t v\u01a1\u0301i flour ng\u01b0\u0300a s\u00e2u r\u0103ng ta\u0323i Premier Dental.\",\"breadcrumb\":{\"@id\":\"https:\/\/premierdental.vn\/dich-vu-nha-khoa-toan-dien-tai-premier-dental\/nha-khoa-tre-em-co-so-uy-tin\/flour-ngua-sau-rang-an-toan-hieu-qua\/#breadcrumb\"},\"inLanguage\":\"en-US\",\"potentialAction\":[{\"@type\":\"ReadAction\",\"target\":[\"https:\/\/premierdental.vn\/dich-vu-nha-khoa-toan-dien-tai-premier-dental\/nha-khoa-tre-em-co-so-uy-tin\/flour-ngua-sau-rang-an-toan-hieu-qua\/\"]}]},{\"@type\":\"ImageObject\",\"inLanguage\":\"en-US\",\"@id\":\"https:\/\/premierdental.vn\/dich-vu-nha-khoa-toan-dien-tai-premier-dental\/nha-khoa-tre-em-co-so-uy-tin\/flour-ngua-sau-rang-an-toan-hieu-qua\/#primaryimage\",\"url\":\"https:\/\/premierdental.vn\/wp-content\/uploads\/2021\/06\/tre-luoi-danh-rang.jpg\",\"contentUrl\":\"https:\/\/premierdental.vn\/wp-content\/uploads\/2021\/06\/tre-luoi-danh-rang.jpg\",\"width\":640,\"height\":511,\"caption\":\"Vi\u1ec7c l\u01b0\u1eddi v\u1ec7 sinh r\u0103ng mi\u1ec7ng ho\u1eb7c v\u1ec7 sinh kh\u00f4ng \u0111\u00fang c\u00e1ch l\u00e0m cho m\u1ea3ng b\u00e1m l\u01b0u l\u1ea1i l\u00e2u h\u01a1n tr\u00ean r\u0103ng v\u00e0 t\u1ea1o \u0111i\u1ec1u ki\u1ec7n \u0111\u1ec3 vi khu\u1ea9n t\u1ea5n c\u00f4ng\"},{\"@type\":\"BreadcrumbList\",\"@id\":\"https:\/\/premierdental.vn\/dich-vu-nha-khoa-toan-dien-tai-premier-dental\/nha-khoa-tre-em-co-so-uy-tin\/flour-ngua-sau-rang-an-toan-hieu-qua\/#breadcrumb\",\"itemListElement\":[{\"@type\":\"ListItem\",\"position\":1,\"name\":\"D\u1ecbch V\u1ee5\",\"item\":\"https:\/\/premierdental.vn\/dich-vu-nha-khoa-toan-dien-tai-premier-dental\/\"},{\"@type\":\"ListItem\",\"position\":2,\"name\":\"NHA KHOA TR\u1eba EM\",\"item\":\"https:\/\/premierdental.vn\/dich-vu-nha-khoa-toan-dien-tai-premier-dental\/nha-khoa-tre-em-co-so-uy-tin\/\"},{\"@type\":\"ListItem\",\"position\":3,\"name\":\"Fluor ph\u00f2ng ng\u1eeba\"}]},{\"@type\":\"WebSite\",\"@id\":\"https:\/\/premierdental.vn\/#website\",\"url\":\"https:\/\/premierdental.vn\/\",\"name\":\"Premier Dental\",\"description\":\"Premier Dental\",\"potentialAction\":[{\"@type\":\"SearchAction\",\"target\":{\"@type\":\"EntryPoint\",\"urlTemplate\":\"https:\/\/premierdental.vn\/?s={search_term_string}\"},\"query-input\":{\"@type\":\"PropertyValueSpecification\",\"valueRequired\":true,\"valueName\":\"search_term_string\"}}],\"inLanguage\":\"en-US\"}]}<\/script>\n<!-- \/ Yoast SEO plugin. -->","yoast_head_json":{"title":"Flour ng\u01b0\u0300a s\u00e2u r\u0103ng - a\u0301o gia\u0301p tr\u0103\u0301ng ba\u0309o v\u00ea\u0323 nh\u01b0\u0303ng chi\u00ea\u0301c r\u0103ng th\u00e2n y\u00eau","description":"Chu\u0309 \u0111\u00f4\u0323ng ba\u0309o v\u00ea\u0323 nh\u01b0\u0303ng r\u0103ng cu\u0309a tre\u0309 m\u00f4\u0323t ca\u0301ch an toa\u0300n va\u0300 hi\u00ea\u0323u qua\u0309 nh\u00e2\u0301t v\u01a1\u0301i flour ng\u01b0\u0300a s\u00e2u r\u0103ng ta\u0323i Premier Dental.","robots":{"index":"index","follow":"follow","max-snippet":"max-snippet:-1","max-image-preview":"max-image-preview:large","max-video-preview":"max-video-preview:-1"},"canonical":"https:\/\/premierdental.vn\/en\/dich-vu-nha-khoa-toan-dien-tai-premier-dental\/nha-khoa-tre-em-co-so-uy-tin\/flour-ngua-sau-rang-an-toan-hieu-qua\/","og_locale":"en_US","og_type":"article","og_title":"Flour ng\u01b0\u0300a s\u00e2u r\u0103ng - a\u0301o gia\u0301p tr\u0103\u0301ng ba\u0309o v\u00ea\u0323 nh\u01b0\u0303ng chi\u00ea\u0301c r\u0103ng th\u00e2n y\u00eau","og_description":"Chu\u0309 \u0111\u00f4\u0323ng ba\u0309o v\u00ea\u0323 nh\u01b0\u0303ng r\u0103ng cu\u0309a tre\u0309 m\u00f4\u0323t ca\u0301ch an toa\u0300n va\u0300 hi\u00ea\u0323u qua\u0309 nh\u00e2\u0301t v\u01a1\u0301i flour ng\u01b0\u0300a s\u00e2u r\u0103ng ta\u0323i Premier Dental.","og_url":"https:\/\/premierdental.vn\/en\/dich-vu-nha-khoa-toan-dien-tai-premier-dental\/nha-khoa-tre-em-co-so-uy-tin\/flour-ngua-sau-rang-an-toan-hieu-qua\/","og_site_name":"Premier Dental","article_modified_time":"2023-06-05T08:30:55+00:00","og_image":[{"width":640,"height":511,"url":"https:\/\/premierdental.vn\/wp-content\/uploads\/2021\/06\/tre-luoi-danh-rang.jpg","type":"image\/jpeg"}],"twitter_card":"summary_large_image","schema":{"@context":"https:\/\/schema.org","@graph":[{"@type":"WebPage","@id":"https:\/\/premierdental.vn\/dich-vu-nha-khoa-toan-dien-tai-premier-dental\/nha-khoa-tre-em-co-so-uy-tin\/flour-ngua-sau-rang-an-toan-hieu-qua\/","url":"https:\/\/premierdental.vn\/dich-vu-nha-khoa-toan-dien-tai-premier-dental\/nha-khoa-tre-em-co-so-uy-tin\/flour-ngua-sau-rang-an-toan-hieu-qua\/","name":"Flour ng\u01b0\u0300a s\u00e2u r\u0103ng - a\u0301o gia\u0301p tr\u0103\u0301ng ba\u0309o v\u00ea\u0323 nh\u01b0\u0303ng chi\u00ea\u0301c r\u0103ng th\u00e2n y\u00eau","isPartOf":{"@id":"https:\/\/premierdental.vn\/#website"},"primaryImageOfPage":{"@id":"https:\/\/premierdental.vn\/dich-vu-nha-khoa-toan-dien-tai-premier-dental\/nha-khoa-tre-em-co-so-uy-tin\/flour-ngua-sau-rang-an-toan-hieu-qua\/#primaryimage"},"image":{"@id":"https:\/\/premierdental.vn\/dich-vu-nha-khoa-toan-dien-tai-premier-dental\/nha-khoa-tre-em-co-so-uy-tin\/flour-ngua-sau-rang-an-toan-hieu-qua\/#primaryimage"},"thumbnailUrl":"https:\/\/premierdental.vn\/wp-content\/uploads\/2021\/06\/tre-luoi-danh-rang.jpg","datePublished":"2021-08-12T09:24:32+00:00","dateModified":"2023-06-05T08:30:55+00:00","description":"Chu\u0309 \u0111\u00f4\u0323ng ba\u0309o v\u00ea\u0323 nh\u01b0\u0303ng r\u0103ng cu\u0309a tre\u0309 m\u00f4\u0323t ca\u0301ch an toa\u0300n va\u0300 hi\u00ea\u0323u qua\u0309 nh\u00e2\u0301t v\u01a1\u0301i flour ng\u01b0\u0300a s\u00e2u r\u0103ng ta\u0323i Premier Dental.","breadcrumb":{"@id":"https:\/\/premierdental.vn\/dich-vu-nha-khoa-toan-dien-tai-premier-dental\/nha-khoa-tre-em-co-so-uy-tin\/flour-ngua-sau-rang-an-toan-hieu-qua\/#breadcrumb"},"inLanguage":"en-US","potentialAction":[{"@type":"ReadAction","target":["https:\/\/premierdental.vn\/dich-vu-nha-khoa-toan-dien-tai-premier-dental\/nha-khoa-tre-em-co-so-uy-tin\/flour-ngua-sau-rang-an-toan-hieu-qua\/"]}]},{"@type":"ImageObject","inLanguage":"en-US","@id":"https:\/\/premierdental.vn\/dich-vu-nha-khoa-toan-dien-tai-premier-dental\/nha-khoa-tre-em-co-so-uy-tin\/flour-ngua-sau-rang-an-toan-hieu-qua\/#primaryimage","url":"https:\/\/premierdental.vn\/wp-content\/uploads\/2021\/06\/tre-luoi-danh-rang.jpg","contentUrl":"https:\/\/premierdental.vn\/wp-content\/uploads\/2021\/06\/tre-luoi-danh-rang.jpg","width":640,"height":511,"caption":"Vi\u1ec7c l\u01b0\u1eddi v\u1ec7 sinh r\u0103ng mi\u1ec7ng ho\u1eb7c v\u1ec7 sinh kh\u00f4ng \u0111\u00fang c\u00e1ch l\u00e0m cho m\u1ea3ng b\u00e1m l\u01b0u l\u1ea1i l\u00e2u h\u01a1n tr\u00ean r\u0103ng v\u00e0 t\u1ea1o \u0111i\u1ec1u ki\u1ec7n \u0111\u1ec3 vi khu\u1ea9n t\u1ea5n c\u00f4ng"},{"@type":"BreadcrumbList","@id":"https:\/\/premierdental.vn\/dich-vu-nha-khoa-toan-dien-tai-premier-dental\/nha-khoa-tre-em-co-so-uy-tin\/flour-ngua-sau-rang-an-toan-hieu-qua\/#breadcrumb","itemListElement":[{"@type":"ListItem","position":1,"name":"D\u1ecbch V\u1ee5","item":"https:\/\/premierdental.vn\/dich-vu-nha-khoa-toan-dien-tai-premier-dental\/"},{"@type":"ListItem","position":2,"name":"NHA KHOA TR\u1eba EM","item":"https:\/\/premierdental.vn\/dich-vu-nha-khoa-toan-dien-tai-premier-dental\/nha-khoa-tre-em-co-so-uy-tin\/"},{"@type":"ListItem","position":3,"name":"Fluor ph\u00f2ng ng\u1eeba"}]},{"@type":"WebSite","@id":"https:\/\/premierdental.vn\/#website","url":"https:\/\/premierdental.vn\/","name":"Premier Dental","description":"Premier Dental","potentialAction":[{"@type":"SearchAction","target":{"@type":"EntryPoint","urlTemplate":"https:\/\/premierdental.vn\/?s={search_term_string}"},"query-input":{"@type":"PropertyValueSpecification","valueRequired":true,"valueName":"search_term_string"}}],"inLanguage":"en-US"}]}},"_links":{"self":[{"href":"https:\/\/premierdental.vn\/en\/wp-json\/wp\/v2\/pages\/2029","targetHints":{"allow":["GET"]}}],"collection":[{"href":"https:\/\/premierdental.vn\/en\/wp-json\/wp\/v2\/pages"}],"about":[{"href":"https:\/\/premierdental.vn\/en\/wp-json\/wp\/v2\/types\/page"}],"author":[{"embeddable":true,"href":"https:\/\/premierdental.vn\/en\/wp-json\/wp\/v2\/users\/1"}],"replies":[{"embeddable":true,"href":"https:\/\/premierdental.vn\/en\/wp-json\/wp\/v2\/comments?post=2029"}],"version-history":[{"count":3,"href":"https:\/\/premierdental.vn\/en\/wp-json\/wp\/v2\/pages\/2029\/revisions"}],"predecessor-version":[{"id":2276,"href":"https:\/\/premierdental.vn\/en\/wp-json\/wp\/v2\/pages\/2029\/revisions\/2276"}],"up":[{"embeddable":true,"href":"https:\/\/premierdental.vn\/en\/wp-json\/wp\/v2\/pages\/2022"}],"wp:featuredmedia":[{"embeddable":true,"href":"https:\/\/premierdental.vn\/en\/wp-json\/wp\/v2\/media\/1537"}],"wp:attachment":[{"href":"https:\/\/premierdental.vn\/en\/wp-json\/wp\/v2\/media?parent=2029"}],"curies":[{"name":"wp","href":"https:\/\/api.w.org\/{rel}","templated":true}]}}