{"id":2013,"date":"2021-08-12T09:11:02","date_gmt":"2021-08-12T09:11:02","guid":{"rendered":"https:\/\/premierdental.vn\/?page_id=2013"},"modified":"2025-05-22T11:28:15","modified_gmt":"2025-05-22T04:28:15","slug":"tay-trang-rang-khong-e-buot","status":"publish","type":"page","link":"https:\/\/premierdental.vn\/en\/dich-vu-nha-khoa-toan-dien-tai-premier-dental\/nha-khoa-tham-my-phu-hop-nhu-cau\/tay-trang-rang-khong-e-buot\/","title":{"rendered":"Teeth Whitening"},"content":{"rendered":"","protected":false},"excerpt":{"rendered":"","protected":false},"author":1,"featured_media":1401,"parent":173,"menu_order":0,"comment_status":"closed","ping_status":"closed","template":"","meta":{"footnotes":""},"class_list":["post-2013","page","type-page","status-publish","has-post-thumbnail","hentry"],"acf":[],"yoast_head":"<!-- This site is optimized with the Yoast SEO plugin v26.9 - https:\/\/yoast.com\/product\/yoast-seo-wordpress\/ -->\n<title>T\u00e2\u0309y tr\u0103\u0301ng r\u0103ng kh\u00f4ng \u00ea bu\u00f4\u0301t va\u0300 ma\u0300 v\u00e2\u0303n \u0111a\u0309m ba\u0309o hi\u00ea\u0323u qua\u0309 t\u00f4\u0301i \u01b0u<\/title>\n<meta name=\"description\" content=\"T\u00e2\u0309y tr\u0103\u0301ng r\u0103ng kh\u00f4ng \u00ea bu\u00f4\u0301t n\u1ebfu \u0111\u01b0\u01a1\u0323c chi\u0309 \u0111i\u0323nh \u0111i\u00ea\u0300u tri\u0323 \u0111u\u0301ng ca\u0301ch va\u0300 \u0111\u01b0\u01a1\u0323c h\u00f4\u0303 tr\u01a1\u0323 b\u01a1\u0301i ma\u0301y mo\u0301c hi\u00ea\u0323n \u0111a\u0323i ta\u0323i Premier Dental.\" \/>\n<meta name=\"robots\" content=\"index, follow, max-snippet:-1, max-image-preview:large, max-video-preview:-1\" \/>\n<link rel=\"canonical\" href=\"https:\/\/premierdental.vn\/en\/dich-vu-nha-khoa-toan-dien-tai-premier-dental\/nha-khoa-tham-my-phu-hop-nhu-cau\/tay-trang-rang-khong-e-buot\/\" \/>\n<meta property=\"og:locale\" content=\"en_US\" \/>\n<meta property=\"og:type\" content=\"article\" \/>\n<meta property=\"og:title\" content=\"T\u00e2\u0309y tr\u0103\u0301ng r\u0103ng kh\u00f4ng \u00ea bu\u00f4\u0301t va\u0300 ma\u0300 v\u00e2\u0303n \u0111a\u0309m ba\u0309o hi\u00ea\u0323u qua\u0309 t\u00f4\u0301i \u01b0u\" \/>\n<meta property=\"og:description\" content=\"T\u00e2\u0309y tr\u0103\u0301ng r\u0103ng kh\u00f4ng \u00ea bu\u00f4\u0301t n\u1ebfu \u0111\u01b0\u01a1\u0323c chi\u0309 \u0111i\u0323nh \u0111i\u00ea\u0300u tri\u0323 \u0111u\u0301ng ca\u0301ch va\u0300 \u0111\u01b0\u01a1\u0323c h\u00f4\u0303 tr\u01a1\u0323 b\u01a1\u0301i ma\u0301y mo\u0301c hi\u00ea\u0323n \u0111a\u0323i ta\u0323i Premier Dental.\" \/>\n<meta property=\"og:url\" content=\"https:\/\/premierdental.vn\/en\/dich-vu-nha-khoa-toan-dien-tai-premier-dental\/nha-khoa-tham-my-phu-hop-nhu-cau\/tay-trang-rang-khong-e-buot\/\" \/>\n<meta property=\"og:site_name\" content=\"Premier Dental\" \/>\n<meta property=\"article:modified_time\" content=\"2025-05-22T04:28:15+00:00\" \/>\n<meta property=\"og:image\" content=\"https:\/\/premierdental.vn\/wp-content\/uploads\/2021\/06\/cao-voi-va-tay-trang-rang-2.jpg\" \/>\n\t<meta property=\"og:image:width\" content=\"640\" \/>\n\t<meta property=\"og:image:height\" content=\"427\" \/>\n\t<meta property=\"og:image:type\" content=\"image\/jpeg\" \/>\n<meta name=\"twitter:card\" content=\"summary_large_image\" \/>\n<script type=\"application\/ld+json\" class=\"yoast-schema-graph\">{\"@context\":\"https:\/\/schema.org\",\"@graph\":[{\"@type\":\"WebPage\",\"@id\":\"https:\/\/premierdental.vn\/dich-vu-nha-khoa-toan-dien-tai-premier-dental\/nha-khoa-tham-my-phu-hop-nhu-cau\/tay-trang-rang-khong-e-buot\/\",\"url\":\"https:\/\/premierdental.vn\/dich-vu-nha-khoa-toan-dien-tai-premier-dental\/nha-khoa-tham-my-phu-hop-nhu-cau\/tay-trang-rang-khong-e-buot\/\",\"name\":\"T\u00e2\u0309y tr\u0103\u0301ng r\u0103ng kh\u00f4ng \u00ea bu\u00f4\u0301t va\u0300 ma\u0300 v\u00e2\u0303n \u0111a\u0309m ba\u0309o hi\u00ea\u0323u qua\u0309 t\u00f4\u0301i \u01b0u\",\"isPartOf\":{\"@id\":\"https:\/\/premierdental.vn\/#website\"},\"primaryImageOfPage\":{\"@id\":\"https:\/\/premierdental.vn\/dich-vu-nha-khoa-toan-dien-tai-premier-dental\/nha-khoa-tham-my-phu-hop-nhu-cau\/tay-trang-rang-khong-e-buot\/#primaryimage\"},\"image\":{\"@id\":\"https:\/\/premierdental.vn\/dich-vu-nha-khoa-toan-dien-tai-premier-dental\/nha-khoa-tham-my-phu-hop-nhu-cau\/tay-trang-rang-khong-e-buot\/#primaryimage\"},\"thumbnailUrl\":\"https:\/\/premierdental.vn\/wp-content\/uploads\/2021\/06\/cao-voi-va-tay-trang-rang-2.jpg\",\"datePublished\":\"2021-08-12T09:11:02+00:00\",\"dateModified\":\"2025-05-22T04:28:15+00:00\",\"description\":\"T\u00e2\u0309y tr\u0103\u0301ng r\u0103ng kh\u00f4ng \u00ea bu\u00f4\u0301t n\u1ebfu \u0111\u01b0\u01a1\u0323c chi\u0309 \u0111i\u0323nh \u0111i\u00ea\u0300u tri\u0323 \u0111u\u0301ng ca\u0301ch va\u0300 \u0111\u01b0\u01a1\u0323c h\u00f4\u0303 tr\u01a1\u0323 b\u01a1\u0301i ma\u0301y mo\u0301c hi\u00ea\u0323n \u0111a\u0323i ta\u0323i Premier Dental.\",\"breadcrumb\":{\"@id\":\"https:\/\/premierdental.vn\/dich-vu-nha-khoa-toan-dien-tai-premier-dental\/nha-khoa-tham-my-phu-hop-nhu-cau\/tay-trang-rang-khong-e-buot\/#breadcrumb\"},\"inLanguage\":\"en-US\",\"potentialAction\":[{\"@type\":\"ReadAction\",\"target\":[\"https:\/\/premierdental.vn\/dich-vu-nha-khoa-toan-dien-tai-premier-dental\/nha-khoa-tham-my-phu-hop-nhu-cau\/tay-trang-rang-khong-e-buot\/\"]}]},{\"@type\":\"ImageObject\",\"inLanguage\":\"en-US\",\"@id\":\"https:\/\/premierdental.vn\/dich-vu-nha-khoa-toan-dien-tai-premier-dental\/nha-khoa-tham-my-phu-hop-nhu-cau\/tay-trang-rang-khong-e-buot\/#primaryimage\",\"url\":\"https:\/\/premierdental.vn\/wp-content\/uploads\/2021\/06\/cao-voi-va-tay-trang-rang-2.jpg\",\"contentUrl\":\"https:\/\/premierdental.vn\/wp-content\/uploads\/2021\/06\/cao-voi-va-tay-trang-rang-2.jpg\",\"width\":640,\"height\":427,\"caption\":\"V\u1edbi s\u1ee9c m\u1ea1nh c\u1ee7a \u00e1nh s\u00e1ng xanh v\u00e0 ch\u1ea5t gel l\u00e0m tr\u1eafng r\u0103ng an to\u00e0n v\u00e0 hi\u1ec7u qu\u1ea3.\"},{\"@type\":\"BreadcrumbList\",\"@id\":\"https:\/\/premierdental.vn\/dich-vu-nha-khoa-toan-dien-tai-premier-dental\/nha-khoa-tham-my-phu-hop-nhu-cau\/tay-trang-rang-khong-e-buot\/#breadcrumb\",\"itemListElement\":[{\"@type\":\"ListItem\",\"position\":1,\"name\":\"D\u1ecbch V\u1ee5\",\"item\":\"https:\/\/premierdental.vn\/dich-vu-nha-khoa-toan-dien-tai-premier-dental\/\"},{\"@type\":\"ListItem\",\"position\":2,\"name\":\"TH\u1ea8M M\u1ef8 V\u00c0 PH\u1ee4C H\u00ccNH\",\"item\":\"https:\/\/premierdental.vn\/dich-vu-nha-khoa-toan-dien-tai-premier-dental\/nha-khoa-tham-my-phu-hop-nhu-cau\/\"},{\"@type\":\"ListItem\",\"position\":3,\"name\":\"T\u1ea9y Tr\u1eafng R\u0103ng\"}]},{\"@type\":\"WebSite\",\"@id\":\"https:\/\/premierdental.vn\/#website\",\"url\":\"https:\/\/premierdental.vn\/\",\"name\":\"Premier Dental\",\"description\":\"Premier Dental\",\"potentialAction\":[{\"@type\":\"SearchAction\",\"target\":{\"@type\":\"EntryPoint\",\"urlTemplate\":\"https:\/\/premierdental.vn\/?s={search_term_string}\"},\"query-input\":{\"@type\":\"PropertyValueSpecification\",\"valueRequired\":true,\"valueName\":\"search_term_string\"}}],\"inLanguage\":\"en-US\"}]}<\/script>\n<!-- \/ Yoast SEO plugin. -->","yoast_head_json":{"title":"T\u00e2\u0309y tr\u0103\u0301ng r\u0103ng kh\u00f4ng \u00ea bu\u00f4\u0301t va\u0300 ma\u0300 v\u00e2\u0303n \u0111a\u0309m ba\u0309o hi\u00ea\u0323u qua\u0309 t\u00f4\u0301i \u01b0u","description":"T\u00e2\u0309y tr\u0103\u0301ng r\u0103ng kh\u00f4ng \u00ea bu\u00f4\u0301t n\u1ebfu \u0111\u01b0\u01a1\u0323c chi\u0309 \u0111i\u0323nh \u0111i\u00ea\u0300u tri\u0323 \u0111u\u0301ng ca\u0301ch va\u0300 \u0111\u01b0\u01a1\u0323c h\u00f4\u0303 tr\u01a1\u0323 b\u01a1\u0301i ma\u0301y mo\u0301c hi\u00ea\u0323n \u0111a\u0323i ta\u0323i Premier Dental.","robots":{"index":"index","follow":"follow","max-snippet":"max-snippet:-1","max-image-preview":"max-image-preview:large","max-video-preview":"max-video-preview:-1"},"canonical":"https:\/\/premierdental.vn\/en\/dich-vu-nha-khoa-toan-dien-tai-premier-dental\/nha-khoa-tham-my-phu-hop-nhu-cau\/tay-trang-rang-khong-e-buot\/","og_locale":"en_US","og_type":"article","og_title":"T\u00e2\u0309y tr\u0103\u0301ng r\u0103ng kh\u00f4ng \u00ea bu\u00f4\u0301t va\u0300 ma\u0300 v\u00e2\u0303n \u0111a\u0309m ba\u0309o hi\u00ea\u0323u qua\u0309 t\u00f4\u0301i \u01b0u","og_description":"T\u00e2\u0309y tr\u0103\u0301ng r\u0103ng kh\u00f4ng \u00ea bu\u00f4\u0301t n\u1ebfu \u0111\u01b0\u01a1\u0323c chi\u0309 \u0111i\u0323nh \u0111i\u00ea\u0300u tri\u0323 \u0111u\u0301ng ca\u0301ch va\u0300 \u0111\u01b0\u01a1\u0323c h\u00f4\u0303 tr\u01a1\u0323 b\u01a1\u0301i ma\u0301y mo\u0301c hi\u00ea\u0323n \u0111a\u0323i ta\u0323i Premier Dental.","og_url":"https:\/\/premierdental.vn\/en\/dich-vu-nha-khoa-toan-dien-tai-premier-dental\/nha-khoa-tham-my-phu-hop-nhu-cau\/tay-trang-rang-khong-e-buot\/","og_site_name":"Premier Dental","article_modified_time":"2025-05-22T04:28:15+00:00","og_image":[{"width":640,"height":427,"url":"https:\/\/premierdental.vn\/wp-content\/uploads\/2021\/06\/cao-voi-va-tay-trang-rang-2.jpg","type":"image\/jpeg"}],"twitter_card":"summary_large_image","schema":{"@context":"https:\/\/schema.org","@graph":[{"@type":"WebPage","@id":"https:\/\/premierdental.vn\/dich-vu-nha-khoa-toan-dien-tai-premier-dental\/nha-khoa-tham-my-phu-hop-nhu-cau\/tay-trang-rang-khong-e-buot\/","url":"https:\/\/premierdental.vn\/dich-vu-nha-khoa-toan-dien-tai-premier-dental\/nha-khoa-tham-my-phu-hop-nhu-cau\/tay-trang-rang-khong-e-buot\/","name":"T\u00e2\u0309y tr\u0103\u0301ng r\u0103ng kh\u00f4ng \u00ea bu\u00f4\u0301t va\u0300 ma\u0300 v\u00e2\u0303n \u0111a\u0309m ba\u0309o hi\u00ea\u0323u qua\u0309 t\u00f4\u0301i \u01b0u","isPartOf":{"@id":"https:\/\/premierdental.vn\/#website"},"primaryImageOfPage":{"@id":"https:\/\/premierdental.vn\/dich-vu-nha-khoa-toan-dien-tai-premier-dental\/nha-khoa-tham-my-phu-hop-nhu-cau\/tay-trang-rang-khong-e-buot\/#primaryimage"},"image":{"@id":"https:\/\/premierdental.vn\/dich-vu-nha-khoa-toan-dien-tai-premier-dental\/nha-khoa-tham-my-phu-hop-nhu-cau\/tay-trang-rang-khong-e-buot\/#primaryimage"},"thumbnailUrl":"https:\/\/premierdental.vn\/wp-content\/uploads\/2021\/06\/cao-voi-va-tay-trang-rang-2.jpg","datePublished":"2021-08-12T09:11:02+00:00","dateModified":"2025-05-22T04:28:15+00:00","description":"T\u00e2\u0309y tr\u0103\u0301ng r\u0103ng kh\u00f4ng \u00ea bu\u00f4\u0301t n\u1ebfu \u0111\u01b0\u01a1\u0323c chi\u0309 \u0111i\u0323nh \u0111i\u00ea\u0300u tri\u0323 \u0111u\u0301ng ca\u0301ch va\u0300 \u0111\u01b0\u01a1\u0323c h\u00f4\u0303 tr\u01a1\u0323 b\u01a1\u0301i ma\u0301y mo\u0301c hi\u00ea\u0323n \u0111a\u0323i ta\u0323i Premier Dental.","breadcrumb":{"@id":"https:\/\/premierdental.vn\/dich-vu-nha-khoa-toan-dien-tai-premier-dental\/nha-khoa-tham-my-phu-hop-nhu-cau\/tay-trang-rang-khong-e-buot\/#breadcrumb"},"inLanguage":"en-US","potentialAction":[{"@type":"ReadAction","target":["https:\/\/premierdental.vn\/dich-vu-nha-khoa-toan-dien-tai-premier-dental\/nha-khoa-tham-my-phu-hop-nhu-cau\/tay-trang-rang-khong-e-buot\/"]}]},{"@type":"ImageObject","inLanguage":"en-US","@id":"https:\/\/premierdental.vn\/dich-vu-nha-khoa-toan-dien-tai-premier-dental\/nha-khoa-tham-my-phu-hop-nhu-cau\/tay-trang-rang-khong-e-buot\/#primaryimage","url":"https:\/\/premierdental.vn\/wp-content\/uploads\/2021\/06\/cao-voi-va-tay-trang-rang-2.jpg","contentUrl":"https:\/\/premierdental.vn\/wp-content\/uploads\/2021\/06\/cao-voi-va-tay-trang-rang-2.jpg","width":640,"height":427,"caption":"V\u1edbi s\u1ee9c m\u1ea1nh c\u1ee7a \u00e1nh s\u00e1ng xanh v\u00e0 ch\u1ea5t gel l\u00e0m tr\u1eafng r\u0103ng an to\u00e0n v\u00e0 hi\u1ec7u qu\u1ea3."},{"@type":"BreadcrumbList","@id":"https:\/\/premierdental.vn\/dich-vu-nha-khoa-toan-dien-tai-premier-dental\/nha-khoa-tham-my-phu-hop-nhu-cau\/tay-trang-rang-khong-e-buot\/#breadcrumb","itemListElement":[{"@type":"ListItem","position":1,"name":"D\u1ecbch V\u1ee5","item":"https:\/\/premierdental.vn\/dich-vu-nha-khoa-toan-dien-tai-premier-dental\/"},{"@type":"ListItem","position":2,"name":"TH\u1ea8M M\u1ef8 V\u00c0 PH\u1ee4C H\u00ccNH","item":"https:\/\/premierdental.vn\/dich-vu-nha-khoa-toan-dien-tai-premier-dental\/nha-khoa-tham-my-phu-hop-nhu-cau\/"},{"@type":"ListItem","position":3,"name":"T\u1ea9y Tr\u1eafng R\u0103ng"}]},{"@type":"WebSite","@id":"https:\/\/premierdental.vn\/#website","url":"https:\/\/premierdental.vn\/","name":"Premier Dental","description":"Premier Dental","potentialAction":[{"@type":"SearchAction","target":{"@type":"EntryPoint","urlTemplate":"https:\/\/premierdental.vn\/?s={search_term_string}"},"query-input":{"@type":"PropertyValueSpecification","valueRequired":true,"valueName":"search_term_string"}}],"inLanguage":"en-US"}]}},"_links":{"self":[{"href":"https:\/\/premierdental.vn\/en\/wp-json\/wp\/v2\/pages\/2013","targetHints":{"allow":["GET"]}}],"collection":[{"href":"https:\/\/premierdental.vn\/en\/wp-json\/wp\/v2\/pages"}],"about":[{"href":"https:\/\/premierdental.vn\/en\/wp-json\/wp\/v2\/types\/page"}],"author":[{"embeddable":true,"href":"https:\/\/premierdental.vn\/en\/wp-json\/wp\/v2\/users\/1"}],"replies":[{"embeddable":true,"href":"https:\/\/premierdental.vn\/en\/wp-json\/wp\/v2\/comments?post=2013"}],"version-history":[{"count":2,"href":"https:\/\/premierdental.vn\/en\/wp-json\/wp\/v2\/pages\/2013\/revisions"}],"predecessor-version":[{"id":2094,"href":"https:\/\/premierdental.vn\/en\/wp-json\/wp\/v2\/pages\/2013\/revisions\/2094"}],"up":[{"embeddable":true,"href":"https:\/\/premierdental.vn\/en\/wp-json\/wp\/v2\/pages\/173"}],"wp:featuredmedia":[{"embeddable":true,"href":"https:\/\/premierdental.vn\/en\/wp-json\/wp\/v2\/media\/1401"}],"wp:attachment":[{"href":"https:\/\/premierdental.vn\/en\/wp-json\/wp\/v2\/media?parent=2013"}],"curies":[{"name":"wp","href":"https:\/\/api.w.org\/{rel}","templated":true}]}}