{"id":2009,"date":"2021-08-12T09:06:53","date_gmt":"2021-08-12T09:06:53","guid":{"rendered":"https:\/\/premierdental.vn\/?page_id=2009"},"modified":"2023-05-15T03:31:14","modified_gmt":"2023-05-15T03:31:14","slug":"chua-viem-quanh-implant-cung-chuyen-gia-dau-nganh","status":"publish","type":"page","link":"https:\/\/premierdental.vn\/en\/dich-vu-nha-khoa-toan-dien-tai-premier-dental\/cay-ghep-rang-an-toan-tai-ho-chi-minh\/chua-viem-quanh-implant-cung-chuyen-gia-dau-nganh\/","title":{"rendered":"Peri-implant Disease Treatment"},"content":{"rendered":"<div id=\"attachment_1570\" style=\"width: 650px\" class=\"wp-caption alignnone\"><img fetchpriority=\"high\" decoding=\"async\" aria-describedby=\"caption-attachment-1570\" class=\"wp-image-1570 size-full\" src=\"https:\/\/premierdental.vn\/wp-content\/uploads\/2021\/06\/ve-sinh-rang-thao-lap.jpg\" alt=\"\" width=\"640\" height=\"384\" srcset=\"https:\/\/premierdental.vn\/wp-content\/uploads\/2021\/06\/ve-sinh-rang-thao-lap.jpg 640w, https:\/\/premierdental.vn\/wp-content\/uploads\/2021\/06\/ve-sinh-rang-thao-lap-300x180.jpg 300w, https:\/\/premierdental.vn\/wp-content\/uploads\/2021\/06\/ve-sinh-rang-thao-lap-16x10.jpg 16w\" sizes=\"(max-width: 640px) 100vw, 640px\" \/><p id=\"caption-attachment-1570\" class=\"wp-caption-text\">H\u00e0m gi\u1ea3 th\u00e1o l\u1eafp r\u1ea5t d\u1ec5 d\u00e0ng \u0111\u1ec3 l\u1eafp v\u00e0o, th\u00e1o ra v\u00e0 v\u1ec7 sinh s\u1ea1ch s\u1ebd<\/p><\/div> <p>\u0110i\u1ec1u tr\u1ecb vi\u00eam quanh implant<\/p>","protected":false},"excerpt":{"rendered":"<p>\u0110i\u1ec1u tr\u1ecb vi\u00eam quanh implant<\/p>","protected":false},"author":1,"featured_media":859,"parent":184,"menu_order":0,"comment_status":"closed","ping_status":"closed","template":"","meta":{"footnotes":""},"class_list":["post-2009","page","type-page","status-publish","has-post-thumbnail","hentry"],"acf":[],"yoast_head":"<!-- This site is optimized with the Yoast SEO plugin v26.9 - https:\/\/yoast.com\/product\/yoast-seo-wordpress\/ -->\n<title>Ch\u01b0\u0303a vi\u00eam quanh Implant an t\u00e2m cu\u0300ng Nha si\u0303 \u0111\u00e2\u0300u nga\u0300nh c\u00e2\u0301y ghe\u0301p<\/title>\n<meta name=\"description\" content=\"Ca\u0301c chuy\u00ean gia Premier Dental se\u0303 du\u0300ng s\u01b0\u0323 quan t\u00e2m ch\u00e2n tha\u0300nh giu\u0301p ba\u0323n ch\u01b0\u0303a vi\u00eam quanh Implant hi\u00ea\u0323u qua\u0309 nh\u00e2\u0301t. Chu\u0301ng t\u00f4i hi\u00ea\u0309u...\" \/>\n<meta name=\"robots\" content=\"index, follow, max-snippet:-1, max-image-preview:large, max-video-preview:-1\" \/>\n<link rel=\"canonical\" href=\"https:\/\/premierdental.vn\/en\/dich-vu-nha-khoa-toan-dien-tai-premier-dental\/cay-ghep-rang-an-toan-tai-ho-chi-minh\/chua-viem-quanh-implant-cung-chuyen-gia-dau-nganh\/\" \/>\n<meta property=\"og:locale\" content=\"en_US\" \/>\n<meta property=\"og:type\" content=\"article\" \/>\n<meta property=\"og:title\" content=\"Ch\u01b0\u0303a vi\u00eam quanh Implant an t\u00e2m cu\u0300ng Nha si\u0303 \u0111\u00e2\u0300u nga\u0300nh c\u00e2\u0301y ghe\u0301p\" \/>\n<meta property=\"og:description\" content=\"Ca\u0301c chuy\u00ean gia Premier Dental se\u0303 du\u0300ng s\u01b0\u0323 quan t\u00e2m ch\u00e2n tha\u0300nh giu\u0301p ba\u0323n ch\u01b0\u0303a vi\u00eam quanh Implant hi\u00ea\u0323u qua\u0309 nh\u00e2\u0301t. Chu\u0301ng t\u00f4i hi\u00ea\u0309u...\" \/>\n<meta property=\"og:url\" content=\"https:\/\/premierdental.vn\/en\/dich-vu-nha-khoa-toan-dien-tai-premier-dental\/cay-ghep-rang-an-toan-tai-ho-chi-minh\/chua-viem-quanh-implant-cung-chuyen-gia-dau-nganh\/\" \/>\n<meta property=\"og:site_name\" content=\"Premier Dental\" \/>\n<meta property=\"article:modified_time\" content=\"2023-05-15T03:31:14+00:00\" \/>\n<meta property=\"og:image\" content=\"https:\/\/premierdental.vn\/wp-content\/uploads\/2021\/05\/Resize640-Frame-Premier-Dental-46.jpg\" \/>\n\t<meta property=\"og:image:width\" content=\"640\" \/>\n\t<meta property=\"og:image:height\" content=\"426\" \/>\n\t<meta property=\"og:image:type\" content=\"image\/jpeg\" \/>\n<meta name=\"twitter:card\" content=\"summary_large_image\" \/>\n<script type=\"application\/ld+json\" class=\"yoast-schema-graph\">{\"@context\":\"https:\/\/schema.org\",\"@graph\":[{\"@type\":\"WebPage\",\"@id\":\"https:\/\/premierdental.vn\/dich-vu-nha-khoa-toan-dien-tai-premier-dental\/cay-ghep-rang-an-toan-tai-ho-chi-minh\/chua-viem-quanh-implant-cung-chuyen-gia-dau-nganh\/\",\"url\":\"https:\/\/premierdental.vn\/dich-vu-nha-khoa-toan-dien-tai-premier-dental\/cay-ghep-rang-an-toan-tai-ho-chi-minh\/chua-viem-quanh-implant-cung-chuyen-gia-dau-nganh\/\",\"name\":\"Ch\u01b0\u0303a vi\u00eam quanh Implant an t\u00e2m cu\u0300ng Nha si\u0303 \u0111\u00e2\u0300u nga\u0300nh c\u00e2\u0301y ghe\u0301p\",\"isPartOf\":{\"@id\":\"https:\/\/premierdental.vn\/#website\"},\"primaryImageOfPage\":{\"@id\":\"https:\/\/premierdental.vn\/dich-vu-nha-khoa-toan-dien-tai-premier-dental\/cay-ghep-rang-an-toan-tai-ho-chi-minh\/chua-viem-quanh-implant-cung-chuyen-gia-dau-nganh\/#primaryimage\"},\"image\":{\"@id\":\"https:\/\/premierdental.vn\/dich-vu-nha-khoa-toan-dien-tai-premier-dental\/cay-ghep-rang-an-toan-tai-ho-chi-minh\/chua-viem-quanh-implant-cung-chuyen-gia-dau-nganh\/#primaryimage\"},\"thumbnailUrl\":\"https:\/\/premierdental.vn\/wp-content\/uploads\/2021\/05\/Resize640-Frame-Premier-Dental-46.jpg\",\"datePublished\":\"2021-08-12T09:06:53+00:00\",\"dateModified\":\"2023-05-15T03:31:14+00:00\",\"description\":\"Ca\u0301c chuy\u00ean gia Premier Dental se\u0303 du\u0300ng s\u01b0\u0323 quan t\u00e2m ch\u00e2n tha\u0300nh giu\u0301p ba\u0323n ch\u01b0\u0303a vi\u00eam quanh Implant hi\u00ea\u0323u qua\u0309 nh\u00e2\u0301t. Chu\u0301ng t\u00f4i hi\u00ea\u0309u...\",\"breadcrumb\":{\"@id\":\"https:\/\/premierdental.vn\/dich-vu-nha-khoa-toan-dien-tai-premier-dental\/cay-ghep-rang-an-toan-tai-ho-chi-minh\/chua-viem-quanh-implant-cung-chuyen-gia-dau-nganh\/#breadcrumb\"},\"inLanguage\":\"en-US\",\"potentialAction\":[{\"@type\":\"ReadAction\",\"target\":[\"https:\/\/premierdental.vn\/dich-vu-nha-khoa-toan-dien-tai-premier-dental\/cay-ghep-rang-an-toan-tai-ho-chi-minh\/chua-viem-quanh-implant-cung-chuyen-gia-dau-nganh\/\"]}]},{\"@type\":\"ImageObject\",\"inLanguage\":\"en-US\",\"@id\":\"https:\/\/premierdental.vn\/dich-vu-nha-khoa-toan-dien-tai-premier-dental\/cay-ghep-rang-an-toan-tai-ho-chi-minh\/chua-viem-quanh-implant-cung-chuyen-gia-dau-nganh\/#primaryimage\",\"url\":\"https:\/\/premierdental.vn\/wp-content\/uploads\/2021\/05\/Resize640-Frame-Premier-Dental-46.jpg\",\"contentUrl\":\"https:\/\/premierdental.vn\/wp-content\/uploads\/2021\/05\/Resize640-Frame-Premier-Dental-46.jpg\",\"width\":640,\"height\":426},{\"@type\":\"BreadcrumbList\",\"@id\":\"https:\/\/premierdental.vn\/dich-vu-nha-khoa-toan-dien-tai-premier-dental\/cay-ghep-rang-an-toan-tai-ho-chi-minh\/chua-viem-quanh-implant-cung-chuyen-gia-dau-nganh\/#breadcrumb\",\"itemListElement\":[{\"@type\":\"ListItem\",\"position\":1,\"name\":\"D\u1ecbch V\u1ee5\",\"item\":\"https:\/\/premierdental.vn\/dich-vu-nha-khoa-toan-dien-tai-premier-dental\/\"},{\"@type\":\"ListItem\",\"position\":2,\"name\":\"C\u1ea4Y GH\u00c9P NHA KHOA\",\"item\":\"https:\/\/premierdental.vn\/dich-vu-nha-khoa-toan-dien-tai-premier-dental\/cay-ghep-rang-an-toan-tai-ho-chi-minh\/\"},{\"@type\":\"ListItem\",\"position\":3,\"name\":\"\u0110i\u1ec1u Tr\u1ecb Vi\u00eam Quanh Implant\"}]},{\"@type\":\"WebSite\",\"@id\":\"https:\/\/premierdental.vn\/#website\",\"url\":\"https:\/\/premierdental.vn\/\",\"name\":\"Premier Dental\",\"description\":\"Premier Dental\",\"potentialAction\":[{\"@type\":\"SearchAction\",\"target\":{\"@type\":\"EntryPoint\",\"urlTemplate\":\"https:\/\/premierdental.vn\/?s={search_term_string}\"},\"query-input\":{\"@type\":\"PropertyValueSpecification\",\"valueRequired\":true,\"valueName\":\"search_term_string\"}}],\"inLanguage\":\"en-US\"}]}<\/script>\n<!-- \/ Yoast SEO plugin. -->","yoast_head_json":{"title":"Ch\u01b0\u0303a vi\u00eam quanh Implant an t\u00e2m cu\u0300ng Nha si\u0303 \u0111\u00e2\u0300u nga\u0300nh c\u00e2\u0301y ghe\u0301p","description":"Ca\u0301c chuy\u00ean gia Premier Dental se\u0303 du\u0300ng s\u01b0\u0323 quan t\u00e2m ch\u00e2n tha\u0300nh giu\u0301p ba\u0323n ch\u01b0\u0303a vi\u00eam quanh Implant hi\u00ea\u0323u qua\u0309 nh\u00e2\u0301t. Chu\u0301ng t\u00f4i hi\u00ea\u0309u...","robots":{"index":"index","follow":"follow","max-snippet":"max-snippet:-1","max-image-preview":"max-image-preview:large","max-video-preview":"max-video-preview:-1"},"canonical":"https:\/\/premierdental.vn\/en\/dich-vu-nha-khoa-toan-dien-tai-premier-dental\/cay-ghep-rang-an-toan-tai-ho-chi-minh\/chua-viem-quanh-implant-cung-chuyen-gia-dau-nganh\/","og_locale":"en_US","og_type":"article","og_title":"Ch\u01b0\u0303a vi\u00eam quanh Implant an t\u00e2m cu\u0300ng Nha si\u0303 \u0111\u00e2\u0300u nga\u0300nh c\u00e2\u0301y ghe\u0301p","og_description":"Ca\u0301c chuy\u00ean gia Premier Dental se\u0303 du\u0300ng s\u01b0\u0323 quan t\u00e2m ch\u00e2n tha\u0300nh giu\u0301p ba\u0323n ch\u01b0\u0303a vi\u00eam quanh Implant hi\u00ea\u0323u qua\u0309 nh\u00e2\u0301t. Chu\u0301ng t\u00f4i hi\u00ea\u0309u...","og_url":"https:\/\/premierdental.vn\/en\/dich-vu-nha-khoa-toan-dien-tai-premier-dental\/cay-ghep-rang-an-toan-tai-ho-chi-minh\/chua-viem-quanh-implant-cung-chuyen-gia-dau-nganh\/","og_site_name":"Premier Dental","article_modified_time":"2023-05-15T03:31:14+00:00","og_image":[{"width":640,"height":426,"url":"https:\/\/premierdental.vn\/wp-content\/uploads\/2021\/05\/Resize640-Frame-Premier-Dental-46.jpg","type":"image\/jpeg"}],"twitter_card":"summary_large_image","schema":{"@context":"https:\/\/schema.org","@graph":[{"@type":"WebPage","@id":"https:\/\/premierdental.vn\/dich-vu-nha-khoa-toan-dien-tai-premier-dental\/cay-ghep-rang-an-toan-tai-ho-chi-minh\/chua-viem-quanh-implant-cung-chuyen-gia-dau-nganh\/","url":"https:\/\/premierdental.vn\/dich-vu-nha-khoa-toan-dien-tai-premier-dental\/cay-ghep-rang-an-toan-tai-ho-chi-minh\/chua-viem-quanh-implant-cung-chuyen-gia-dau-nganh\/","name":"Ch\u01b0\u0303a vi\u00eam quanh Implant an t\u00e2m cu\u0300ng Nha si\u0303 \u0111\u00e2\u0300u nga\u0300nh c\u00e2\u0301y ghe\u0301p","isPartOf":{"@id":"https:\/\/premierdental.vn\/#website"},"primaryImageOfPage":{"@id":"https:\/\/premierdental.vn\/dich-vu-nha-khoa-toan-dien-tai-premier-dental\/cay-ghep-rang-an-toan-tai-ho-chi-minh\/chua-viem-quanh-implant-cung-chuyen-gia-dau-nganh\/#primaryimage"},"image":{"@id":"https:\/\/premierdental.vn\/dich-vu-nha-khoa-toan-dien-tai-premier-dental\/cay-ghep-rang-an-toan-tai-ho-chi-minh\/chua-viem-quanh-implant-cung-chuyen-gia-dau-nganh\/#primaryimage"},"thumbnailUrl":"https:\/\/premierdental.vn\/wp-content\/uploads\/2021\/05\/Resize640-Frame-Premier-Dental-46.jpg","datePublished":"2021-08-12T09:06:53+00:00","dateModified":"2023-05-15T03:31:14+00:00","description":"Ca\u0301c chuy\u00ean gia Premier Dental se\u0303 du\u0300ng s\u01b0\u0323 quan t\u00e2m ch\u00e2n tha\u0300nh giu\u0301p ba\u0323n ch\u01b0\u0303a vi\u00eam quanh Implant hi\u00ea\u0323u qua\u0309 nh\u00e2\u0301t. Chu\u0301ng t\u00f4i hi\u00ea\u0309u...","breadcrumb":{"@id":"https:\/\/premierdental.vn\/dich-vu-nha-khoa-toan-dien-tai-premier-dental\/cay-ghep-rang-an-toan-tai-ho-chi-minh\/chua-viem-quanh-implant-cung-chuyen-gia-dau-nganh\/#breadcrumb"},"inLanguage":"en-US","potentialAction":[{"@type":"ReadAction","target":["https:\/\/premierdental.vn\/dich-vu-nha-khoa-toan-dien-tai-premier-dental\/cay-ghep-rang-an-toan-tai-ho-chi-minh\/chua-viem-quanh-implant-cung-chuyen-gia-dau-nganh\/"]}]},{"@type":"ImageObject","inLanguage":"en-US","@id":"https:\/\/premierdental.vn\/dich-vu-nha-khoa-toan-dien-tai-premier-dental\/cay-ghep-rang-an-toan-tai-ho-chi-minh\/chua-viem-quanh-implant-cung-chuyen-gia-dau-nganh\/#primaryimage","url":"https:\/\/premierdental.vn\/wp-content\/uploads\/2021\/05\/Resize640-Frame-Premier-Dental-46.jpg","contentUrl":"https:\/\/premierdental.vn\/wp-content\/uploads\/2021\/05\/Resize640-Frame-Premier-Dental-46.jpg","width":640,"height":426},{"@type":"BreadcrumbList","@id":"https:\/\/premierdental.vn\/dich-vu-nha-khoa-toan-dien-tai-premier-dental\/cay-ghep-rang-an-toan-tai-ho-chi-minh\/chua-viem-quanh-implant-cung-chuyen-gia-dau-nganh\/#breadcrumb","itemListElement":[{"@type":"ListItem","position":1,"name":"D\u1ecbch V\u1ee5","item":"https:\/\/premierdental.vn\/dich-vu-nha-khoa-toan-dien-tai-premier-dental\/"},{"@type":"ListItem","position":2,"name":"C\u1ea4Y GH\u00c9P NHA KHOA","item":"https:\/\/premierdental.vn\/dich-vu-nha-khoa-toan-dien-tai-premier-dental\/cay-ghep-rang-an-toan-tai-ho-chi-minh\/"},{"@type":"ListItem","position":3,"name":"\u0110i\u1ec1u Tr\u1ecb Vi\u00eam Quanh Implant"}]},{"@type":"WebSite","@id":"https:\/\/premierdental.vn\/#website","url":"https:\/\/premierdental.vn\/","name":"Premier Dental","description":"Premier Dental","potentialAction":[{"@type":"SearchAction","target":{"@type":"EntryPoint","urlTemplate":"https:\/\/premierdental.vn\/?s={search_term_string}"},"query-input":{"@type":"PropertyValueSpecification","valueRequired":true,"valueName":"search_term_string"}}],"inLanguage":"en-US"}]}},"_links":{"self":[{"href":"https:\/\/premierdental.vn\/en\/wp-json\/wp\/v2\/pages\/2009","targetHints":{"allow":["GET"]}}],"collection":[{"href":"https:\/\/premierdental.vn\/en\/wp-json\/wp\/v2\/pages"}],"about":[{"href":"https:\/\/premierdental.vn\/en\/wp-json\/wp\/v2\/types\/page"}],"author":[{"embeddable":true,"href":"https:\/\/premierdental.vn\/en\/wp-json\/wp\/v2\/users\/1"}],"replies":[{"embeddable":true,"href":"https:\/\/premierdental.vn\/en\/wp-json\/wp\/v2\/comments?post=2009"}],"version-history":[{"count":2,"href":"https:\/\/premierdental.vn\/en\/wp-json\/wp\/v2\/pages\/2009\/revisions"}],"predecessor-version":[{"id":2263,"href":"https:\/\/premierdental.vn\/en\/wp-json\/wp\/v2\/pages\/2009\/revisions\/2263"}],"up":[{"embeddable":true,"href":"https:\/\/premierdental.vn\/en\/wp-json\/wp\/v2\/pages\/184"}],"wp:featuredmedia":[{"embeddable":true,"href":"https:\/\/premierdental.vn\/en\/wp-json\/wp\/v2\/media\/859"}],"wp:attachment":[{"href":"https:\/\/premierdental.vn\/en\/wp-json\/wp\/v2\/media?parent=2009"}],"curies":[{"name":"wp","href":"https:\/\/api.w.org\/{rel}","templated":true}]}}