{"id":180,"date":"2021-05-05T03:30:01","date_gmt":"2021-05-05T03:30:01","guid":{"rendered":"https:\/\/premierdental.vn\/?page_id=180"},"modified":"2021-11-09T04:36:50","modified_gmt":"2021-11-09T04:36:50","slug":"phau-thuat-nho-rang","status":"publish","type":"page","link":"https:\/\/premierdental.vn\/en\/dich-vu-nha-khoa-toan-dien-tai-premier-dental\/phau-thuat-nho-rang\/","title":{"rendered":"ORAL SURGERY"},"content":{"rendered":"","protected":false},"excerpt":{"rendered":"","protected":false},"author":1,"featured_media":1033,"parent":404,"menu_order":0,"comment_status":"closed","ping_status":"closed","template":"template\/service.php","meta":{"footnotes":""},"class_list":["post-180","page","type-page","status-publish","has-post-thumbnail","hentry"],"acf":[],"yoast_head":"<!-- This site is optimized with the Yoast SEO plugin v26.9 - https:\/\/yoast.com\/product\/yoast-seo-wordpress\/ -->\n<title>Ph\u00e2\u0303u thu\u00e2\u0323t nh\u00f4\u0309 r\u0103ng nhe\u0323 nha\u0300ng va\u0300 an toa\u0300n ta\u0323i Premier Dental<\/title>\n<meta name=\"description\" content=\"Ph\u00e2\u0303u thu\u00e2\u0323t nh\u00f4\u0309 r\u0103ng ta\u0323i Premier Dental - c\u00e2u chuy\u00ea\u0323n v\u00ea\u0300 n\u00f4\u0303 l\u01b0\u0323c chuy\u00ea\u0309n ho\u0301a t\u01b0\u0300 &quot;a\u0301m a\u0309nh&quot; \u0111\u00ea\u0301n &quot;an t\u00e2m&quot; cho ba\u0323n khi \u0111i\u00ea\u0300u tri\u0323.\" \/>\n<meta name=\"robots\" content=\"index, follow, max-snippet:-1, max-image-preview:large, max-video-preview:-1\" \/>\n<link rel=\"canonical\" href=\"https:\/\/premierdental.vn\/en\/dich-vu-nha-khoa-toan-dien-tai-premier-dental\/phau-thuat-nho-rang\/\" \/>\n<meta property=\"og:locale\" content=\"en_US\" \/>\n<meta property=\"og:type\" content=\"article\" \/>\n<meta property=\"og:title\" content=\"Ph\u00e2\u0303u thu\u00e2\u0323t nh\u00f4\u0309 r\u0103ng nhe\u0323 nha\u0300ng va\u0300 an toa\u0300n ta\u0323i Premier Dental\" \/>\n<meta property=\"og:description\" content=\"Ph\u00e2\u0303u thu\u00e2\u0323t nh\u00f4\u0309 r\u0103ng ta\u0323i Premier Dental - c\u00e2u chuy\u00ea\u0323n v\u00ea\u0300 n\u00f4\u0303 l\u01b0\u0323c chuy\u00ea\u0309n ho\u0301a t\u01b0\u0300 &quot;a\u0301m a\u0309nh&quot; \u0111\u00ea\u0301n &quot;an t\u00e2m&quot; cho ba\u0323n khi \u0111i\u00ea\u0300u tri\u0323.\" \/>\n<meta property=\"og:url\" content=\"https:\/\/premierdental.vn\/en\/dich-vu-nha-khoa-toan-dien-tai-premier-dental\/phau-thuat-nho-rang\/\" \/>\n<meta property=\"og:site_name\" content=\"Premier Dental\" \/>\n<meta property=\"article:modified_time\" content=\"2021-11-09T04:36:50+00:00\" \/>\n<meta property=\"og:image\" content=\"https:\/\/premierdental.vn\/wp-content\/uploads\/2021\/05\/nha-viet-dia-chi-tram-rang-dang-tin-cay.jpg\" \/>\n\t<meta property=\"og:image:width\" content=\"640\" \/>\n\t<meta property=\"og:image:height\" content=\"434\" \/>\n\t<meta property=\"og:image:type\" content=\"image\/jpeg\" \/>\n<meta name=\"twitter:card\" content=\"summary_large_image\" \/>\n<script type=\"application\/ld+json\" class=\"yoast-schema-graph\">{\"@context\":\"https:\/\/schema.org\",\"@graph\":[{\"@type\":\"WebPage\",\"@id\":\"https:\/\/premierdental.vn\/dich-vu-nha-khoa-toan-dien-tai-premier-dental\/phau-thuat-nho-rang\/\",\"url\":\"https:\/\/premierdental.vn\/dich-vu-nha-khoa-toan-dien-tai-premier-dental\/phau-thuat-nho-rang\/\",\"name\":\"Ph\u00e2\u0303u thu\u00e2\u0323t nh\u00f4\u0309 r\u0103ng nhe\u0323 nha\u0300ng va\u0300 an toa\u0300n ta\u0323i Premier Dental\",\"isPartOf\":{\"@id\":\"https:\/\/premierdental.vn\/#website\"},\"primaryImageOfPage\":{\"@id\":\"https:\/\/premierdental.vn\/dich-vu-nha-khoa-toan-dien-tai-premier-dental\/phau-thuat-nho-rang\/#primaryimage\"},\"image\":{\"@id\":\"https:\/\/premierdental.vn\/dich-vu-nha-khoa-toan-dien-tai-premier-dental\/phau-thuat-nho-rang\/#primaryimage\"},\"thumbnailUrl\":\"https:\/\/premierdental.vn\/wp-content\/uploads\/2021\/05\/nha-viet-dia-chi-tram-rang-dang-tin-cay.jpg\",\"datePublished\":\"2021-05-05T03:30:01+00:00\",\"dateModified\":\"2021-11-09T04:36:50+00:00\",\"description\":\"Ph\u00e2\u0303u thu\u00e2\u0323t nh\u00f4\u0309 r\u0103ng ta\u0323i Premier Dental - c\u00e2u chuy\u00ea\u0323n v\u00ea\u0300 n\u00f4\u0303 l\u01b0\u0323c chuy\u00ea\u0309n ho\u0301a t\u01b0\u0300 \\\"a\u0301m a\u0309nh\\\" \u0111\u00ea\u0301n \\\"an t\u00e2m\\\" cho ba\u0323n khi \u0111i\u00ea\u0300u tri\u0323.\",\"breadcrumb\":{\"@id\":\"https:\/\/premierdental.vn\/dich-vu-nha-khoa-toan-dien-tai-premier-dental\/phau-thuat-nho-rang\/#breadcrumb\"},\"inLanguage\":\"en-US\",\"potentialAction\":[{\"@type\":\"ReadAction\",\"target\":[\"https:\/\/premierdental.vn\/dich-vu-nha-khoa-toan-dien-tai-premier-dental\/phau-thuat-nho-rang\/\"]}]},{\"@type\":\"ImageObject\",\"inLanguage\":\"en-US\",\"@id\":\"https:\/\/premierdental.vn\/dich-vu-nha-khoa-toan-dien-tai-premier-dental\/phau-thuat-nho-rang\/#primaryimage\",\"url\":\"https:\/\/premierdental.vn\/wp-content\/uploads\/2021\/05\/nha-viet-dia-chi-tram-rang-dang-tin-cay.jpg\",\"contentUrl\":\"https:\/\/premierdental.vn\/wp-content\/uploads\/2021\/05\/nha-viet-dia-chi-tram-rang-dang-tin-cay.jpg\",\"width\":640,\"height\":434,\"caption\":\"Nha vi\u1ec7t \u0111\u1ecba ch\u1ec9 tr\u00e1m r\u0103ng \u0111\u00e1ng tin c\u1eady c\u1ee7a m\u1ecdi kh\u00e1ch h\u00e0ng.\"},{\"@type\":\"BreadcrumbList\",\"@id\":\"https:\/\/premierdental.vn\/dich-vu-nha-khoa-toan-dien-tai-premier-dental\/phau-thuat-nho-rang\/#breadcrumb\",\"itemListElement\":[{\"@type\":\"ListItem\",\"position\":1,\"name\":\"D\u1ecbch V\u1ee5\",\"item\":\"https:\/\/premierdental.vn\/dich-vu-nha-khoa-toan-dien-tai-premier-dental\/\"},{\"@type\":\"ListItem\",\"position\":2,\"name\":\"PH\u1eaaU THU\u1eacT\"}]},{\"@type\":\"WebSite\",\"@id\":\"https:\/\/premierdental.vn\/#website\",\"url\":\"https:\/\/premierdental.vn\/\",\"name\":\"Premier Dental\",\"description\":\"Premier Dental\",\"potentialAction\":[{\"@type\":\"SearchAction\",\"target\":{\"@type\":\"EntryPoint\",\"urlTemplate\":\"https:\/\/premierdental.vn\/?s={search_term_string}\"},\"query-input\":{\"@type\":\"PropertyValueSpecification\",\"valueRequired\":true,\"valueName\":\"search_term_string\"}}],\"inLanguage\":\"en-US\"}]}<\/script>\n<!-- \/ Yoast SEO plugin. -->","yoast_head_json":{"title":"Ph\u00e2\u0303u thu\u00e2\u0323t nh\u00f4\u0309 r\u0103ng nhe\u0323 nha\u0300ng va\u0300 an toa\u0300n ta\u0323i Premier Dental","description":"Ph\u00e2\u0303u thu\u00e2\u0323t nh\u00f4\u0309 r\u0103ng ta\u0323i Premier Dental - c\u00e2u chuy\u00ea\u0323n v\u00ea\u0300 n\u00f4\u0303 l\u01b0\u0323c chuy\u00ea\u0309n ho\u0301a t\u01b0\u0300 \"a\u0301m a\u0309nh\" \u0111\u00ea\u0301n \"an t\u00e2m\" cho ba\u0323n khi \u0111i\u00ea\u0300u tri\u0323.","robots":{"index":"index","follow":"follow","max-snippet":"max-snippet:-1","max-image-preview":"max-image-preview:large","max-video-preview":"max-video-preview:-1"},"canonical":"https:\/\/premierdental.vn\/en\/dich-vu-nha-khoa-toan-dien-tai-premier-dental\/phau-thuat-nho-rang\/","og_locale":"en_US","og_type":"article","og_title":"Ph\u00e2\u0303u thu\u00e2\u0323t nh\u00f4\u0309 r\u0103ng nhe\u0323 nha\u0300ng va\u0300 an toa\u0300n ta\u0323i Premier Dental","og_description":"Ph\u00e2\u0303u thu\u00e2\u0323t nh\u00f4\u0309 r\u0103ng ta\u0323i Premier Dental - c\u00e2u chuy\u00ea\u0323n v\u00ea\u0300 n\u00f4\u0303 l\u01b0\u0323c chuy\u00ea\u0309n ho\u0301a t\u01b0\u0300 \"a\u0301m a\u0309nh\" \u0111\u00ea\u0301n \"an t\u00e2m\" cho ba\u0323n khi \u0111i\u00ea\u0300u tri\u0323.","og_url":"https:\/\/premierdental.vn\/en\/dich-vu-nha-khoa-toan-dien-tai-premier-dental\/phau-thuat-nho-rang\/","og_site_name":"Premier Dental","article_modified_time":"2021-11-09T04:36:50+00:00","og_image":[{"width":640,"height":434,"url":"https:\/\/premierdental.vn\/wp-content\/uploads\/2021\/05\/nha-viet-dia-chi-tram-rang-dang-tin-cay.jpg","type":"image\/jpeg"}],"twitter_card":"summary_large_image","schema":{"@context":"https:\/\/schema.org","@graph":[{"@type":"WebPage","@id":"https:\/\/premierdental.vn\/dich-vu-nha-khoa-toan-dien-tai-premier-dental\/phau-thuat-nho-rang\/","url":"https:\/\/premierdental.vn\/dich-vu-nha-khoa-toan-dien-tai-premier-dental\/phau-thuat-nho-rang\/","name":"Ph\u00e2\u0303u thu\u00e2\u0323t nh\u00f4\u0309 r\u0103ng nhe\u0323 nha\u0300ng va\u0300 an toa\u0300n ta\u0323i Premier Dental","isPartOf":{"@id":"https:\/\/premierdental.vn\/#website"},"primaryImageOfPage":{"@id":"https:\/\/premierdental.vn\/dich-vu-nha-khoa-toan-dien-tai-premier-dental\/phau-thuat-nho-rang\/#primaryimage"},"image":{"@id":"https:\/\/premierdental.vn\/dich-vu-nha-khoa-toan-dien-tai-premier-dental\/phau-thuat-nho-rang\/#primaryimage"},"thumbnailUrl":"https:\/\/premierdental.vn\/wp-content\/uploads\/2021\/05\/nha-viet-dia-chi-tram-rang-dang-tin-cay.jpg","datePublished":"2021-05-05T03:30:01+00:00","dateModified":"2021-11-09T04:36:50+00:00","description":"Ph\u00e2\u0303u thu\u00e2\u0323t nh\u00f4\u0309 r\u0103ng ta\u0323i Premier Dental - c\u00e2u chuy\u00ea\u0323n v\u00ea\u0300 n\u00f4\u0303 l\u01b0\u0323c chuy\u00ea\u0309n ho\u0301a t\u01b0\u0300 \"a\u0301m a\u0309nh\" \u0111\u00ea\u0301n \"an t\u00e2m\" cho ba\u0323n khi \u0111i\u00ea\u0300u tri\u0323.","breadcrumb":{"@id":"https:\/\/premierdental.vn\/dich-vu-nha-khoa-toan-dien-tai-premier-dental\/phau-thuat-nho-rang\/#breadcrumb"},"inLanguage":"en-US","potentialAction":[{"@type":"ReadAction","target":["https:\/\/premierdental.vn\/dich-vu-nha-khoa-toan-dien-tai-premier-dental\/phau-thuat-nho-rang\/"]}]},{"@type":"ImageObject","inLanguage":"en-US","@id":"https:\/\/premierdental.vn\/dich-vu-nha-khoa-toan-dien-tai-premier-dental\/phau-thuat-nho-rang\/#primaryimage","url":"https:\/\/premierdental.vn\/wp-content\/uploads\/2021\/05\/nha-viet-dia-chi-tram-rang-dang-tin-cay.jpg","contentUrl":"https:\/\/premierdental.vn\/wp-content\/uploads\/2021\/05\/nha-viet-dia-chi-tram-rang-dang-tin-cay.jpg","width":640,"height":434,"caption":"Nha vi\u1ec7t \u0111\u1ecba ch\u1ec9 tr\u00e1m r\u0103ng \u0111\u00e1ng tin c\u1eady c\u1ee7a m\u1ecdi kh\u00e1ch h\u00e0ng."},{"@type":"BreadcrumbList","@id":"https:\/\/premierdental.vn\/dich-vu-nha-khoa-toan-dien-tai-premier-dental\/phau-thuat-nho-rang\/#breadcrumb","itemListElement":[{"@type":"ListItem","position":1,"name":"D\u1ecbch V\u1ee5","item":"https:\/\/premierdental.vn\/dich-vu-nha-khoa-toan-dien-tai-premier-dental\/"},{"@type":"ListItem","position":2,"name":"PH\u1eaaU THU\u1eacT"}]},{"@type":"WebSite","@id":"https:\/\/premierdental.vn\/#website","url":"https:\/\/premierdental.vn\/","name":"Premier Dental","description":"Premier Dental","potentialAction":[{"@type":"SearchAction","target":{"@type":"EntryPoint","urlTemplate":"https:\/\/premierdental.vn\/?s={search_term_string}"},"query-input":{"@type":"PropertyValueSpecification","valueRequired":true,"valueName":"search_term_string"}}],"inLanguage":"en-US"}]}},"_links":{"self":[{"href":"https:\/\/premierdental.vn\/en\/wp-json\/wp\/v2\/pages\/180","targetHints":{"allow":["GET"]}}],"collection":[{"href":"https:\/\/premierdental.vn\/en\/wp-json\/wp\/v2\/pages"}],"about":[{"href":"https:\/\/premierdental.vn\/en\/wp-json\/wp\/v2\/types\/page"}],"author":[{"embeddable":true,"href":"https:\/\/premierdental.vn\/en\/wp-json\/wp\/v2\/users\/1"}],"replies":[{"embeddable":true,"href":"https:\/\/premierdental.vn\/en\/wp-json\/wp\/v2\/comments?post=180"}],"version-history":[{"count":6,"href":"https:\/\/premierdental.vn\/en\/wp-json\/wp\/v2\/pages\/180\/revisions"}],"predecessor-version":[{"id":697,"href":"https:\/\/premierdental.vn\/en\/wp-json\/wp\/v2\/pages\/180\/revisions\/697"}],"up":[{"embeddable":true,"href":"https:\/\/premierdental.vn\/en\/wp-json\/wp\/v2\/pages\/404"}],"wp:featuredmedia":[{"embeddable":true,"href":"https:\/\/premierdental.vn\/en\/wp-json\/wp\/v2\/media\/1033"}],"wp:attachment":[{"href":"https:\/\/premierdental.vn\/en\/wp-json\/wp\/v2\/media?parent=180"}],"curies":[{"name":"wp","href":"https:\/\/api.w.org\/{rel}","templated":true}]}}