{"id":164,"date":"2020-10-23T02:11:23","date_gmt":"2020-10-23T02:11:23","guid":{"rendered":"https:\/\/premierdental.vn\/?page_id=164"},"modified":"2024-05-12T23:05:37","modified_gmt":"2024-05-12T16:05:37","slug":"dental-tourism","status":"publish","type":"page","link":"https:\/\/premierdental.vn\/en\/dental-tourism\/","title":{"rendered":"Dental Tourism"},"content":{"rendered":"<h1><span style=\"color: #003366;\">PREMIER DENTAL AS YOUR DENTAL TOURISM DESTINATION\u00a0<\/span><\/h1> <h3><span style=\"color: #003366;\">Introducing the clinic<\/span><\/h3> <p>Premier Dental is located at 125 Le Thi Rieng, Ben Thanh Ward, District 1, a central location in the city that is very convenient for tourists to travel and get around, as well as being close to plenty of entertainment spots, restaurants, hotels, spas, and the airport.<\/p> <p>The first impression customers get when they arrive at Premier Dental is of a comfortable, professional space coupled with exceptional service from our dedicated team of doctors and staff. The clinic is built according to the standards of the International Dental Association, ensuring European-standard procedures, with sterile treatment rooms to provide an airy and reassuring environment.<\/p> <div id=\"attachment_912\" style=\"width: 650px\" class=\"wp-caption aligncenter\"><img fetchpriority=\"high\" decoding=\"async\" aria-describedby=\"caption-attachment-912\" class=\"wp-image-912 size-full\" src=\"https:\/\/premierdental.vn\/wp-content\/uploads\/2021\/05\/Resize640-Frame-Premier-Dental-03-1.jpg\" alt=\"Trung t\u00e2m c\u1ea5y gh\u00e9p r\u0103ng uy t\u00edn \" width=\"640\" height=\"426\" srcset=\"https:\/\/premierdental.vn\/wp-content\/uploads\/2021\/05\/Resize640-Frame-Premier-Dental-03-1.jpg 640w, https:\/\/premierdental.vn\/wp-content\/uploads\/2021\/05\/Resize640-Frame-Premier-Dental-03-1-300x200.jpg 300w, https:\/\/premierdental.vn\/wp-content\/uploads\/2021\/05\/Resize640-Frame-Premier-Dental-03-1-16x12.jpg 16w\" sizes=\"(max-width: 640px) 100vw, 640px\" \/><p id=\"caption-attachment-912\" class=\"wp-caption-text\">The Premier Dental team, comprising dedicated and professional staff and doctors, strives to meet the needs and desires of our customers.<\/p><\/div> <p>The Premier Dental team is committed to improving the lives of our customers by restoring oral health and creating naturally beautiful smiles. We have consistently made a difference for many customers over the past 17 years and are committed to helping all customers achieve their dream of a confident smile.<\/p> <h3><span style=\"color: #003366;\">Why You Should Choose Premier Dental for Your Smile\u00a0<\/span><\/h3> <p>Have you ever considered dental treatment in Thailand, Malaysia, the Philippines, or Singapore? Why not choose treatment right here in Vietnam?<\/p> <p>If you need dental implants, teeth whitening, veneers, dentures, crowns, bridges, periodontal treatment, or any other dental treatment, Premier Dental can make your wishes come true. We provide high-quality dental care at a fraction of the cost compared to developed countries like Australia, the United States, and some other Asian countries.<\/p> <p>Premier Dental customers are cared for by a team of experienced doctors. The main doctors at Premier Dental have contributed and taught in the dental field for many years. Dr. V\u00f5 V\u0103n T\u1ef1 Hi\u1ebfn is the first internationally trained dental implant surgeon in Vietnam and has directly trained over 1,000 Vietnamese dentists in the past 20 years. Dr. Hi\u1ebfn played a significant role in bringing implant services to Vietnam and continues to devote his efforts to raising the standards of the Vietnamese dental industry. Dr. Albert Vi\u1ec7t L\u00ea, CEO of Premier Dental, is certified by expert boards in Australia and the United States and has nearly 20 years of international clinical experience.<\/p> <p><img decoding=\"async\" class=\"alignnone wp-image-7848 size-full\" src=\"https:\/\/premierdental.vn\/wp-content\/uploads\/2023\/10\/z4779309492975_2c021ec3e783c66ee08bec436f516d0d.png\" alt=\"\" width=\"2047\" height=\"1366\" srcset=\"https:\/\/premierdental.vn\/wp-content\/uploads\/2023\/10\/z4779309492975_2c021ec3e783c66ee08bec436f516d0d.png 2047w, https:\/\/premierdental.vn\/wp-content\/uploads\/2023\/10\/z4779309492975_2c021ec3e783c66ee08bec436f516d0d-300x200.png 300w, https:\/\/premierdental.vn\/wp-content\/uploads\/2023\/10\/z4779309492975_2c021ec3e783c66ee08bec436f516d0d-1024x683.png 1024w, https:\/\/premierdental.vn\/wp-content\/uploads\/2023\/10\/z4779309492975_2c021ec3e783c66ee08bec436f516d0d-768x513.png 768w, https:\/\/premierdental.vn\/wp-content\/uploads\/2023\/10\/z4779309492975_2c021ec3e783c66ee08bec436f516d0d-1536x1025.png 1536w, https:\/\/premierdental.vn\/wp-content\/uploads\/2023\/10\/z4779309492975_2c021ec3e783c66ee08bec436f516d0d-18x12.png 18w\" sizes=\"(max-width: 2047px) 100vw, 2047px\" \/><\/p> <p>Our team of experts and staff at Premier Dental always listen to your needs with empathy and understanding, to find a suitable solution. Because we believe that understanding is an important first step for a smooth treatment process.<\/p> <p>Contact us for a free online dental consultation, along with your request and a copy of your dental X-ray (if available). Based on the information provided, we will inform you about the detailed costs and treatment time.<\/p> <h3><span style=\"color: #003366;\">Treatment Procedure<\/span><\/h3> <p>Here are the 3 simple steps to carry out dental treatment procedures at Premier Dental Clinic. The duration and method of treatment may vary depending on the nature of the therapy and the patient\u2019s medical history.<\/p> <p><em><strong><span style=\"color: #003366;\">Step 1<\/span><\/strong><\/em><\/p> <p>Contact: email, phone, or visit us directly at the clinic to discuss your dental needs and condition. If you include any dental images and your medical history, that would be optimal. During the treatment procedure, we can provide you with an estimated cost and expected treatment time.<\/p> <p>If necessary, we will ask you to come to the clinic for a general check-up.<\/p> <p><em><strong>Step 2<\/strong><\/em>:<\/p> <p>Therapeutic plan and cost estimate: based on the description of your condition, Premier Dental will develop a suitable treatment plan, provide an actual cost estimate, and answer any questions to help you understand the treatment process better.<\/p> <p><em><strong>Step 3<\/strong><\/em><\/p> <p>Treatment at Premier Dental: proceed with the treatment according to the outlined and agreed-upon plan. Each step will be explained to you in detail. If any changes arise, we will notify every customer in detail.<\/p> <h3>After treatment<\/h3> <p>After treatment, all recommended information will be clearly communicated to ensure that your dental issues are properly cared for and protected. For travelers, we can also help you prepare dental records and medical reports if needed.<\/p> <p>Premier Dental sincerely thanks you and your family for trusting our services to address your dental concerns. We hope to continue receiving your support and referrals of Premier Dental Clinic to your family and friends.<\/p> <p>Finally, we promise to bring you honesty and dedication in all dental services at Premier Dental. With the motto \"Providing perfect care you can trust,\" our team of dental experts and medical staff always listens to your needs with empathy and understanding to find suitable solutions for your smile. Let us accompany you on the journey to a bright and happy smile.<\/p>","protected":false},"excerpt":{"rendered":"<p>TH\u1ee6 T\u1ee4C V\u00c0 QUY TR\u00ccNH \u0110I\u1ec0U TR\u1eca KH\u00c1CH QU\u1ed0C T\u1ebe\u00a0 Gi\u1edbi thi\u1ec7u ph\u00f2ng kh\u00e1m Premier Dental t\u1ecda l\u1ea1c t\u1ea1i 125 L\u00ea Th\u1ecb Ri\u00eang, P B\u1ebfn Th\u00e0nh, Qu\u1eadn 1, l\u00e0 v\u1ecb tr\u00ed trung t\u00e2m c\u1ee7a th\u00e0nh ph\u1ed1 n\u00ean r\u1ea5t thu\u1eadn ti\u1ec7n cho du kh\u00e1ch di chuy\u1ec3n, \u0111i l\u1ea1i c\u0169ng nh\u01b0 g\u1ea7n c\u00e1c \u0111\u1ecba \u0111i\u1ec3m vui ch\u01a1i [&hellip;]<\/p>","protected":false},"author":1,"featured_media":0,"parent":0,"menu_order":0,"comment_status":"closed","ping_status":"closed","template":"","meta":{"footnotes":""},"class_list":["post-164","page","type-page","status-publish","hentry"],"acf":[],"yoast_head":"<!-- This site is optimized with the Yoast SEO plugin v26.9 - https:\/\/yoast.com\/product\/yoast-seo-wordpress\/ -->\n<title>Kh\u00e1ch Qu\u1ed1c T\u1ebf - Premier Dental<\/title>\n<meta name=\"robots\" content=\"index, follow, max-snippet:-1, max-image-preview:large, max-video-preview:-1\" \/>\n<link rel=\"canonical\" href=\"https:\/\/premierdental.vn\/en\/dental-tourism\/\" \/>\n<meta property=\"og:locale\" content=\"en_US\" \/>\n<meta property=\"og:type\" content=\"article\" \/>\n<meta property=\"og:title\" content=\"Kh\u00e1ch Qu\u1ed1c T\u1ebf - Premier Dental\" \/>\n<meta property=\"og:description\" content=\"TH\u1ee6 T\u1ee4C V\u00c0 QUY TR\u00ccNH \u0110I\u1ec0U TR\u1eca KH\u00c1CH QU\u1ed0C T\u1ebe\u00a0 Gi\u1edbi thi\u1ec7u ph\u00f2ng kh\u00e1m Premier Dental t\u1ecda l\u1ea1c t\u1ea1i 125 L\u00ea Th\u1ecb Ri\u00eang, P B\u1ebfn Th\u00e0nh, Qu\u1eadn 1, l\u00e0 v\u1ecb tr\u00ed trung t\u00e2m c\u1ee7a th\u00e0nh ph\u1ed1 n\u00ean r\u1ea5t thu\u1eadn ti\u1ec7n cho du kh\u00e1ch di chuy\u1ec3n, \u0111i l\u1ea1i c\u0169ng nh\u01b0 g\u1ea7n c\u00e1c \u0111\u1ecba \u0111i\u1ec3m vui ch\u01a1i [&hellip;]\" \/>\n<meta property=\"og:url\" content=\"https:\/\/premierdental.vn\/en\/dental-tourism\/\" \/>\n<meta property=\"og:site_name\" content=\"Premier Dental\" \/>\n<meta property=\"article:modified_time\" content=\"2024-05-12T16:05:37+00:00\" \/>\n<meta property=\"og:image\" content=\"https:\/\/premierdental.vn\/wp-content\/uploads\/2021\/05\/Resize640-Frame-Premier-Dental-03-1.jpg\" \/>\n<meta name=\"twitter:card\" content=\"summary_large_image\" \/>\n<meta name=\"twitter:label1\" content=\"Est. reading time\" \/>\n\t<meta name=\"twitter:data1\" content=\"6 minutes\" \/>\n<script type=\"application\/ld+json\" class=\"yoast-schema-graph\">{\"@context\":\"https:\/\/schema.org\",\"@graph\":[{\"@type\":\"WebPage\",\"@id\":\"https:\/\/premierdental.vn\/dental-tourism\/\",\"url\":\"https:\/\/premierdental.vn\/dental-tourism\/\",\"name\":\"Kh\u00e1ch Qu\u1ed1c T\u1ebf - Premier Dental\",\"isPartOf\":{\"@id\":\"https:\/\/premierdental.vn\/#website\"},\"primaryImageOfPage\":{\"@id\":\"https:\/\/premierdental.vn\/dental-tourism\/#primaryimage\"},\"image\":{\"@id\":\"https:\/\/premierdental.vn\/dental-tourism\/#primaryimage\"},\"thumbnailUrl\":\"https:\/\/premierdental.vn\/wp-content\/uploads\/2021\/05\/Resize640-Frame-Premier-Dental-03-1.jpg\",\"datePublished\":\"2020-10-23T02:11:23+00:00\",\"dateModified\":\"2024-05-12T16:05:37+00:00\",\"inLanguage\":\"en-US\",\"potentialAction\":[{\"@type\":\"ReadAction\",\"target\":[\"https:\/\/premierdental.vn\/dental-tourism\/\"]}]},{\"@type\":\"ImageObject\",\"inLanguage\":\"en-US\",\"@id\":\"https:\/\/premierdental.vn\/dental-tourism\/#primaryimage\",\"url\":\"https:\/\/premierdental.vn\/wp-content\/uploads\/2021\/05\/Resize640-Frame-Premier-Dental-03-1.jpg\",\"contentUrl\":\"https:\/\/premierdental.vn\/wp-content\/uploads\/2021\/05\/Resize640-Frame-Premier-Dental-03-1.jpg\"},{\"@type\":\"WebSite\",\"@id\":\"https:\/\/premierdental.vn\/#website\",\"url\":\"https:\/\/premierdental.vn\/\",\"name\":\"Premier Dental\",\"description\":\"Premier Dental\",\"potentialAction\":[{\"@type\":\"SearchAction\",\"target\":{\"@type\":\"EntryPoint\",\"urlTemplate\":\"https:\/\/premierdental.vn\/?s={search_term_string}\"},\"query-input\":{\"@type\":\"PropertyValueSpecification\",\"valueRequired\":true,\"valueName\":\"search_term_string\"}}],\"inLanguage\":\"en-US\"}]}<\/script>\n<!-- \/ Yoast SEO plugin. -->","yoast_head_json":{"title":"Kh\u00e1ch Qu\u1ed1c T\u1ebf - Premier Dental","robots":{"index":"index","follow":"follow","max-snippet":"max-snippet:-1","max-image-preview":"max-image-preview:large","max-video-preview":"max-video-preview:-1"},"canonical":"https:\/\/premierdental.vn\/en\/dental-tourism\/","og_locale":"en_US","og_type":"article","og_title":"Kh\u00e1ch Qu\u1ed1c T\u1ebf - Premier Dental","og_description":"TH\u1ee6 T\u1ee4C V\u00c0 QUY TR\u00ccNH \u0110I\u1ec0U TR\u1eca KH\u00c1CH QU\u1ed0C T\u1ebe\u00a0 Gi\u1edbi thi\u1ec7u ph\u00f2ng kh\u00e1m Premier Dental t\u1ecda l\u1ea1c t\u1ea1i 125 L\u00ea Th\u1ecb Ri\u00eang, P B\u1ebfn Th\u00e0nh, Qu\u1eadn 1, l\u00e0 v\u1ecb tr\u00ed trung t\u00e2m c\u1ee7a th\u00e0nh ph\u1ed1 n\u00ean r\u1ea5t thu\u1eadn ti\u1ec7n cho du kh\u00e1ch di chuy\u1ec3n, \u0111i l\u1ea1i c\u0169ng nh\u01b0 g\u1ea7n c\u00e1c \u0111\u1ecba \u0111i\u1ec3m vui ch\u01a1i [&hellip;]","og_url":"https:\/\/premierdental.vn\/en\/dental-tourism\/","og_site_name":"Premier Dental","article_modified_time":"2024-05-12T16:05:37+00:00","og_image":[{"url":"https:\/\/premierdental.vn\/wp-content\/uploads\/2021\/05\/Resize640-Frame-Premier-Dental-03-1.jpg","type":"","width":"","height":""}],"twitter_card":"summary_large_image","twitter_misc":{"Est. reading time":"6 minutes"},"schema":{"@context":"https:\/\/schema.org","@graph":[{"@type":"WebPage","@id":"https:\/\/premierdental.vn\/dental-tourism\/","url":"https:\/\/premierdental.vn\/dental-tourism\/","name":"Kh\u00e1ch Qu\u1ed1c T\u1ebf - Premier Dental","isPartOf":{"@id":"https:\/\/premierdental.vn\/#website"},"primaryImageOfPage":{"@id":"https:\/\/premierdental.vn\/dental-tourism\/#primaryimage"},"image":{"@id":"https:\/\/premierdental.vn\/dental-tourism\/#primaryimage"},"thumbnailUrl":"https:\/\/premierdental.vn\/wp-content\/uploads\/2021\/05\/Resize640-Frame-Premier-Dental-03-1.jpg","datePublished":"2020-10-23T02:11:23+00:00","dateModified":"2024-05-12T16:05:37+00:00","inLanguage":"en-US","potentialAction":[{"@type":"ReadAction","target":["https:\/\/premierdental.vn\/dental-tourism\/"]}]},{"@type":"ImageObject","inLanguage":"en-US","@id":"https:\/\/premierdental.vn\/dental-tourism\/#primaryimage","url":"https:\/\/premierdental.vn\/wp-content\/uploads\/2021\/05\/Resize640-Frame-Premier-Dental-03-1.jpg","contentUrl":"https:\/\/premierdental.vn\/wp-content\/uploads\/2021\/05\/Resize640-Frame-Premier-Dental-03-1.jpg"},{"@type":"WebSite","@id":"https:\/\/premierdental.vn\/#website","url":"https:\/\/premierdental.vn\/","name":"Premier Dental","description":"Premier Dental","potentialAction":[{"@type":"SearchAction","target":{"@type":"EntryPoint","urlTemplate":"https:\/\/premierdental.vn\/?s={search_term_string}"},"query-input":{"@type":"PropertyValueSpecification","valueRequired":true,"valueName":"search_term_string"}}],"inLanguage":"en-US"}]}},"_links":{"self":[{"href":"https:\/\/premierdental.vn\/en\/wp-json\/wp\/v2\/pages\/164","targetHints":{"allow":["GET"]}}],"collection":[{"href":"https:\/\/premierdental.vn\/en\/wp-json\/wp\/v2\/pages"}],"about":[{"href":"https:\/\/premierdental.vn\/en\/wp-json\/wp\/v2\/types\/page"}],"author":[{"embeddable":true,"href":"https:\/\/premierdental.vn\/en\/wp-json\/wp\/v2\/users\/1"}],"replies":[{"embeddable":true,"href":"https:\/\/premierdental.vn\/en\/wp-json\/wp\/v2\/comments?post=164"}],"version-history":[{"count":22,"href":"https:\/\/premierdental.vn\/en\/wp-json\/wp\/v2\/pages\/164\/revisions"}],"predecessor-version":[{"id":8031,"href":"https:\/\/premierdental.vn\/en\/wp-json\/wp\/v2\/pages\/164\/revisions\/8031"}],"wp:attachment":[{"href":"https:\/\/premierdental.vn\/en\/wp-json\/wp\/v2\/media?parent=164"}],"curies":[{"name":"wp","href":"https:\/\/api.w.org\/{rel}","templated":true}]}}